{"id":2001,"date":"2018-05-10T13:17:39","date_gmt":"2018-05-10T13:17:39","guid":{"rendered":"https:\/\/www.ctp.eu\/?page_id=2001"},"modified":"2020-08-28T10:58:58","modified_gmt":"2020-08-28T10:58:58","slug":"consent-to-the-processing-of-personal-data","status":"publish","type":"page","link":"https:\/\/ctp.eu\/zh_cn\/ctp-policies\/consent-to-the-processing-of-personal-data\/","title":{"rendered":"\u540c\u610f\u5904\u7406\u4e2a\u4eba\u6570\u636e"},"content":{"rendered":"<div class=\"policy\">\n<p><strong>\u9690\u79c1\u58f0\u660e<\/strong><\/p>\n<p>\u672c\u9690\u79c1\u58f0\u660e\u4ece\u4fdd\u62a4\u4e2a\u4eba\u6570\u636e\u7684\u89d2\u5ea6\u51fa\u53d1\uff0c\u9002\u7528\u4e8e\u9075\u5b88\u4ee5\u4e0b\u7f51\u7ad9\u8fd0\u8425\u65b9\u7684\u9690\u79c1\u6743 <strong>CTP invest, spol.<\/strong>\u8be5\u516c\u53f8\u7684\u6ce8\u518c\u5730\u5740\u4e3a CTPark Humpolec, 39601 Humpolec\uff0c\u5728 \u010cesk\u00e9 Bud\u011bjovice \u5730\u533a\u6cd5\u9662\u7ba1\u7406\u7684\u5546\u4e1a\u767b\u8bb0\u5904\u6ce8\u518c\uff0c\u6863\u6848\u7f16\u53f7\u4e3a C 15647\uff08\"C 15647\"\uff09\u3002C 15647 (\"<strong>\u4e3b\u8ba1\u957f<\/strong>\u201c\uff09\u3002.<\/p>\n<p>&nbsp;<\/p>\n<p><strong>\u4fdd\u62a4\u9690\u79c1\u548c\u4e2a\u4eba\u6570\u636e<\/strong><\/p>\n<p><strong>CTP invest, spol.<\/strong> \u5904\u7406\u5176\u5ba2\u6237\u7684\u4e2a\u4eba\u6570\u636e\u4f5c\u4e3a\u5176\u6d3b\u52a8\u7684\u4e00\u90e8\u5206\uff0c\u5e76\u6839\u636e 2016 \u5e74 4 \u6708 27 \u65e5\u6b27\u6d32\u8bae\u4f1a\u548c\u6b27\u76df\u7406\u4e8b\u4f1a\u5173\u4e8e\u5728\u5904\u7406\u4e2a\u4eba\u6570\u636e\u65b9\u9762\u4fdd\u62a4\u81ea\u7136\u4eba\u7684\u7b2c 2016\/679 \u53f7\u6761\u4f8b\uff08\"EU\"\uff09\u4f5c\u4e3a\u63a7\u5236\u65b9\u884c\u4e8b\u3002<strong>GDPR<\/strong>\").\u4f5c\u4e3a\u63a7\u5236\u65b9\u4e49\u52a1\u7684\u4e00\u90e8\u5206\uff0c\u6211\u4eec\u5411\u60a8\u63d0\u4ea4\u672c\u6587\u4ef6\uff0c\u5411\u60a8\u4ecb\u7ecd\u6211\u4eec\u7f51\u7ad9\u5904\u7406\u60a8\u4e2a\u4eba\u6570\u636e\u7684\u65b9\u5f0f\u3001\u8303\u56f4\u548c\u5176\u4ed6\u6761\u4ef6\u3002<\/p>\n<p>&nbsp;<\/p>\n<p><strong>\u6211\u4eec\u5904\u7406\u54ea\u4e9b\u4e2a\u4eba\u6570\u636e\uff1f<\/strong><\/p>\n<p>\u5728\u6211\u4eec\u7684\u7f51\u7ad9\u4e0a\uff0c\u6211\u4eec\u4f1a\u5904\u7406\u60a8\u7684\u4e2a\u4eba\u6570\u636e\uff0c\u5176\u4e2d\u5305\u62ec IP \u5730\u5740\u3001\u6709\u5173\u64cd\u4f5c\u7cfb\u7edf\u3001\u6d4f\u89c8\u5668\u7c7b\u578b\u548c\u7ec8\u7aef\u8bbe\u5907\u7684\u4fe1\u606f\uff0c\u4ee5\u53ca\u60a8\u5728\u6211\u4eec\u7f51\u7ad9\u4e0a\u7684\u6d3b\u52a8\u4fe1\u606f\uff0c\u8fd9\u4e9b\u4fe1\u606f\u901a\u8fc7 Cookie \u6587\u4ef6\u8fdb\u884c\u6ce8\u518c\u548c\u5b58\u50a8\u3002<\/p>\n<p>&nbsp;<\/p>\n<p><strong>\u5904\u7406\u60a8\u4e2a\u4eba\u6570\u636e\u7684\u76ee\u7684\u662f\u4ec0\u4e48\uff1f<\/strong><\/p>\n<p>\u63a7\u5236\u8005\u5728\u73b0\u884c\u6cd5\u5f8b\u89c4\u5b9a\u7684\u6761\u4ef6\u548c\u8303\u56f4\u5185\u5904\u7406\u548c\u5b58\u50a8\u60a8\u7684\u4e2a\u4eba\u6570\u636e\uff0c\u7528\u4e8e\u4ee5\u4e0b\u76ee\u7684\uff1a<\/p>\n<ol>\n<li>\u65e0\u9700\u5f81\u5f97\u60a8\u540c\u610f\u7684\u5904\u7406\uff1a<\/li>\n<\/ol>\n<p><em>\u4f18\u5316\u7f51\u7ad9\u529f\u80fd<\/em><\/p>\n<p>\u6211\u4eec\u5904\u7406\u4e2a\u4eba\u6570\u636e\u7684\u76ee\u7684\u662f\u4fdd\u8bc1\u7f51\u7ad9\u7684\u6b63\u5e38\u8fd0\u884c\u3001\u7528\u6237\u5bf9\u7f51\u7ad9\u5185\u5bb9\u7684\u4e2a\u6027\u5316\u9700\u6c42\u4ee5\u53ca\u63d0\u9ad8\u7528\u6237\u4f7f\u7528\u7f51\u7ad9\u7684\u8212\u9002\u5ea6\u3002<\/p>\n<p>\u60a8\u53ef\u4ee5\u901a\u8fc7\u76f8\u5e94\u8c03\u6574\u6d4f\u89c8\u5668\u8bbe\u7f6e\uff0c\u7981\u6b62\u5728\u7ec8\u7aef\u8bbe\u5907\u4e2d\u5b58\u50a8 cookie \u6587\u4ef6\u3002\u4e0d\u8fc7\uff0c\u8fd9\u53ef\u80fd\u4f1a\u9650\u5236\u7f51\u7ad9\u7684\u529f\u80fd\uff0c\u5305\u62ec\u65e0\u6cd5\u8bbf\u95ee\u7f51\u7ad9\u7684\u67d0\u4e9b\u90e8\u5206\u3002\u5982\u679c\u60a8\u6ca1\u6709\u8c03\u6574\u6d4f\u89c8\u5668\uff0c\u6211\u4eec\u7684\u7cfb\u7edf\u5c06\u5728\u60a8\u767b\u5f55\u6211\u4eec\u7f51\u7ad9\u65f6\u81ea\u52a8\u53d1\u9001 Cookie\u3002<\/p>\n<p>\u60a8\u53ef\u4ee5\u901a\u8fc7\u5220\u9664\u8ba1\u7b97\u673a\u4e2d\u7684\u6d4f\u89c8\u5386\u53f2\u8bb0\u5f55\u6765\u5220\u9664\u5b58\u50a8\u5728\u8bbe\u5907\u4e2d\u7684 cookie \u6587\u4ef6\u3002\u60a8\u4e5f\u53ef\u4ee5\u9009\u62e9\u5728 \"\u79c1\u4eba \"\u6a21\u5f0f\u4e0b\u6d4f\u89c8\u6211\u4eec\u7684\u7f51\u7ad9\uff0c\u8be5\u6a21\u5f0f\u53ef\u9650\u5236\u8ba1\u7b97\u673a\u6ce8\u518c\u6570\u636e\u7684\u8303\u56f4\u3002<\/p>\n<p>&nbsp;<\/p>\n<p>2.\u6211\u4eec\u5728\u5f81\u5f97\u60a8\u540c\u610f\u540e\u624d\u8fdb\u884c\u7684\u5904\u7406\uff1a<\/p>\n<p><em>\u8425\u9500\u76ee\u7684<\/em><\/p>\n<p>\u60a8\u7684\u4e2a\u4eba\u6570\u636e\u4ee5\u8425\u9500 cookie \u7684\u5f62\u5f0f\u7528\u4e8e\u8bc4\u4f30\u60a8\u7684\u504f\u597d\uff0c\u4ece\u800c\u663e\u793a\u4e0e\u60a8\u76f8\u5173\u7684\u5e7f\u544a\u3002<\/p>\n<p>\u4e3a\u6b64\uff0c\u672c\u7f51\u7ad9\u4f7f\u7528\u7b2c\u4e09\u65b9\u7684\u8425\u9500\u5de5\u5177\uff1a<\/p>\n<ul>\n<li>\u8c37\u6b4c\u5206\u6790\u6570\u636e\uff1b<\/li>\n<li>Facebook\uff1b<\/li>\n<li>Leady.cz\uff1b<\/li>\n<li>\u7c7b\u4f3c\u7684\u5206\u6790\u548c\u8425\u9500\u5de5\u5177\u63d0\u4f9b\u5546\u3002<\/li>\n<\/ul>\n<p>\u60a8\u5bf9\u8425\u9500\u76ee\u7684\u7684\u540c\u610f\u662f\u81ea\u613f\u7684\uff0c\u5982\u679c\u60a8\u4e0d\u540c\u610f\uff0c\u60a8\u4ecd\u7136\u53ef\u4ee5\u6d4f\u89c8\u6211\u4eec\u7684\u7f51\u7ad9\u3002\u60a8\u53ef\u4ee5\u968f\u65f6\u64a4\u9500\u540c\u610f\u3002<\/p>\n<ul>\n<li>\u5206\u53d1\u901a\u8baf\u548c\u5176\u4ed6\u5546\u4e1a\u901a\u8baf<\/li>\n<\/ul>\n<p>\u540c\u610f\u63a5\u6536\u65b0\u95fb\u7b80\u62a5\u548c\u5176\u4ed6\u5546\u4e1a\u901a\u4fe1\u662f\u81ea\u613f\u7684\uff0c\u4f46\u5982\u679c\u60a8\u4e0d\u540c\u610f\uff0c\u60a8\u5c06\u65e0\u6cd5\u5b9a\u671f\u6536\u5230\u6709\u5173\u6211\u4eec\u6d3b\u52a8\u7684\u4fe1\u606f\u548c\u65b0\u95fb\u3002\u60a8\u53ef\u4ee5\u968f\u65f6\u64a4\u9500\u540c\u610f\uff0c\u6bcf\u5c01\u90ae\u4ef6\u4e2d\u90fd\u8be6\u7ec6\u8bf4\u660e\u4e86\u64a4\u9500\u540c\u610f\u7684\u65b9\u5f0f\u3002<\/p>\n<p>&nbsp;<\/p>\n<p><strong>\u5904\u7406\u7684\u6cd5\u5f8b\u4f9d\u636e\u662f\u4ec0\u4e48\uff1f<\/strong><\/p>\n<p>\u7b2c\u4e00\u79cd\u60c5\u51b5\uff08a.\u6bb5\uff09\u7684\u6cd5\u5f8b\u4f9d\u636e\u662f\u63a7\u5236\u65b9\u7684\u5408\u6cd5\u6743\u76ca\uff0c\u5373\u7f51\u7ad9\u7684\u6b63\u5e38\u8fd0\u884c\uff1b\u5982\u679c\u6570\u636e\u5904\u7406\u662f\u4e3a\u4e86\u8425\u9500\u76ee\u7684\uff08b.\u6bb5\uff09\uff0c\u5219\u6cd5\u5f8b\u4f9d\u636e\u662f\u60a8\u7684\u660e\u786e\u540c\u610f\u3002<\/p>\n<p>&nbsp;<\/p>\n<p><strong>\u6570\u636e\u4f20\u8f93\u7ed9\u8c01\uff1f<\/strong><\/p>\n<p>\u60a8\u63d0\u4f9b\u7684\u4e2a\u4eba\u6570\u636e\u4e3b\u8981\u7531\u6211\u4eec\u81ea\u5df1\u5904\u7406\u548c\u5b58\u50a8\u3002\u5728\u4e25\u683c\u5fc5\u8981\u7684\u60c5\u51b5\u4e0b\uff0c\u5176\u4ed6\u5904\u7406\u65b9\uff08\u5982\u4f1a\u8ba1\u548c IT \u670d\u52a1\u63d0\u4f9b\u5546\uff09\u53ef\u6839\u636e\u6570\u636e\u5904\u7406\u534f\u8bae\u5bf9\u6570\u636e\u8fdb\u884c\u5904\u7406\u3002\u5728\u5f81\u5f97\u60a8\u540c\u610f\u7684\u60c5\u51b5\u4e0b\uff0c\u6211\u4eec\u4f1a\u5c06\u60a8\u7684\u4e2a\u4eba\u6570\u636e\u8f6c\u4ea4\u7ed9\u4e3a\u6211\u4eec\u63d0\u4f9b\u8425\u9500\u670d\u52a1\u7684\u5b9e\u4f53\uff0c\u7528\u4e8e\u8425\u9500\u76ee\u7684\u3002<\/p>\n<p>&nbsp;<\/p>\n<p><strong>\u6211\u4eec\u5c06\u5728\u591a\u957f\u65f6\u95f4\u5185\u5904\u7406\u60a8\u7684\u4e2a\u4eba\u6570\u636e\uff1f<\/strong><\/p>\n<p>\u60a8\u7684\u4e2a\u4eba\u6570\u636e\u5c06\u5728\u5b9e\u73b0\u76f8\u5173\u5904\u7406\u76ee\u7684\u6240\u4e25\u683c\u9700\u8981\u7684\u671f\u9650\u5185\u8fdb\u884c\u5904\u7406\uff0c\u5373\u81f3\u5c11\u5728\u76f8\u5173\u5408\u540c\u671f\u9650\u5185\u3001\u540c\u610f\u4e66\u6709\u6548\u671f\u5185\u4ee5\u53ca\u63a7\u5236\u65b9\u6709\u4e49\u52a1\u6216\u6709\u6743\u6839\u636e\u5177\u6709\u666e\u904d\u7ea6\u675f\u529b\u7684\u6cd5\u5f8b\u4fdd\u5b58\u6570\u636e\u7684\u671f\u9650\u5185\u8fdb\u884c\u5904\u7406\u3002<\/p>\n<p>&nbsp;<\/p>\n<p><strong>\u6211\u5728\u4e2a\u4eba\u6570\u636e\u4fdd\u62a4\u65b9\u9762\u6709\u54ea\u4e9b\u6743\u5229\uff1f<\/strong><\/p>\n<p>\u4f5c\u4e3a\u6570\u636e\u4e3b\u4f53\uff0c\u60a8\u4eab\u6709 GDPR \u89c4\u5b9a\u7684\u6240\u6709\u6743\u5229\uff0c\u5305\u62ec\u4f46\u4e0d\u9650\u4e8e<\/p>\n<ol>\n<li>\u6709\u6743\u83b7\u5f97\u6709\u5173\u60a8\u4e2a\u4eba\u6570\u636e\u5904\u7406\u7684\u4fe1\u606f\uff1b<\/li>\n<li>\u6709\u6743\u8bbf\u95ee\u60a8\u7684\u4e2a\u4eba\u6570\u636e\uff1b<\/li>\n<li>\u6709\u6743\u5411\u63a7\u5236\u8005\u7533\u8bf7\u66f4\u6b63\u3001\u5220\u9664\u6216\u9650\u5236\u5904\u7406\u60a8\u7684\u4e2a\u4eba\u6570\u636e\uff1b<\/li>\n<li>\u6709\u6743\u53cd\u5bf9\u5904\u7406\u60a8\u7684\u4e2a\u4eba\u6570\u636e\uff1b<\/li>\n<li>\u83b7\u53d6\u60a8\u7684\u4e2a\u4eba\u6570\u636e\u7684\u6743\u5229\uff08\u6570\u636e\u53ef\u79fb\u690d\u6027\uff09\uff1b\u4ee5\u53ca<\/li>\n<li>\u6709\u6743\u5411\u4e2a\u4eba\u6570\u636e\u5904\u7406\u529e\u516c\u5ba4\u6295\u8bc9\u3002<\/li>\n<\/ol>\n<p>&nbsp;<\/p>\n<p><strong>\u5982\u4f55\u8054\u7cfb\u6211\u7684\u4e2a\u4eba\u6570\u636e\u63a7\u5236\u8005\uff1f<\/strong><\/p>\n<p>\u60a8\u53ef\u4ee5\u5c31\u4e2a\u4eba\u6570\u636e\u4fdd\u62a4\u548c\u884c\u4f7f\u60a8\u7684\u6743\u5229\uff08\u5305\u62ec\u64a4\u9500\u540c\u610f\uff09\u4e8b\u5b9c\u81f4\u51fd\u63a7\u5236\u65b9\u6ce8\u518c\u529e\u4e8b\u5904\u7684\u5730\u5740\uff0c\u6216\u53d1\u9001\u7535\u5b50\u90ae\u4ef6\u81f3\u8be5\u5730\u5740\uff0c\u4e0e\u63a7\u5236\u65b9\u53d6\u5f97\u8054\u7cfb\uff1a <a href=\"mailto:info@ctp.eu\">info@ctp.eu<\/a> \u6216\u81f4\u7535+420 222 390 942.<\/p>\n<\/div>","protected":false},"excerpt":{"rendered":"<p>\u9690\u79c1\u58f0\u660e \u672c\u9690\u79c1\u58f0\u660e\u9002\u7528\u4e8e\u4ece\u4e2a\u4eba\u6570\u636e\u7684\u89d2\u5ea6\u6765\u9075\u5b88\u9690\u79c1\u6743\u3002<\/p>","protected":false},"author":67,"featured_media":0,"parent":6125,"menu_order":0,"comment_status":"closed","ping_status":"closed","template":"","meta":{"_acf_changed":false,"footnotes":""},"class_list":["post-2001","page","type-page","status-publish","hentry"],"acf":[],"yoast_head":"<title>Consent to the processing of personal data - Commercial Real Estate Developer And Manager<\/title>\n<meta name=\"robots\" content=\"index, follow, max-snippet:-1, max-image-preview:large, max-video-preview:-1\" \/>\n<link rel=\"canonical\" href=\"https:\/\/ctp.eu\/zh_cn\/ctp-policies\/consent-to-the-processing-of-personal-data\/\" \/>\n<meta property=\"og:locale\" content=\"zh_CN\" \/>\n<meta property=\"og:type\" content=\"article\" \/>\n<meta property=\"og:title\" content=\"Consent to the processing of personal data\" \/>\n<meta property=\"og:description\" content=\"Privacy Notice This privacy notice applies to observing the right to privacy from the point of view of personal data\" \/>\n<meta property=\"og:url\" content=\"https:\/\/ctp.eu\/zh_cn\/ctp-policies\/consent-to-the-processing-of-personal-data\/\" \/>\n<meta property=\"og:site_name\" content=\"Commercial Real Estate Developer And Manager\" \/>\n<meta property=\"article:modified_time\" content=\"2020-08-28T10:58:58+00:00\" \/>\n<meta name=\"twitter:card\" content=\"summary_large_image\" \/>\n<meta name=\"twitter:label1\" content=\"\u9884\u8ba1\u9605\u8bfb\u65f6\u95f4\" \/>\n\t<meta name=\"twitter:data1\" content=\"4 \u5206\" \/>\n<script type=\"application\/ld+json\" class=\"yoast-schema-graph\">{\"@context\":\"https:\/\/schema.org\",\"@graph\":[{\"@type\":\"WebPage\",\"@id\":\"https:\/\/ctp.eu\/ctp-policies\/consent-to-the-processing-of-personal-data\/\",\"url\":\"https:\/\/ctp.eu\/ctp-policies\/consent-to-the-processing-of-personal-data\/\",\"name\":\"Consent to the processing of personal data - Commercial Real Estate Developer And Manager\",\"isPartOf\":{\"@id\":\"https:\/\/ctp.eu\/#website\"},\"datePublished\":\"2018-05-10T13:17:39+00:00\",\"dateModified\":\"2020-08-28T10:58:58+00:00\",\"breadcrumb\":{\"@id\":\"https:\/\/ctp.eu\/ctp-policies\/consent-to-the-processing-of-personal-data\/#breadcrumb\"},\"inLanguage\":\"zh-Hans\",\"potentialAction\":[{\"@type\":\"ReadAction\",\"target\":[\"https:\/\/ctp.eu\/ctp-policies\/consent-to-the-processing-of-personal-data\/\"]}]},{\"@type\":\"BreadcrumbList\",\"@id\":\"https:\/\/ctp.eu\/ctp-policies\/consent-to-the-processing-of-personal-data\/#breadcrumb\",\"itemListElement\":[{\"@type\":\"ListItem\",\"position\":1,\"name\":\"Home\",\"item\":\"https:\/\/ctp.eu\/\"},{\"@type\":\"ListItem\",\"position\":2,\"name\":\"CTP Policies\",\"item\":\"https:\/\/ctp.eu\/ctp-policies\/\"},{\"@type\":\"ListItem\",\"position\":3,\"name\":\"Consent to the processing of personal data\"}]},{\"@type\":\"WebSite\",\"@id\":\"https:\/\/ctp.eu\/#website\",\"url\":\"https:\/\/ctp.eu\/\",\"name\":\"Commercial Real Estate Developer And Manager\",\"description\":\"CTP - premium industrial warehouse and office buildings\",\"publisher\":{\"@id\":\"https:\/\/ctp.eu\/#organization\"},\"potentialAction\":[{\"@type\":\"SearchAction\",\"target\":{\"@type\":\"EntryPoint\",\"urlTemplate\":\"https:\/\/ctp.eu\/?s={search_term_string}\"},\"query-input\":{\"@type\":\"PropertyValueSpecification\",\"valueRequired\":true,\"valueName\":\"search_term_string\"}}],\"inLanguage\":\"zh-Hans\"},{\"@type\":\"Organization\",\"@id\":\"https:\/\/ctp.eu\/#organization\",\"name\":\"CTP\",\"url\":\"https:\/\/ctp.eu\/\",\"logo\":{\"@type\":\"ImageObject\",\"inLanguage\":\"zh-Hans\",\"@id\":\"https:\/\/ctp.eu\/#\/schema\/logo\/image\/\",\"url\":\"\",\"contentUrl\":\"\",\"caption\":\"CTP\"},\"image\":{\"@id\":\"https:\/\/ctp.eu\/#\/schema\/logo\/image\/\"}}]}<\/script>","yoast_head_json":{"title":"\u540c\u610f\u5904\u7406\u4e2a\u4eba\u6570\u636e - \u5546\u4e1a\u5730\u4ea7\u5f00\u53d1\u5546\u548c\u7ecf\u7406\u4eba","robots":{"index":"index","follow":"follow","max-snippet":"max-snippet:-1","max-image-preview":"max-image-preview:large","max-video-preview":"max-video-preview:-1"},"canonical":"https:\/\/ctp.eu\/zh_cn\/ctp-policies\/consent-to-the-processing-of-personal-data\/","og_locale":"zh_CN","og_type":"article","og_title":"Consent to the processing of personal data","og_description":"Privacy Notice This privacy notice applies to observing the right to privacy from the point of view of personal data","og_url":"https:\/\/ctp.eu\/zh_cn\/ctp-policies\/consent-to-the-processing-of-personal-data\/","og_site_name":"Commercial Real Estate Developer And Manager","article_modified_time":"2020-08-28T10:58:58+00:00","twitter_card":"summary_large_image","twitter_misc":{"\u9884\u8ba1\u9605\u8bfb\u65f6\u95f4":"4 \u5206"},"schema":{"@context":"https:\/\/schema.org","@graph":[{"@type":"WebPage","@id":"https:\/\/ctp.eu\/ctp-policies\/consent-to-the-processing-of-personal-data\/","url":"https:\/\/ctp.eu\/ctp-policies\/consent-to-the-processing-of-personal-data\/","name":"\u540c\u610f\u5904\u7406\u4e2a\u4eba\u6570\u636e - \u5546\u4e1a\u5730\u4ea7\u5f00\u53d1\u5546\u548c\u7ecf\u7406\u4eba","isPartOf":{"@id":"https:\/\/ctp.eu\/#website"},"datePublished":"2018-05-10T13:17:39+00:00","dateModified":"2020-08-28T10:58:58+00:00","breadcrumb":{"@id":"https:\/\/ctp.eu\/ctp-policies\/consent-to-the-processing-of-personal-data\/#breadcrumb"},"inLanguage":"zh-Hans","potentialAction":[{"@type":"ReadAction","target":["https:\/\/ctp.eu\/ctp-policies\/consent-to-the-processing-of-personal-data\/"]}]},{"@type":"BreadcrumbList","@id":"https:\/\/ctp.eu\/ctp-policies\/consent-to-the-processing-of-personal-data\/#breadcrumb","itemListElement":[{"@type":"ListItem","position":1,"name":"Home","item":"https:\/\/ctp.eu\/"},{"@type":"ListItem","position":2,"name":"CTP Policies","item":"https:\/\/ctp.eu\/ctp-policies\/"},{"@type":"ListItem","position":3,"name":"Consent to the processing of personal data"}]},{"@type":"WebSite","@id":"https:\/\/ctp.eu\/#website","url":"https:\/\/ctp.eu\/","name":"\u5546\u4e1a\u5730\u4ea7\u5f00\u53d1\u5546\u548c\u7ba1\u7406\u8005","description":"CTP - \u9ad8\u7ea7\u5de5\u4e1a\u4ed3\u5e93\u548c\u529e\u516c\u697c","publisher":{"@id":"https:\/\/ctp.eu\/#organization"},"potentialAction":[{"@type":"SearchAction","target":{"@type":"EntryPoint","urlTemplate":"https:\/\/ctp.eu\/?s={search_term_string}"},"query-input":{"@type":"PropertyValueSpecification","valueRequired":true,"valueName":"search_term_string"}}],"inLanguage":"zh-Hans"},{"@type":"Organization","@id":"https:\/\/ctp.eu\/#organization","name":"CTP","url":"https:\/\/ctp.eu\/","logo":{"@type":"ImageObject","inLanguage":"zh-Hans","@id":"https:\/\/ctp.eu\/#\/schema\/logo\/image\/","url":"","contentUrl":"","caption":"CTP"},"image":{"@id":"https:\/\/ctp.eu\/#\/schema\/logo\/image\/"}}]}},"_links":{"self":[{"href":"https:\/\/ctp.eu\/zh_cn\/wp-json\/wp\/v2\/pages\/2001","targetHints":{"allow":["GET"]}}],"collection":[{"href":"https:\/\/ctp.eu\/zh_cn\/wp-json\/wp\/v2\/pages"}],"about":[{"href":"https:\/\/ctp.eu\/zh_cn\/wp-json\/wp\/v2\/types\/page"}],"author":[{"embeddable":true,"href":"https:\/\/ctp.eu\/zh_cn\/wp-json\/wp\/v2\/users\/67"}],"replies":[{"embeddable":true,"href":"https:\/\/ctp.eu\/zh_cn\/wp-json\/wp\/v2\/comments?post=2001"}],"version-history":[{"count":0,"href":"https:\/\/ctp.eu\/zh_cn\/wp-json\/wp\/v2\/pages\/2001\/revisions"}],"up":[{"embeddable":true,"href":"https:\/\/ctp.eu\/zh_cn\/wp-json\/wp\/v2\/pages\/6125"}],"wp:attachment":[{"href":"https:\/\/ctp.eu\/zh_cn\/wp-json\/wp\/v2\/media?parent=2001"}],"curies":[{"name":"wp","href":"https:\/\/api.w.org\/{rel}","templated":true}]}}