{"id":6125,"date":"2019-08-13T12:26:43","date_gmt":"2019-08-13T12:26:43","guid":{"rendered":"https:\/\/www.ctp.eu\/?page_id=6125"},"modified":"2025-02-19T14:41:37","modified_gmt":"2025-02-19T12:41:37","slug":"ctp-policies","status":"publish","type":"page","link":"https:\/\/ctp.eu\/zh\/ctp-policies\/","title":{"rendered":"CTP \u653f\u7b56"},"content":{"rendered":"<div class=\"policy-main\">\n<p><a id=\"polska\" class=\"row-title\" style=\"display: none;\" href=\"https:\/\/ctp.eu\/pl\/polish-gdpr\/\">\u6587\u6a94 RODO \u5c0f\u7d44 CTP \u5df2\u5728\u6ce2\u862d\u767c\u884c<\/a><\/p>\n<p><a class=\"row-title\" href=\"https:\/\/ctp.eu\/zh\/ctp-policies\/business-partners-privacy-policy\/\">\u4e1a\u52a1\u5408\u4f5c\u4f19\u4f34\u9690\u79c1\u653f\u7b56<\/a><\/p>\n<p><a class=\"row-title\" href=\"https:\/\/ctp.eu\/zh\/ctp-policies\/consent-to-the-processing-of-personal-data\/\">\u540c\u610f\u5904\u7406\u4e2a\u4eba\u6570\u636e<\/a><\/p>\n<p><a class=\"row-title\" href=\"https:\/\/ctp.eu\/zh\/ctp-policies\/general-data-protection-principles\/\">\u4e00\u822c\u8cc7\u6599\u4fdd\u8b77\u539f\u5247<\/a><\/p>\n<p><a class=\"row-title\" href=\"https:\/\/ctp.eu\/zh\/ctp-policies\/consent-to-the-use-of-personal-data-for-the-purpose-of-receiving-the-newsletter\/\">\u540c\u610f\u5c06\u4e2a\u4eba\u8d44\u6599\u7528\u4e8e\u63a5\u6536\u901a\u8baf<\/a><\/p>\n<p><a class=\"row-title\" href=\"https:\/\/ctp.eu\/zh\/ctp-policies\/cctv-policy\/\">\u95ed\u8def\u7535\u89c6\u548c\u8bbf\u5ba2\u9690\u79c1\u653f\u7b56<\/a><\/p>\n<p><a class=\"row-title\" href=\"https:\/\/ctp.eu\/zh\/ctp-policies\/employee-privacy-policy\/\">\u5458\u5de5\u9690\u79c1\u653f\u7b56<\/a><\/p>\n<p><a class=\"row-title\" href=\"https:\/\/ctp.eu\/zh\/ctp-policies\/ctp-website-cookie-policy\/\">CTP \u7f51\u7ad9 Cookie \u653f\u7b56<\/a><\/p>\n<p><a class=\"row-title\" href=\"https:\/\/ctp.eu\/zh\/ctp-policies\/recruitment-privacy-policy\/\">\u8655\u7406\u6c42\u8077\u8005\u500b\u4eba\u8cc7\u6599\u7684\u96b1\u79c1\u6b0a\u653f\u7b56<\/a><\/p>\n<p><!-- <a class=\"row-title\" href=\"https:\/\/ctp.eu\/ctp-policies\/zasady-zpracovani-osobnich-udaju-pri-naboru-zamestnancu\/\">Z\u00e1sady zpracov\u00e1n\u00ed osobn\u00edch \u00fadaj\u016f p\u0159i n\u00e1boru zam\u011bstnanc\u016f<\/a> --><\/p>\n<\/div>\n<style>.translatepress-pl_PL #polska{display:block!important;}<\/style>","protected":false},"excerpt":{"rendered":"<p>\u6587\u4ef6 RODO \u5c0f\u7d44 CTP \u662f\u6ce2\u862d\u7684\u5546\u696d\u5925\u4f34\u96b1\u79c1\u653f\u7b56\u540c\u610f\u8655\u7406\u500b\u4eba\u6578\u64da<\/p>","protected":false},"author":67,"featured_media":0,"parent":0,"menu_order":0,"comment_status":"closed","ping_status":"closed","template":"","meta":{"_acf_changed":false,"footnotes":""},"class_list":["post-6125","page","type-page","status-publish","hentry"],"acf":[],"yoast_head":"<title>CTP Policies - Commercial Real Estate Developer And Manager<\/title>\n<meta name=\"robots\" content=\"index, follow, max-snippet:-1, max-image-preview:large, max-video-preview:-1\" \/>\n<link rel=\"canonical\" href=\"https:\/\/ctp.eu\/zh\/ctp-policies\/\" \/>\n<meta property=\"og:locale\" content=\"zh_TW\" \/>\n<meta property=\"og:type\" content=\"article\" \/>\n<meta property=\"og:title\" content=\"CTP Policies\" \/>\n<meta property=\"og:description\" content=\"Dokumenty RODO sp\u00f3\u0142ek grupy CTP z siedzib\u0105 w Polsce Business Partner\u2019s Privacy Policy Consent to the Processing of Personal Data\" \/>\n<meta property=\"og:url\" content=\"https:\/\/ctp.eu\/zh\/ctp-policies\/\" \/>\n<meta property=\"og:site_name\" content=\"Commercial Real Estate Developer And Manager\" \/>\n<meta property=\"article:modified_time\" content=\"2025-02-19T12:41:37+00:00\" \/>\n<meta name=\"twitter:card\" content=\"summary_large_image\" \/>\n<meta name=\"twitter:label1\" content=\"\u9810\u4f30\u95b1\u8b80\u6642\u9593\" \/>\n\t<meta name=\"twitter:data1\" content=\"1 \u5206\u9418\" \/>\n<script type=\"application\/ld+json\" class=\"yoast-schema-graph\">{\"@context\":\"https:\\\/\\\/schema.org\",\"@graph\":[{\"@type\":\"WebPage\",\"@id\":\"https:\\\/\\\/ctp.eu\\\/ctp-policies\\\/\",\"url\":\"https:\\\/\\\/ctp.eu\\\/ctp-policies\\\/\",\"name\":\"CTP Policies - Commercial Real Estate Developer And Manager\",\"isPartOf\":{\"@id\":\"https:\\\/\\\/ctp.eu\\\/#website\"},\"datePublished\":\"2019-08-13T12:26:43+00:00\",\"dateModified\":\"2025-02-19T12:41:37+00:00\",\"breadcrumb\":{\"@id\":\"https:\\\/\\\/ctp.eu\\\/ctp-policies\\\/#breadcrumb\"},\"inLanguage\":\"zh-TW\",\"potentialAction\":[{\"@type\":\"ReadAction\",\"target\":[\"https:\\\/\\\/ctp.eu\\\/ctp-policies\\\/\"]}]},{\"@type\":\"BreadcrumbList\",\"@id\":\"https:\\\/\\\/ctp.eu\\\/ctp-policies\\\/#breadcrumb\",\"itemListElement\":[{\"@type\":\"ListItem\",\"position\":1,\"name\":\"Home\",\"item\":\"https:\\\/\\\/ctp.eu\\\/\"},{\"@type\":\"ListItem\",\"position\":2,\"name\":\"CTP Policies\"}]},{\"@type\":\"WebSite\",\"@id\":\"https:\\\/\\\/ctp.eu\\\/#website\",\"url\":\"https:\\\/\\\/ctp.eu\\\/\",\"name\":\"Commercial Real Estate Developer And Manager\",\"description\":\"CTP - premium industrial warehouse and office buildings\",\"publisher\":{\"@id\":\"https:\\\/\\\/ctp.eu\\\/#organization\"},\"potentialAction\":[{\"@type\":\"SearchAction\",\"target\":{\"@type\":\"EntryPoint\",\"urlTemplate\":\"https:\\\/\\\/ctp.eu\\\/?s={search_term_string}\"},\"query-input\":{\"@type\":\"PropertyValueSpecification\",\"valueRequired\":true,\"valueName\":\"search_term_string\"}}],\"inLanguage\":\"zh-TW\"},{\"@type\":\"Organization\",\"@id\":\"https:\\\/\\\/ctp.eu\\\/#organization\",\"name\":\"CTP\",\"url\":\"https:\\\/\\\/ctp.eu\\\/\",\"logo\":{\"@type\":\"ImageObject\",\"inLanguage\":\"zh-TW\",\"@id\":\"https:\\\/\\\/ctp.eu\\\/#\\\/schema\\\/logo\\\/image\\\/\",\"url\":\"\",\"contentUrl\":\"\",\"caption\":\"CTP\"},\"image\":{\"@id\":\"https:\\\/\\\/ctp.eu\\\/#\\\/schema\\\/logo\\\/image\\\/\"}}]}<\/script>","yoast_head_json":{"title":"CTP \u653f\u7b56 - \u5546\u4e1a\u5730\u4ea7\u5f00\u53d1\u5546\u548c\u7ba1\u7406\u4eba","robots":{"index":"index","follow":"follow","max-snippet":"max-snippet:-1","max-image-preview":"max-image-preview:large","max-video-preview":"max-video-preview:-1"},"canonical":"https:\/\/ctp.eu\/zh\/ctp-policies\/","og_locale":"zh_TW","og_type":"article","og_title":"CTP Policies","og_description":"Dokumenty RODO sp\u00f3\u0142ek grupy CTP z siedzib\u0105 w Polsce Business Partner\u2019s Privacy Policy Consent to the Processing of Personal Data","og_url":"https:\/\/ctp.eu\/zh\/ctp-policies\/","og_site_name":"Commercial Real Estate Developer And Manager","article_modified_time":"2025-02-19T12:41:37+00:00","twitter_card":"summary_large_image","twitter_misc":{"\u9810\u4f30\u95b1\u8b80\u6642\u9593":"1 \u5206\u9418"},"schema":{"@context":"https:\/\/schema.org","@graph":[{"@type":"WebPage","@id":"https:\/\/ctp.eu\/ctp-policies\/","url":"https:\/\/ctp.eu\/ctp-policies\/","name":"CTP \u653f\u7b56 - \u5546\u4e1a\u5730\u4ea7\u5f00\u53d1\u5546\u548c\u7ba1\u7406\u4eba","isPartOf":{"@id":"https:\/\/ctp.eu\/#website"},"datePublished":"2019-08-13T12:26:43+00:00","dateModified":"2025-02-19T12:41:37+00:00","breadcrumb":{"@id":"https:\/\/ctp.eu\/ctp-policies\/#breadcrumb"},"inLanguage":"zh-TW","potentialAction":[{"@type":"ReadAction","target":["https:\/\/ctp.eu\/ctp-policies\/"]}]},{"@type":"BreadcrumbList","@id":"https:\/\/ctp.eu\/ctp-policies\/#breadcrumb","itemListElement":[{"@type":"ListItem","position":1,"name":"Home","item":"https:\/\/ctp.eu\/"},{"@type":"ListItem","position":2,"name":"CTP Policies"}]},{"@type":"WebSite","@id":"https:\/\/ctp.eu\/#website","url":"https:\/\/ctp.eu\/","name":"\u5546\u4e1a\u623f\u5730\u4ea7\u5f00\u53d1\u5546\u548c\u7ecf\u7406","description":"CTP - \u9ad8\u7ea7\u5de5\u4e1a\u4ed3\u5e93\u548c\u529e\u516c\u697c","publisher":{"@id":"https:\/\/ctp.eu\/#organization"},"potentialAction":[{"@type":"SearchAction","target":{"@type":"EntryPoint","urlTemplate":"https:\/\/ctp.eu\/?s={search_term_string}"},"query-input":{"@type":"PropertyValueSpecification","valueRequired":true,"valueName":"search_term_string"}}],"inLanguage":"zh-TW"},{"@type":"Organization","@id":"https:\/\/ctp.eu\/#organization","name":"CTP","url":"https:\/\/ctp.eu\/","logo":{"@type":"ImageObject","inLanguage":"zh-TW","@id":"https:\/\/ctp.eu\/#\/schema\/logo\/image\/","url":"","contentUrl":"","caption":"CTP"},"image":{"@id":"https:\/\/ctp.eu\/#\/schema\/logo\/image\/"}}]}},"_links":{"self":[{"href":"https:\/\/ctp.eu\/zh\/wp-json\/wp\/v2\/pages\/6125","targetHints":{"allow":["GET"]}}],"collection":[{"href":"https:\/\/ctp.eu\/zh\/wp-json\/wp\/v2\/pages"}],"about":[{"href":"https:\/\/ctp.eu\/zh\/wp-json\/wp\/v2\/types\/page"}],"author":[{"embeddable":true,"href":"https:\/\/ctp.eu\/zh\/wp-json\/wp\/v2\/users\/67"}],"replies":[{"embeddable":true,"href":"https:\/\/ctp.eu\/zh\/wp-json\/wp\/v2\/comments?post=6125"}],"version-history":[{"count":7,"href":"https:\/\/ctp.eu\/zh\/wp-json\/wp\/v2\/pages\/6125\/revisions"}],"predecessor-version":[{"id":103606,"href":"https:\/\/ctp.eu\/zh\/wp-json\/wp\/v2\/pages\/6125\/revisions\/103606"}],"wp:attachment":[{"href":"https:\/\/ctp.eu\/zh\/wp-json\/wp\/v2\/media?parent=6125"}],"curies":[{"name":"wp","href":"https:\/\/api.w.org\/{rel}","templated":true}]}}