{"id":99563,"date":"2024-11-08T19:21:13","date_gmt":"2024-11-08T17:21:13","guid":{"rendered":"https:\/\/ctp.eu\/?page_id=99563"},"modified":"2026-04-16T12:17:12","modified_gmt":"2026-04-16T10:17:12","slug":"solutions","status":"publish","type":"page","link":"https:\/\/ctp.eu\/vi\/solutions\/","title":{"rendered":"Gi\u1ea3i ph\u00e1p"},"content":{"rendered":"<p>Ch\u00fang t\u00f4i mong mu\u1ed1n tr\u1edf th\u00e0nh \u0111\u1ed1i t\u00e1c ph\u00e1t tri\u1ec3n l\u00e2u d\u00e0i c\u1ee7a b\u1ea1n b\u1eb1ng c\u00e1ch gi\u1ea3i quy\u1ebft nh\u1eefng v\u1ea5n \u0111\u1ec1 kh\u00f3 kh\u0103n, cho ph\u00e9p b\u1ea1n t\u1eadp trung v\u00e0o nh\u1eefng g\u00ec c\u00f4ng ty b\u1ea1n l\u00e0m t\u1ed1t nh\u1ea5t.<\/p>","protected":false},"excerpt":{"rendered":"<p>We aim to be your long-term growth partner by addressing your pain points, allowing you to focus on what your<\/p>","protected":false},"author":22,"featured_media":0,"parent":0,"menu_order":0,"comment_status":"closed","ping_status":"closed","template":"templates\/solutions.php","meta":{"_acf_changed":false,"footnotes":""},"class_list":["post-99563","page","type-page","status-publish","hentry"],"acf":[],"yoast_head":"<title>Solutions - Commercial Real Estate Developer And Manager<\/title>\n<meta name=\"description\" content=\"We aim to be your long-term growth partner by addressing your pain points, allowing you to focus on what your company does best.\u00a0\" \/>\n<meta name=\"robots\" content=\"index, follow, max-snippet:-1, max-image-preview:large, max-video-preview:-1\" \/>\n<link rel=\"canonical\" href=\"https:\/\/ctp.eu\/vi\/solutions\/\" \/>\n<meta property=\"og:locale\" content=\"vi_VN\" \/>\n<meta property=\"og:type\" content=\"article\" \/>\n<meta property=\"og:title\" content=\"Solutions\" \/>\n<meta property=\"og:description\" content=\"We aim to be your long-term growth partner by addressing your pain points, allowing you to focus on what your company does best.\u00a0\" \/>\n<meta property=\"og:url\" content=\"https:\/\/ctp.eu\/vi\/solutions\/\" \/>\n<meta property=\"og:site_name\" content=\"Commercial Real Estate Developer And Manager\" \/>\n<meta property=\"article:modified_time\" content=\"2026-04-16T10:17:12+00:00\" \/>\n<meta name=\"twitter:card\" content=\"summary_large_image\" \/>\n<meta name=\"twitter:label1\" content=\"\u01af\u1edbc t\u00ednh th\u1eddi gian \u0111\u1ecdc\" \/>\n\t<meta name=\"twitter:data1\" content=\"1 ph\u00fat\" \/>\n<script type=\"application\/ld+json\" class=\"yoast-schema-graph\">{\"@context\":\"https:\\\/\\\/schema.org\",\"@graph\":[{\"@type\":\"WebPage\",\"@id\":\"https:\\\/\\\/ctp.eu\\\/solutions\\\/\",\"url\":\"https:\\\/\\\/ctp.eu\\\/solutions\\\/\",\"name\":\"Solutions - Commercial Real Estate Developer And Manager\",\"isPartOf\":{\"@id\":\"https:\\\/\\\/ctp.eu\\\/#website\"},\"datePublished\":\"2024-11-08T17:21:13+00:00\",\"dateModified\":\"2026-04-16T10:17:12+00:00\",\"description\":\"We aim to be your long-term growth partner by addressing your pain points, allowing you to focus on what your company does best.\u00a0\",\"breadcrumb\":{\"@id\":\"https:\\\/\\\/ctp.eu\\\/solutions\\\/#breadcrumb\"},\"inLanguage\":\"vi\",\"potentialAction\":[{\"@type\":\"ReadAction\",\"target\":[\"https:\\\/\\\/ctp.eu\\\/solutions\\\/\"]}]},{\"@type\":\"BreadcrumbList\",\"@id\":\"https:\\\/\\\/ctp.eu\\\/solutions\\\/#breadcrumb\",\"itemListElement\":[{\"@type\":\"ListItem\",\"position\":1,\"name\":\"Home\",\"item\":\"https:\\\/\\\/ctp.eu\\\/\"},{\"@type\":\"ListItem\",\"position\":2,\"name\":\"Solutions\"}]},{\"@type\":\"WebSite\",\"@id\":\"https:\\\/\\\/ctp.eu\\\/#website\",\"url\":\"https:\\\/\\\/ctp.eu\\\/\",\"name\":\"Commercial Real Estate Developer And Manager\",\"description\":\"CTP - premium industrial warehouse and office buildings\",\"publisher\":{\"@id\":\"https:\\\/\\\/ctp.eu\\\/#organization\"},\"potentialAction\":[{\"@type\":\"SearchAction\",\"target\":{\"@type\":\"EntryPoint\",\"urlTemplate\":\"https:\\\/\\\/ctp.eu\\\/?s={search_term_string}\"},\"query-input\":{\"@type\":\"PropertyValueSpecification\",\"valueRequired\":true,\"valueName\":\"search_term_string\"}}],\"inLanguage\":\"vi\"},{\"@type\":\"Organization\",\"@id\":\"https:\\\/\\\/ctp.eu\\\/#organization\",\"name\":\"CTP\",\"url\":\"https:\\\/\\\/ctp.eu\\\/\",\"logo\":{\"@type\":\"ImageObject\",\"inLanguage\":\"vi\",\"@id\":\"https:\\\/\\\/ctp.eu\\\/#\\\/schema\\\/logo\\\/image\\\/\",\"url\":\"\",\"contentUrl\":\"\",\"caption\":\"CTP\"},\"image\":{\"@id\":\"https:\\\/\\\/ctp.eu\\\/#\\\/schema\\\/logo\\\/image\\\/\"}}]}<\/script>","yoast_head_json":{"title":"Gi\u1ea3i ph\u00e1p - Nh\u00e0 ph\u00e1t tri\u1ec3n v\u00e0 qu\u1ea3n l\u00fd b\u1ea5t \u0111\u1ed9ng s\u1ea3n th\u01b0\u01a1ng m\u1ea1i","description":"Ch\u00fang t\u00f4i mong mu\u1ed1n tr\u1edf th\u00e0nh \u0111\u1ed1i t\u00e1c ph\u00e1t tri\u1ec3n l\u00e2u d\u00e0i c\u1ee7a b\u1ea1n b\u1eb1ng c\u00e1ch gi\u1ea3i quy\u1ebft nh\u1eefng v\u1ea5n \u0111\u1ec1 kh\u00f3 kh\u0103n, cho ph\u00e9p b\u1ea1n t\u1eadp trung v\u00e0o nh\u1eefng g\u00ec c\u00f4ng ty b\u1ea1n l\u00e0m t\u1ed1t nh\u1ea5t.\u00a0","robots":{"index":"index","follow":"follow","max-snippet":"max-snippet:-1","max-image-preview":"max-image-preview:large","max-video-preview":"max-video-preview:-1"},"canonical":"https:\/\/ctp.eu\/vi\/solutions\/","og_locale":"vi_VN","og_type":"article","og_title":"Solutions","og_description":"We aim to be your long-term growth partner by addressing your pain points, allowing you to focus on what your company does best.\u00a0","og_url":"https:\/\/ctp.eu\/vi\/solutions\/","og_site_name":"Commercial Real Estate Developer And Manager","article_modified_time":"2026-04-16T10:17:12+00:00","twitter_card":"summary_large_image","twitter_misc":{"\u01af\u1edbc t\u00ednh th\u1eddi gian \u0111\u1ecdc":"1 ph\u00fat"},"schema":{"@context":"https:\/\/schema.org","@graph":[{"@type":"WebPage","@id":"https:\/\/ctp.eu\/solutions\/","url":"https:\/\/ctp.eu\/solutions\/","name":"Gi\u1ea3i ph\u00e1p - Nh\u00e0 ph\u00e1t tri\u1ec3n v\u00e0 qu\u1ea3n l\u00fd b\u1ea5t \u0111\u1ed9ng s\u1ea3n th\u01b0\u01a1ng m\u1ea1i","isPartOf":{"@id":"https:\/\/ctp.eu\/#website"},"datePublished":"2024-11-08T17:21:13+00:00","dateModified":"2026-04-16T10:17:12+00:00","description":"Ch\u00fang t\u00f4i mong mu\u1ed1n tr\u1edf th\u00e0nh \u0111\u1ed1i t\u00e1c ph\u00e1t tri\u1ec3n l\u00e2u d\u00e0i c\u1ee7a b\u1ea1n b\u1eb1ng c\u00e1ch gi\u1ea3i quy\u1ebft nh\u1eefng v\u1ea5n \u0111\u1ec1 kh\u00f3 kh\u0103n, cho ph\u00e9p b\u1ea1n t\u1eadp trung v\u00e0o nh\u1eefng g\u00ec c\u00f4ng ty b\u1ea1n l\u00e0m t\u1ed1t nh\u1ea5t.\u00a0","breadcrumb":{"@id":"https:\/\/ctp.eu\/solutions\/#breadcrumb"},"inLanguage":"vi","potentialAction":[{"@type":"ReadAction","target":["https:\/\/ctp.eu\/solutions\/"]}]},{"@type":"BreadcrumbList","@id":"https:\/\/ctp.eu\/solutions\/#breadcrumb","itemListElement":[{"@type":"ListItem","position":1,"name":"Home","item":"https:\/\/ctp.eu\/"},{"@type":"ListItem","position":2,"name":"Solutions"}]},{"@type":"WebSite","@id":"https:\/\/ctp.eu\/#website","url":"https:\/\/ctp.eu\/","name":"Nh\u00e0 ph\u00e1t tri\u1ec3n v\u00e0 qu\u1ea3n l\u00fd b\u1ea5t \u0111\u1ed9ng s\u1ea3n th\u01b0\u01a1ng m\u1ea1i","description":"CTP - t\u00f2a nh\u00e0 v\u0103n ph\u00f2ng v\u00e0 kho c\u00f4ng nghi\u1ec7p cao c\u1ea5p","publisher":{"@id":"https:\/\/ctp.eu\/#organization"},"potentialAction":[{"@type":"SearchAction","target":{"@type":"EntryPoint","urlTemplate":"https:\/\/ctp.eu\/?s={search_term_string}"},"query-input":{"@type":"PropertyValueSpecification","valueRequired":true,"valueName":"search_term_string"}}],"inLanguage":"vi"},{"@type":"Organization","@id":"https:\/\/ctp.eu\/#organization","name":"CTP","url":"https:\/\/ctp.eu\/","logo":{"@type":"ImageObject","inLanguage":"vi","@id":"https:\/\/ctp.eu\/#\/schema\/logo\/image\/","url":"","contentUrl":"","caption":"CTP"},"image":{"@id":"https:\/\/ctp.eu\/#\/schema\/logo\/image\/"}}]}},"_links":{"self":[{"href":"https:\/\/ctp.eu\/vi\/wp-json\/wp\/v2\/pages\/99563","targetHints":{"allow":["GET"]}}],"collection":[{"href":"https:\/\/ctp.eu\/vi\/wp-json\/wp\/v2\/pages"}],"about":[{"href":"https:\/\/ctp.eu\/vi\/wp-json\/wp\/v2\/types\/page"}],"author":[{"embeddable":true,"href":"https:\/\/ctp.eu\/vi\/wp-json\/wp\/v2\/users\/22"}],"replies":[{"embeddable":true,"href":"https:\/\/ctp.eu\/vi\/wp-json\/wp\/v2\/comments?post=99563"}],"version-history":[{"count":31,"href":"https:\/\/ctp.eu\/vi\/wp-json\/wp\/v2\/pages\/99563\/revisions"}],"predecessor-version":[{"id":115455,"href":"https:\/\/ctp.eu\/vi\/wp-json\/wp\/v2\/pages\/99563\/revisions\/115455"}],"wp:attachment":[{"href":"https:\/\/ctp.eu\/vi\/wp-json\/wp\/v2\/media?parent=99563"}],"curies":[{"name":"wp","href":"https:\/\/api.w.org\/{rel}","templated":true}]}}