{"id":9830,"date":"2020-09-12T18:21:52","date_gmt":"2020-09-12T18:21:52","guid":{"rendered":"https:\/\/www.ctp.eu\/?page_id=9830"},"modified":"2026-02-26T16:39:10","modified_gmt":"2026-02-26T15:39:10","slug":"investors","status":"publish","type":"page","link":"https:\/\/ctp.eu\/vi\/investors\/","title":{"rendered":"Quan h\u1ec7 \u0111\u1ed1i t\u00e1c \u0111\u1ea7u t\u01b0 d\u00e0i h\u1ea1n"},"content":{"rendered":"<h2 class=\"investors-subtitle\">D\u00e0nh cho c\u00e1c \u0111\u1ed1i t\u00e1c nh\u00e0 \u0111\u1ea7u t\u01b0 c\u1ee7a ch\u00fang t\u00f4i<\/h2>\n<p class=\"investors-paragraph\">Welcome to our new investor relations section. CTP is an incredible business and success story which we are proud of and passionate about. Over the past 25+ years, we have created a high-value company by honouring our commitments to all our stakeholders and we welcome investors who we see as long-term and critical stakeholders to our business, and the new responsibilities and commitments this entails.<\/p>","protected":false},"excerpt":{"rendered":"<p>\u0110\u1ed1i v\u1edbi c\u00e1c \u0111\u1ed1i t\u00e1c nh\u00e0 \u0111\u1ea7u t\u01b0 c\u1ee7a ch\u00fang t\u00f4i Ch\u00e0o m\u1eebng b\u1ea1n \u0111\u1ebfn v\u1edbi m\u1ee5c quan h\u1ec7 nh\u00e0 \u0111\u1ea7u t\u01b0 m\u1edbi c\u1ee7a ch\u00fang t\u00f4i. CTP l\u00e0 m\u1ed9t doanh nghi\u1ec7p v\u00e0 c\u00e2u chuy\u1ec7n th\u00e0nh c\u00f4ng \u0111\u00e1ng kinh ng\u1ea1c<\/p>","protected":false},"author":67,"featured_media":0,"parent":0,"menu_order":0,"comment_status":"closed","ping_status":"closed","template":"templates\/investors.php","meta":{"_acf_changed":false,"footnotes":""},"class_list":["post-9830","page","type-page","status-publish","hentry"],"acf":[],"yoast_head":"<title>Long-Term Investment Partnership - Commercial Real Estate Developer And Manager<\/title>\n<meta name=\"robots\" content=\"index, follow, max-snippet:-1, max-image-preview:large, max-video-preview:-1\" \/>\n<link rel=\"canonical\" href=\"https:\/\/ctp.eu\/vi\/investors\/\" \/>\n<meta property=\"og:locale\" content=\"vi_VN\" \/>\n<meta property=\"og:type\" content=\"article\" \/>\n<meta property=\"og:title\" content=\"Long-Term Investment Partnership\" \/>\n<meta property=\"og:description\" content=\"For Our Investor Partners Welcome to our new investor relations section. CTP is an incredible business and success story which\" \/>\n<meta property=\"og:url\" content=\"https:\/\/ctp.eu\/vi\/investors\/\" \/>\n<meta property=\"og:site_name\" content=\"Commercial Real Estate Developer And Manager\" \/>\n<meta property=\"article:modified_time\" content=\"2026-02-26T15:39:10+00:00\" \/>\n<meta name=\"twitter:card\" content=\"summary_large_image\" \/>\n<meta name=\"twitter:label1\" content=\"\u01af\u1edbc t\u00ednh th\u1eddi gian \u0111\u1ecdc\" \/>\n\t<meta name=\"twitter:data1\" content=\"1 ph\u00fat\" \/>\n<script type=\"application\/ld+json\" class=\"yoast-schema-graph\">{\"@context\":\"https:\\\/\\\/schema.org\",\"@graph\":[{\"@type\":\"WebPage\",\"@id\":\"https:\\\/\\\/ctp.eu\\\/investors\\\/\",\"url\":\"https:\\\/\\\/ctp.eu\\\/investors\\\/\",\"name\":\"Long-Term Investment Partnership - Commercial Real Estate Developer And Manager\",\"isPartOf\":{\"@id\":\"https:\\\/\\\/ctp.eu\\\/#website\"},\"datePublished\":\"2020-09-12T18:21:52+00:00\",\"dateModified\":\"2026-02-26T15:39:10+00:00\",\"breadcrumb\":{\"@id\":\"https:\\\/\\\/ctp.eu\\\/investors\\\/#breadcrumb\"},\"inLanguage\":\"vi\",\"potentialAction\":[{\"@type\":\"ReadAction\",\"target\":[\"https:\\\/\\\/ctp.eu\\\/investors\\\/\"]}]},{\"@type\":\"BreadcrumbList\",\"@id\":\"https:\\\/\\\/ctp.eu\\\/investors\\\/#breadcrumb\",\"itemListElement\":[{\"@type\":\"ListItem\",\"position\":1,\"name\":\"Home\",\"item\":\"https:\\\/\\\/ctp.eu\\\/\"},{\"@type\":\"ListItem\",\"position\":2,\"name\":\"Long-Term Investment Partnership\"}]},{\"@type\":\"WebSite\",\"@id\":\"https:\\\/\\\/ctp.eu\\\/#website\",\"url\":\"https:\\\/\\\/ctp.eu\\\/\",\"name\":\"Commercial Real Estate Developer And Manager\",\"description\":\"CTP - premium industrial warehouse and office buildings\",\"publisher\":{\"@id\":\"https:\\\/\\\/ctp.eu\\\/#organization\"},\"potentialAction\":[{\"@type\":\"SearchAction\",\"target\":{\"@type\":\"EntryPoint\",\"urlTemplate\":\"https:\\\/\\\/ctp.eu\\\/?s={search_term_string}\"},\"query-input\":{\"@type\":\"PropertyValueSpecification\",\"valueRequired\":true,\"valueName\":\"search_term_string\"}}],\"inLanguage\":\"vi\"},{\"@type\":\"Organization\",\"@id\":\"https:\\\/\\\/ctp.eu\\\/#organization\",\"name\":\"CTP\",\"url\":\"https:\\\/\\\/ctp.eu\\\/\",\"logo\":{\"@type\":\"ImageObject\",\"inLanguage\":\"vi\",\"@id\":\"https:\\\/\\\/ctp.eu\\\/#\\\/schema\\\/logo\\\/image\\\/\",\"url\":\"\",\"contentUrl\":\"\",\"caption\":\"CTP\"},\"image\":{\"@id\":\"https:\\\/\\\/ctp.eu\\\/#\\\/schema\\\/logo\\\/image\\\/\"}}]}<\/script>","yoast_head_json":{"title":"Quan h\u1ec7 \u0111\u1ed1i t\u00e1c \u0111\u1ea7u t\u01b0 d\u00e0i h\u1ea1n - Nh\u00e0 ph\u00e1t tri\u1ec3n v\u00e0 qu\u1ea3n l\u00fd b\u1ea5t \u0111\u1ed9ng s\u1ea3n th\u01b0\u01a1ng m\u1ea1i","robots":{"index":"index","follow":"follow","max-snippet":"max-snippet:-1","max-image-preview":"max-image-preview:large","max-video-preview":"max-video-preview:-1"},"canonical":"https:\/\/ctp.eu\/vi\/investors\/","og_locale":"vi_VN","og_type":"article","og_title":"Long-Term Investment Partnership","og_description":"For Our Investor Partners Welcome to our new investor relations section. CTP is an incredible business and success story which","og_url":"https:\/\/ctp.eu\/vi\/investors\/","og_site_name":"Commercial Real Estate Developer And Manager","article_modified_time":"2026-02-26T15:39:10+00:00","twitter_card":"summary_large_image","twitter_misc":{"\u01af\u1edbc t\u00ednh th\u1eddi gian \u0111\u1ecdc":"1 ph\u00fat"},"schema":{"@context":"https:\/\/schema.org","@graph":[{"@type":"WebPage","@id":"https:\/\/ctp.eu\/investors\/","url":"https:\/\/ctp.eu\/investors\/","name":"Quan h\u1ec7 \u0111\u1ed1i t\u00e1c \u0111\u1ea7u t\u01b0 d\u00e0i h\u1ea1n - Nh\u00e0 ph\u00e1t tri\u1ec3n v\u00e0 qu\u1ea3n l\u00fd b\u1ea5t \u0111\u1ed9ng s\u1ea3n th\u01b0\u01a1ng m\u1ea1i","isPartOf":{"@id":"https:\/\/ctp.eu\/#website"},"datePublished":"2020-09-12T18:21:52+00:00","dateModified":"2026-02-26T15:39:10+00:00","breadcrumb":{"@id":"https:\/\/ctp.eu\/investors\/#breadcrumb"},"inLanguage":"vi","potentialAction":[{"@type":"ReadAction","target":["https:\/\/ctp.eu\/investors\/"]}]},{"@type":"BreadcrumbList","@id":"https:\/\/ctp.eu\/investors\/#breadcrumb","itemListElement":[{"@type":"ListItem","position":1,"name":"Home","item":"https:\/\/ctp.eu\/"},{"@type":"ListItem","position":2,"name":"Long-Term Investment Partnership"}]},{"@type":"WebSite","@id":"https:\/\/ctp.eu\/#website","url":"https:\/\/ctp.eu\/","name":"Nh\u00e0 ph\u00e1t tri\u1ec3n v\u00e0 qu\u1ea3n l\u00fd b\u1ea5t \u0111\u1ed9ng s\u1ea3n th\u01b0\u01a1ng m\u1ea1i","description":"CTP - t\u00f2a nh\u00e0 v\u0103n ph\u00f2ng v\u00e0 kho c\u00f4ng nghi\u1ec7p cao c\u1ea5p","publisher":{"@id":"https:\/\/ctp.eu\/#organization"},"potentialAction":[{"@type":"SearchAction","target":{"@type":"EntryPoint","urlTemplate":"https:\/\/ctp.eu\/?s={search_term_string}"},"query-input":{"@type":"PropertyValueSpecification","valueRequired":true,"valueName":"search_term_string"}}],"inLanguage":"vi"},{"@type":"Organization","@id":"https:\/\/ctp.eu\/#organization","name":"CTP","url":"https:\/\/ctp.eu\/","logo":{"@type":"ImageObject","inLanguage":"vi","@id":"https:\/\/ctp.eu\/#\/schema\/logo\/image\/","url":"","contentUrl":"","caption":"CTP"},"image":{"@id":"https:\/\/ctp.eu\/#\/schema\/logo\/image\/"}}]}},"_links":{"self":[{"href":"https:\/\/ctp.eu\/vi\/wp-json\/wp\/v2\/pages\/9830","targetHints":{"allow":["GET"]}}],"collection":[{"href":"https:\/\/ctp.eu\/vi\/wp-json\/wp\/v2\/pages"}],"about":[{"href":"https:\/\/ctp.eu\/vi\/wp-json\/wp\/v2\/types\/page"}],"author":[{"embeddable":true,"href":"https:\/\/ctp.eu\/vi\/wp-json\/wp\/v2\/users\/67"}],"replies":[{"embeddable":true,"href":"https:\/\/ctp.eu\/vi\/wp-json\/wp\/v2\/comments?post=9830"}],"version-history":[{"count":57,"href":"https:\/\/ctp.eu\/vi\/wp-json\/wp\/v2\/pages\/9830\/revisions"}],"predecessor-version":[{"id":114436,"href":"https:\/\/ctp.eu\/vi\/wp-json\/wp\/v2\/pages\/9830\/revisions\/114436"}],"wp:attachment":[{"href":"https:\/\/ctp.eu\/vi\/wp-json\/wp\/v2\/media?parent=9830"}],"curies":[{"name":"wp","href":"https:\/\/api.w.org\/{rel}","templated":true}]}}