{"id":97653,"date":"2024-10-04T14:09:43","date_gmt":"2024-10-04T12:09:43","guid":{"rendered":"https:\/\/ctp.eu\/?page_id=97653"},"modified":"2026-02-05T16:02:07","modified_gmt":"2026-02-05T15:02:07","slug":"sibiu","status":"publish","type":"page","link":"https:\/\/ctp.eu\/vi\/regions\/sibiu\/","title":{"rendered":"Sibiu"},"content":{"rendered":"","protected":false},"excerpt":{"rendered":"","protected":false},"author":59,"featured_media":0,"parent":9638,"menu_order":2,"comment_status":"closed","ping_status":"closed","template":"region-details.php","meta":{"_acf_changed":false,"footnotes":""},"class_list":["post-97653","page","type-page","status-publish","hentry"],"acf":[],"yoast_head":"<title>Sibiu - Commercial Real Estate Developer And Manager<\/title>\n<meta name=\"description\" content=\"Sibiu is a vibrant region known for its economic growth, cultural importance, and strategic location. Named the European Capital of Culture in 2007, it serves as a key hub in the European road network. Its historical ties with German-speaking countries have attracted significant investment from Germany and Austria.\u00a0\" \/>\n<meta name=\"robots\" content=\"index, follow, max-snippet:-1, max-image-preview:large, max-video-preview:-1\" \/>\n<link rel=\"canonical\" href=\"https:\/\/ctp.eu\/vi\/regions\/sibiu\/\" \/>\n<meta property=\"og:locale\" content=\"vi_VN\" \/>\n<meta property=\"og:type\" content=\"article\" \/>\n<meta property=\"og:title\" content=\"Sibiu\" \/>\n<meta property=\"og:description\" content=\"Sibiu is a vibrant region known for its economic growth, cultural importance, and strategic location. Named the European Capital of Culture in 2007, it serves as a key hub in the European road network. Its historical ties with German-speaking countries have attracted significant investment from Germany and Austria.\u00a0\" \/>\n<meta property=\"og:url\" content=\"https:\/\/ctp.eu\/vi\/regions\/sibiu\/\" \/>\n<meta property=\"og:site_name\" content=\"Commercial Real Estate Developer And Manager\" \/>\n<meta property=\"article:modified_time\" content=\"2026-02-05T15:02:07+00:00\" \/>\n<meta name=\"twitter:card\" content=\"summary_large_image\" \/>\n<script type=\"application\/ld+json\" class=\"yoast-schema-graph\">{\"@context\":\"https:\/\/schema.org\",\"@graph\":[{\"@type\":\"WebPage\",\"@id\":\"https:\/\/ctp.eu\/regions\/sibiu\/\",\"url\":\"https:\/\/ctp.eu\/regions\/sibiu\/\",\"name\":\"Sibiu - Commercial Real Estate Developer And Manager\",\"isPartOf\":{\"@id\":\"https:\/\/ctp.eu\/#website\"},\"datePublished\":\"2024-10-04T12:09:43+00:00\",\"dateModified\":\"2026-02-05T15:02:07+00:00\",\"description\":\"Sibiu is a vibrant region known for its economic growth, cultural importance, and strategic location. Named the European Capital of Culture in 2007, it serves as a key hub in the European road network. Its historical ties with German-speaking countries have attracted significant investment from Germany and Austria.\u00a0\",\"breadcrumb\":{\"@id\":\"https:\/\/ctp.eu\/regions\/sibiu\/#breadcrumb\"},\"inLanguage\":\"vi\",\"potentialAction\":[{\"@type\":\"ReadAction\",\"target\":[\"https:\/\/ctp.eu\/regions\/sibiu\/\"]}]},{\"@type\":\"BreadcrumbList\",\"@id\":\"https:\/\/ctp.eu\/regions\/sibiu\/#breadcrumb\",\"itemListElement\":[{\"@type\":\"ListItem\",\"position\":1,\"name\":\"Home\",\"item\":\"https:\/\/ctp.eu\/\"},{\"@type\":\"ListItem\",\"position\":2,\"name\":\"Hot Regions\",\"item\":\"https:\/\/ctp.eu\/regions\/\"},{\"@type\":\"ListItem\",\"position\":3,\"name\":\"Sibiu\"}]},{\"@type\":\"WebSite\",\"@id\":\"https:\/\/ctp.eu\/#website\",\"url\":\"https:\/\/ctp.eu\/\",\"name\":\"Commercial Real Estate Developer And Manager\",\"description\":\"CTP - premium industrial warehouse and office buildings\",\"publisher\":{\"@id\":\"https:\/\/ctp.eu\/#organization\"},\"potentialAction\":[{\"@type\":\"SearchAction\",\"target\":{\"@type\":\"EntryPoint\",\"urlTemplate\":\"https:\/\/ctp.eu\/?s={search_term_string}\"},\"query-input\":{\"@type\":\"PropertyValueSpecification\",\"valueRequired\":true,\"valueName\":\"search_term_string\"}}],\"inLanguage\":\"vi\"},{\"@type\":\"Organization\",\"@id\":\"https:\/\/ctp.eu\/#organization\",\"name\":\"CTP\",\"url\":\"https:\/\/ctp.eu\/\",\"logo\":{\"@type\":\"ImageObject\",\"inLanguage\":\"vi\",\"@id\":\"https:\/\/ctp.eu\/#\/schema\/logo\/image\/\",\"url\":\"\",\"contentUrl\":\"\",\"caption\":\"CTP\"},\"image\":{\"@id\":\"https:\/\/ctp.eu\/#\/schema\/logo\/image\/\"}}]}<\/script>","yoast_head_json":{"title":"Sibiu - Nh\u00e0 ph\u00e1t tri\u1ec3n v\u00e0 qu\u1ea3n l\u00fd b\u1ea5t \u0111\u1ed9ng s\u1ea3n th\u01b0\u01a1ng m\u1ea1i","description":"Sibiu l\u00e0 m\u1ed9t khu v\u1ef1c s\u00f4i \u0111\u1ed9ng n\u1ed5i ti\u1ebfng v\u1edbi s\u1ef1 t\u0103ng tr\u01b0\u1edfng kinh t\u1ebf, t\u1ea7m quan tr\u1ecdng v\u1ec1 v\u0103n h\u00f3a v\u00e0 v\u1ecb tr\u00ed chi\u1ebfn l\u01b0\u1ee3c. \u0110\u01b0\u1ee3c m\u1ec7nh danh l\u00e0 Th\u1ee7 \u0111\u00f4 v\u0103n h\u00f3a ch\u00e2u \u00c2u v\u00e0o n\u0103m 2007, n\u01a1i \u0111\u00e2y \u0111\u00f3ng vai tr\u00f2 l\u00e0 trung t\u00e2m ch\u00ednh trong m\u1ea1ng l\u01b0\u1edbi \u0111\u01b0\u1eddng b\u1ed9 ch\u00e2u \u00c2u. M\u1ed1i quan h\u1ec7 l\u1ecbch s\u1eed c\u1ee7a th\u00e0nh ph\u1ed1 v\u1edbi c\u00e1c qu\u1ed1c gia n\u00f3i ti\u1ebfng \u0110\u1ee9c \u0111\u00e3 thu h\u00fat \u0111\u01b0\u1ee3c ngu\u1ed3n \u0111\u1ea7u t\u01b0 \u0111\u00e1ng k\u1ec3 t\u1eeb \u0110\u1ee9c v\u00e0 \u00c1o.\u00a0","robots":{"index":"index","follow":"follow","max-snippet":"max-snippet:-1","max-image-preview":"max-image-preview:large","max-video-preview":"max-video-preview:-1"},"canonical":"https:\/\/ctp.eu\/vi\/regions\/sibiu\/","og_locale":"vi_VN","og_type":"article","og_title":"Sibiu","og_description":"Sibiu is a vibrant region known for its economic growth, cultural importance, and strategic location. Named the European Capital of Culture in 2007, it serves as a key hub in the European road network. Its historical ties with German-speaking countries have attracted significant investment from Germany and Austria.\u00a0","og_url":"https:\/\/ctp.eu\/vi\/regions\/sibiu\/","og_site_name":"Commercial Real Estate Developer And Manager","article_modified_time":"2026-02-05T15:02:07+00:00","twitter_card":"summary_large_image","schema":{"@context":"https:\/\/schema.org","@graph":[{"@type":"WebPage","@id":"https:\/\/ctp.eu\/regions\/sibiu\/","url":"https:\/\/ctp.eu\/regions\/sibiu\/","name":"Sibiu - Nh\u00e0 ph\u00e1t tri\u1ec3n v\u00e0 qu\u1ea3n l\u00fd b\u1ea5t \u0111\u1ed9ng s\u1ea3n th\u01b0\u01a1ng m\u1ea1i","isPartOf":{"@id":"https:\/\/ctp.eu\/#website"},"datePublished":"2024-10-04T12:09:43+00:00","dateModified":"2026-02-05T15:02:07+00:00","description":"Sibiu l\u00e0 m\u1ed9t khu v\u1ef1c s\u00f4i \u0111\u1ed9ng n\u1ed5i ti\u1ebfng v\u1edbi s\u1ef1 t\u0103ng tr\u01b0\u1edfng kinh t\u1ebf, t\u1ea7m quan tr\u1ecdng v\u1ec1 v\u0103n h\u00f3a v\u00e0 v\u1ecb tr\u00ed chi\u1ebfn l\u01b0\u1ee3c. \u0110\u01b0\u1ee3c m\u1ec7nh danh l\u00e0 Th\u1ee7 \u0111\u00f4 v\u0103n h\u00f3a ch\u00e2u \u00c2u v\u00e0o n\u0103m 2007, n\u01a1i \u0111\u00e2y \u0111\u00f3ng vai tr\u00f2 l\u00e0 trung t\u00e2m ch\u00ednh trong m\u1ea1ng l\u01b0\u1edbi \u0111\u01b0\u1eddng b\u1ed9 ch\u00e2u \u00c2u. M\u1ed1i quan h\u1ec7 l\u1ecbch s\u1eed c\u1ee7a th\u00e0nh ph\u1ed1 v\u1edbi c\u00e1c qu\u1ed1c gia n\u00f3i ti\u1ebfng \u0110\u1ee9c \u0111\u00e3 thu h\u00fat \u0111\u01b0\u1ee3c ngu\u1ed3n \u0111\u1ea7u t\u01b0 \u0111\u00e1ng k\u1ec3 t\u1eeb \u0110\u1ee9c v\u00e0 \u00c1o.\u00a0","breadcrumb":{"@id":"https:\/\/ctp.eu\/regions\/sibiu\/#breadcrumb"},"inLanguage":"vi","potentialAction":[{"@type":"ReadAction","target":["https:\/\/ctp.eu\/regions\/sibiu\/"]}]},{"@type":"BreadcrumbList","@id":"https:\/\/ctp.eu\/regions\/sibiu\/#breadcrumb","itemListElement":[{"@type":"ListItem","position":1,"name":"Home","item":"https:\/\/ctp.eu\/"},{"@type":"ListItem","position":2,"name":"Hot Regions","item":"https:\/\/ctp.eu\/regions\/"},{"@type":"ListItem","position":3,"name":"Sibiu"}]},{"@type":"WebSite","@id":"https:\/\/ctp.eu\/#website","url":"https:\/\/ctp.eu\/","name":"Nh\u00e0 ph\u00e1t tri\u1ec3n v\u00e0 qu\u1ea3n l\u00fd b\u1ea5t \u0111\u1ed9ng s\u1ea3n th\u01b0\u01a1ng m\u1ea1i","description":"CTP - t\u00f2a nh\u00e0 v\u0103n ph\u00f2ng v\u00e0 kho c\u00f4ng nghi\u1ec7p cao c\u1ea5p","publisher":{"@id":"https:\/\/ctp.eu\/#organization"},"potentialAction":[{"@type":"SearchAction","target":{"@type":"EntryPoint","urlTemplate":"https:\/\/ctp.eu\/?s={search_term_string}"},"query-input":{"@type":"PropertyValueSpecification","valueRequired":true,"valueName":"search_term_string"}}],"inLanguage":"vi"},{"@type":"Organization","@id":"https:\/\/ctp.eu\/#organization","name":"CTP","url":"https:\/\/ctp.eu\/","logo":{"@type":"ImageObject","inLanguage":"vi","@id":"https:\/\/ctp.eu\/#\/schema\/logo\/image\/","url":"","contentUrl":"","caption":"CTP"},"image":{"@id":"https:\/\/ctp.eu\/#\/schema\/logo\/image\/"}}]}},"_links":{"self":[{"href":"https:\/\/ctp.eu\/vi\/wp-json\/wp\/v2\/pages\/97653","targetHints":{"allow":["GET"]}}],"collection":[{"href":"https:\/\/ctp.eu\/vi\/wp-json\/wp\/v2\/pages"}],"about":[{"href":"https:\/\/ctp.eu\/vi\/wp-json\/wp\/v2\/types\/page"}],"author":[{"embeddable":true,"href":"https:\/\/ctp.eu\/vi\/wp-json\/wp\/v2\/users\/59"}],"replies":[{"embeddable":true,"href":"https:\/\/ctp.eu\/vi\/wp-json\/wp\/v2\/comments?post=97653"}],"version-history":[{"count":9,"href":"https:\/\/ctp.eu\/vi\/wp-json\/wp\/v2\/pages\/97653\/revisions"}],"predecessor-version":[{"id":114062,"href":"https:\/\/ctp.eu\/vi\/wp-json\/wp\/v2\/pages\/97653\/revisions\/114062"}],"up":[{"embeddable":true,"href":"https:\/\/ctp.eu\/vi\/wp-json\/wp\/v2\/pages\/9638"}],"wp:attachment":[{"href":"https:\/\/ctp.eu\/vi\/wp-json\/wp\/v2\/media?parent=97653"}],"curies":[{"name":"wp","href":"https:\/\/api.w.org\/{rel}","templated":true}]}}