{"id":78231,"date":"2023-06-09T20:11:03","date_gmt":"2023-06-09T18:11:03","guid":{"rendered":"https:\/\/ctp.eu\/?page_id=78231"},"modified":"2023-10-12T16:47:10","modified_gmt":"2023-10-12T14:47:10","slug":"our-product","status":"publish","type":"page","link":"https:\/\/ctp.eu\/vi\/our-product\/","title":{"rendered":"S\u1ea3n ph\u1ea9m c\u1ee7a ch\u00fang t\u00f4i"},"content":{"rendered":"<h2 class=\"ctp-red weight-normal\" style=\"line-height: 1.2;\">[prisna-wp-translate-show-hide behavior=&#8221;hide&#8221; except=&#8221;&#8221;][\/prisna-wp-translate-show-hide]CTP Portfolio Highlights FY 2022<\/h2>\n<p>CTP\u2019s industrial portfolio is centered on its core business\u2014<a href=\"https:\/\/ctp.algorim.dev\/industrial-warehouse-office-finder\/\"><strong>the CTPark Network<\/strong><\/a>\u2014the largest integrated network of premium business parks in continental Europe. With over 100 locations and a strategic land bank, the CTPark Network enables our clients to cover the whole region with room to grow. To meet the requirements of major industries, CTP has developed <strong>five building types<\/strong> ranging in size and functionality to support a broad spectrum of business activities, including high-tech manufacturing, supply-chain and distribution centres, advanced R&amp;D and back-office operations.<\/p>\n","protected":false},"excerpt":{"rendered":"<p>[prisna-wp-translate-show-hide behavior=&#8221;hide&#8221; except=&#8221;&#8221;][\/prisna-wp-translate-show-hide]CTP Portfolio Highlights FY 2022 CTP\u2019s industrial portfolio is centered on its core business\u2014the CTPark Network\u2014the largest integrated<\/p>\n","protected":false},"author":67,"featured_media":0,"parent":0,"menu_order":0,"comment_status":"closed","ping_status":"closed","template":"templates\/our-product.php","meta":{"_acf_changed":false,"footnotes":""},"class_list":["post-78231","page","type-page","status-publish","hentry"],"acf":[],"yoast_head":"<title>Our Product - Commercial Real Estate Developer And Manager<\/title>\n<meta name=\"robots\" content=\"index, follow, max-snippet:-1, max-image-preview:large, max-video-preview:-1\" \/>\n<link rel=\"canonical\" href=\"https:\/\/ctp.eu\/vi\/our-product\/\" \/>\n<meta property=\"og:locale\" content=\"vi_VN\" \/>\n<meta property=\"og:type\" content=\"article\" \/>\n<meta property=\"og:title\" content=\"Our Product\" \/>\n<meta property=\"og:description\" content=\"[prisna-wp-translate-show-hide behavior=&#8221;hide&#8221; except=&#8221;&#8221;][\/prisna-wp-translate-show-hide]CTP Portfolio Highlights FY 2022 CTP\u2019s industrial portfolio is centered on its core business\u2014the CTPark Network\u2014the largest integrated\" \/>\n<meta property=\"og:url\" content=\"https:\/\/ctp.eu\/vi\/our-product\/\" \/>\n<meta property=\"og:site_name\" content=\"Commercial Real Estate Developer And Manager\" \/>\n<meta property=\"article:modified_time\" content=\"2023-10-12T14:47:10+00:00\" \/>\n<meta name=\"twitter:card\" content=\"summary_large_image\" \/>\n<meta name=\"twitter:label1\" content=\"\u01af\u1edbc t\u00ednh th\u1eddi gian \u0111\u1ecdc\" \/>\n\t<meta name=\"twitter:data1\" content=\"1 ph\u00fat\" \/>\n<script type=\"application\/ld+json\" class=\"yoast-schema-graph\">{\"@context\":\"https:\/\/schema.org\",\"@graph\":[{\"@type\":\"WebPage\",\"@id\":\"https:\/\/ctp.eu\/our-product\/\",\"url\":\"https:\/\/ctp.eu\/our-product\/\",\"name\":\"Our Product - Commercial Real Estate Developer And Manager\",\"isPartOf\":{\"@id\":\"https:\/\/ctp.eu\/#website\"},\"datePublished\":\"2023-06-09T18:11:03+00:00\",\"dateModified\":\"2023-10-12T14:47:10+00:00\",\"breadcrumb\":{\"@id\":\"https:\/\/ctp.eu\/our-product\/#breadcrumb\"},\"inLanguage\":\"vi\",\"potentialAction\":[{\"@type\":\"ReadAction\",\"target\":[\"https:\/\/ctp.eu\/our-product\/\"]}]},{\"@type\":\"BreadcrumbList\",\"@id\":\"https:\/\/ctp.eu\/our-product\/#breadcrumb\",\"itemListElement\":[{\"@type\":\"ListItem\",\"position\":1,\"name\":\"Home\",\"item\":\"https:\/\/ctp.eu\/\"},{\"@type\":\"ListItem\",\"position\":2,\"name\":\"Our Product\"}]},{\"@type\":\"WebSite\",\"@id\":\"https:\/\/ctp.eu\/#website\",\"url\":\"https:\/\/ctp.eu\/\",\"name\":\"Commercial Real Estate Developer And Manager\",\"description\":\"CTP - premium industrial warehouse and office buildings\",\"publisher\":{\"@id\":\"https:\/\/ctp.eu\/#organization\"},\"potentialAction\":[{\"@type\":\"SearchAction\",\"target\":{\"@type\":\"EntryPoint\",\"urlTemplate\":\"https:\/\/ctp.eu\/?s={search_term_string}\"},\"query-input\":{\"@type\":\"PropertyValueSpecification\",\"valueRequired\":true,\"valueName\":\"search_term_string\"}}],\"inLanguage\":\"vi\"},{\"@type\":\"Organization\",\"@id\":\"https:\/\/ctp.eu\/#organization\",\"name\":\"CTP\",\"url\":\"https:\/\/ctp.eu\/\",\"logo\":{\"@type\":\"ImageObject\",\"inLanguage\":\"vi\",\"@id\":\"https:\/\/ctp.eu\/#\/schema\/logo\/image\/\",\"url\":\"\",\"contentUrl\":\"\",\"caption\":\"CTP\"},\"image\":{\"@id\":\"https:\/\/ctp.eu\/#\/schema\/logo\/image\/\"}}]}<\/script>","yoast_head_json":{"title":"S\u1ea3n ph\u1ea9m c\u1ee7a ch\u00fang t\u00f4i - Nh\u00e0 ph\u00e1t tri\u1ec3n v\u00e0 qu\u1ea3n l\u00fd b\u1ea5t \u0111\u1ed9ng s\u1ea3n th\u01b0\u01a1ng m\u1ea1i","robots":{"index":"index","follow":"follow","max-snippet":"max-snippet:-1","max-image-preview":"max-image-preview:large","max-video-preview":"max-video-preview:-1"},"canonical":"https:\/\/ctp.eu\/vi\/our-product\/","og_locale":"vi_VN","og_type":"article","og_title":"Our Product","og_description":"[prisna-wp-translate-show-hide behavior=&#8221;hide&#8221; except=&#8221;&#8221;][\/prisna-wp-translate-show-hide]CTP Portfolio Highlights FY 2022 CTP\u2019s industrial portfolio is centered on its core business\u2014the CTPark Network\u2014the largest integrated","og_url":"https:\/\/ctp.eu\/vi\/our-product\/","og_site_name":"Commercial Real Estate Developer And Manager","article_modified_time":"2023-10-12T14:47:10+00:00","twitter_card":"summary_large_image","twitter_misc":{"\u01af\u1edbc t\u00ednh th\u1eddi gian \u0111\u1ecdc":"1 ph\u00fat"},"schema":{"@context":"https:\/\/schema.org","@graph":[{"@type":"WebPage","@id":"https:\/\/ctp.eu\/our-product\/","url":"https:\/\/ctp.eu\/our-product\/","name":"S\u1ea3n ph\u1ea9m c\u1ee7a ch\u00fang t\u00f4i - Nh\u00e0 ph\u00e1t tri\u1ec3n v\u00e0 qu\u1ea3n l\u00fd b\u1ea5t \u0111\u1ed9ng s\u1ea3n th\u01b0\u01a1ng m\u1ea1i","isPartOf":{"@id":"https:\/\/ctp.eu\/#website"},"datePublished":"2023-06-09T18:11:03+00:00","dateModified":"2023-10-12T14:47:10+00:00","breadcrumb":{"@id":"https:\/\/ctp.eu\/our-product\/#breadcrumb"},"inLanguage":"vi","potentialAction":[{"@type":"ReadAction","target":["https:\/\/ctp.eu\/our-product\/"]}]},{"@type":"BreadcrumbList","@id":"https:\/\/ctp.eu\/our-product\/#breadcrumb","itemListElement":[{"@type":"ListItem","position":1,"name":"Home","item":"https:\/\/ctp.eu\/"},{"@type":"ListItem","position":2,"name":"Our Product"}]},{"@type":"WebSite","@id":"https:\/\/ctp.eu\/#website","url":"https:\/\/ctp.eu\/","name":"Nh\u00e0 ph\u00e1t tri\u1ec3n v\u00e0 qu\u1ea3n l\u00fd b\u1ea5t \u0111\u1ed9ng s\u1ea3n th\u01b0\u01a1ng m\u1ea1i","description":"CTP - t\u00f2a nh\u00e0 v\u0103n ph\u00f2ng v\u00e0 kho c\u00f4ng nghi\u1ec7p cao c\u1ea5p","publisher":{"@id":"https:\/\/ctp.eu\/#organization"},"potentialAction":[{"@type":"SearchAction","target":{"@type":"EntryPoint","urlTemplate":"https:\/\/ctp.eu\/?s={search_term_string}"},"query-input":{"@type":"PropertyValueSpecification","valueRequired":true,"valueName":"search_term_string"}}],"inLanguage":"vi"},{"@type":"Organization","@id":"https:\/\/ctp.eu\/#organization","name":"CTP","url":"https:\/\/ctp.eu\/","logo":{"@type":"ImageObject","inLanguage":"vi","@id":"https:\/\/ctp.eu\/#\/schema\/logo\/image\/","url":"","contentUrl":"","caption":"CTP"},"image":{"@id":"https:\/\/ctp.eu\/#\/schema\/logo\/image\/"}}]}},"_links":{"self":[{"href":"https:\/\/ctp.eu\/vi\/wp-json\/wp\/v2\/pages\/78231","targetHints":{"allow":["GET"]}}],"collection":[{"href":"https:\/\/ctp.eu\/vi\/wp-json\/wp\/v2\/pages"}],"about":[{"href":"https:\/\/ctp.eu\/vi\/wp-json\/wp\/v2\/types\/page"}],"author":[{"embeddable":true,"href":"https:\/\/ctp.eu\/vi\/wp-json\/wp\/v2\/users\/67"}],"replies":[{"embeddable":true,"href":"https:\/\/ctp.eu\/vi\/wp-json\/wp\/v2\/comments?post=78231"}],"version-history":[{"count":27,"href":"https:\/\/ctp.eu\/vi\/wp-json\/wp\/v2\/pages\/78231\/revisions"}],"predecessor-version":[{"id":111917,"href":"https:\/\/ctp.eu\/vi\/wp-json\/wp\/v2\/pages\/78231\/revisions\/111917"}],"wp:attachment":[{"href":"https:\/\/ctp.eu\/vi\/wp-json\/wp\/v2\/media?parent=78231"}],"curies":[{"name":"wp","href":"https:\/\/api.w.org\/{rel}","templated":true}]}}