{"id":73491,"date":"2023-03-16T18:24:58","date_gmt":"2023-03-16T16:24:58","guid":{"rendered":"https:\/\/www.ctp.eu\/?page_id=73491"},"modified":"2026-04-14T14:13:32","modified_gmt":"2026-04-14T12:13:32","slug":"how-to-report-a-concern","status":"publish","type":"page","link":"https:\/\/ctp.eu\/vi\/ctp-policies\/how-to-report-a-concern\/","title":{"rendered":"C\u00e1ch b\u00e1o c\u00e1o m\u1ed1i quan t\u00e2m"},"content":{"rendered":"<div class=\"policy\">\n<p>CTP lu\u00f4n n\u1ed7 l\u1ef1c ti\u1ebfn h\u00e0nh kinh doanh m\u1ed9t c\u00e1ch c\u00f3 \u0111\u1ea1o \u0111\u1ee9c v\u00e0 tu\u00e2n th\u1ee7 c\u00e1c quy \u0111\u1ecbnh c\u00f3 li\u00ean quan.<\/p>\n<p>L\u00e0 m\u1ed9t ph\u1ea7n c\u1ee7a n\u1ed7 l\u1ef1c, CTP duy tr\u00ec m\u1ed9t k\u00eanh t\u1ed1 gi\u00e1c \u1ea9n danh b\u00ed m\u1eadt. K\u00eanh n\u00e0y cho ph\u00e9p c\u00e1c gi\u00e1m \u0111\u1ed1c \u0111i\u1ec1u h\u00e0nh CTP, Nh\u00e2n vi\u00ean CTP v\u00e0 c\u00e1c b\u00ean th\u1ee9 ba n\u00eau khi\u1ebfu n\u1ea1i ho\u1eb7c lo ng\u1ea1i v\u1ec1 vi\u1ec7c kh\u00f4ng tu\u00e2n th\u1ee7 <a href=\"https:\/\/ctp.eu\/vi\/investors\/governance\/\">Quy t\u1eafc \u1ee9ng x\u1eed c\u1ee7a nh\u00f3m<\/a>, c\u00e1c ch\u00ednh s\u00e1ch v\u00e0 ti\u00eau chu\u1ea9n \u0111\u1ea1o \u0111\u1ee9c t\u01b0\u01a1ng \u1ee9ng, \u0111\u1ec3 b\u00e1o c\u00e1o h\u00e0nh vi gian l\u1eadn ho\u1eb7c t\u00ecm ki\u1ebfm l\u1eddi khuy\u00ean v\u1ec1 c\u00e1c v\u1ea5n \u0111\u1ec1 tu\u00e2n th\u1ee7.<\/p>\n<p>K\u00eanh t\u1ed1 gi\u00e1c l\u00e0 \u1ea9n danh. Tuy nhi\u00ean, vi\u1ec7c cung c\u1ea5p t\u00ean v\u00e0 th\u00f4ng tin li\u00ean l\u1ea1c c\u1ee7a b\u1ea1n s\u1ebd gi\u00fap c\u00f3 th\u00eam th\u00f4ng tin chi ti\u1ebft, n\u1ebfu c\u1ea7n, v\u00e0 c\u1ea3i thi\u1ec7n cu\u1ed9c \u0111i\u1ec1u tra. CTP cam k\u1ebft b\u1ea3o v\u1ec7 nh\u1eefng ng\u01b0\u1eddi t\u1ed1 gi\u00e1c g\u1eedi ti\u1ebft l\u1ed9 m\u1ed9t c\u00e1ch thi\u1ec7n ch\u00ed ch\u1ed1ng l\u1ea1i s\u1ef1 tr\u1ea3 th\u00f9. T\u1ea5t c\u1ea3 nh\u1eefng ng\u01b0\u1eddi t\u1ed1 gi\u00e1c s\u1ebd \u0111\u01b0\u1ee3c \u0111\u1ed1i x\u1eed v\u1edbi s\u1ef1 t\u00f4n tr\u1ecdng, ph\u1ea9m gi\u00e1 v\u00e0 b\u1ea3o m\u1eadt.<\/p>\n<p>M\u1ecdi m\u1ed1i quan t\u00e2m \u0111\u01b0\u1ee3c chuy\u1ec3n qua k\u00eanh n\u00e0y s\u1ebd \u0111\u01b0\u1ee3c x\u1eed l\u00fd c\u00f4ng b\u1eb1ng, \u0111\u00fang \u0111\u1eafn v\u00e0 kh\u00f4ng ch\u1eadm tr\u1ec5 qu\u00e1 m\u1ee9c. B\u1ea1n c\u00f3 th\u1ec3 t\u00ecm th\u00eam th\u00f4ng tin trong <a href=\"https:\/\/ctp.eu\/vi\/ctp-policies\/group-whistleblower-policy\/\">Ch\u00ednh s\u00e1ch t\u1ed1 gi\u00e1c nh\u00f3m<\/a>.<\/p>\n<p>Khi\u1ebfu n\u1ea1i (c\u0169ng li\u00ean quan \u0111\u1ebfn c\u00e1c v\u1ea5n \u0111\u1ec1 ESG) c\u00f3 th\u1ec3 \u0111\u01b0\u1ee3c g\u1eedi \u0111\u1ebfn <a href=\"mailto:compliance@ctp.eu\">compliance@ctp.eu<\/a>.<\/p>\n<p>B\u1ea5t k\u1ef3 h\u00e0nh vi s\u1eed d\u1ee5ng sai h\u1ec7 th\u1ed1ng t\u1ed1 gi\u00e1c n\u00e0o c\u0169ng s\u1ebd b\u1ecb x\u1eed ph\u1ea1t theo lu\u1eadt ph\u00e1p c\u00f3 li\u00ean quan. Vi\u1ec7c b\u1ea3o v\u1ec7 ch\u1ed1ng l\u1ea1i c\u00e1c bi\u1ec7n ph\u00e1p tr\u1ea3 \u0111\u0169a kh\u00f4ng \u00e1p d\u1ee5ng cho nh\u1eefng c\u00e1 nh\u00e2n b\u00e1o c\u00e1o m\u00e0 kh\u00f4ng c\u00f3 l\u00fd do ch\u00ednh \u0111\u00e1ng \u0111\u1ec3 tin r\u1eb1ng b\u00e1o c\u00e1o \u0111\u00f3 d\u1ef1a tr\u00ean th\u00f4ng tin trung th\u1ef1c (\u0111\u01b0\u1ee3c g\u1ecdi l\u00e0 &quot;b\u00e1o c\u00e1o sai s\u1ef1 th\u1eadt c\u00f3 ch\u1ee7 \u00fd&quot;).<\/p>\n<h2><\/h2>\n<p>&nbsp;<\/p>\n<\/div>","protected":false},"excerpt":{"rendered":"<p>CTP ph\u1ea5n \u0111\u1ea5u th\u1ef1c hi\u1ec7n kinh doanh m\u1ed9t c\u00e1ch c\u00f3 \u0111\u1ea1o \u0111\u1ee9c v\u00e0 tu\u00e2n th\u1ee7 c\u00e1c quy \u0111\u1ecbnh c\u00f3 li\u00ean quan. L\u00e0 m\u1ed9t ph\u1ea7n c\u1ee7a n\u1ed7 l\u1ef1c, CTP duy tr\u00ec<\/p>","protected":false},"author":22,"featured_media":0,"parent":6125,"menu_order":0,"comment_status":"closed","ping_status":"closed","template":"single-policy.php","meta":{"_acf_changed":false,"footnotes":""},"class_list":["post-73491","page","type-page","status-publish","hentry"],"acf":[],"yoast_head":"<title>How to Report a Concern - Commercial Real Estate Developer And Manager<\/title>\n<meta name=\"robots\" content=\"index, follow, max-snippet:-1, max-image-preview:large, max-video-preview:-1\" \/>\n<link rel=\"canonical\" href=\"https:\/\/ctp.eu\/vi\/ctp-policies\/how-to-report-a-concern\/\" \/>\n<meta property=\"og:locale\" content=\"vi_VN\" \/>\n<meta property=\"og:type\" content=\"article\" \/>\n<meta property=\"og:title\" content=\"How to Report a Concern\" \/>\n<meta property=\"og:description\" content=\"CTP strives to conduct its business ethically and in compliance with relevant regulations. As part of the effort CTP maintains\" \/>\n<meta property=\"og:url\" content=\"https:\/\/ctp.eu\/vi\/ctp-policies\/how-to-report-a-concern\/\" \/>\n<meta property=\"og:site_name\" content=\"Commercial Real Estate Developer And Manager\" \/>\n<meta property=\"article:modified_time\" content=\"2026-04-14T12:13:32+00:00\" \/>\n<meta name=\"twitter:card\" content=\"summary_large_image\" \/>\n<meta name=\"twitter:label1\" content=\"\u01af\u1edbc t\u00ednh th\u1eddi gian \u0111\u1ecdc\" \/>\n\t<meta name=\"twitter:data1\" content=\"1 ph\u00fat\" \/>\n<script type=\"application\/ld+json\" class=\"yoast-schema-graph\">{\"@context\":\"https:\\\/\\\/schema.org\",\"@graph\":[{\"@type\":\"WebPage\",\"@id\":\"https:\\\/\\\/ctp.eu\\\/ctp-policies\\\/how-to-report-a-concern\\\/\",\"url\":\"https:\\\/\\\/ctp.eu\\\/ctp-policies\\\/how-to-report-a-concern\\\/\",\"name\":\"How to Report a Concern - Commercial Real Estate Developer And Manager\",\"isPartOf\":{\"@id\":\"https:\\\/\\\/ctp.eu\\\/#website\"},\"datePublished\":\"2023-03-16T16:24:58+00:00\",\"dateModified\":\"2026-04-14T12:13:32+00:00\",\"breadcrumb\":{\"@id\":\"https:\\\/\\\/ctp.eu\\\/ctp-policies\\\/how-to-report-a-concern\\\/#breadcrumb\"},\"inLanguage\":\"vi\",\"potentialAction\":[{\"@type\":\"ReadAction\",\"target\":[\"https:\\\/\\\/ctp.eu\\\/ctp-policies\\\/how-to-report-a-concern\\\/\"]}]},{\"@type\":\"BreadcrumbList\",\"@id\":\"https:\\\/\\\/ctp.eu\\\/ctp-policies\\\/how-to-report-a-concern\\\/#breadcrumb\",\"itemListElement\":[{\"@type\":\"ListItem\",\"position\":1,\"name\":\"Home\",\"item\":\"https:\\\/\\\/ctp.eu\\\/\"},{\"@type\":\"ListItem\",\"position\":2,\"name\":\"CTP Policies\",\"item\":\"https:\\\/\\\/ctp.eu\\\/ctp-policies\\\/\"},{\"@type\":\"ListItem\",\"position\":3,\"name\":\"How to Report a Concern\"}]},{\"@type\":\"WebSite\",\"@id\":\"https:\\\/\\\/ctp.eu\\\/#website\",\"url\":\"https:\\\/\\\/ctp.eu\\\/\",\"name\":\"Commercial Real Estate Developer And Manager\",\"description\":\"CTP - premium industrial warehouse and office buildings\",\"publisher\":{\"@id\":\"https:\\\/\\\/ctp.eu\\\/#organization\"},\"potentialAction\":[{\"@type\":\"SearchAction\",\"target\":{\"@type\":\"EntryPoint\",\"urlTemplate\":\"https:\\\/\\\/ctp.eu\\\/?s={search_term_string}\"},\"query-input\":{\"@type\":\"PropertyValueSpecification\",\"valueRequired\":true,\"valueName\":\"search_term_string\"}}],\"inLanguage\":\"vi\"},{\"@type\":\"Organization\",\"@id\":\"https:\\\/\\\/ctp.eu\\\/#organization\",\"name\":\"CTP\",\"url\":\"https:\\\/\\\/ctp.eu\\\/\",\"logo\":{\"@type\":\"ImageObject\",\"inLanguage\":\"vi\",\"@id\":\"https:\\\/\\\/ctp.eu\\\/#\\\/schema\\\/logo\\\/image\\\/\",\"url\":\"\",\"contentUrl\":\"\",\"caption\":\"CTP\"},\"image\":{\"@id\":\"https:\\\/\\\/ctp.eu\\\/#\\\/schema\\\/logo\\\/image\\\/\"}}]}<\/script>","yoast_head_json":{"title":"C\u00e1ch b\u00e1o c\u00e1o m\u1ed1i quan t\u00e2m - Nh\u00e0 ph\u00e1t tri\u1ec3n v\u00e0 qu\u1ea3n l\u00fd b\u1ea5t \u0111\u1ed9ng s\u1ea3n th\u01b0\u01a1ng m\u1ea1i","robots":{"index":"index","follow":"follow","max-snippet":"max-snippet:-1","max-image-preview":"max-image-preview:large","max-video-preview":"max-video-preview:-1"},"canonical":"https:\/\/ctp.eu\/vi\/ctp-policies\/how-to-report-a-concern\/","og_locale":"vi_VN","og_type":"article","og_title":"How to Report a Concern","og_description":"CTP strives to conduct its business ethically and in compliance with relevant regulations. As part of the effort CTP maintains","og_url":"https:\/\/ctp.eu\/vi\/ctp-policies\/how-to-report-a-concern\/","og_site_name":"Commercial Real Estate Developer And Manager","article_modified_time":"2026-04-14T12:13:32+00:00","twitter_card":"summary_large_image","twitter_misc":{"\u01af\u1edbc t\u00ednh th\u1eddi gian \u0111\u1ecdc":"1 ph\u00fat"},"schema":{"@context":"https:\/\/schema.org","@graph":[{"@type":"WebPage","@id":"https:\/\/ctp.eu\/ctp-policies\/how-to-report-a-concern\/","url":"https:\/\/ctp.eu\/ctp-policies\/how-to-report-a-concern\/","name":"C\u00e1ch b\u00e1o c\u00e1o m\u1ed1i quan t\u00e2m - Nh\u00e0 ph\u00e1t tri\u1ec3n v\u00e0 qu\u1ea3n l\u00fd b\u1ea5t \u0111\u1ed9ng s\u1ea3n th\u01b0\u01a1ng m\u1ea1i","isPartOf":{"@id":"https:\/\/ctp.eu\/#website"},"datePublished":"2023-03-16T16:24:58+00:00","dateModified":"2026-04-14T12:13:32+00:00","breadcrumb":{"@id":"https:\/\/ctp.eu\/ctp-policies\/how-to-report-a-concern\/#breadcrumb"},"inLanguage":"vi","potentialAction":[{"@type":"ReadAction","target":["https:\/\/ctp.eu\/ctp-policies\/how-to-report-a-concern\/"]}]},{"@type":"BreadcrumbList","@id":"https:\/\/ctp.eu\/ctp-policies\/how-to-report-a-concern\/#breadcrumb","itemListElement":[{"@type":"ListItem","position":1,"name":"Home","item":"https:\/\/ctp.eu\/"},{"@type":"ListItem","position":2,"name":"CTP Policies","item":"https:\/\/ctp.eu\/ctp-policies\/"},{"@type":"ListItem","position":3,"name":"How to Report a Concern"}]},{"@type":"WebSite","@id":"https:\/\/ctp.eu\/#website","url":"https:\/\/ctp.eu\/","name":"Nh\u00e0 ph\u00e1t tri\u1ec3n v\u00e0 qu\u1ea3n l\u00fd b\u1ea5t \u0111\u1ed9ng s\u1ea3n th\u01b0\u01a1ng m\u1ea1i","description":"CTP - t\u00f2a nh\u00e0 v\u0103n ph\u00f2ng v\u00e0 kho c\u00f4ng nghi\u1ec7p cao c\u1ea5p","publisher":{"@id":"https:\/\/ctp.eu\/#organization"},"potentialAction":[{"@type":"SearchAction","target":{"@type":"EntryPoint","urlTemplate":"https:\/\/ctp.eu\/?s={search_term_string}"},"query-input":{"@type":"PropertyValueSpecification","valueRequired":true,"valueName":"search_term_string"}}],"inLanguage":"vi"},{"@type":"Organization","@id":"https:\/\/ctp.eu\/#organization","name":"CTP","url":"https:\/\/ctp.eu\/","logo":{"@type":"ImageObject","inLanguage":"vi","@id":"https:\/\/ctp.eu\/#\/schema\/logo\/image\/","url":"","contentUrl":"","caption":"CTP"},"image":{"@id":"https:\/\/ctp.eu\/#\/schema\/logo\/image\/"}}]}},"_links":{"self":[{"href":"https:\/\/ctp.eu\/vi\/wp-json\/wp\/v2\/pages\/73491","targetHints":{"allow":["GET"]}}],"collection":[{"href":"https:\/\/ctp.eu\/vi\/wp-json\/wp\/v2\/pages"}],"about":[{"href":"https:\/\/ctp.eu\/vi\/wp-json\/wp\/v2\/types\/page"}],"author":[{"embeddable":true,"href":"https:\/\/ctp.eu\/vi\/wp-json\/wp\/v2\/users\/22"}],"replies":[{"embeddable":true,"href":"https:\/\/ctp.eu\/vi\/wp-json\/wp\/v2\/comments?post=73491"}],"version-history":[{"count":17,"href":"https:\/\/ctp.eu\/vi\/wp-json\/wp\/v2\/pages\/73491\/revisions"}],"predecessor-version":[{"id":115425,"href":"https:\/\/ctp.eu\/vi\/wp-json\/wp\/v2\/pages\/73491\/revisions\/115425"}],"up":[{"embeddable":true,"href":"https:\/\/ctp.eu\/vi\/wp-json\/wp\/v2\/pages\/6125"}],"wp:attachment":[{"href":"https:\/\/ctp.eu\/vi\/wp-json\/wp\/v2\/media?parent=73491"}],"curies":[{"name":"wp","href":"https:\/\/api.w.org\/{rel}","templated":true}]}}