{"id":72,"date":"2018-04-10T15:36:03","date_gmt":"2018-04-10T15:36:03","guid":{"rendered":"https:\/\/www.ctp.eu\/?page_id=72"},"modified":"2025-06-12T15:08:12","modified_gmt":"2025-06-12T13:08:12","slug":"mixed-use","status":"publish","type":"page","link":"https:\/\/ctp.eu\/vi\/portfolio\/mixed-use\/","title":{"rendered":"Danh m\u1ee5c b\u1ea5t \u0111\u1ed9ng s\u1ea3n \u0111a ch\u1ee9c n\u0103ng"},"content":{"rendered":"<p><span>Our mixed-use parks are designed to create a new focal point in a city, with site-specific public spaces, \u00a0lush landscaping, and often water features which help build vibrant local communities and create new opportunities in the cities where we build them.<\/span><\/p>","protected":false},"excerpt":{"rendered":"<p>Our mixed-use parks are designed to create a new focal point in a city, with site-specific public spaces, \u00a0lush landscaping,<\/p>","protected":false},"author":67,"featured_media":0,"parent":64,"menu_order":0,"comment_status":"closed","ping_status":"closed","template":"templates\/mix-use-portfolio-new.php","meta":{"_acf_changed":false,"footnotes":""},"class_list":["post-72","page","type-page","status-publish","hentry"],"acf":[],"yoast_head":"<title>Mixed-Use Portfolio - Commercial Real Estate Developer And Manager<\/title>\n<meta name=\"robots\" content=\"index, follow, max-snippet:-1, max-image-preview:large, max-video-preview:-1\" \/>\n<link rel=\"canonical\" href=\"https:\/\/ctp.eu\/vi\/portfolio\/mixed-use\/\" \/>\n<meta property=\"og:locale\" content=\"vi_VN\" \/>\n<meta property=\"og:type\" content=\"article\" \/>\n<meta property=\"og:title\" content=\"Mixed-Use Portfolio\" \/>\n<meta property=\"og:description\" content=\"We specialise in transforming city-centre brownfield sites into modern business parks\" \/>\n<meta property=\"og:url\" content=\"https:\/\/ctp.eu\/vi\/portfolio\/mixed-use\/\" \/>\n<meta property=\"og:site_name\" content=\"Commercial Real Estate Developer And Manager\" \/>\n<meta property=\"article:modified_time\" content=\"2025-06-12T13:08:12+00:00\" \/>\n<meta property=\"og:image\" content=\"https:\/\/ctp.eu\/wp-content\/uploads\/2025\/01\/vlnena-banner-1.jpg\" \/>\n\t<meta property=\"og:image:width\" content=\"2200\" \/>\n\t<meta property=\"og:image:height\" content=\"1194\" \/>\n\t<meta property=\"og:image:type\" content=\"image\/jpeg\" \/>\n<meta name=\"twitter:card\" content=\"summary_large_image\" \/>\n<meta name=\"twitter:label1\" content=\"\u01af\u1edbc t\u00ednh th\u1eddi gian \u0111\u1ecdc\" \/>\n\t<meta name=\"twitter:data1\" content=\"1 ph\u00fat\" \/>\n<script type=\"application\/ld+json\" class=\"yoast-schema-graph\">{\"@context\":\"https:\\\/\\\/schema.org\",\"@graph\":[{\"@type\":\"WebPage\",\"@id\":\"https:\\\/\\\/ctp.eu\\\/portfolio\\\/mixed-use\\\/\",\"url\":\"https:\\\/\\\/ctp.eu\\\/portfolio\\\/mixed-use\\\/\",\"name\":\"Mixed-Use Portfolio - Commercial Real Estate Developer And Manager\",\"isPartOf\":{\"@id\":\"https:\\\/\\\/ctp.eu\\\/#website\"},\"datePublished\":\"2018-04-10T15:36:03+00:00\",\"dateModified\":\"2025-06-12T13:08:12+00:00\",\"breadcrumb\":{\"@id\":\"https:\\\/\\\/ctp.eu\\\/portfolio\\\/mixed-use\\\/#breadcrumb\"},\"inLanguage\":\"vi\",\"potentialAction\":[{\"@type\":\"ReadAction\",\"target\":[\"https:\\\/\\\/ctp.eu\\\/portfolio\\\/mixed-use\\\/\"]}]},{\"@type\":\"BreadcrumbList\",\"@id\":\"https:\\\/\\\/ctp.eu\\\/portfolio\\\/mixed-use\\\/#breadcrumb\",\"itemListElement\":[{\"@type\":\"ListItem\",\"position\":1,\"name\":\"Home\",\"item\":\"https:\\\/\\\/ctp.eu\\\/\"},{\"@type\":\"ListItem\",\"position\":2,\"name\":\"Portfolio\",\"item\":\"https:\\\/\\\/ctp.eu\\\/portfolio\\\/\"},{\"@type\":\"ListItem\",\"position\":3,\"name\":\"Mixed-Use Portfolio\"}]},{\"@type\":\"WebSite\",\"@id\":\"https:\\\/\\\/ctp.eu\\\/#website\",\"url\":\"https:\\\/\\\/ctp.eu\\\/\",\"name\":\"Commercial Real Estate Developer And Manager\",\"description\":\"CTP - premium industrial warehouse and office buildings\",\"publisher\":{\"@id\":\"https:\\\/\\\/ctp.eu\\\/#organization\"},\"potentialAction\":[{\"@type\":\"SearchAction\",\"target\":{\"@type\":\"EntryPoint\",\"urlTemplate\":\"https:\\\/\\\/ctp.eu\\\/?s={search_term_string}\"},\"query-input\":{\"@type\":\"PropertyValueSpecification\",\"valueRequired\":true,\"valueName\":\"search_term_string\"}}],\"inLanguage\":\"vi\"},{\"@type\":\"Organization\",\"@id\":\"https:\\\/\\\/ctp.eu\\\/#organization\",\"name\":\"CTP\",\"url\":\"https:\\\/\\\/ctp.eu\\\/\",\"logo\":{\"@type\":\"ImageObject\",\"inLanguage\":\"vi\",\"@id\":\"https:\\\/\\\/ctp.eu\\\/#\\\/schema\\\/logo\\\/image\\\/\",\"url\":\"\",\"contentUrl\":\"\",\"caption\":\"CTP\"},\"image\":{\"@id\":\"https:\\\/\\\/ctp.eu\\\/#\\\/schema\\\/logo\\\/image\\\/\"}}]}<\/script>","yoast_head_json":{"title":"Danh m\u1ee5c \u0111\u1ea7u t\u01b0 h\u1ed7n h\u1ee3p - Nh\u00e0 ph\u00e1t tri\u1ec3n v\u00e0 qu\u1ea3n l\u00fd b\u1ea5t \u0111\u1ed9ng s\u1ea3n th\u01b0\u01a1ng m\u1ea1i","robots":{"index":"index","follow":"follow","max-snippet":"max-snippet:-1","max-image-preview":"max-image-preview:large","max-video-preview":"max-video-preview:-1"},"canonical":"https:\/\/ctp.eu\/vi\/portfolio\/mixed-use\/","og_locale":"vi_VN","og_type":"article","og_title":"Mixed-Use Portfolio","og_description":"We specialise in transforming city-centre brownfield sites into modern business parks","og_url":"https:\/\/ctp.eu\/vi\/portfolio\/mixed-use\/","og_site_name":"Commercial Real Estate Developer And Manager","article_modified_time":"2025-06-12T13:08:12+00:00","og_image":[{"width":2200,"height":1194,"url":"https:\/\/ctp.eu\/wp-content\/uploads\/2025\/01\/vlnena-banner-1.jpg","type":"image\/jpeg"}],"twitter_card":"summary_large_image","twitter_misc":{"\u01af\u1edbc t\u00ednh th\u1eddi gian \u0111\u1ecdc":"1 ph\u00fat"},"schema":{"@context":"https:\/\/schema.org","@graph":[{"@type":"WebPage","@id":"https:\/\/ctp.eu\/portfolio\/mixed-use\/","url":"https:\/\/ctp.eu\/portfolio\/mixed-use\/","name":"Danh m\u1ee5c \u0111\u1ea7u t\u01b0 h\u1ed7n h\u1ee3p - Nh\u00e0 ph\u00e1t tri\u1ec3n v\u00e0 qu\u1ea3n l\u00fd b\u1ea5t \u0111\u1ed9ng s\u1ea3n th\u01b0\u01a1ng m\u1ea1i","isPartOf":{"@id":"https:\/\/ctp.eu\/#website"},"datePublished":"2018-04-10T15:36:03+00:00","dateModified":"2025-06-12T13:08:12+00:00","breadcrumb":{"@id":"https:\/\/ctp.eu\/portfolio\/mixed-use\/#breadcrumb"},"inLanguage":"vi","potentialAction":[{"@type":"ReadAction","target":["https:\/\/ctp.eu\/portfolio\/mixed-use\/"]}]},{"@type":"BreadcrumbList","@id":"https:\/\/ctp.eu\/portfolio\/mixed-use\/#breadcrumb","itemListElement":[{"@type":"ListItem","position":1,"name":"Home","item":"https:\/\/ctp.eu\/"},{"@type":"ListItem","position":2,"name":"Portfolio","item":"https:\/\/ctp.eu\/portfolio\/"},{"@type":"ListItem","position":3,"name":"Mixed-Use Portfolio"}]},{"@type":"WebSite","@id":"https:\/\/ctp.eu\/#website","url":"https:\/\/ctp.eu\/","name":"Nh\u00e0 ph\u00e1t tri\u1ec3n v\u00e0 qu\u1ea3n l\u00fd b\u1ea5t \u0111\u1ed9ng s\u1ea3n th\u01b0\u01a1ng m\u1ea1i","description":"CTP - t\u00f2a nh\u00e0 v\u0103n ph\u00f2ng v\u00e0 kho c\u00f4ng nghi\u1ec7p cao c\u1ea5p","publisher":{"@id":"https:\/\/ctp.eu\/#organization"},"potentialAction":[{"@type":"SearchAction","target":{"@type":"EntryPoint","urlTemplate":"https:\/\/ctp.eu\/?s={search_term_string}"},"query-input":{"@type":"PropertyValueSpecification","valueRequired":true,"valueName":"search_term_string"}}],"inLanguage":"vi"},{"@type":"Organization","@id":"https:\/\/ctp.eu\/#organization","name":"CTP","url":"https:\/\/ctp.eu\/","logo":{"@type":"ImageObject","inLanguage":"vi","@id":"https:\/\/ctp.eu\/#\/schema\/logo\/image\/","url":"","contentUrl":"","caption":"CTP"},"image":{"@id":"https:\/\/ctp.eu\/#\/schema\/logo\/image\/"}}]}},"_links":{"self":[{"href":"https:\/\/ctp.eu\/vi\/wp-json\/wp\/v2\/pages\/72","targetHints":{"allow":["GET"]}}],"collection":[{"href":"https:\/\/ctp.eu\/vi\/wp-json\/wp\/v2\/pages"}],"about":[{"href":"https:\/\/ctp.eu\/vi\/wp-json\/wp\/v2\/types\/page"}],"author":[{"embeddable":true,"href":"https:\/\/ctp.eu\/vi\/wp-json\/wp\/v2\/users\/67"}],"replies":[{"embeddable":true,"href":"https:\/\/ctp.eu\/vi\/wp-json\/wp\/v2\/comments?post=72"}],"version-history":[{"count":13,"href":"https:\/\/ctp.eu\/vi\/wp-json\/wp\/v2\/pages\/72\/revisions"}],"predecessor-version":[{"id":108449,"href":"https:\/\/ctp.eu\/vi\/wp-json\/wp\/v2\/pages\/72\/revisions\/108449"}],"up":[{"embeddable":true,"href":"https:\/\/ctp.eu\/vi\/wp-json\/wp\/v2\/pages\/64"}],"wp:attachment":[{"href":"https:\/\/ctp.eu\/vi\/wp-json\/wp\/v2\/media?parent=72"}],"curies":[{"name":"wp","href":"https:\/\/api.w.org\/{rel}","templated":true}]}}