{"id":66154,"date":"2022-11-10T16:44:26","date_gmt":"2022-11-10T14:44:26","guid":{"rendered":"https:\/\/www.ctp.eu\/?page_id=66154"},"modified":"2026-03-09T11:54:33","modified_gmt":"2026-03-09T10:54:33","slug":"insights","status":"publish","type":"page","link":"https:\/\/ctp.eu\/vi\/insights\/","title":{"rendered":"Th\u00f4ng tin chi ti\u1ebft v\u1ec1 CTP"},"content":{"rendered":"","protected":false},"excerpt":{"rendered":"","protected":false},"author":22,"featured_media":0,"parent":0,"menu_order":0,"comment_status":"closed","ping_status":"closed","template":"templates\/insight-redesign.php","meta":{"_acf_changed":false,"footnotes":""},"class_list":["post-66154","page","type-page","status-publish","hentry"],"acf":[],"yoast_head":"<title>CTP Insights - Commercial Real Estate Developer And Manager<\/title>\n<meta name=\"description\" content=\"We have been supporting the education of young talents for a long time, and within CTParks we also support community growth.\" \/>\n<meta name=\"robots\" content=\"index, follow, max-snippet:-1, max-image-preview:large, max-video-preview:-1\" \/>\n<link rel=\"canonical\" href=\"https:\/\/ctp.eu\/vi\/insights\/\" \/>\n<meta property=\"og:locale\" content=\"vi_VN\" \/>\n<meta property=\"og:type\" content=\"article\" \/>\n<meta property=\"og:title\" content=\"CTP Insights\" \/>\n<meta property=\"og:description\" content=\"We have been supporting the education of young talents for a long time, and within CTParks we also support community growth.\" \/>\n<meta property=\"og:url\" content=\"https:\/\/ctp.eu\/vi\/insights\/\" \/>\n<meta property=\"og:site_name\" content=\"Commercial Real Estate Developer And Manager\" \/>\n<meta property=\"article:modified_time\" content=\"2026-03-09T10:54:33+00:00\" \/>\n<meta property=\"og:image\" content=\"https:\/\/ctp.eu\/wp-content\/uploads\/2020\/12\/ctp-community-web.jpg\" \/>\n\t<meta property=\"og:image:width\" content=\"3000\" \/>\n\t<meta property=\"og:image:height\" content=\"1246\" \/>\n\t<meta property=\"og:image:type\" content=\"image\/jpeg\" \/>\n<meta name=\"twitter:card\" content=\"summary_large_image\" \/>\n<script type=\"application\/ld+json\" class=\"yoast-schema-graph\">{\"@context\":\"https:\\\/\\\/schema.org\",\"@graph\":[{\"@type\":\"WebPage\",\"@id\":\"https:\\\/\\\/ctp.eu\\\/insights\\\/\",\"url\":\"https:\\\/\\\/ctp.eu\\\/insights\\\/\",\"name\":\"CTP Insights - Commercial Real Estate Developer And Manager\",\"isPartOf\":{\"@id\":\"https:\\\/\\\/ctp.eu\\\/#website\"},\"datePublished\":\"2022-11-10T14:44:26+00:00\",\"dateModified\":\"2026-03-09T10:54:33+00:00\",\"description\":\"We have been supporting the education of young talents for a long time, and within CTParks we also support community growth.\",\"breadcrumb\":{\"@id\":\"https:\\\/\\\/ctp.eu\\\/insights\\\/#breadcrumb\"},\"inLanguage\":\"vi\",\"potentialAction\":[{\"@type\":\"ReadAction\",\"target\":[\"https:\\\/\\\/ctp.eu\\\/insights\\\/\"]}]},{\"@type\":\"BreadcrumbList\",\"@id\":\"https:\\\/\\\/ctp.eu\\\/insights\\\/#breadcrumb\",\"itemListElement\":[{\"@type\":\"ListItem\",\"position\":1,\"name\":\"Home\",\"item\":\"https:\\\/\\\/ctp.eu\\\/\"},{\"@type\":\"ListItem\",\"position\":2,\"name\":\"CTP Insights\"}]},{\"@type\":\"WebSite\",\"@id\":\"https:\\\/\\\/ctp.eu\\\/#website\",\"url\":\"https:\\\/\\\/ctp.eu\\\/\",\"name\":\"Commercial Real Estate Developer And Manager\",\"description\":\"CTP - premium industrial warehouse and office buildings\",\"publisher\":{\"@id\":\"https:\\\/\\\/ctp.eu\\\/#organization\"},\"potentialAction\":[{\"@type\":\"SearchAction\",\"target\":{\"@type\":\"EntryPoint\",\"urlTemplate\":\"https:\\\/\\\/ctp.eu\\\/?s={search_term_string}\"},\"query-input\":{\"@type\":\"PropertyValueSpecification\",\"valueRequired\":true,\"valueName\":\"search_term_string\"}}],\"inLanguage\":\"vi\"},{\"@type\":\"Organization\",\"@id\":\"https:\\\/\\\/ctp.eu\\\/#organization\",\"name\":\"CTP\",\"url\":\"https:\\\/\\\/ctp.eu\\\/\",\"logo\":{\"@type\":\"ImageObject\",\"inLanguage\":\"vi\",\"@id\":\"https:\\\/\\\/ctp.eu\\\/#\\\/schema\\\/logo\\\/image\\\/\",\"url\":\"\",\"contentUrl\":\"\",\"caption\":\"CTP\"},\"image\":{\"@id\":\"https:\\\/\\\/ctp.eu\\\/#\\\/schema\\\/logo\\\/image\\\/\"}}]}<\/script>","yoast_head_json":{"title":"CTP Insights - Nh\u00e0 ph\u00e1t tri\u1ec3n v\u00e0 qu\u1ea3n l\u00fd b\u1ea5t \u0111\u1ed9ng s\u1ea3n th\u01b0\u01a1ng m\u1ea1i","description":"Ch\u00fang t\u00f4i \u0111\u00e3 h\u1ed7 tr\u1ee3 vi\u1ec7c gi\u00e1o d\u1ee5c c\u00e1c t\u00e0i n\u0103ng tr\u1ebb trong m\u1ed9t th\u1eddi gian d\u00e0i v\u00e0 t\u1ea1i CTParks, ch\u00fang t\u00f4i c\u0169ng h\u1ed7 tr\u1ee3 s\u1ef1 ph\u00e1t tri\u1ec3n c\u1ee7a c\u1ed9ng \u0111\u1ed3ng.","robots":{"index":"index","follow":"follow","max-snippet":"max-snippet:-1","max-image-preview":"max-image-preview:large","max-video-preview":"max-video-preview:-1"},"canonical":"https:\/\/ctp.eu\/vi\/insights\/","og_locale":"vi_VN","og_type":"article","og_title":"CTP Insights","og_description":"We have been supporting the education of young talents for a long time, and within CTParks we also support community growth.","og_url":"https:\/\/ctp.eu\/vi\/insights\/","og_site_name":"Commercial Real Estate Developer And Manager","article_modified_time":"2026-03-09T10:54:33+00:00","og_image":[{"width":3000,"height":1246,"url":"https:\/\/ctp.eu\/wp-content\/uploads\/2020\/12\/ctp-community-web.jpg","type":"image\/jpeg"}],"twitter_card":"summary_large_image","schema":{"@context":"https:\/\/schema.org","@graph":[{"@type":"WebPage","@id":"https:\/\/ctp.eu\/insights\/","url":"https:\/\/ctp.eu\/insights\/","name":"CTP Insights - Nh\u00e0 ph\u00e1t tri\u1ec3n v\u00e0 qu\u1ea3n l\u00fd b\u1ea5t \u0111\u1ed9ng s\u1ea3n th\u01b0\u01a1ng m\u1ea1i","isPartOf":{"@id":"https:\/\/ctp.eu\/#website"},"datePublished":"2022-11-10T14:44:26+00:00","dateModified":"2026-03-09T10:54:33+00:00","description":"Ch\u00fang t\u00f4i \u0111\u00e3 h\u1ed7 tr\u1ee3 vi\u1ec7c gi\u00e1o d\u1ee5c c\u00e1c t\u00e0i n\u0103ng tr\u1ebb trong m\u1ed9t th\u1eddi gian d\u00e0i v\u00e0 t\u1ea1i CTParks, ch\u00fang t\u00f4i c\u0169ng h\u1ed7 tr\u1ee3 s\u1ef1 ph\u00e1t tri\u1ec3n c\u1ee7a c\u1ed9ng \u0111\u1ed3ng.","breadcrumb":{"@id":"https:\/\/ctp.eu\/insights\/#breadcrumb"},"inLanguage":"vi","potentialAction":[{"@type":"ReadAction","target":["https:\/\/ctp.eu\/insights\/"]}]},{"@type":"BreadcrumbList","@id":"https:\/\/ctp.eu\/insights\/#breadcrumb","itemListElement":[{"@type":"ListItem","position":1,"name":"Home","item":"https:\/\/ctp.eu\/"},{"@type":"ListItem","position":2,"name":"CTP Insights"}]},{"@type":"WebSite","@id":"https:\/\/ctp.eu\/#website","url":"https:\/\/ctp.eu\/","name":"Nh\u00e0 ph\u00e1t tri\u1ec3n v\u00e0 qu\u1ea3n l\u00fd b\u1ea5t \u0111\u1ed9ng s\u1ea3n th\u01b0\u01a1ng m\u1ea1i","description":"CTP - t\u00f2a nh\u00e0 v\u0103n ph\u00f2ng v\u00e0 kho c\u00f4ng nghi\u1ec7p cao c\u1ea5p","publisher":{"@id":"https:\/\/ctp.eu\/#organization"},"potentialAction":[{"@type":"SearchAction","target":{"@type":"EntryPoint","urlTemplate":"https:\/\/ctp.eu\/?s={search_term_string}"},"query-input":{"@type":"PropertyValueSpecification","valueRequired":true,"valueName":"search_term_string"}}],"inLanguage":"vi"},{"@type":"Organization","@id":"https:\/\/ctp.eu\/#organization","name":"CTP","url":"https:\/\/ctp.eu\/","logo":{"@type":"ImageObject","inLanguage":"vi","@id":"https:\/\/ctp.eu\/#\/schema\/logo\/image\/","url":"","contentUrl":"","caption":"CTP"},"image":{"@id":"https:\/\/ctp.eu\/#\/schema\/logo\/image\/"}}]}},"_links":{"self":[{"href":"https:\/\/ctp.eu\/vi\/wp-json\/wp\/v2\/pages\/66154","targetHints":{"allow":["GET"]}}],"collection":[{"href":"https:\/\/ctp.eu\/vi\/wp-json\/wp\/v2\/pages"}],"about":[{"href":"https:\/\/ctp.eu\/vi\/wp-json\/wp\/v2\/types\/page"}],"author":[{"embeddable":true,"href":"https:\/\/ctp.eu\/vi\/wp-json\/wp\/v2\/users\/22"}],"replies":[{"embeddable":true,"href":"https:\/\/ctp.eu\/vi\/wp-json\/wp\/v2\/comments?post=66154"}],"version-history":[{"count":17,"href":"https:\/\/ctp.eu\/vi\/wp-json\/wp\/v2\/pages\/66154\/revisions"}],"predecessor-version":[{"id":114622,"href":"https:\/\/ctp.eu\/vi\/wp-json\/wp\/v2\/pages\/66154\/revisions\/114622"}],"wp:attachment":[{"href":"https:\/\/ctp.eu\/vi\/wp-json\/wp\/v2\/media?parent=66154"}],"curies":[{"name":"wp","href":"https:\/\/api.w.org\/{rel}","templated":true}]}}