{"id":6451,"date":"2019-10-11T07:37:19","date_gmt":"2019-10-11T07:37:19","guid":{"rendered":"https:\/\/www.ctp.eu\/?page_id=6451"},"modified":"2020-08-28T10:59:00","modified_gmt":"2020-08-28T10:59:00","slug":"consent-to-the-use-of-personal-data-for-the-purpose-of-receiving-the-newsletter","status":"publish","type":"page","link":"https:\/\/ctp.eu\/vi\/ctp-policies\/consent-to-the-use-of-personal-data-for-the-purpose-of-receiving-the-newsletter\/","title":{"rendered":"\u0110\u1ed3ng \u00fd s\u1eed d\u1ee5ng d\u1eef li\u1ec7u c\u00e1 nh\u00e2n cho m\u1ee5c \u0111\u00edch nh\u1eadn b\u1ea3n tin"},"content":{"rendered":"<div class=\"policy\">\n<p>T\u00f4i \u0111\u1ed3ng \u00fd cho CTP Invest, spol. sro (g\u1ecdi t\u1eaft l\u00e0 \u201cB\u1ed9 \u0111i\u1ec1u khi\u1ec3n\u201d) x\u1eed l\u00fd d\u1eef li\u1ec7u c\u00e1 nh\u00e2n c\u1ee7a t\u00f4i nh\u1eb1m m\u1ee5c \u0111\u00edch nh\u1eadn b\u1ea3n tin v\u00e0 th\u00f4ng tin th\u01b0\u01a1ng m\u1ea1i \u0111\u01b0\u1ee3c c\u00e1 nh\u00e2n h\u00f3a v\u1ec1 s\u1ea3n ph\u1ea9m, d\u1ecbch v\u1ee5, nghi\u00ean c\u1ee9u th\u1ecb tr\u01b0\u1eddng, s\u1ef1 ki\u1ec7n v\u00e0 c\u00e1c ho\u1ea1t \u0111\u1ed9ng ti\u1ebfp th\u1ecb kh\u00e1c c\u1ee7a B\u1ed9 \u0111i\u1ec1u khi\u1ec3n ho\u1eb7c c\u00e1c c\u00f4ng ty kh\u00e1c trong <a href=\"https:\/\/ctp.eu\/vi\/\">Nh\u00f3m CTP<\/a>. V\u00ec m\u1ee5c \u0111\u00edch n\u00e0y, B\u1ed9 \u0111i\u1ec1u khi\u1ec3n c\u00f3 th\u1ec3 x\u1eed l\u00fd d\u1eef li\u1ec7u c\u00e1 nh\u00e2n m\u00e0 t\u00f4i cung c\u1ea5p \u1edf tr\u00ean, t\u1ee9c l\u00e0 \u0111\u1ecba ch\u1ec9 email, t\u00ean, h\u1ecd v\u00e0 s\u1ed1 \u0111i\u1ec7n tho\u1ea1i c\u1ee7a t\u00f4i, n\u1ebfu c\u00f3, c\u0169ng nh\u01b0 ph\u1ea3n \u1ee9ng c\u1ee7a t\u00f4i \u0111\u1ed1i v\u1edbi th\u00f4ng tin \u0111\u00e3 nh\u1eadn.<\/p>\n<p>T\u00f4i ch\u1ea5p thu\u1eadn cho <strong>th\u1eddi h\u1ea1n 3 n\u0103m<\/strong>. T\u00f4i th\u1eeba nh\u1eadn r\u1eb1ng t\u00f4i c\u00f3 th\u1ec3 r\u00fat l\u1ea1i s\u1ef1 \u0111\u1ed3ng \u00fd c\u1ee7a m\u00ecnh b\u1ea5t k\u1ef3 l\u00fac n\u00e0o. B\u1ea5t k\u1ef3 s\u1ef1 r\u00fat l\u1ea1i n\u00e0o nh\u01b0 v\u1eady kh\u00f4ng \u1ea3nh h\u01b0\u1edfng \u0111\u1ebfn vi\u1ec7c x\u1eed l\u00fd d\u1eef li\u1ec7u c\u00e1 nh\u00e2n c\u1ee7a t\u00f4i tr\u01b0\u1edbc khi r\u00fat l\u1ea1i.<\/p>\n<p>Th\u00f4ng tin th\u00eam v\u1ec1 c\u00e1ch CTP Invest, spol. sro x\u1eed l\u00fd v\u00e0 b\u1ea3o v\u1ec7 d\u1eef li\u1ec7u c\u00e1 nh\u00e2n l\u00e0 <a href=\"https:\/\/ctp.eu\/vi\/ctp-policies\/business-partners-privacy-policy\/\">c\u00f3 s\u1eb5n \u1edf \u0111\u00e2y<\/a>.\n<\/div>","protected":false},"excerpt":{"rendered":"<p>T\u00f4i \u0111\u1ed3ng \u00fd cho CTP Invest, spol. sro (g\u1ecdi t\u1eaft l\u00e0 \u201cB\u1ed9 \u0111i\u1ec1u khi\u1ec3n\u201d) x\u1eed l\u00fd d\u1eef li\u1ec7u c\u00e1 nh\u00e2n c\u1ee7a t\u00f4i cho m\u1ee5c \u0111\u00edch<\/p>","protected":false},"author":67,"featured_media":0,"parent":6125,"menu_order":0,"comment_status":"closed","ping_status":"closed","template":"","meta":{"_acf_changed":false,"footnotes":""},"class_list":["post-6451","page","type-page","status-publish","hentry"],"acf":[],"yoast_head":"<title>Consent to the use of personal data for the purpose of receiving the newsletter - Commercial Real Estate Developer And Manager<\/title>\n<meta name=\"robots\" content=\"index, follow, max-snippet:-1, max-image-preview:large, max-video-preview:-1\" \/>\n<link rel=\"canonical\" href=\"https:\/\/ctp.eu\/vi\/ctp-policies\/consent-to-the-use-of-personal-data-for-the-purpose-of-receiving-the-newsletter\/\" \/>\n<meta property=\"og:locale\" content=\"vi_VN\" \/>\n<meta property=\"og:type\" content=\"article\" \/>\n<meta property=\"og:title\" content=\"Consent to the use of personal data for the purpose of receiving the newsletter\" \/>\n<meta property=\"og:description\" content=\"I consent to the processing of my personal data by CTP Invest, spol. s.r.o. (the \u201cController\u201d) for the purpose of\" \/>\n<meta property=\"og:url\" content=\"https:\/\/ctp.eu\/vi\/ctp-policies\/consent-to-the-use-of-personal-data-for-the-purpose-of-receiving-the-newsletter\/\" \/>\n<meta property=\"og:site_name\" content=\"Commercial Real Estate Developer And Manager\" \/>\n<meta property=\"article:modified_time\" content=\"2020-08-28T10:59:00+00:00\" \/>\n<meta name=\"twitter:card\" content=\"summary_large_image\" \/>\n<meta name=\"twitter:label1\" content=\"\u01af\u1edbc t\u00ednh th\u1eddi gian \u0111\u1ecdc\" \/>\n\t<meta name=\"twitter:data1\" content=\"1 ph\u00fat\" \/>\n<script type=\"application\/ld+json\" class=\"yoast-schema-graph\">{\"@context\":\"https:\\\/\\\/schema.org\",\"@graph\":[{\"@type\":\"WebPage\",\"@id\":\"https:\\\/\\\/ctp.eu\\\/ctp-policies\\\/consent-to-the-use-of-personal-data-for-the-purpose-of-receiving-the-newsletter\\\/\",\"url\":\"https:\\\/\\\/ctp.eu\\\/ctp-policies\\\/consent-to-the-use-of-personal-data-for-the-purpose-of-receiving-the-newsletter\\\/\",\"name\":\"Consent to the use of personal data for the purpose of receiving the newsletter - Commercial Real Estate Developer And Manager\",\"isPartOf\":{\"@id\":\"https:\\\/\\\/ctp.eu\\\/#website\"},\"datePublished\":\"2019-10-11T07:37:19+00:00\",\"dateModified\":\"2020-08-28T10:59:00+00:00\",\"breadcrumb\":{\"@id\":\"https:\\\/\\\/ctp.eu\\\/ctp-policies\\\/consent-to-the-use-of-personal-data-for-the-purpose-of-receiving-the-newsletter\\\/#breadcrumb\"},\"inLanguage\":\"vi\",\"potentialAction\":[{\"@type\":\"ReadAction\",\"target\":[\"https:\\\/\\\/ctp.eu\\\/ctp-policies\\\/consent-to-the-use-of-personal-data-for-the-purpose-of-receiving-the-newsletter\\\/\"]}]},{\"@type\":\"BreadcrumbList\",\"@id\":\"https:\\\/\\\/ctp.eu\\\/ctp-policies\\\/consent-to-the-use-of-personal-data-for-the-purpose-of-receiving-the-newsletter\\\/#breadcrumb\",\"itemListElement\":[{\"@type\":\"ListItem\",\"position\":1,\"name\":\"Home\",\"item\":\"https:\\\/\\\/ctp.eu\\\/\"},{\"@type\":\"ListItem\",\"position\":2,\"name\":\"CTP Policies\",\"item\":\"https:\\\/\\\/ctp.eu\\\/ctp-policies\\\/\"},{\"@type\":\"ListItem\",\"position\":3,\"name\":\"Consent to the use of personal data for the purpose of receiving the newsletter\"}]},{\"@type\":\"WebSite\",\"@id\":\"https:\\\/\\\/ctp.eu\\\/#website\",\"url\":\"https:\\\/\\\/ctp.eu\\\/\",\"name\":\"Commercial Real Estate Developer And Manager\",\"description\":\"CTP - premium industrial warehouse and office buildings\",\"publisher\":{\"@id\":\"https:\\\/\\\/ctp.eu\\\/#organization\"},\"potentialAction\":[{\"@type\":\"SearchAction\",\"target\":{\"@type\":\"EntryPoint\",\"urlTemplate\":\"https:\\\/\\\/ctp.eu\\\/?s={search_term_string}\"},\"query-input\":{\"@type\":\"PropertyValueSpecification\",\"valueRequired\":true,\"valueName\":\"search_term_string\"}}],\"inLanguage\":\"vi\"},{\"@type\":\"Organization\",\"@id\":\"https:\\\/\\\/ctp.eu\\\/#organization\",\"name\":\"CTP\",\"url\":\"https:\\\/\\\/ctp.eu\\\/\",\"logo\":{\"@type\":\"ImageObject\",\"inLanguage\":\"vi\",\"@id\":\"https:\\\/\\\/ctp.eu\\\/#\\\/schema\\\/logo\\\/image\\\/\",\"url\":\"\",\"contentUrl\":\"\",\"caption\":\"CTP\"},\"image\":{\"@id\":\"https:\\\/\\\/ctp.eu\\\/#\\\/schema\\\/logo\\\/image\\\/\"}}]}<\/script>","yoast_head_json":{"title":"\u0110\u1ed3ng \u00fd s\u1eed d\u1ee5ng d\u1eef li\u1ec7u c\u00e1 nh\u00e2n cho m\u1ee5c \u0111\u00edch nh\u1eadn b\u1ea3n tin - Nh\u00e0 ph\u00e1t tri\u1ec3n v\u00e0 qu\u1ea3n l\u00fd b\u1ea5t \u0111\u1ed9ng s\u1ea3n th\u01b0\u01a1ng m\u1ea1i","robots":{"index":"index","follow":"follow","max-snippet":"max-snippet:-1","max-image-preview":"max-image-preview:large","max-video-preview":"max-video-preview:-1"},"canonical":"https:\/\/ctp.eu\/vi\/ctp-policies\/consent-to-the-use-of-personal-data-for-the-purpose-of-receiving-the-newsletter\/","og_locale":"vi_VN","og_type":"article","og_title":"Consent to the use of personal data for the purpose of receiving the newsletter","og_description":"I consent to the processing of my personal data by CTP Invest, spol. s.r.o. (the \u201cController\u201d) for the purpose of","og_url":"https:\/\/ctp.eu\/vi\/ctp-policies\/consent-to-the-use-of-personal-data-for-the-purpose-of-receiving-the-newsletter\/","og_site_name":"Commercial Real Estate Developer And Manager","article_modified_time":"2020-08-28T10:59:00+00:00","twitter_card":"summary_large_image","twitter_misc":{"\u01af\u1edbc t\u00ednh th\u1eddi gian \u0111\u1ecdc":"1 ph\u00fat"},"schema":{"@context":"https:\/\/schema.org","@graph":[{"@type":"WebPage","@id":"https:\/\/ctp.eu\/ctp-policies\/consent-to-the-use-of-personal-data-for-the-purpose-of-receiving-the-newsletter\/","url":"https:\/\/ctp.eu\/ctp-policies\/consent-to-the-use-of-personal-data-for-the-purpose-of-receiving-the-newsletter\/","name":"\u0110\u1ed3ng \u00fd s\u1eed d\u1ee5ng d\u1eef li\u1ec7u c\u00e1 nh\u00e2n cho m\u1ee5c \u0111\u00edch nh\u1eadn b\u1ea3n tin - Nh\u00e0 ph\u00e1t tri\u1ec3n v\u00e0 qu\u1ea3n l\u00fd b\u1ea5t \u0111\u1ed9ng s\u1ea3n th\u01b0\u01a1ng m\u1ea1i","isPartOf":{"@id":"https:\/\/ctp.eu\/#website"},"datePublished":"2019-10-11T07:37:19+00:00","dateModified":"2020-08-28T10:59:00+00:00","breadcrumb":{"@id":"https:\/\/ctp.eu\/ctp-policies\/consent-to-the-use-of-personal-data-for-the-purpose-of-receiving-the-newsletter\/#breadcrumb"},"inLanguage":"vi","potentialAction":[{"@type":"ReadAction","target":["https:\/\/ctp.eu\/ctp-policies\/consent-to-the-use-of-personal-data-for-the-purpose-of-receiving-the-newsletter\/"]}]},{"@type":"BreadcrumbList","@id":"https:\/\/ctp.eu\/ctp-policies\/consent-to-the-use-of-personal-data-for-the-purpose-of-receiving-the-newsletter\/#breadcrumb","itemListElement":[{"@type":"ListItem","position":1,"name":"Home","item":"https:\/\/ctp.eu\/"},{"@type":"ListItem","position":2,"name":"CTP Policies","item":"https:\/\/ctp.eu\/ctp-policies\/"},{"@type":"ListItem","position":3,"name":"Consent to the use of personal data for the purpose of receiving the newsletter"}]},{"@type":"WebSite","@id":"https:\/\/ctp.eu\/#website","url":"https:\/\/ctp.eu\/","name":"Nh\u00e0 ph\u00e1t tri\u1ec3n v\u00e0 qu\u1ea3n l\u00fd b\u1ea5t \u0111\u1ed9ng s\u1ea3n th\u01b0\u01a1ng m\u1ea1i","description":"CTP - t\u00f2a nh\u00e0 v\u0103n ph\u00f2ng v\u00e0 kho c\u00f4ng nghi\u1ec7p cao c\u1ea5p","publisher":{"@id":"https:\/\/ctp.eu\/#organization"},"potentialAction":[{"@type":"SearchAction","target":{"@type":"EntryPoint","urlTemplate":"https:\/\/ctp.eu\/?s={search_term_string}"},"query-input":{"@type":"PropertyValueSpecification","valueRequired":true,"valueName":"search_term_string"}}],"inLanguage":"vi"},{"@type":"Organization","@id":"https:\/\/ctp.eu\/#organization","name":"CTP","url":"https:\/\/ctp.eu\/","logo":{"@type":"ImageObject","inLanguage":"vi","@id":"https:\/\/ctp.eu\/#\/schema\/logo\/image\/","url":"","contentUrl":"","caption":"CTP"},"image":{"@id":"https:\/\/ctp.eu\/#\/schema\/logo\/image\/"}}]}},"_links":{"self":[{"href":"https:\/\/ctp.eu\/vi\/wp-json\/wp\/v2\/pages\/6451","targetHints":{"allow":["GET"]}}],"collection":[{"href":"https:\/\/ctp.eu\/vi\/wp-json\/wp\/v2\/pages"}],"about":[{"href":"https:\/\/ctp.eu\/vi\/wp-json\/wp\/v2\/types\/page"}],"author":[{"embeddable":true,"href":"https:\/\/ctp.eu\/vi\/wp-json\/wp\/v2\/users\/67"}],"replies":[{"embeddable":true,"href":"https:\/\/ctp.eu\/vi\/wp-json\/wp\/v2\/comments?post=6451"}],"version-history":[{"count":0,"href":"https:\/\/ctp.eu\/vi\/wp-json\/wp\/v2\/pages\/6451\/revisions"}],"up":[{"embeddable":true,"href":"https:\/\/ctp.eu\/vi\/wp-json\/wp\/v2\/pages\/6125"}],"wp:attachment":[{"href":"https:\/\/ctp.eu\/vi\/wp-json\/wp\/v2\/media?parent=6451"}],"curies":[{"name":"wp","href":"https:\/\/api.w.org\/{rel}","templated":true}]}}