{"id":6064,"date":"2019-08-06T13:20:45","date_gmt":"2019-08-06T13:20:45","guid":{"rendered":"https:\/\/www.ctp.eu\/?page_id=6064"},"modified":"2020-08-28T10:59:01","modified_gmt":"2020-08-28T10:59:01","slug":"ctp-website-cookie-policy","status":"publish","type":"page","link":"https:\/\/ctp.eu\/vi\/ctp-policies\/ctp-website-cookie-policy\/","title":{"rendered":"Ch\u00ednh s\u00e1ch Cookie c\u1ee7a trang web CTP"},"content":{"rendered":"<div class=\"policy\">\n<p>V\u1edbi n\u1ed7 l\u1ef1c \u0111\u1ea3m b\u1ea3o b\u1ea1n c\u00f3 \u0111\u01b0\u1ee3c tr\u1ea3i nghi\u1ec7m t\u1ed1t nh\u1ea5t, CTP Invest, spol. s ro (\u201c<strong>CTP<\/strong>&quot; ho\u1eb7c &quot;<strong>ch\u00fang t\u00f4i<\/strong>\u201d) trang web c\u00f3 th\u1ec3 \u0111\u1eb7t c\u00e1c t\u1ec7p d\u1eef li\u1ec7u nh\u1ecf \u0111\u01b0\u1ee3c g\u1ecdi l\u00e0 cookie tr\u00ean thi\u1ebft b\u1ecb c\u1ee7a b\u1ea1n. D\u01b0\u1edbi \u0111\u00e2y b\u1ea1n s\u1ebd t\u00ecm th\u1ea5y th\u00f4ng tin c\u01a1 b\u1ea3n v\u1ec1 cookie v\u00e0 gi\u1ea3i th\u00edch v\u1ec1 c\u00e1ch trang web c\u1ee7a ch\u00fang t\u00f4i s\u1eed d\u1ee5ng ch\u00fang ch\u00ednh x\u00e1c nh\u01b0 th\u1ebf n\u00e0o.<\/p>\n<p>&nbsp;<\/p>\n<h2>1. Cookie l\u00e0 g\u00ec?<\/h2>\n<p>Cookie l\u00e0 c\u00e1c t\u1ec7p v\u0103n b\u1ea3n nh\u1ecf \u0111\u01b0\u1ee3c g\u1eedi \u0111\u1ebfn thi\u1ebft b\u1ecb c\u1ee7a b\u1ea1n. M\u1eb7c d\u00f9 cookie ch\u1ee9a th\u00f4ng tin nh\u1eadn d\u1ea1ng, nh\u01b0ng ch\u00fang kh\u00f4ng ch\u1ee9a b\u1ea5t k\u1ef3 th\u00f4ng tin n\u00e0o nh\u1eadn d\u1ea1ng c\u00e1 nh\u00e2n b\u1ea1n, m\u00e0 cho ph\u00e9p ch\u00fang t\u00f4i nh\u1eadn ra b\u1ea1n khi quay l\u1ea1i trang web c\u1ee7a ch\u00fang t\u00f4i. N\u1ebfu b\u1ea1n kh\u00f4ng mu\u1ed1n ch\u1ea5p nh\u1eadn cookie khi truy c\u1eadp trang web c\u1ee7a ch\u00fang t\u00f4i, b\u1ea1n c\u00f3 th\u1ec3 thay \u0111\u1ed5i c\u00e0i \u0111\u1eb7t trong tr\u00ecnh duy\u1ec7t c\u1ee7a m\u00ecnh \u0111\u1ec3 t\u1eaft ch\u1ee9c n\u0103ng n\u00e0y (th\u00f4ng tin th\u00eam v\u1ec1 c\u00e1ch th\u1ef1c hi\u1ec7n \u2013 b\u00ean d\u01b0\u1edbi), nh\u01b0ng c\u00f3 th\u1ec3 c\u00f3 nh\u1eefng ph\u1ea7n c\u1ee7a trang web m\u00e0 b\u1ea1n s\u1ebd kh\u00f4ng th\u1ec3 truy c\u1eadp n\u1ebfu b\u1ea1n l\u00e0m nh\u01b0 v\u1eady. Nh\u00ecn chung, \u0111\u00f3 c\u00f3 th\u1ec3 l\u00e0 nh\u1eefng ph\u1ea7n m\u00e0 b\u1ea1n \u0111\u00e3 \u0111\u0103ng k\u00fd c\u1ee5 th\u1ec3 v\u00e0 b\u1ea1n c\u00f3 th\u1ec3 m\u1ea5t m\u1ed9t s\u1ed1 ch\u1ee9c n\u0103ng h\u1eefu \u00edch nh\u01b0 c\u00e1 nh\u00e2n h\u00f3a v\u00e0 c\u00e1c t\u00ednh n\u0103ng &quot;duy tr\u00ec tr\u1ea1ng th\u00e1i \u0111\u0103ng nh\u1eadp&quot; v\u00e0 &quot;ghi nh\u1edb t\u00f4i&quot;.<\/p>\n<h2><\/h2>\n<h2>2. T\u1ea1i sao cookie \u0111\u01b0\u1ee3c s\u1eed d\u1ee5ng tr\u00ean trang web n\u00e0y?<\/h2>\n<p>Ch\u00fang t\u00f4i s\u1eed d\u1ee5ng cookie \u0111\u1ec3 gi\u00fap ch\u00fang t\u00f4i ph\u00e2n t\u00edch c\u00e1ch ng\u01b0\u1eddi d\u00f9ng s\u1eed d\u1ee5ng d\u1ecbch v\u1ee5 c\u1ee7a ch\u00fang t\u00f4i v\u00e0 c\u00e1c c\u00f4ng ngh\u1ec7 t\u01b0\u01a1ng t\u1ef1 (v\u00ed d\u1ee5: m\u00e3 \u0111\u1ecbnh danh thi\u1ebft b\u1ecb, th\u1ebb qu\u1ea3ng c\u00e1o) \u0111\u1ec3 nh\u1eadn d\u1ea1ng b\u1ea1n v\u00e0\/ho\u1eb7c thi\u1ebft b\u1ecb c\u1ee7a b\u1ea1n tr\u00ean, ngo\u00e0i v\u00e0 tr\u00ean nhi\u1ec1u thi\u1ebft b\u1ecb v\u00e0 d\u1ecbch v\u1ee5 kh\u00e1c nhau c\u1ee7a ch\u00fang t\u00f4i, c\u0169ng nh\u01b0 \u0111\u1ec3 c\u1ea3i thi\u1ec7n c\u00e1c d\u1ecbch v\u1ee5 ch\u00fang t\u00f4i cung c\u1ea5p, \u0111\u1ec3 c\u1ea3i thi\u1ec7n ho\u1ea1t \u0111\u1ed9ng ti\u1ebfp th\u1ecb, ph\u00e2n t\u00edch ho\u1eb7c ch\u1ee9c n\u0103ng c\u1ee7a trang web.<\/p>\n<p>&nbsp;<\/p>\n<h2>3. C\u00f3 nh\u1eefng lo\u1ea1i cookie n\u00e0o \u0111\u01b0\u1ee3c \u0111\u1eb7t?<\/h2>\n<p>Trong qu\u00e1 tr\u00ecnh duy\u1ec7t web c\u1ee7a b\u1ea1n, trang web c\u1ee7a ch\u00fang t\u00f4i c\u00f3 th\u1ec3 s\u1eed d\u1ee5ng c\u00e1c lo\u1ea1i cookie sau:<\/p>\n<ul>\n<li>cookie t\u00f9y ch\u1ec9nh giao di\u1ec7n ng\u01b0\u1eddi d\u00f9ng (t\u1ee9c l\u00e0 cookie ghi nh\u1edb s\u1edf th\u00edch c\u1ee7a b\u1ea1n);<\/li>\n<li>cookie x\u00e1c th\u1ef1c (t\u1ee9c l\u00e0 cookie cho ph\u00e9p b\u1ea1n r\u1eddi kh\u1ecfi v\u00e0 quay l\u1ea1i trang web c\u1ee7a ch\u00fang t\u00f4i m\u00e0 kh\u00f4ng c\u1ea7n ph\u1ea3i x\u00e1c th\u1ef1c l\u1ea1i);<\/li>\n<li>cookie tr\u00ecnh ph\u00e1t video (t\u1ee9c l\u00e0 cookie l\u01b0u tr\u1eef d\u1eef li\u1ec7u c\u1ea7n thi\u1ebft \u0111\u1ec3 ph\u00e1t l\u1ea1i n\u1ed9i dung video ho\u1eb7c \u00e2m thanh v\u00e0 l\u01b0u tr\u1eef t\u00f9y ch\u1ecdn c\u1ee7a b\u1ea1n);<\/li>\n<li>cookie ph\u00e2n t\u00edch c\u1ee7a b\u00ean th\u1ee9 nh\u1ea5t (t\u1ee9c l\u00e0 cookie ghi nh\u1edb c\u00e1c trang b\u1ea1n \u0111\u00e3 truy c\u1eadp v\u00e0 cung c\u1ea5p th\u00f4ng tin v\u1ec1 t\u01b0\u01a1ng t\u00e1c c\u1ee7a b\u1ea1n v\u1edbi c\u00e1c trang \u0111\u00f3); v\u00e0<\/li>\n<li>cookie ph\u00e2n t\u00edch c\u1ee7a b\u00ean th\u1ee9 ba (t\u1ee9c l\u00e0 cookie t\u1eeb c\u00e1c nh\u00e0 cung c\u1ea5p b\u00ean th\u1ee9 ba theo d\u00f5i s\u1ed1 li\u1ec7u th\u1ed1ng k\u00ea c\u1ee7a trang web c\u1ee7a ch\u00fang t\u00f4i v\u00e0 ng\u01b0\u1ee3c l\u1ea1i)<\/li>\n<\/ul>\n<p>&nbsp;<\/p>\n<h2>4. Ngo\u00e0i nh\u1eefng d\u1eef li\u1ec7u \u0111\u00e3 \u0111\u1ec1 c\u1eadp \u1edf tr\u00ean, c\u00f2n c\u00f3 d\u1eef li\u1ec7u n\u00e0o kh\u00e1c \u0111ang \u0111\u01b0\u1ee3c thu th\u1eadp kh\u00f4ng?<\/h2>\n<p>T\u01b0\u01a1ng t\u1ef1 nh\u01b0 v\u1eady, ch\u00fang t\u00f4i s\u1ebd theo d\u00f5i qu\u00e1 tr\u00ecnh c\u1ee7a b\u1ea1n tr\u00ean to\u00e0n b\u1ed9 trang web c\u1ee7a ch\u00fang t\u00f4i \u0111\u1ec3 x\u00e1c minh r\u1eb1ng b\u1ea1n kh\u00f4ng ph\u1ea3i l\u00e0 bot v\u00e0 \u0111\u1ec3 t\u1ed1i \u01b0u h\u00f3a c\u00e1c d\u1ecbch v\u1ee5 c\u1ee7a ch\u00fang t\u00f4i:<\/p>\n<ul>\n<li>th\u00f4ng tin li\u00ean quan \u0111\u1ebfn tr\u00ecnh duy\u1ec7t v\u00e0 thi\u1ebft b\u1ecb c\u1ee7a b\u1ea1n;<\/li>\n<li>d\u1eef li\u1ec7u thu th\u1eadp \u0111\u01b0\u1ee3c th\u00f4ng qua c\u00e1c t\u01b0\u01a1ng t\u00e1c \u0111i\u1ec7n t\u1eed t\u1ef1 \u0111\u1ed9ng;<\/li>\n<li>d\u1eef li\u1ec7u s\u1eed d\u1ee5ng \u1ee9ng d\u1ee5ng;<\/li>\n<li>th\u00f4ng tin th\u1ed1ng k\u00ea v\u1ec1 vi\u1ec7c b\u1ea1n s\u1eed d\u1ee5ng trang web c\u1ee7a ch\u00fang t\u00f4i.<\/li>\n<\/ul>\n<p>N\u1ebfu b\u1ea1n g\u1eedi email cho ch\u00fang t\u00f4i (v\u00ed d\u1ee5 \u0111\u1ec3 y\u00eau c\u1ea7u th\u00f4ng tin ho\u1eb7c cung c\u1ea5p ph\u1ea3n h\u1ed3i v\u1ec1 n\u1ed9i dung trang web), th\u00f4ng tin b\u1ea1n cung c\u1ea5p s\u1ebd ch\u1ec9 \u0111\u01b0\u1ee3c s\u1eed d\u1ee5ng \u0111\u1ec3 gi\u00fap ch\u00fang t\u00f4i thu th\u1eadp th\u00f4ng tin \u0111\u01b0\u1ee3c y\u00eau c\u1ea7u v\u00e0 tr\u1ea3 l\u1eddi tin nh\u1eafn c\u1ee7a b\u1ea1n.<\/p>\n<p>Khi b\u1ea1n truy c\u1eadp b\u1ea5t k\u1ef3 d\u1ecbch v\u1ee5 n\u00e0o c\u1ee7a ch\u00fang t\u00f4i, m\u00e1y ch\u1ee7 c\u1ee7a ch\u00fang t\u00f4i c\u0169ng s\u1ebd ghi l\u1ea1i \u0111\u1ecba ch\u1ec9 IP to\u00e0n c\u1ea7u c\u1ee7a b\u1ea1n, \u0111\u00e2y l\u00e0 s\u1ed1 \u0111\u01b0\u1ee3c t\u1ef1 \u0111\u1ed9ng g\u00e1n cho m\u1ea1ng m\u00e0 m\u00e1y t\u00ednh c\u1ee7a b\u1ea1n tham gia.<\/p>\n<h2><\/h2>\n<h2>5. D\u1eef li\u1ec7u \u0111\u01b0\u1ee3c thu th\u1eadp b\u1eb1ng cookie \u0111\u01b0\u1ee3c l\u01b0u gi\u1eef trong bao l\u00e2u?<\/h2>\n<p>Vi\u1ec7c x\u1eed l\u00fd d\u1eef li\u1ec7u c\u00e1 nh\u00e2n c\u1ee7a b\u1ea1n \u0111\u01b0\u1ee3c thu th\u1eadp b\u1edfi cookie d\u1ef1a tr\u00ean s\u1ef1 \u0111\u1ed3ng \u00fd c\u1ee7a b\u1ea1n, c\u00f3 th\u1ec3 \u0111\u01b0\u1ee3c r\u00fat l\u1ea1i b\u1ea5t k\u1ef3 l\u00fac n\u00e0o th\u00f4ng qua c\u00e0i \u0111\u1eb7t tr\u00ecnh duy\u1ec7t. N\u1ebfu b\u1ea1n ch\u1ea5p nh\u1eadn cookie tr\u00ean trang web c\u1ee7a ch\u00fang t\u00f4i, ch\u00fang t\u00f4i s\u1ebd thu th\u1eadp v\u00e0 x\u1eed l\u00fd d\u1eef li\u1ec7u c\u00e1 nh\u00e2n c\u1ee7a b\u1ea1n trong th\u1eddi h\u1ea1n 26 th\u00e1ng. T\u1ea5t c\u1ea3 cookie c\u1ed1 \u0111\u1ecbnh s\u1ebd b\u1ecb x\u00f3a kh\u1ecfi thi\u1ebft b\u1ecb c\u1ee7a b\u1ea1n sau khi h\u1ebft th\u1eddi h\u1ea1n n\u00e0y v\u00e0 ch\u00fang t\u00f4i s\u1ebd kh\u00f4ng x\u1eed l\u00fd d\u1eef li\u1ec7u c\u00e1 nh\u00e2n c\u1ee7a b\u1ea1n n\u1eefa.<\/p>\n<h2><\/h2>\n<h2>6. L\u00e0m th\u1ebf n\u00e0o \u0111\u1ec3 thay \u0111\u1ed5i c\u00e0i \u0111\u1eb7t cookie?<\/h2>\n<p>H\u1ea7u h\u1ebft c\u00e1c tr\u00ecnh duy\u1ec7t web \u0111\u1ec1u cho ph\u00e9p ki\u1ec3m so\u00e1t m\u1ed9t s\u1ed1 cookie th\u00f4ng qua c\u00e0i \u0111\u1eb7t tr\u00ecnh duy\u1ec7t. \u0110\u1ec3 t\u00ecm hi\u1ec3u th\u00eam v\u1ec1 cookie, bao g\u1ed3m c\u00e1ch xem cookie n\u00e0o \u0111\u00e3 \u0111\u01b0\u1ee3c \u0111\u1eb7t v\u00e0 c\u00e1ch qu\u1ea3n l\u00fd v\u00e0 x\u00f3a ch\u00fang, h\u00e3y truy c\u1eadp <a href=\"http:\/\/www.aboutcookies.org\" target=\"_blank\" rel=\"noopener noreferrer\">www.aboutcookies.org<\/a> ho\u1eb7c <a href=\"http:\/\/www.allaboutcookies.org\" target=\"_blank\" rel=\"noopener noreferrer\">www.allaboutcookies.org<\/a>.<\/p>\n<p>\u0110\u1ec3 t\u1eeb ch\u1ed1i b\u1ecb Google Analytics theo d\u00f5i tr\u00ean t\u1ea5t c\u1ea3 c\u00e1c trang web, h\u00e3y truy c\u1eadp <a href=\"http:\/\/tools.google.com\/dlpage\/gaoptout\" target=\"_blank\" rel=\"noopener noreferrer\">http:\/\/tools.google.com\/dlpage\/gaoptout<\/a>. Xin l\u01b0u \u00fd r\u1eb1ng n\u1ebfu b\u1ea1n kh\u00f4ng c\u1ea5u h\u00ecnh tr\u00ecnh duy\u1ec7t c\u1ee7a m\u00ecnh, b\u1ea1n s\u1ebd ch\u1ea5p nh\u1eadn cookie do trang web n\u00e0y cung c\u1ea5p.<\/p>\n<p>&nbsp;<\/p>\n<h2>7. Li\u00ean k\u1ebft \u0111\u1ebfn c\u00e1c trang web b\u00ean ngo\u00e0i<\/h2>\n<p>Ch\u00fang t\u00f4i c\u00f3 th\u1ec3 tham kh\u1ea3o ho\u1eb7c thi\u1ebft l\u1eadp quan h\u1ec7 v\u1edbi c\u00e1c c\u00f4ng ty, t\u1ed5 ch\u1ee9c v\u00e0 c\u01a1 quan c\u00f4ng c\u1ed9ng kh\u00e1c cho ph\u00e9p b\u1ea1n truy c\u1eadp tr\u1ef1c ti\u1ebfp v\u00e0o trang web c\u1ee7a h\u1ecd t\u1eeb trang web c\u1ee7a ch\u00fang t\u00f4i. M\u1ed7i c\u00f4ng ty, t\u1ed5 ch\u1ee9c v\u00e0 c\u01a1 quan c\u00f4ng c\u1ed9ng s\u1ebd v\u1eadn h\u00e0nh ch\u00ednh s\u00e1ch ri\u00eang c\u1ee7a m\u00ecnh li\u00ean quan \u0111\u1ebfn vi\u1ec7c s\u1eed d\u1ee5ng cookie v\u00e0 thu th\u1eadp v\u00e0 s\u1eed d\u1ee5ng th\u00f4ng tin. N\u1ebfu b\u1ea1n c\u00f3 b\u1ea5t k\u1ef3 m\u1ed1i quan t\u00e2m n\u00e0o v\u1ec1 c\u00e1ch d\u1eef li\u1ec7u c\u1ee7a b\u1ea1n s\u1ebd \u0111\u01b0\u1ee3c s\u1eed d\u1ee5ng, ch\u00fang t\u00f4i khuy\u00ean b\u1ea1n n\u00ean tham kh\u1ea3o c\u00e1c tuy\u00ean b\u1ed1 v\u1ec1 quy\u1ec1n ri\u00eang t\u01b0 tr\u00ean c\u00e1c trang web c\u00f3 li\u00ean quan.<\/p>\n<p>CTP s\u1ebd c\u1ed1 g\u1eafng cung c\u1ea5p cho b\u1ea1n c\u00e1c li\u00ean k\u1ebft \u0111\u1ebfn c\u00e1c trang web uy t\u00edn, ch\u1ea5t l\u01b0\u1ee3ng cao m\u00e0 ch\u00fang t\u00f4i ngh\u0129 s\u1ebd h\u1eefu \u00edch v\u00e0 c\u00f3 li\u00ean quan \u0111\u1ebfn b\u1ea1n. Tuy nhi\u00ean, xin l\u01b0u \u00fd r\u1eb1ng ch\u00fang t\u00f4i kh\u00f4ng ch\u1ecbu tr\u00e1ch nhi\u1ec7m v\u1ec1 n\u1ed9i dung c\u1ee7a c\u00e1c trang web \u0111\u00f3 v\u00e0 kh\u00f4ng th\u1ec3 ch\u1ecbu tr\u00e1ch nhi\u1ec7m v\u1ec1 b\u1ea5t k\u1ef3 v\u1ea5n \u0111\u1ec1 n\u00e0o ph\u00e1t sinh li\u00ean quan \u0111\u1ebfn vi\u1ec7c b\u00ean th\u1ee9 ba s\u1eed d\u1ee5ng d\u1eef li\u1ec7u c\u1ee7a b\u1ea1n, n\u1ed9i dung trang web ho\u1eb7c c\u00e1c d\u1ecbch v\u1ee5 m\u00e0 c\u00e1c trang web n\u00e0y cung c\u1ea5p cho b\u1ea1n.<\/p>\n<h2><\/h2>\n<h2>8. Google Analytics<\/h2>\n<p>Trang web n\u00e0y s\u1eed d\u1ee5ng Google Analytics, m\u1ed9t d\u1ecbch v\u1ee5 ph\u00e2n t\u00edch web do Google, Inc. (\u201cGoogle\u201d) cung c\u1ea5p. Google Analytics s\u1eed d\u1ee5ng cookie (t\u1ec7p v\u0103n b\u1ea3n \u0111\u01b0\u1ee3c \u0111\u1eb7t tr\u00ean m\u00e1y t\u00ednh c\u1ee7a b\u1ea1n) \u0111\u1ec3 gi\u00fap c\u00e1c nh\u00e0 \u0111i\u1ec1u h\u00e0nh trang web ph\u00e2n t\u00edch c\u00e1ch ng\u01b0\u1eddi d\u00f9ng s\u1eed d\u1ee5ng trang web. Th\u00f4ng tin do cookie t\u1ea1o ra v\u1ec1 vi\u1ec7c b\u1ea1n s\u1eed d\u1ee5ng trang web n\u00e0y (bao g\u1ed3m \u0111\u1ecba ch\u1ec9 IP c\u1ee7a b\u1ea1n) s\u1ebd \u0111\u01b0\u1ee3c truy\u1ec1n \u0111\u1ebfn v\u00e0 l\u01b0u tr\u1eef b\u1edfi Google tr\u00ean c\u00e1c m\u00e1y ch\u1ee7 t\u1ea1i Hoa K\u1ef3. Google s\u1ebd s\u1eed d\u1ee5ng th\u00f4ng tin n\u00e0y cho m\u1ee5c \u0111\u00edch \u0111\u00e1nh gi\u00e1 vi\u1ec7c b\u1ea1n s\u1eed d\u1ee5ng trang web, bi\u00ean so\u1ea1n b\u00e1o c\u00e1o v\u1ec1 ho\u1ea1t \u0111\u1ed9ng c\u1ee7a trang web cho c\u00e1c nh\u00e0 \u0111i\u1ec1u h\u00e0nh trang web v\u00e0 cung c\u1ea5p c\u00e1c d\u1ecbch v\u1ee5 kh\u00e1c li\u00ean quan \u0111\u1ebfn ho\u1ea1t \u0111\u1ed9ng c\u1ee7a trang web v\u00e0 vi\u1ec7c s\u1eed d\u1ee5ng internet. Google c\u0169ng c\u00f3 th\u1ec3 chuy\u1ec3n th\u00f4ng tin n\u00e0y cho b\u00ean th\u1ee9 ba khi lu\u1eadt ph\u00e1p y\u00eau c\u1ea7u ho\u1eb7c khi b\u00ean th\u1ee9 ba \u0111\u00f3 x\u1eed l\u00fd th\u00f4ng tin thay m\u1eb7t cho Google. Google s\u1ebd kh\u00f4ng li\u00ean k\u1ebft \u0111\u1ecba ch\u1ec9 IP c\u1ee7a b\u1ea1n v\u1edbi b\u1ea5t k\u1ef3 d\u1eef li\u1ec7u n\u00e0o kh\u00e1c do Google n\u1eafm gi\u1eef. B\u1eb1ng c\u00e1ch s\u1eed d\u1ee5ng trang web n\u00e0y, b\u1ea1n \u0111\u1ed3ng \u00fd v\u1edbi vi\u1ec7c Google x\u1eed l\u00fd d\u1eef li\u1ec7u v\u1ec1 b\u1ea1n theo c\u00e1ch th\u1ee9c v\u00e0 cho c\u00e1c m\u1ee5c \u0111\u00edch n\u00eau tr\u00ean. Ch\u00fang t\u00f4i kh\u00f4ng th\u1ef1c hi\u1ec7n v\u00e0 kh\u00f4ng cho ph\u00e9p Google th\u1ef1c hi\u1ec7n b\u1ea5t k\u1ef3 n\u1ed7 l\u1ef1c n\u00e0o \u0111\u1ec3 t\u00ecm ra danh t\u00ednh c\u1ee7a nh\u1eefng ng\u01b0\u1eddi truy c\u1eadp trang web c\u1ee7a ch\u00fang t\u00f4i.<\/p>\n<\/div>","protected":false},"excerpt":{"rendered":"<p>V\u1edbi n\u1ed7 l\u1ef1c \u0111\u1ea3m b\u1ea3o b\u1ea1n c\u00f3 \u0111\u01b0\u1ee3c tr\u1ea3i nghi\u1ec7m t\u1ed1t nh\u1ea5t, trang web CTP Invest, spol. s ro (\u201cCTP\u201d ho\u1eb7c \u201cch\u00fang t\u00f4i\u201d)<\/p>","protected":false},"author":67,"featured_media":0,"parent":6125,"menu_order":0,"comment_status":"closed","ping_status":"closed","template":"","meta":{"_acf_changed":false,"footnotes":""},"class_list":["post-6064","page","type-page","status-publish","hentry"],"acf":[],"yoast_head":"<title>CTP website Cookie Policy - Commercial Real Estate Developer And Manager<\/title>\n<meta name=\"robots\" content=\"index, follow, max-snippet:-1, max-image-preview:large, max-video-preview:-1\" \/>\n<link rel=\"canonical\" href=\"https:\/\/ctp.eu\/vi\/ctp-policies\/ctp-website-cookie-policy\/\" \/>\n<meta property=\"og:locale\" content=\"vi_VN\" \/>\n<meta property=\"og:type\" content=\"article\" \/>\n<meta property=\"og:title\" content=\"CTP website Cookie Policy\" \/>\n<meta property=\"og:description\" content=\"With the endeavor to ensure you get the best experience, the CTP Invest, spol. s r.o. (\u201cCTP\u201d or \u201cwe\u201d) website\" \/>\n<meta property=\"og:url\" content=\"https:\/\/ctp.eu\/vi\/ctp-policies\/ctp-website-cookie-policy\/\" \/>\n<meta property=\"og:site_name\" content=\"Commercial Real Estate Developer And Manager\" \/>\n<meta property=\"article:modified_time\" content=\"2020-08-28T10:59:01+00:00\" \/>\n<meta name=\"twitter:card\" content=\"summary_large_image\" \/>\n<meta name=\"twitter:label1\" content=\"\u01af\u1edbc t\u00ednh th\u1eddi gian \u0111\u1ecdc\" \/>\n\t<meta name=\"twitter:data1\" content=\"5 ph\u00fat\" \/>\n<script type=\"application\/ld+json\" class=\"yoast-schema-graph\">{\"@context\":\"https:\/\/schema.org\",\"@graph\":[{\"@type\":\"WebPage\",\"@id\":\"https:\/\/ctp.eu\/ctp-policies\/ctp-website-cookie-policy\/\",\"url\":\"https:\/\/ctp.eu\/ctp-policies\/ctp-website-cookie-policy\/\",\"name\":\"CTP website Cookie Policy - Commercial Real Estate Developer And Manager\",\"isPartOf\":{\"@id\":\"https:\/\/ctp.eu\/#website\"},\"datePublished\":\"2019-08-06T13:20:45+00:00\",\"dateModified\":\"2020-08-28T10:59:01+00:00\",\"breadcrumb\":{\"@id\":\"https:\/\/ctp.eu\/ctp-policies\/ctp-website-cookie-policy\/#breadcrumb\"},\"inLanguage\":\"vi\",\"potentialAction\":[{\"@type\":\"ReadAction\",\"target\":[\"https:\/\/ctp.eu\/ctp-policies\/ctp-website-cookie-policy\/\"]}]},{\"@type\":\"BreadcrumbList\",\"@id\":\"https:\/\/ctp.eu\/ctp-policies\/ctp-website-cookie-policy\/#breadcrumb\",\"itemListElement\":[{\"@type\":\"ListItem\",\"position\":1,\"name\":\"Home\",\"item\":\"https:\/\/ctp.eu\/\"},{\"@type\":\"ListItem\",\"position\":2,\"name\":\"CTP Policies\",\"item\":\"https:\/\/ctp.eu\/ctp-policies\/\"},{\"@type\":\"ListItem\",\"position\":3,\"name\":\"CTP website Cookie Policy\"}]},{\"@type\":\"WebSite\",\"@id\":\"https:\/\/ctp.eu\/#website\",\"url\":\"https:\/\/ctp.eu\/\",\"name\":\"Commercial Real Estate Developer And Manager\",\"description\":\"CTP - premium industrial warehouse and office buildings\",\"publisher\":{\"@id\":\"https:\/\/ctp.eu\/#organization\"},\"potentialAction\":[{\"@type\":\"SearchAction\",\"target\":{\"@type\":\"EntryPoint\",\"urlTemplate\":\"https:\/\/ctp.eu\/?s={search_term_string}\"},\"query-input\":{\"@type\":\"PropertyValueSpecification\",\"valueRequired\":true,\"valueName\":\"search_term_string\"}}],\"inLanguage\":\"vi\"},{\"@type\":\"Organization\",\"@id\":\"https:\/\/ctp.eu\/#organization\",\"name\":\"CTP\",\"url\":\"https:\/\/ctp.eu\/\",\"logo\":{\"@type\":\"ImageObject\",\"inLanguage\":\"vi\",\"@id\":\"https:\/\/ctp.eu\/#\/schema\/logo\/image\/\",\"url\":\"\",\"contentUrl\":\"\",\"caption\":\"CTP\"},\"image\":{\"@id\":\"https:\/\/ctp.eu\/#\/schema\/logo\/image\/\"}}]}<\/script>","yoast_head_json":{"title":"Ch\u00ednh s\u00e1ch Cookie c\u1ee7a trang web CTP - Nh\u00e0 ph\u00e1t tri\u1ec3n v\u00e0 qu\u1ea3n l\u00fd b\u1ea5t \u0111\u1ed9ng s\u1ea3n th\u01b0\u01a1ng m\u1ea1i","robots":{"index":"index","follow":"follow","max-snippet":"max-snippet:-1","max-image-preview":"max-image-preview:large","max-video-preview":"max-video-preview:-1"},"canonical":"https:\/\/ctp.eu\/vi\/ctp-policies\/ctp-website-cookie-policy\/","og_locale":"vi_VN","og_type":"article","og_title":"CTP website Cookie Policy","og_description":"With the endeavor to ensure you get the best experience, the CTP Invest, spol. s r.o. (\u201cCTP\u201d or \u201cwe\u201d) website","og_url":"https:\/\/ctp.eu\/vi\/ctp-policies\/ctp-website-cookie-policy\/","og_site_name":"Commercial Real Estate Developer And Manager","article_modified_time":"2020-08-28T10:59:01+00:00","twitter_card":"summary_large_image","twitter_misc":{"\u01af\u1edbc t\u00ednh th\u1eddi gian \u0111\u1ecdc":"5 ph\u00fat"},"schema":{"@context":"https:\/\/schema.org","@graph":[{"@type":"WebPage","@id":"https:\/\/ctp.eu\/ctp-policies\/ctp-website-cookie-policy\/","url":"https:\/\/ctp.eu\/ctp-policies\/ctp-website-cookie-policy\/","name":"Ch\u00ednh s\u00e1ch Cookie c\u1ee7a trang web CTP - Nh\u00e0 ph\u00e1t tri\u1ec3n v\u00e0 qu\u1ea3n l\u00fd b\u1ea5t \u0111\u1ed9ng s\u1ea3n th\u01b0\u01a1ng m\u1ea1i","isPartOf":{"@id":"https:\/\/ctp.eu\/#website"},"datePublished":"2019-08-06T13:20:45+00:00","dateModified":"2020-08-28T10:59:01+00:00","breadcrumb":{"@id":"https:\/\/ctp.eu\/ctp-policies\/ctp-website-cookie-policy\/#breadcrumb"},"inLanguage":"vi","potentialAction":[{"@type":"ReadAction","target":["https:\/\/ctp.eu\/ctp-policies\/ctp-website-cookie-policy\/"]}]},{"@type":"BreadcrumbList","@id":"https:\/\/ctp.eu\/ctp-policies\/ctp-website-cookie-policy\/#breadcrumb","itemListElement":[{"@type":"ListItem","position":1,"name":"Home","item":"https:\/\/ctp.eu\/"},{"@type":"ListItem","position":2,"name":"CTP Policies","item":"https:\/\/ctp.eu\/ctp-policies\/"},{"@type":"ListItem","position":3,"name":"CTP website Cookie Policy"}]},{"@type":"WebSite","@id":"https:\/\/ctp.eu\/#website","url":"https:\/\/ctp.eu\/","name":"Nh\u00e0 ph\u00e1t tri\u1ec3n v\u00e0 qu\u1ea3n l\u00fd b\u1ea5t \u0111\u1ed9ng s\u1ea3n th\u01b0\u01a1ng m\u1ea1i","description":"CTP - t\u00f2a nh\u00e0 v\u0103n ph\u00f2ng v\u00e0 kho c\u00f4ng nghi\u1ec7p cao c\u1ea5p","publisher":{"@id":"https:\/\/ctp.eu\/#organization"},"potentialAction":[{"@type":"SearchAction","target":{"@type":"EntryPoint","urlTemplate":"https:\/\/ctp.eu\/?s={search_term_string}"},"query-input":{"@type":"PropertyValueSpecification","valueRequired":true,"valueName":"search_term_string"}}],"inLanguage":"vi"},{"@type":"Organization","@id":"https:\/\/ctp.eu\/#organization","name":"CTP","url":"https:\/\/ctp.eu\/","logo":{"@type":"ImageObject","inLanguage":"vi","@id":"https:\/\/ctp.eu\/#\/schema\/logo\/image\/","url":"","contentUrl":"","caption":"CTP"},"image":{"@id":"https:\/\/ctp.eu\/#\/schema\/logo\/image\/"}}]}},"_links":{"self":[{"href":"https:\/\/ctp.eu\/vi\/wp-json\/wp\/v2\/pages\/6064","targetHints":{"allow":["GET"]}}],"collection":[{"href":"https:\/\/ctp.eu\/vi\/wp-json\/wp\/v2\/pages"}],"about":[{"href":"https:\/\/ctp.eu\/vi\/wp-json\/wp\/v2\/types\/page"}],"author":[{"embeddable":true,"href":"https:\/\/ctp.eu\/vi\/wp-json\/wp\/v2\/users\/67"}],"replies":[{"embeddable":true,"href":"https:\/\/ctp.eu\/vi\/wp-json\/wp\/v2\/comments?post=6064"}],"version-history":[{"count":0,"href":"https:\/\/ctp.eu\/vi\/wp-json\/wp\/v2\/pages\/6064\/revisions"}],"up":[{"embeddable":true,"href":"https:\/\/ctp.eu\/vi\/wp-json\/wp\/v2\/pages\/6125"}],"wp:attachment":[{"href":"https:\/\/ctp.eu\/vi\/wp-json\/wp\/v2\/media?parent=6064"}],"curies":[{"name":"wp","href":"https:\/\/api.w.org\/{rel}","templated":true}]}}