{"id":33817,"date":"2021-11-15T17:42:43","date_gmt":"2021-11-15T15:42:43","guid":{"rendered":"https:\/\/www.ctp.eu\/?page_id=33817"},"modified":"2024-08-26T14:50:10","modified_gmt":"2024-08-26T12:50:10","slug":"vienna","status":"publish","type":"page","link":"https:\/\/ctp.eu\/vi\/regions\/vienna\/","title":{"rendered":"Vi\u00ean"},"content":{"rendered":"","protected":false},"excerpt":{"rendered":"","protected":false},"author":22,"featured_media":0,"parent":9638,"menu_order":0,"comment_status":"closed","ping_status":"closed","template":"region-details.php","meta":{"_acf_changed":false,"footnotes":""},"class_list":["post-33817","page","type-page","status-publish","hentry"],"acf":[],"yoast_head":"<title>Vienna - Commercial Real Estate Developer And Manager<\/title>\n<meta name=\"description\" content=\"Austria\u2019s capital is often thought of just for its rich cultural history, but it is also a vital economic hub in Central Europe. It often ranks as the most livable city in the world by indexes by the Economist and Mercer, which is a testament to factors such as its ease of mobility, infrastructure, political stability, and progress. Beyond its strong education ...\u00a0\" \/>\n<meta name=\"robots\" content=\"index, follow, max-snippet:-1, max-image-preview:large, max-video-preview:-1\" \/>\n<link rel=\"canonical\" href=\"https:\/\/ctp.eu\/vi\/regions\/vienna\/\" \/>\n<meta property=\"og:locale\" content=\"vi_VN\" \/>\n<meta property=\"og:type\" content=\"article\" \/>\n<meta property=\"og:title\" content=\"Vienna\" \/>\n<meta property=\"og:description\" content=\"Austria\u2019s capital is often thought of just for its rich cultural history, but it is also a vital economic hub in Central Europe. It often ranks as the most livable city in the world by indexes by the Economist and Mercer, which is a testament to factors such as its ease of mobility, infrastructure, political stability, and progress. Beyond its strong education ...\u00a0\" \/>\n<meta property=\"og:url\" content=\"https:\/\/ctp.eu\/vi\/regions\/vienna\/\" \/>\n<meta property=\"og:site_name\" content=\"Commercial Real Estate Developer And Manager\" \/>\n<meta property=\"article:modified_time\" content=\"2024-08-26T12:50:10+00:00\" \/>\n<meta name=\"twitter:card\" content=\"summary_large_image\" \/>\n<script type=\"application\/ld+json\" class=\"yoast-schema-graph\">{\"@context\":\"https:\/\/schema.org\",\"@graph\":[{\"@type\":\"WebPage\",\"@id\":\"https:\/\/ctp.eu\/regions\/vienna\/\",\"url\":\"https:\/\/ctp.eu\/regions\/vienna\/\",\"name\":\"Vienna - Commercial Real Estate Developer And Manager\",\"isPartOf\":{\"@id\":\"https:\/\/ctp.eu\/#website\"},\"datePublished\":\"2021-11-15T15:42:43+00:00\",\"dateModified\":\"2024-08-26T12:50:10+00:00\",\"description\":\"Austria\u2019s capital is often thought of just for its rich cultural history, but it is also a vital economic hub in Central Europe. It often ranks as the most livable city in the world by indexes by the Economist and Mercer, which is a testament to factors such as its ease of mobility, infrastructure, political stability, and progress. Beyond its strong education ...\u00a0\",\"breadcrumb\":{\"@id\":\"https:\/\/ctp.eu\/regions\/vienna\/#breadcrumb\"},\"inLanguage\":\"vi\",\"potentialAction\":[{\"@type\":\"ReadAction\",\"target\":[\"https:\/\/ctp.eu\/regions\/vienna\/\"]}]},{\"@type\":\"BreadcrumbList\",\"@id\":\"https:\/\/ctp.eu\/regions\/vienna\/#breadcrumb\",\"itemListElement\":[{\"@type\":\"ListItem\",\"position\":1,\"name\":\"Home\",\"item\":\"https:\/\/ctp.eu\/\"},{\"@type\":\"ListItem\",\"position\":2,\"name\":\"Hot Regions\",\"item\":\"https:\/\/ctp.eu\/regions\/\"},{\"@type\":\"ListItem\",\"position\":3,\"name\":\"Vienna\"}]},{\"@type\":\"WebSite\",\"@id\":\"https:\/\/ctp.eu\/#website\",\"url\":\"https:\/\/ctp.eu\/\",\"name\":\"Commercial Real Estate Developer And Manager\",\"description\":\"CTP - premium industrial warehouse and office buildings\",\"publisher\":{\"@id\":\"https:\/\/ctp.eu\/#organization\"},\"potentialAction\":[{\"@type\":\"SearchAction\",\"target\":{\"@type\":\"EntryPoint\",\"urlTemplate\":\"https:\/\/ctp.eu\/?s={search_term_string}\"},\"query-input\":{\"@type\":\"PropertyValueSpecification\",\"valueRequired\":true,\"valueName\":\"search_term_string\"}}],\"inLanguage\":\"vi\"},{\"@type\":\"Organization\",\"@id\":\"https:\/\/ctp.eu\/#organization\",\"name\":\"CTP\",\"url\":\"https:\/\/ctp.eu\/\",\"logo\":{\"@type\":\"ImageObject\",\"inLanguage\":\"vi\",\"@id\":\"https:\/\/ctp.eu\/#\/schema\/logo\/image\/\",\"url\":\"\",\"contentUrl\":\"\",\"caption\":\"CTP\"},\"image\":{\"@id\":\"https:\/\/ctp.eu\/#\/schema\/logo\/image\/\"}}]}<\/script>","yoast_head_json":{"title":"Vienna - Nh\u00e0 ph\u00e1t tri\u1ec3n v\u00e0 qu\u1ea3n l\u00fd b\u1ea5t \u0111\u1ed9ng s\u1ea3n th\u01b0\u01a1ng m\u1ea1i","description":"Th\u1ee7 \u0111\u00f4 c\u1ee7a \u00c1o th\u01b0\u1eddng \u0111\u01b0\u1ee3c ngh\u0129 \u0111\u1ebfn ch\u1ec9 v\u00ec l\u1ecbch s\u1eed v\u0103n h\u00f3a phong ph\u00fa c\u1ee7a n\u00f3, nh\u01b0ng n\u00f3 c\u0169ng l\u00e0 m\u1ed9t trung t\u00e2m kinh t\u1ebf quan tr\u1ecdng \u1edf Trung \u00c2u. N\u00f3 th\u01b0\u1eddng \u0111\u01b0\u1ee3c x\u1ebfp h\u1ea1ng l\u00e0 th\u00e0nh ph\u1ed1 \u0111\u00e1ng s\u1ed1ng nh\u1ea5t tr\u00ean th\u1ebf gi\u1edbi theo c\u00e1c ch\u1ec9 s\u1ed1 c\u1ee7a Economist v\u00e0 Mercer, \u0111\u00e2y l\u00e0 minh ch\u1ee9ng cho c\u00e1c y\u1ebfu t\u1ed1 nh\u01b0 t\u00ednh d\u1ec5 di chuy\u1ec3n, c\u01a1 s\u1edf h\u1ea1 t\u1ea7ng, s\u1ef1 \u1ed5n \u0111\u1ecbnh ch\u00ednh tr\u1ecb v\u00e0 ti\u1ebfn b\u1ed9. Ngo\u00e0i n\u1ec1n gi\u00e1o d\u1ee5c m\u1ea1nh m\u1ebd c\u1ee7a n\u00f3 ...\u00a0","robots":{"index":"index","follow":"follow","max-snippet":"max-snippet:-1","max-image-preview":"max-image-preview:large","max-video-preview":"max-video-preview:-1"},"canonical":"https:\/\/ctp.eu\/vi\/regions\/vienna\/","og_locale":"vi_VN","og_type":"article","og_title":"Vienna","og_description":"Austria\u2019s capital is often thought of just for its rich cultural history, but it is also a vital economic hub in Central Europe. It often ranks as the most livable city in the world by indexes by the Economist and Mercer, which is a testament to factors such as its ease of mobility, infrastructure, political stability, and progress. Beyond its strong education ...\u00a0","og_url":"https:\/\/ctp.eu\/vi\/regions\/vienna\/","og_site_name":"Commercial Real Estate Developer And Manager","article_modified_time":"2024-08-26T12:50:10+00:00","twitter_card":"summary_large_image","schema":{"@context":"https:\/\/schema.org","@graph":[{"@type":"WebPage","@id":"https:\/\/ctp.eu\/regions\/vienna\/","url":"https:\/\/ctp.eu\/regions\/vienna\/","name":"Vienna - Nh\u00e0 ph\u00e1t tri\u1ec3n v\u00e0 qu\u1ea3n l\u00fd b\u1ea5t \u0111\u1ed9ng s\u1ea3n th\u01b0\u01a1ng m\u1ea1i","isPartOf":{"@id":"https:\/\/ctp.eu\/#website"},"datePublished":"2021-11-15T15:42:43+00:00","dateModified":"2024-08-26T12:50:10+00:00","description":"Th\u1ee7 \u0111\u00f4 c\u1ee7a \u00c1o th\u01b0\u1eddng \u0111\u01b0\u1ee3c ngh\u0129 \u0111\u1ebfn ch\u1ec9 v\u00ec l\u1ecbch s\u1eed v\u0103n h\u00f3a phong ph\u00fa c\u1ee7a n\u00f3, nh\u01b0ng n\u00f3 c\u0169ng l\u00e0 m\u1ed9t trung t\u00e2m kinh t\u1ebf quan tr\u1ecdng \u1edf Trung \u00c2u. N\u00f3 th\u01b0\u1eddng \u0111\u01b0\u1ee3c x\u1ebfp h\u1ea1ng l\u00e0 th\u00e0nh ph\u1ed1 \u0111\u00e1ng s\u1ed1ng nh\u1ea5t tr\u00ean th\u1ebf gi\u1edbi theo c\u00e1c ch\u1ec9 s\u1ed1 c\u1ee7a Economist v\u00e0 Mercer, \u0111\u00e2y l\u00e0 minh ch\u1ee9ng cho c\u00e1c y\u1ebfu t\u1ed1 nh\u01b0 t\u00ednh d\u1ec5 di chuy\u1ec3n, c\u01a1 s\u1edf h\u1ea1 t\u1ea7ng, s\u1ef1 \u1ed5n \u0111\u1ecbnh ch\u00ednh tr\u1ecb v\u00e0 ti\u1ebfn b\u1ed9. Ngo\u00e0i n\u1ec1n gi\u00e1o d\u1ee5c m\u1ea1nh m\u1ebd c\u1ee7a n\u00f3 ...\u00a0","breadcrumb":{"@id":"https:\/\/ctp.eu\/regions\/vienna\/#breadcrumb"},"inLanguage":"vi","potentialAction":[{"@type":"ReadAction","target":["https:\/\/ctp.eu\/regions\/vienna\/"]}]},{"@type":"BreadcrumbList","@id":"https:\/\/ctp.eu\/regions\/vienna\/#breadcrumb","itemListElement":[{"@type":"ListItem","position":1,"name":"Home","item":"https:\/\/ctp.eu\/"},{"@type":"ListItem","position":2,"name":"Hot Regions","item":"https:\/\/ctp.eu\/regions\/"},{"@type":"ListItem","position":3,"name":"Vienna"}]},{"@type":"WebSite","@id":"https:\/\/ctp.eu\/#website","url":"https:\/\/ctp.eu\/","name":"Nh\u00e0 ph\u00e1t tri\u1ec3n v\u00e0 qu\u1ea3n l\u00fd b\u1ea5t \u0111\u1ed9ng s\u1ea3n th\u01b0\u01a1ng m\u1ea1i","description":"CTP - t\u00f2a nh\u00e0 v\u0103n ph\u00f2ng v\u00e0 kho c\u00f4ng nghi\u1ec7p cao c\u1ea5p","publisher":{"@id":"https:\/\/ctp.eu\/#organization"},"potentialAction":[{"@type":"SearchAction","target":{"@type":"EntryPoint","urlTemplate":"https:\/\/ctp.eu\/?s={search_term_string}"},"query-input":{"@type":"PropertyValueSpecification","valueRequired":true,"valueName":"search_term_string"}}],"inLanguage":"vi"},{"@type":"Organization","@id":"https:\/\/ctp.eu\/#organization","name":"CTP","url":"https:\/\/ctp.eu\/","logo":{"@type":"ImageObject","inLanguage":"vi","@id":"https:\/\/ctp.eu\/#\/schema\/logo\/image\/","url":"","contentUrl":"","caption":"CTP"},"image":{"@id":"https:\/\/ctp.eu\/#\/schema\/logo\/image\/"}}]}},"_links":{"self":[{"href":"https:\/\/ctp.eu\/vi\/wp-json\/wp\/v2\/pages\/33817","targetHints":{"allow":["GET"]}}],"collection":[{"href":"https:\/\/ctp.eu\/vi\/wp-json\/wp\/v2\/pages"}],"about":[{"href":"https:\/\/ctp.eu\/vi\/wp-json\/wp\/v2\/types\/page"}],"author":[{"embeddable":true,"href":"https:\/\/ctp.eu\/vi\/wp-json\/wp\/v2\/users\/22"}],"replies":[{"embeddable":true,"href":"https:\/\/ctp.eu\/vi\/wp-json\/wp\/v2\/comments?post=33817"}],"version-history":[{"count":1,"href":"https:\/\/ctp.eu\/vi\/wp-json\/wp\/v2\/pages\/33817\/revisions"}],"predecessor-version":[{"id":96736,"href":"https:\/\/ctp.eu\/vi\/wp-json\/wp\/v2\/pages\/33817\/revisions\/96736"}],"up":[{"embeddable":true,"href":"https:\/\/ctp.eu\/vi\/wp-json\/wp\/v2\/pages\/9638"}],"wp:attachment":[{"href":"https:\/\/ctp.eu\/vi\/wp-json\/wp\/v2\/media?parent=33817"}],"curies":[{"name":"wp","href":"https:\/\/api.w.org\/{rel}","templated":true}]}}