{"id":2001,"date":"2018-05-10T13:17:39","date_gmt":"2018-05-10T13:17:39","guid":{"rendered":"https:\/\/www.ctp.eu\/?page_id=2001"},"modified":"2020-08-28T10:58:58","modified_gmt":"2020-08-28T10:58:58","slug":"consent-to-the-processing-of-personal-data","status":"publish","type":"page","link":"https:\/\/ctp.eu\/vi\/ctp-policies\/consent-to-the-processing-of-personal-data\/","title":{"rendered":"\u0110\u1ed3ng \u00fd x\u1eed l\u00fd d\u1eef li\u1ec7u c\u00e1 nh\u00e2n"},"content":{"rendered":"<div class=\"policy\">\n<p><strong>Th\u00f4ng b\u00e1o v\u1ec1 quy\u1ec1n ri\u00eang t\u01b0<\/strong><\/p>\n<p>Th\u00f4ng b\u00e1o v\u1ec1 quy\u1ec1n ri\u00eang t\u01b0 n\u00e0y \u00e1p d\u1ee5ng cho vi\u1ec7c tu\u00e2n th\u1ee7 quy\u1ec1n ri\u00eang t\u01b0 theo quan \u0111i\u1ec3m b\u1ea3o v\u1ec7 d\u1eef li\u1ec7u c\u00e1 nh\u00e2n li\u00ean quan \u0111\u1ebfn trang web n\u00e0y do <strong>CTP \u0111\u1ea7u t\u01b0, spol. sro<\/strong>, c\u00f3 tr\u1ee5 s\u1edf \u0111\u0103ng k\u00fd t\u1ea1i CTPark Humpolec, 39601 Humpolec, \u0111\u01b0\u1ee3c \u0111\u0103ng k\u00fd trong S\u1ed5 \u0111\u0103ng k\u00fd th\u01b0\u01a1ng m\u1ea1i do T\u00f2a \u00e1n khu v\u1ef1c qu\u1ea3n l\u00fd \u1edf \u010cesk\u00e9 Bud\u011bjovice, n\u1ed9p s\u1ed1. C 15647 (\u201c<strong>B\u1ed9 \u0111i\u1ec1u khi\u1ec3n<\/strong>\u201c).<\/p>\n<p>&nbsp;<\/p>\n<p><strong>B\u1ea3o v\u1ec7 quy\u1ec1n ri\u00eang t\u01b0 v\u00e0 d\u1eef li\u1ec7u c\u00e1 nh\u00e2n<\/strong><\/p>\n<p><strong>CTP \u0111\u1ea7u t\u01b0, spol. sro<\/strong> x\u1eed l\u00fd d\u1eef li\u1ec7u c\u00e1 nh\u00e2n c\u1ee7a kh\u00e1ch h\u00e0ng nh\u01b0 m\u1ed9t ph\u1ea7n trong c\u00e1c ho\u1ea1t \u0111\u1ed9ng c\u1ee7a m\u00ecnh v\u00e0 ho\u1ea1t \u0111\u1ed9ng nh\u01b0 m\u1ed9t B\u1ed9 \u0111i\u1ec1u khi\u1ec3n theo Quy \u0111\u1ecbnh (EU) 2016\/679 c\u1ee7a Ngh\u1ecb vi\u1ec7n Ch\u00e2u \u00c2u v\u00e0 H\u1ed9i \u0111\u1ed3ng ng\u00e0y 27 th\u00e1ng 4 n\u0103m 2016 v\u1ec1 b\u1ea3o v\u1ec7 c\u00e1 nh\u00e2n li\u00ean quan \u0111\u1ebfn vi\u1ec7c x\u1eed l\u00fd d\u1eef li\u1ec7u c\u00e1 nh\u00e2n (\u201c<strong>GDPR<\/strong>\u201c). L\u00e0 m\u1ed9t ph\u1ea7n trong ngh\u0129a v\u1ee5 c\u1ee7a ch\u00fang t\u00f4i v\u1edbi t\u01b0 c\u00e1ch l\u00e0 B\u00ean ki\u1ec3m so\u00e1t, ch\u00fang t\u00f4i g\u1eedi cho b\u1ea1n t\u00e0i li\u1ec7u n\u00e0y trong \u0111\u00f3 ch\u00fang t\u00f4i cung c\u1ea5p cho b\u1ea1n th\u00f4ng tin v\u1ec1 c\u00e1ch th\u1ee9c, ph\u1ea1m vi v\u00e0 c\u00e1c \u0111i\u1ec1u ki\u1ec7n kh\u00e1c trong vi\u1ec7c x\u1eed l\u00fd d\u1eef li\u1ec7u c\u00e1 nh\u00e2n c\u1ee7a b\u1ea1n tr\u00ean trang web c\u1ee7a ch\u00fang t\u00f4i.<\/p>\n<p>&nbsp;<\/p>\n<p><strong>Ch\u00fang t\u00f4i x\u1eed l\u00fd nh\u1eefng d\u1eef li\u1ec7u c\u00e1 nh\u00e2n n\u00e0o?<\/strong><\/p>\n<p>Tr\u00ean trang web c\u1ee7a ch\u00fang t\u00f4i, ch\u00fang t\u00f4i x\u1eed l\u00fd d\u1eef li\u1ec7u c\u00e1 nh\u00e2n c\u1ee7a b\u1ea1n bao g\u1ed3m \u0111\u1ecba ch\u1ec9 IP, th\u00f4ng tin li\u00ean quan \u0111\u1ebfn h\u1ec7 \u0111i\u1ec1u h\u00e0nh v\u00e0 lo\u1ea1i tr\u00ecnh duy\u1ec7t v\u00e0 thi\u1ebft b\u1ecb \u0111\u1ea7u cu\u1ed1i, c\u0169ng nh\u01b0 th\u00f4ng tin li\u00ean quan \u0111\u1ebfn ho\u1ea1t \u0111\u1ed9ng c\u1ee7a b\u1ea1n tr\u00ean trang web c\u1ee7a ch\u00fang t\u00f4i, \u0111\u01b0\u1ee3c \u0111\u0103ng k\u00fd v\u00e0 l\u01b0u tr\u1eef b\u1eb1ng t\u1ec7p cookie.<\/p>\n<p>&nbsp;<\/p>\n<p><strong>M\u1ee5c \u0111\u00edch x\u1eed l\u00fd d\u1eef li\u1ec7u c\u00e1 nh\u00e2n c\u1ee7a b\u1ea1n l\u00e0 g\u00ec?<\/strong><\/p>\n<p>B\u1ed9 \u0111i\u1ec1u khi\u1ec3n x\u1eed l\u00fd v\u00e0 l\u01b0u tr\u1eef d\u1eef li\u1ec7u c\u00e1 nh\u00e2n c\u1ee7a b\u1ea1n theo c\u00e1c \u0111i\u1ec1u ki\u1ec7n v\u00e0 gi\u1edbi h\u1ea1n do lu\u1eadt hi\u1ec7n h\u00e0nh quy \u0111\u1ecbnh cho c\u00e1c m\u1ee5c \u0111\u00edch sau:<\/p>\n<ol>\n<li>X\u1eed l\u00fd m\u00e0 ch\u00fang t\u00f4i kh\u00f4ng c\u1ea7n s\u1ef1 \u0111\u1ed3ng \u00fd c\u1ee7a b\u1ea1n:<\/li>\n<\/ol>\n<p><em>T\u1ed1i \u01b0u h\u00f3a ho\u1ea1t \u0111\u1ed9ng c\u1ee7a trang web<\/em><\/p>\n<p>Ch\u00fang t\u00f4i x\u1eed l\u00fd d\u1eef li\u1ec7u c\u00e1 nh\u00e2n nh\u1eb1m m\u1ee5c \u0111\u00edch \u0111\u1ea3m b\u1ea3o trang web ho\u1ea1t \u0111\u1ed9ng b\u00ecnh th\u01b0\u1eddng, c\u00e1 nh\u00e2n h\u00f3a n\u1ed9i dung trang web cho ng\u01b0\u1eddi d\u00f9ng v\u00e0 c\u1ea3i thi\u1ec7n s\u1ef1 tho\u1ea3i m\u00e1i khi s\u1eed d\u1ee5ng.<\/p>\n<p>B\u1ea1n c\u00f3 th\u1ec3 v\u00f4 hi\u1ec7u h\u00f3a vi\u1ec7c l\u01b0u tr\u1eef c\u00e1c t\u1ec7p cookie trong thi\u1ebft b\u1ecb \u0111\u1ea7u cu\u1ed1i c\u1ee7a m\u00ecnh b\u1eb1ng c\u00e1ch \u0111i\u1ec1u ch\u1ec9nh c\u00e0i \u0111\u1eb7t tr\u00ecnh duy\u1ec7t c\u1ee7a b\u1ea1n cho ph\u00f9 h\u1ee3p. Tuy nhi\u00ean, \u0111i\u1ec1u n\u00e0y c\u00f3 th\u1ec3 h\u1ea1n ch\u1ebf ch\u1ee9c n\u0103ng c\u1ee7a trang web, bao g\u1ed3m c\u1ea3 vi\u1ec7c v\u00f4 hi\u1ec7u h\u00f3a quy\u1ec1n truy c\u1eadp v\u00e0o m\u1ed9t s\u1ed1 ph\u1ea7n c\u1ee7a trang web. N\u1ebfu b\u1ea1n ch\u01b0a \u0111i\u1ec1u ch\u1ec9nh tr\u00ecnh duy\u1ec7t c\u1ee7a m\u00ecnh, h\u1ec7 th\u1ed1ng c\u1ee7a ch\u00fang t\u00f4i s\u1ebd t\u1ef1 \u0111\u1ed9ng g\u1eedi cookie b\u1ea5t c\u1ee9 khi n\u00e0o b\u1ea1n \u0111\u0103ng nh\u1eadp v\u00e0o trang web c\u1ee7a ch\u00fang t\u00f4i.<\/p>\n<p>B\u1ea1n c\u00f3 th\u1ec3 x\u00f3a c\u00e1c t\u1ec7p cookie \u0111\u01b0\u1ee3c l\u01b0u tr\u1eef trong thi\u1ebft b\u1ecb c\u1ee7a m\u00ecnh b\u1eb1ng c\u00e1ch x\u00f3a l\u1ecbch s\u1eed duy\u1ec7t web tr\u00ean m\u00e1y t\u00ednh. B\u1ea1n c\u0169ng c\u00f3 th\u1ec3 ch\u1ecdn xem trang web c\u1ee7a ch\u00fang t\u00f4i \u1edf ch\u1ebf \u0111\u1ed9 &quot;ri\u00eang t\u01b0&quot; \u0111\u1ec3 h\u1ea1n ch\u1ebf ph\u1ea1m vi d\u1eef li\u1ec7u \u0111\u01b0\u1ee3c m\u00e1y t\u00ednh \u0111\u0103ng k\u00fd.<\/p>\n<p>&nbsp;<\/p>\n<p>2. X\u1eed l\u00fd m\u00e0 ch\u00fang t\u00f4i ch\u1ec9 th\u1ef1c hi\u1ec7n khi c\u00f3 s\u1ef1 \u0111\u1ed3ng \u00fd c\u1ee7a b\u1ea1n:<\/p>\n<p><em>M\u1ee5c \u0111\u00edch ti\u1ebfp th\u1ecb<\/em><\/p>\n<p>D\u1eef li\u1ec7u c\u00e1 nh\u00e2n c\u1ee7a b\u1ea1n d\u01b0\u1edbi d\u1ea1ng cookie ti\u1ebfp th\u1ecb \u0111\u01b0\u1ee3c s\u1eed d\u1ee5ng \u0111\u1ec3 \u0111\u00e1nh gi\u00e1 s\u1edf th\u00edch c\u1ee7a b\u1ea1n, qua \u0111\u00f3 hi\u1ec3n th\u1ecb qu\u1ea3ng c\u00e1o c\u00f3 li\u00ean quan \u0111\u1ebfn b\u1ea1n.<\/p>\n<p>Trang web n\u00e0y s\u1eed d\u1ee5ng c\u00e1c c\u00f4ng c\u1ee5 ti\u1ebfp th\u1ecb c\u1ee7a b\u00ean th\u1ee9 ba cho m\u1ee5c \u0111\u00edch n\u00e0y:<\/p>\n<ul>\n<li>D\u1eef li\u1ec7u Google Analytics;<\/li>\n<li>Facebook;<\/li>\n<li>Leady.cz;<\/li>\n<li>C\u00e1c nh\u00e0 cung c\u1ea5p c\u00f4ng c\u1ee5 ph\u00e2n t\u00edch v\u00e0 ti\u1ebfp th\u1ecb t\u01b0\u01a1ng t\u1ef1.<\/li>\n<\/ul>\n<p>S\u1ef1 \u0111\u1ed3ng \u00fd c\u1ee7a b\u1ea1n cho m\u1ee5c \u0111\u00edch ti\u1ebfp th\u1ecb l\u00e0 t\u1ef1 nguy\u1ec7n v\u00e0 n\u1ebfu b\u1ea1n kh\u00f4ng \u0111\u1ed3ng \u00fd, b\u1ea1n v\u1eabn c\u00f3 th\u1ec3 xem trang web c\u1ee7a ch\u00fang t\u00f4i. S\u1ef1 \u0111\u1ed3ng \u00fd c\u00f3 th\u1ec3 b\u1ecb thu h\u1ed3i b\u1ea5t c\u1ee9 l\u00fac n\u00e0o.<\/p>\n<ul>\n<li>Ph\u00e2n ph\u1ed1i b\u1ea3n tin v\u00e0 c\u00e1c th\u00f4ng tin th\u01b0\u01a1ng m\u1ea1i kh\u00e1c<\/li>\n<\/ul>\n<p>S\u1ef1 \u0111\u1ed3ng \u00fd \u0111\u01b0\u1ee3c \u0111\u01b0a ra cho m\u1ee5c \u0111\u00edch nh\u1eadn b\u1ea3n tin v\u00e0 c\u00e1c th\u00f4ng tin th\u01b0\u01a1ng m\u1ea1i kh\u00e1c l\u00e0 t\u1ef1 nguy\u1ec7n, tuy nhi\u00ean, n\u1ebfu b\u1ea1n kh\u00f4ng \u0111\u1ed3ng \u00fd, b\u1ea1n s\u1ebd kh\u00f4ng th\u1ec3 nh\u1eadn \u0111\u01b0\u1ee3c th\u00f4ng tin v\u00e0 tin t\u1ee9c li\u00ean quan \u0111\u1ebfn c\u00e1c ho\u1ea1t \u0111\u1ed9ng c\u1ee7a ch\u00fang t\u00f4i th\u01b0\u1eddng xuy\u00ean. B\u1ea1n c\u00f3 th\u1ec3 r\u00fat l\u1ea1i s\u1ef1 \u0111\u1ed3ng \u00fd c\u1ee7a m\u00ecnh b\u1ea5t k\u1ef3 l\u00fac n\u00e0o, th\u00f4ng tin chi ti\u1ebft v\u1ec1 c\u00e1ch th\u1ee9c r\u00fat l\u1ea1i s\u1ef1 \u0111\u1ed3ng \u00fd c\u1ee7a b\u1ea1n \u0111\u01b0\u1ee3c bao g\u1ed3m trong m\u1ed7i email.<\/p>\n<p>&nbsp;<\/p>\n<p><strong>C\u0103n c\u1ee9 ph\u00e1p l\u00fd cho vi\u1ec7c x\u1eed l\u00fd n\u00e0y l\u00e0 g\u00ec?<\/strong><\/p>\n<p>C\u0103n c\u1ee9 ph\u00e1p l\u00fd trong tr\u01b0\u1eddng h\u1ee3p \u0111\u1ea7u ti\u00ean (\u0111o\u1ea1n a.) l\u00e0 l\u1ee3i \u00edch h\u1ee3p ph\u00e1p c\u1ee7a B\u1ed9 \u0111i\u1ec1u khi\u1ec3n bao g\u1ed3m ho\u1ea1t \u0111\u1ed9ng b\u00ecnh th\u01b0\u1eddng c\u1ee7a trang web v\u00e0 n\u1ebfu d\u1eef li\u1ec7u \u0111\u01b0\u1ee3c x\u1eed l\u00fd cho m\u1ee5c \u0111\u00edch ti\u1ebfp th\u1ecb (\u0111o\u1ea1n b.), c\u0103n c\u1ee9 l\u00e0 s\u1ef1 \u0111\u1ed3ng \u00fd r\u00f5 r\u00e0ng c\u1ee7a b\u1ea1n.<\/p>\n<p>&nbsp;<\/p>\n<p><strong>D\u1eef li\u1ec7u \u0111\u01b0\u1ee3c chuy\u1ec3n cho ai?<\/strong><\/p>\n<p>Ch\u00fang t\u00f4i x\u1eed l\u00fd v\u00e0 l\u01b0u tr\u1eef d\u1eef li\u1ec7u c\u00e1 nh\u00e2n do b\u1ea1n cung c\u1ea5p ch\u1ee7 y\u1ebfu l\u00e0 do ch\u00fang t\u00f4i t\u1ef1 x\u1eed l\u00fd. Trong ph\u1ea1m vi c\u1ea7n thi\u1ebft nghi\u00eam ng\u1eb7t, c\u00e1c b\u1ed9 x\u1eed l\u00fd kh\u00e1c c\u00f3 th\u1ec3 x\u1eed l\u00fd d\u1eef li\u1ec7u, ch\u1eb3ng h\u1ea1n nh\u01b0 nh\u00e0 cung c\u1ea5p d\u1ecbch v\u1ee5 k\u1ebf to\u00e1n v\u00e0 CNTT, ch\u1ec9 theo th\u1ecfa thu\u1eadn x\u1eed l\u00fd d\u1eef li\u1ec7u. Li\u00ean quan \u0111\u1ebfn vi\u1ec7c x\u1eed l\u00fd cho m\u1ee5c \u0111\u00edch ti\u1ebfp th\u1ecb d\u1ef1a tr\u00ean s\u1ef1 \u0111\u1ed3ng \u00fd c\u1ee7a b\u1ea1n, ch\u00fang t\u00f4i chuy\u1ec3n d\u1eef li\u1ec7u c\u00e1 nh\u00e2n c\u1ee7a b\u1ea1n cho c\u00e1c th\u1ef1c th\u1ec3 cung c\u1ea5p cho ch\u00fang t\u00f4i c\u00e1c d\u1ecbch v\u1ee5 ti\u1ebfp th\u1ecb.<\/p>\n<p>&nbsp;<\/p>\n<p><strong>Ch\u00fang t\u00f4i s\u1ebd x\u1eed l\u00fd d\u1eef li\u1ec7u c\u00e1 nh\u00e2n c\u1ee7a b\u1ea1n trong bao l\u00e2u?<\/strong><\/p>\n<p>D\u1eef li\u1ec7u c\u00e1 nh\u00e2n c\u1ee7a b\u1ea1n \u0111\u01b0\u1ee3c x\u1eed l\u00fd trong kho\u1ea3ng th\u1eddi gian c\u1ea7n thi\u1ebft \u0111\u1ec3 th\u1ef1c hi\u1ec7n m\u1ee5c \u0111\u00edch x\u1eed l\u00fd c\u00f3 li\u00ean quan, t\u1ee9c l\u00e0 \u00edt nh\u1ea5t trong th\u1eddi h\u1ea1n c\u1ee7a h\u1ee3p \u0111\u1ed3ng c\u00f3 li\u00ean quan, th\u1eddi h\u1ea1n hi\u1ec7u l\u1ef1c c\u1ee7a s\u1ef1 \u0111\u1ed3ng \u00fd v\u00e0 trong kho\u1ea3ng th\u1eddi gian m\u00e0 B\u1ed9 \u0111i\u1ec1u khi\u1ec3n c\u00f3 ngh\u0129a v\u1ee5 ho\u1eb7c \u0111\u01b0\u1ee3c ph\u00e9p l\u01b0u tr\u1eef d\u1eef li\u1ec7u theo lu\u1eadt r\u00e0ng bu\u1ed9c chung.<\/p>\n<p>&nbsp;<\/p>\n<p><strong>T\u00f4i c\u00f3 nh\u1eefng quy\u1ec1n g\u00ec li\u00ean quan \u0111\u1ebfn b\u1ea3o v\u1ec7 d\u1eef li\u1ec7u c\u00e1 nh\u00e2n?<\/strong><\/p>\n<p>V\u1edbi t\u01b0 c\u00e1ch l\u00e0 ch\u1ee7 th\u1ec3 d\u1eef li\u1ec7u, b\u1ea1n c\u00f3 m\u1ecdi quy\u1ec1n theo GDPR, bao g\u1ed3m nh\u01b0ng kh\u00f4ng gi\u1edbi h\u1ea1n \u1edf:<\/p>\n<ol>\n<li>quy\u1ec1n \u0111\u01b0\u1ee3c cung c\u1ea5p th\u00f4ng tin li\u00ean quan \u0111\u1ebfn vi\u1ec7c x\u1eed l\u00fd d\u1eef li\u1ec7u c\u00e1 nh\u00e2n c\u1ee7a b\u1ea1n;<\/li>\n<li>quy\u1ec1n truy c\u1eadp d\u1eef li\u1ec7u c\u00e1 nh\u00e2n c\u1ee7a b\u1ea1n;<\/li>\n<li>quy\u1ec1n y\u00eau c\u1ea7u B\u1ed9 \u0111i\u1ec1u khi\u1ec3n ch\u1ec9nh s\u1eeda, x\u00f3a d\u1eef li\u1ec7u c\u00e1 nh\u00e2n c\u1ee7a b\u1ea1n ho\u1eb7c h\u1ea1n ch\u1ebf vi\u1ec7c x\u1eed l\u00fd;<\/li>\n<li>quy\u1ec1n ph\u1ea3n \u0111\u1ed1i vi\u1ec7c x\u1eed l\u00fd d\u1eef li\u1ec7u c\u00e1 nh\u00e2n c\u1ee7a b\u1ea1n;<\/li>\n<li>quy\u1ec1n thu th\u1eadp d\u1eef li\u1ec7u c\u00e1 nh\u00e2n c\u1ee7a b\u1ea1n (kh\u1ea3 n\u0103ng di chuy\u1ec3n d\u1eef li\u1ec7u); v\u00e0<\/li>\n<li>quy\u1ec1n n\u1ed9p \u0111\u01a1n khi\u1ebfu n\u1ea1i l\u00ean V\u0103n ph\u00f2ng X\u1eed l\u00fd D\u1eef li\u1ec7u C\u00e1 nh\u00e2n.<\/li>\n<\/ol>\n<p>&nbsp;<\/p>\n<p><strong>T\u00f4i c\u00f3 th\u1ec3 li\u00ean h\u1ec7 v\u1edbi Ng\u01b0\u1eddi ki\u1ec3m so\u00e1t d\u1eef li\u1ec7u c\u00e1 nh\u00e2n c\u1ee7a m\u00ecnh b\u1eb1ng c\u00e1ch n\u00e0o?<\/strong><\/p>\n<p>B\u1ea1n c\u00f3 th\u1ec3 li\u00ean h\u1ec7 v\u1edbi B\u1ed9 \u0111i\u1ec1u khi\u1ec3n li\u00ean quan \u0111\u1ebfn vi\u1ec7c b\u1ea3o v\u1ec7 d\u1eef li\u1ec7u c\u00e1 nh\u00e2n c\u1ee7a b\u1ea1n v\u00e0 th\u1ef1c hi\u1ec7n c\u00e1c quy\u1ec1n c\u1ee7a b\u1ea1n, bao g\u1ed3m c\u1ea3 vi\u1ec7c r\u00fat l\u1ea1i s\u1ef1 \u0111\u1ed3ng \u00fd, b\u1eb1ng c\u00e1ch g\u1eedi th\u01b0 \u0111\u1ebfn \u0111\u1ecba ch\u1ec9 v\u0103n ph\u00f2ng \u0111\u00e3 \u0111\u0103ng k\u00fd c\u1ee7a B\u1ed9 \u0111i\u1ec1u khi\u1ec3n, b\u1eb1ng c\u00e1ch vi\u1ebft th\u01b0 \u0111\u1ebfn \u0111\u1ecba ch\u1ec9 email: <a href=\"mailto:info@ctp.eu\">info@ctp.eu<\/a> v\u00e0 qua \u0111i\u1ec7n tho\u1ea1i: +420 222 390 942.<\/p>\n<\/div>","protected":false},"excerpt":{"rendered":"<p>Th\u00f4ng b\u00e1o v\u1ec1 quy\u1ec1n ri\u00eang t\u01b0 Th\u00f4ng b\u00e1o v\u1ec1 quy\u1ec1n ri\u00eang t\u01b0 n\u00e0y \u00e1p d\u1ee5ng cho vi\u1ec7c tu\u00e2n th\u1ee7 quy\u1ec1n ri\u00eang t\u01b0 theo quan \u0111i\u1ec3m v\u1ec1 d\u1eef li\u1ec7u c\u00e1 nh\u00e2n<\/p>","protected":false},"author":67,"featured_media":0,"parent":6125,"menu_order":0,"comment_status":"closed","ping_status":"closed","template":"","meta":{"_acf_changed":false,"footnotes":""},"class_list":["post-2001","page","type-page","status-publish","hentry"],"acf":[],"yoast_head":"<title>Consent to the processing of personal data - Commercial Real Estate Developer And Manager<\/title>\n<meta name=\"robots\" content=\"index, follow, max-snippet:-1, max-image-preview:large, max-video-preview:-1\" \/>\n<link rel=\"canonical\" href=\"https:\/\/ctp.eu\/vi\/ctp-policies\/consent-to-the-processing-of-personal-data\/\" \/>\n<meta property=\"og:locale\" content=\"vi_VN\" \/>\n<meta property=\"og:type\" content=\"article\" \/>\n<meta property=\"og:title\" content=\"Consent to the processing of personal data\" \/>\n<meta property=\"og:description\" content=\"Privacy Notice This privacy notice applies to observing the right to privacy from the point of view of personal data\" \/>\n<meta property=\"og:url\" content=\"https:\/\/ctp.eu\/vi\/ctp-policies\/consent-to-the-processing-of-personal-data\/\" \/>\n<meta property=\"og:site_name\" content=\"Commercial Real Estate Developer And Manager\" \/>\n<meta property=\"article:modified_time\" content=\"2020-08-28T10:58:58+00:00\" \/>\n<meta name=\"twitter:card\" content=\"summary_large_image\" \/>\n<meta name=\"twitter:label1\" content=\"\u01af\u1edbc t\u00ednh th\u1eddi gian \u0111\u1ecdc\" \/>\n\t<meta name=\"twitter:data1\" content=\"4 ph\u00fat\" \/>\n<script type=\"application\/ld+json\" class=\"yoast-schema-graph\">{\"@context\":\"https:\\\/\\\/schema.org\",\"@graph\":[{\"@type\":\"WebPage\",\"@id\":\"https:\\\/\\\/ctp.eu\\\/ctp-policies\\\/consent-to-the-processing-of-personal-data\\\/\",\"url\":\"https:\\\/\\\/ctp.eu\\\/ctp-policies\\\/consent-to-the-processing-of-personal-data\\\/\",\"name\":\"Consent to the processing of personal data - Commercial Real Estate Developer And Manager\",\"isPartOf\":{\"@id\":\"https:\\\/\\\/ctp.eu\\\/#website\"},\"datePublished\":\"2018-05-10T13:17:39+00:00\",\"dateModified\":\"2020-08-28T10:58:58+00:00\",\"breadcrumb\":{\"@id\":\"https:\\\/\\\/ctp.eu\\\/ctp-policies\\\/consent-to-the-processing-of-personal-data\\\/#breadcrumb\"},\"inLanguage\":\"vi\",\"potentialAction\":[{\"@type\":\"ReadAction\",\"target\":[\"https:\\\/\\\/ctp.eu\\\/ctp-policies\\\/consent-to-the-processing-of-personal-data\\\/\"]}]},{\"@type\":\"BreadcrumbList\",\"@id\":\"https:\\\/\\\/ctp.eu\\\/ctp-policies\\\/consent-to-the-processing-of-personal-data\\\/#breadcrumb\",\"itemListElement\":[{\"@type\":\"ListItem\",\"position\":1,\"name\":\"Home\",\"item\":\"https:\\\/\\\/ctp.eu\\\/\"},{\"@type\":\"ListItem\",\"position\":2,\"name\":\"CTP Policies\",\"item\":\"https:\\\/\\\/ctp.eu\\\/ctp-policies\\\/\"},{\"@type\":\"ListItem\",\"position\":3,\"name\":\"Consent to the processing of personal data\"}]},{\"@type\":\"WebSite\",\"@id\":\"https:\\\/\\\/ctp.eu\\\/#website\",\"url\":\"https:\\\/\\\/ctp.eu\\\/\",\"name\":\"Commercial Real Estate Developer And Manager\",\"description\":\"CTP - premium industrial warehouse and office buildings\",\"publisher\":{\"@id\":\"https:\\\/\\\/ctp.eu\\\/#organization\"},\"potentialAction\":[{\"@type\":\"SearchAction\",\"target\":{\"@type\":\"EntryPoint\",\"urlTemplate\":\"https:\\\/\\\/ctp.eu\\\/?s={search_term_string}\"},\"query-input\":{\"@type\":\"PropertyValueSpecification\",\"valueRequired\":true,\"valueName\":\"search_term_string\"}}],\"inLanguage\":\"vi\"},{\"@type\":\"Organization\",\"@id\":\"https:\\\/\\\/ctp.eu\\\/#organization\",\"name\":\"CTP\",\"url\":\"https:\\\/\\\/ctp.eu\\\/\",\"logo\":{\"@type\":\"ImageObject\",\"inLanguage\":\"vi\",\"@id\":\"https:\\\/\\\/ctp.eu\\\/#\\\/schema\\\/logo\\\/image\\\/\",\"url\":\"\",\"contentUrl\":\"\",\"caption\":\"CTP\"},\"image\":{\"@id\":\"https:\\\/\\\/ctp.eu\\\/#\\\/schema\\\/logo\\\/image\\\/\"}}]}<\/script>","yoast_head_json":{"title":"\u0110\u1ed3ng \u00fd x\u1eed l\u00fd d\u1eef li\u1ec7u c\u00e1 nh\u00e2n - Nh\u00e0 ph\u00e1t tri\u1ec3n v\u00e0 qu\u1ea3n l\u00fd b\u1ea5t \u0111\u1ed9ng s\u1ea3n th\u01b0\u01a1ng m\u1ea1i","robots":{"index":"index","follow":"follow","max-snippet":"max-snippet:-1","max-image-preview":"max-image-preview:large","max-video-preview":"max-video-preview:-1"},"canonical":"https:\/\/ctp.eu\/vi\/ctp-policies\/consent-to-the-processing-of-personal-data\/","og_locale":"vi_VN","og_type":"article","og_title":"Consent to the processing of personal data","og_description":"Privacy Notice This privacy notice applies to observing the right to privacy from the point of view of personal data","og_url":"https:\/\/ctp.eu\/vi\/ctp-policies\/consent-to-the-processing-of-personal-data\/","og_site_name":"Commercial Real Estate Developer And Manager","article_modified_time":"2020-08-28T10:58:58+00:00","twitter_card":"summary_large_image","twitter_misc":{"\u01af\u1edbc t\u00ednh th\u1eddi gian \u0111\u1ecdc":"4 ph\u00fat"},"schema":{"@context":"https:\/\/schema.org","@graph":[{"@type":"WebPage","@id":"https:\/\/ctp.eu\/ctp-policies\/consent-to-the-processing-of-personal-data\/","url":"https:\/\/ctp.eu\/ctp-policies\/consent-to-the-processing-of-personal-data\/","name":"\u0110\u1ed3ng \u00fd x\u1eed l\u00fd d\u1eef li\u1ec7u c\u00e1 nh\u00e2n - Nh\u00e0 ph\u00e1t tri\u1ec3n v\u00e0 qu\u1ea3n l\u00fd b\u1ea5t \u0111\u1ed9ng s\u1ea3n th\u01b0\u01a1ng m\u1ea1i","isPartOf":{"@id":"https:\/\/ctp.eu\/#website"},"datePublished":"2018-05-10T13:17:39+00:00","dateModified":"2020-08-28T10:58:58+00:00","breadcrumb":{"@id":"https:\/\/ctp.eu\/ctp-policies\/consent-to-the-processing-of-personal-data\/#breadcrumb"},"inLanguage":"vi","potentialAction":[{"@type":"ReadAction","target":["https:\/\/ctp.eu\/ctp-policies\/consent-to-the-processing-of-personal-data\/"]}]},{"@type":"BreadcrumbList","@id":"https:\/\/ctp.eu\/ctp-policies\/consent-to-the-processing-of-personal-data\/#breadcrumb","itemListElement":[{"@type":"ListItem","position":1,"name":"Home","item":"https:\/\/ctp.eu\/"},{"@type":"ListItem","position":2,"name":"CTP Policies","item":"https:\/\/ctp.eu\/ctp-policies\/"},{"@type":"ListItem","position":3,"name":"Consent to the processing of personal data"}]},{"@type":"WebSite","@id":"https:\/\/ctp.eu\/#website","url":"https:\/\/ctp.eu\/","name":"Nh\u00e0 ph\u00e1t tri\u1ec3n v\u00e0 qu\u1ea3n l\u00fd b\u1ea5t \u0111\u1ed9ng s\u1ea3n th\u01b0\u01a1ng m\u1ea1i","description":"CTP - t\u00f2a nh\u00e0 v\u0103n ph\u00f2ng v\u00e0 kho c\u00f4ng nghi\u1ec7p cao c\u1ea5p","publisher":{"@id":"https:\/\/ctp.eu\/#organization"},"potentialAction":[{"@type":"SearchAction","target":{"@type":"EntryPoint","urlTemplate":"https:\/\/ctp.eu\/?s={search_term_string}"},"query-input":{"@type":"PropertyValueSpecification","valueRequired":true,"valueName":"search_term_string"}}],"inLanguage":"vi"},{"@type":"Organization","@id":"https:\/\/ctp.eu\/#organization","name":"CTP","url":"https:\/\/ctp.eu\/","logo":{"@type":"ImageObject","inLanguage":"vi","@id":"https:\/\/ctp.eu\/#\/schema\/logo\/image\/","url":"","contentUrl":"","caption":"CTP"},"image":{"@id":"https:\/\/ctp.eu\/#\/schema\/logo\/image\/"}}]}},"_links":{"self":[{"href":"https:\/\/ctp.eu\/vi\/wp-json\/wp\/v2\/pages\/2001","targetHints":{"allow":["GET"]}}],"collection":[{"href":"https:\/\/ctp.eu\/vi\/wp-json\/wp\/v2\/pages"}],"about":[{"href":"https:\/\/ctp.eu\/vi\/wp-json\/wp\/v2\/types\/page"}],"author":[{"embeddable":true,"href":"https:\/\/ctp.eu\/vi\/wp-json\/wp\/v2\/users\/67"}],"replies":[{"embeddable":true,"href":"https:\/\/ctp.eu\/vi\/wp-json\/wp\/v2\/comments?post=2001"}],"version-history":[{"count":0,"href":"https:\/\/ctp.eu\/vi\/wp-json\/wp\/v2\/pages\/2001\/revisions"}],"up":[{"embeddable":true,"href":"https:\/\/ctp.eu\/vi\/wp-json\/wp\/v2\/pages\/6125"}],"wp:attachment":[{"href":"https:\/\/ctp.eu\/vi\/wp-json\/wp\/v2\/media?parent=2001"}],"curies":[{"name":"wp","href":"https:\/\/api.w.org\/{rel}","templated":true}]}}