{"id":14801,"date":"2021-03-17T16:20:10","date_gmt":"2021-03-17T16:20:10","guid":{"rendered":"https:\/\/www.ctp.eu\/?page_id=14801"},"modified":"2025-11-06T11:48:08","modified_gmt":"2025-11-06T10:48:08","slug":"the-top-ten","status":"publish","type":"page","link":"https:\/\/ctp.eu\/vi\/the-top-ten\/","title":{"rendered":"M\u01b0\u1eddi c\u00f4ng vi\u00ean h\u00e0ng \u0111\u1ea7u"},"content":{"rendered":"<h3><span style=\"font-size: 23px; font-weight: 400;\">Making up 44% of CTP\u2019s 12.4 million sqm GLA (AuM), our top 10 parks exemplify the true CTP Parkmaker ethos. While each park is unique to match the region\u2019s characteristics, they all share key factors which make them successful. Like all our parks, The Top Ten enjoy strategic locations, \u2018people-centric\u2019 facilities that accommodate the health and well-being of its employees, are fully-serviced top-quality facilities with low environmental impact, derived from innovation and care. Each park comes from our clients\u2019 success\u2014as they grow, we grow. And they grow a lot. Over 70% of our new business originates from our 1,000+ client network.<\/span><\/h3>","protected":false},"excerpt":{"rendered":"<p>Chi\u1ebfm 44% trong t\u1ed5ng di\u1ec7n t\u00edch cho thu\u00ea g\u1ed9p (GLA\/AuM) 12,4 tri\u1ec7u m2 c\u1ee7a CTP, 10 c\u00f4ng vi\u00ean h\u00e0ng \u0111\u1ea7u c\u1ee7a ch\u00fang t\u00f4i l\u00e0 minh ch\u1ee9ng cho tinh th\u1ea7n ki\u1ebfn t\u1ea1o c\u00f4ng vi\u00ean \u0111\u00edch th\u1ef1c c\u1ee7a CTP.<\/p>","protected":false},"author":22,"featured_media":0,"parent":0,"menu_order":0,"comment_status":"closed","ping_status":"closed","template":"templates\/top-parks.php","meta":{"_acf_changed":false,"footnotes":""},"class_list":["post-14801","page","type-page","status-publish","hentry"],"acf":[],"yoast_head":"<title>The Top Ten Parks - Commercial Real Estate Developer And Manager<\/title>\n<meta name=\"robots\" content=\"index, follow, max-snippet:-1, max-image-preview:large, max-video-preview:-1\" \/>\n<link rel=\"canonical\" href=\"https:\/\/ctp.eu\/vi\/the-top-ten\/\" \/>\n<meta property=\"og:locale\" content=\"vi_VN\" \/>\n<meta property=\"og:type\" content=\"article\" \/>\n<meta property=\"og:title\" content=\"The Top Ten Parks\" \/>\n<meta property=\"og:description\" content=\"Making up 44% of CTP\u2019s 12.4 million sqm GLA (AuM), our top 10 parks exemplify the true CTP Parkmaker ethos.\" \/>\n<meta property=\"og:url\" content=\"https:\/\/ctp.eu\/vi\/the-top-ten\/\" \/>\n<meta property=\"og:site_name\" content=\"Commercial Real Estate Developer And Manager\" \/>\n<meta property=\"article:modified_time\" content=\"2025-11-06T10:48:08+00:00\" \/>\n<meta name=\"twitter:card\" content=\"summary_large_image\" \/>\n<meta name=\"twitter:label1\" content=\"\u01af\u1edbc t\u00ednh th\u1eddi gian \u0111\u1ecdc\" \/>\n\t<meta name=\"twitter:data1\" content=\"1 ph\u00fat\" \/>\n<script type=\"application\/ld+json\" class=\"yoast-schema-graph\">{\"@context\":\"https:\\\/\\\/schema.org\",\"@graph\":[{\"@type\":\"WebPage\",\"@id\":\"https:\\\/\\\/ctp.eu\\\/the-top-ten\\\/\",\"url\":\"https:\\\/\\\/ctp.eu\\\/the-top-ten\\\/\",\"name\":\"The Top Ten Parks - Commercial Real Estate Developer And Manager\",\"isPartOf\":{\"@id\":\"https:\\\/\\\/ctp.eu\\\/#website\"},\"datePublished\":\"2021-03-17T16:20:10+00:00\",\"dateModified\":\"2025-11-06T10:48:08+00:00\",\"breadcrumb\":{\"@id\":\"https:\\\/\\\/ctp.eu\\\/the-top-ten\\\/#breadcrumb\"},\"inLanguage\":\"vi\",\"potentialAction\":[{\"@type\":\"ReadAction\",\"target\":[\"https:\\\/\\\/ctp.eu\\\/the-top-ten\\\/\"]}]},{\"@type\":\"BreadcrumbList\",\"@id\":\"https:\\\/\\\/ctp.eu\\\/the-top-ten\\\/#breadcrumb\",\"itemListElement\":[{\"@type\":\"ListItem\",\"position\":1,\"name\":\"Home\",\"item\":\"https:\\\/\\\/ctp.eu\\\/\"},{\"@type\":\"ListItem\",\"position\":2,\"name\":\"The Top Ten Parks\"}]},{\"@type\":\"WebSite\",\"@id\":\"https:\\\/\\\/ctp.eu\\\/#website\",\"url\":\"https:\\\/\\\/ctp.eu\\\/\",\"name\":\"Commercial Real Estate Developer And Manager\",\"description\":\"CTP - premium industrial warehouse and office buildings\",\"publisher\":{\"@id\":\"https:\\\/\\\/ctp.eu\\\/#organization\"},\"potentialAction\":[{\"@type\":\"SearchAction\",\"target\":{\"@type\":\"EntryPoint\",\"urlTemplate\":\"https:\\\/\\\/ctp.eu\\\/?s={search_term_string}\"},\"query-input\":{\"@type\":\"PropertyValueSpecification\",\"valueRequired\":true,\"valueName\":\"search_term_string\"}}],\"inLanguage\":\"vi\"},{\"@type\":\"Organization\",\"@id\":\"https:\\\/\\\/ctp.eu\\\/#organization\",\"name\":\"CTP\",\"url\":\"https:\\\/\\\/ctp.eu\\\/\",\"logo\":{\"@type\":\"ImageObject\",\"inLanguage\":\"vi\",\"@id\":\"https:\\\/\\\/ctp.eu\\\/#\\\/schema\\\/logo\\\/image\\\/\",\"url\":\"\",\"contentUrl\":\"\",\"caption\":\"CTP\"},\"image\":{\"@id\":\"https:\\\/\\\/ctp.eu\\\/#\\\/schema\\\/logo\\\/image\\\/\"}}]}<\/script>","yoast_head_json":{"title":"M\u01b0\u1eddi c\u00f4ng vi\u00ean h\u00e0ng \u0111\u1ea7u - Nh\u00e0 ph\u00e1t tri\u1ec3n v\u00e0 qu\u1ea3n l\u00fd b\u1ea5t \u0111\u1ed9ng s\u1ea3n th\u01b0\u01a1ng m\u1ea1i","robots":{"index":"index","follow":"follow","max-snippet":"max-snippet:-1","max-image-preview":"max-image-preview:large","max-video-preview":"max-video-preview:-1"},"canonical":"https:\/\/ctp.eu\/vi\/the-top-ten\/","og_locale":"vi_VN","og_type":"article","og_title":"The Top Ten Parks","og_description":"Making up 44% of CTP\u2019s 12.4 million sqm GLA (AuM), our top 10 parks exemplify the true CTP Parkmaker ethos.","og_url":"https:\/\/ctp.eu\/vi\/the-top-ten\/","og_site_name":"Commercial Real Estate Developer And Manager","article_modified_time":"2025-11-06T10:48:08+00:00","twitter_card":"summary_large_image","twitter_misc":{"\u01af\u1edbc t\u00ednh th\u1eddi gian \u0111\u1ecdc":"1 ph\u00fat"},"schema":{"@context":"https:\/\/schema.org","@graph":[{"@type":"WebPage","@id":"https:\/\/ctp.eu\/the-top-ten\/","url":"https:\/\/ctp.eu\/the-top-ten\/","name":"M\u01b0\u1eddi c\u00f4ng vi\u00ean h\u00e0ng \u0111\u1ea7u - Nh\u00e0 ph\u00e1t tri\u1ec3n v\u00e0 qu\u1ea3n l\u00fd b\u1ea5t \u0111\u1ed9ng s\u1ea3n th\u01b0\u01a1ng m\u1ea1i","isPartOf":{"@id":"https:\/\/ctp.eu\/#website"},"datePublished":"2021-03-17T16:20:10+00:00","dateModified":"2025-11-06T10:48:08+00:00","breadcrumb":{"@id":"https:\/\/ctp.eu\/the-top-ten\/#breadcrumb"},"inLanguage":"vi","potentialAction":[{"@type":"ReadAction","target":["https:\/\/ctp.eu\/the-top-ten\/"]}]},{"@type":"BreadcrumbList","@id":"https:\/\/ctp.eu\/the-top-ten\/#breadcrumb","itemListElement":[{"@type":"ListItem","position":1,"name":"Home","item":"https:\/\/ctp.eu\/"},{"@type":"ListItem","position":2,"name":"The Top Ten Parks"}]},{"@type":"WebSite","@id":"https:\/\/ctp.eu\/#website","url":"https:\/\/ctp.eu\/","name":"Nh\u00e0 ph\u00e1t tri\u1ec3n v\u00e0 qu\u1ea3n l\u00fd b\u1ea5t \u0111\u1ed9ng s\u1ea3n th\u01b0\u01a1ng m\u1ea1i","description":"CTP - t\u00f2a nh\u00e0 v\u0103n ph\u00f2ng v\u00e0 kho c\u00f4ng nghi\u1ec7p cao c\u1ea5p","publisher":{"@id":"https:\/\/ctp.eu\/#organization"},"potentialAction":[{"@type":"SearchAction","target":{"@type":"EntryPoint","urlTemplate":"https:\/\/ctp.eu\/?s={search_term_string}"},"query-input":{"@type":"PropertyValueSpecification","valueRequired":true,"valueName":"search_term_string"}}],"inLanguage":"vi"},{"@type":"Organization","@id":"https:\/\/ctp.eu\/#organization","name":"CTP","url":"https:\/\/ctp.eu\/","logo":{"@type":"ImageObject","inLanguage":"vi","@id":"https:\/\/ctp.eu\/#\/schema\/logo\/image\/","url":"","contentUrl":"","caption":"CTP"},"image":{"@id":"https:\/\/ctp.eu\/#\/schema\/logo\/image\/"}}]}},"_links":{"self":[{"href":"https:\/\/ctp.eu\/vi\/wp-json\/wp\/v2\/pages\/14801","targetHints":{"allow":["GET"]}}],"collection":[{"href":"https:\/\/ctp.eu\/vi\/wp-json\/wp\/v2\/pages"}],"about":[{"href":"https:\/\/ctp.eu\/vi\/wp-json\/wp\/v2\/types\/page"}],"author":[{"embeddable":true,"href":"https:\/\/ctp.eu\/vi\/wp-json\/wp\/v2\/users\/22"}],"replies":[{"embeddable":true,"href":"https:\/\/ctp.eu\/vi\/wp-json\/wp\/v2\/comments?post=14801"}],"version-history":[{"count":30,"href":"https:\/\/ctp.eu\/vi\/wp-json\/wp\/v2\/pages\/14801\/revisions"}],"predecessor-version":[{"id":112551,"href":"https:\/\/ctp.eu\/vi\/wp-json\/wp\/v2\/pages\/14801\/revisions\/112551"}],"wp:attachment":[{"href":"https:\/\/ctp.eu\/vi\/wp-json\/wp\/v2\/media?parent=14801"}],"curies":[{"name":"wp","href":"https:\/\/api.w.org\/{rel}","templated":true}]}}