{"id":13,"date":"2018-03-09T09:51:52","date_gmt":"2018-03-09T09:51:52","guid":{"rendered":"https:\/\/www.ctp.eu\/?page_id=13"},"modified":"2025-10-05T22:19:57","modified_gmt":"2025-10-05T20:19:57","slug":"industrial-warehouse-office-finder","status":"publish","type":"page","link":"https:\/\/ctp.eu\/vi\/industrial-warehouse-office-finder\/","title":{"rendered":"Kh\u00f4ng gian c\u00f3 s\u1eb5n trong M\u1ea1ng l\u01b0\u1edbi CTPark"},"content":{"rendered":"","protected":false},"excerpt":{"rendered":"","protected":false},"author":67,"featured_media":0,"parent":0,"menu_order":0,"comment_status":"closed","ping_status":"closed","template":"templates\/property-finder-new.php","meta":{"_acf_changed":false,"footnotes":""},"class_list":["post-13","page","type-page","status-publish","hentry"],"acf":[],"yoast_head":"<title>Available Space in the CTPark Network<\/title>\n<meta name=\"description\" content=\"Find the best warehouse space in logistics parks in the CEE region. Warehouse and production space for both local and multinational corporations.\" \/>\n<meta name=\"robots\" content=\"index, follow, max-snippet:-1, max-image-preview:large, max-video-preview:-1\" \/>\n<link rel=\"canonical\" href=\"https:\/\/ctp.eu\/vi\/industrial-warehouse-office-finder\/\" \/>\n<meta property=\"og:locale\" content=\"vi_VN\" \/>\n<meta property=\"og:type\" content=\"article\" \/>\n<meta property=\"og:title\" content=\"Available Space in the CTPark Network\" \/>\n<meta property=\"og:description\" content=\"Find the best warehouse space in logistics parks in the CEE region. Warehouse and production space for both local and multinational corporations.\" \/>\n<meta property=\"og:url\" content=\"https:\/\/ctp.eu\/vi\/industrial-warehouse-office-finder\/\" \/>\n<meta property=\"og:site_name\" content=\"Commercial Real Estate Developer And Manager\" \/>\n<meta property=\"article:modified_time\" content=\"2025-10-05T20:19:57+00:00\" \/>\n<meta name=\"twitter:card\" content=\"summary_large_image\" \/>\n<script type=\"application\/ld+json\" class=\"yoast-schema-graph\">{\"@context\":\"https:\/\/schema.org\",\"@graph\":[{\"@type\":\"WebPage\",\"@id\":\"https:\/\/ctp.eu\/industrial-warehouse-office-finder\/\",\"url\":\"https:\/\/ctp.eu\/industrial-warehouse-office-finder\/\",\"name\":\"Available Space in the CTPark Network\",\"isPartOf\":{\"@id\":\"https:\/\/ctp.eu\/#website\"},\"datePublished\":\"2018-03-09T09:51:52+00:00\",\"dateModified\":\"2025-10-05T20:19:57+00:00\",\"description\":\"Find the best warehouse space in logistics parks in the CEE region. Warehouse and production space for both local and multinational corporations.\",\"breadcrumb\":{\"@id\":\"https:\/\/ctp.eu\/industrial-warehouse-office-finder\/#breadcrumb\"},\"inLanguage\":\"vi\",\"potentialAction\":[{\"@type\":\"ReadAction\",\"target\":[\"https:\/\/ctp.eu\/industrial-warehouse-office-finder\/\"]}]},{\"@type\":\"BreadcrumbList\",\"@id\":\"https:\/\/ctp.eu\/industrial-warehouse-office-finder\/#breadcrumb\",\"itemListElement\":[{\"@type\":\"ListItem\",\"position\":1,\"name\":\"Home\",\"item\":\"https:\/\/ctp.eu\/\"},{\"@type\":\"ListItem\",\"position\":2,\"name\":\"Available Space in the CTPark Network\"}]},{\"@type\":\"WebSite\",\"@id\":\"https:\/\/ctp.eu\/#website\",\"url\":\"https:\/\/ctp.eu\/\",\"name\":\"Commercial Real Estate Developer And Manager\",\"description\":\"CTP - premium industrial warehouse and office buildings\",\"publisher\":{\"@id\":\"https:\/\/ctp.eu\/#organization\"},\"potentialAction\":[{\"@type\":\"SearchAction\",\"target\":{\"@type\":\"EntryPoint\",\"urlTemplate\":\"https:\/\/ctp.eu\/?s={search_term_string}\"},\"query-input\":{\"@type\":\"PropertyValueSpecification\",\"valueRequired\":true,\"valueName\":\"search_term_string\"}}],\"inLanguage\":\"vi\"},{\"@type\":\"Organization\",\"@id\":\"https:\/\/ctp.eu\/#organization\",\"name\":\"CTP\",\"url\":\"https:\/\/ctp.eu\/\",\"logo\":{\"@type\":\"ImageObject\",\"inLanguage\":\"vi\",\"@id\":\"https:\/\/ctp.eu\/#\/schema\/logo\/image\/\",\"url\":\"\",\"contentUrl\":\"\",\"caption\":\"CTP\"},\"image\":{\"@id\":\"https:\/\/ctp.eu\/#\/schema\/logo\/image\/\"}}]}<\/script>","yoast_head_json":{"title":"Kh\u00f4ng gian c\u00f3 s\u1eb5n trong M\u1ea1ng l\u01b0\u1edbi CTPark","description":"T\u00ecm kh\u00f4ng gian kho b\u00e3i t\u1ed1t nh\u1ea5t t\u1ea1i c\u00e1c c\u00f4ng vi\u00ean h\u1eadu c\u1ea7n \u1edf khu v\u1ef1c CEE. Kh\u00f4ng gian kho b\u00e3i v\u00e0 s\u1ea3n xu\u1ea5t cho c\u1ea3 c\u00e1c t\u1eadp \u0111o\u00e0n \u0111\u1ecba ph\u01b0\u01a1ng v\u00e0 \u0111a qu\u1ed1c gia.","robots":{"index":"index","follow":"follow","max-snippet":"max-snippet:-1","max-image-preview":"max-image-preview:large","max-video-preview":"max-video-preview:-1"},"canonical":"https:\/\/ctp.eu\/vi\/industrial-warehouse-office-finder\/","og_locale":"vi_VN","og_type":"article","og_title":"Available Space in the CTPark Network","og_description":"Find the best warehouse space in logistics parks in the CEE region. Warehouse and production space for both local and multinational corporations.","og_url":"https:\/\/ctp.eu\/vi\/industrial-warehouse-office-finder\/","og_site_name":"Commercial Real Estate Developer And Manager","article_modified_time":"2025-10-05T20:19:57+00:00","twitter_card":"summary_large_image","schema":{"@context":"https:\/\/schema.org","@graph":[{"@type":"WebPage","@id":"https:\/\/ctp.eu\/industrial-warehouse-office-finder\/","url":"https:\/\/ctp.eu\/industrial-warehouse-office-finder\/","name":"Kh\u00f4ng gian c\u00f3 s\u1eb5n trong M\u1ea1ng l\u01b0\u1edbi CTPark","isPartOf":{"@id":"https:\/\/ctp.eu\/#website"},"datePublished":"2018-03-09T09:51:52+00:00","dateModified":"2025-10-05T20:19:57+00:00","description":"T\u00ecm kh\u00f4ng gian kho b\u00e3i t\u1ed1t nh\u1ea5t t\u1ea1i c\u00e1c c\u00f4ng vi\u00ean h\u1eadu c\u1ea7n \u1edf khu v\u1ef1c CEE. Kh\u00f4ng gian kho b\u00e3i v\u00e0 s\u1ea3n xu\u1ea5t cho c\u1ea3 c\u00e1c t\u1eadp \u0111o\u00e0n \u0111\u1ecba ph\u01b0\u01a1ng v\u00e0 \u0111a qu\u1ed1c gia.","breadcrumb":{"@id":"https:\/\/ctp.eu\/industrial-warehouse-office-finder\/#breadcrumb"},"inLanguage":"vi","potentialAction":[{"@type":"ReadAction","target":["https:\/\/ctp.eu\/industrial-warehouse-office-finder\/"]}]},{"@type":"BreadcrumbList","@id":"https:\/\/ctp.eu\/industrial-warehouse-office-finder\/#breadcrumb","itemListElement":[{"@type":"ListItem","position":1,"name":"Home","item":"https:\/\/ctp.eu\/"},{"@type":"ListItem","position":2,"name":"Available Space in the CTPark Network"}]},{"@type":"WebSite","@id":"https:\/\/ctp.eu\/#website","url":"https:\/\/ctp.eu\/","name":"Nh\u00e0 ph\u00e1t tri\u1ec3n v\u00e0 qu\u1ea3n l\u00fd b\u1ea5t \u0111\u1ed9ng s\u1ea3n th\u01b0\u01a1ng m\u1ea1i","description":"CTP - t\u00f2a nh\u00e0 v\u0103n ph\u00f2ng v\u00e0 kho c\u00f4ng nghi\u1ec7p cao c\u1ea5p","publisher":{"@id":"https:\/\/ctp.eu\/#organization"},"potentialAction":[{"@type":"SearchAction","target":{"@type":"EntryPoint","urlTemplate":"https:\/\/ctp.eu\/?s={search_term_string}"},"query-input":{"@type":"PropertyValueSpecification","valueRequired":true,"valueName":"search_term_string"}}],"inLanguage":"vi"},{"@type":"Organization","@id":"https:\/\/ctp.eu\/#organization","name":"CTP","url":"https:\/\/ctp.eu\/","logo":{"@type":"ImageObject","inLanguage":"vi","@id":"https:\/\/ctp.eu\/#\/schema\/logo\/image\/","url":"","contentUrl":"","caption":"CTP"},"image":{"@id":"https:\/\/ctp.eu\/#\/schema\/logo\/image\/"}}]}},"_links":{"self":[{"href":"https:\/\/ctp.eu\/vi\/wp-json\/wp\/v2\/pages\/13","targetHints":{"allow":["GET"]}}],"collection":[{"href":"https:\/\/ctp.eu\/vi\/wp-json\/wp\/v2\/pages"}],"about":[{"href":"https:\/\/ctp.eu\/vi\/wp-json\/wp\/v2\/types\/page"}],"author":[{"embeddable":true,"href":"https:\/\/ctp.eu\/vi\/wp-json\/wp\/v2\/users\/67"}],"replies":[{"embeddable":true,"href":"https:\/\/ctp.eu\/vi\/wp-json\/wp\/v2\/comments?post=13"}],"version-history":[{"count":1,"href":"https:\/\/ctp.eu\/vi\/wp-json\/wp\/v2\/pages\/13\/revisions"}],"predecessor-version":[{"id":91990,"href":"https:\/\/ctp.eu\/vi\/wp-json\/wp\/v2\/pages\/13\/revisions\/91990"}],"wp:attachment":[{"href":"https:\/\/ctp.eu\/vi\/wp-json\/wp\/v2\/media?parent=13"}],"curies":[{"name":"wp","href":"https:\/\/api.w.org\/{rel}","templated":true}]}}