{"id":11291,"date":"2020-11-25T09:50:32","date_gmt":"2020-11-25T09:50:32","guid":{"rendered":"https:\/\/www.ctp.eu\/?page_id=11291"},"modified":"2023-11-02T13:58:33","modified_gmt":"2023-11-02T11:58:33","slug":"community","status":"publish","type":"page","link":"https:\/\/ctp.eu\/vi\/portfolio\/mixed-use\/community\/","title":{"rendered":"C\u1ed9ng \u0111\u1ed3ng v\u0103n ph\u00f2ng"},"content":{"rendered":"","protected":false},"excerpt":{"rendered":"","protected":false},"author":67,"featured_media":0,"parent":72,"menu_order":0,"comment_status":"closed","ping_status":"closed","template":"templates\/urban-parks.php","meta":{"_acf_changed":false,"footnotes":""},"class_list":["post-11291","page","type-page","status-publish","hentry"],"acf":[],"yoast_head":"<title>Office Community - Commercial Real Estate Developer And Manager<\/title>\n<meta name=\"description\" content=\"We have been supporting the education of young talents for a long time, and within CTParks we also support community growth.\" \/>\n<meta name=\"robots\" content=\"index, follow, max-snippet:-1, max-image-preview:large, max-video-preview:-1\" \/>\n<link rel=\"canonical\" href=\"https:\/\/ctp.eu\/vi\/portfolio\/mixed-use\/community\/\" \/>\n<meta property=\"og:locale\" content=\"vi_VN\" \/>\n<meta property=\"og:type\" content=\"article\" \/>\n<meta property=\"og:title\" content=\"Office Community\" \/>\n<meta property=\"og:description\" content=\"We have been supporting the education of young talents for a long time, and within CTParks we also support community growth.\" \/>\n<meta property=\"og:url\" content=\"https:\/\/ctp.eu\/vi\/portfolio\/mixed-use\/community\/\" \/>\n<meta property=\"og:site_name\" content=\"Commercial Real Estate Developer And Manager\" \/>\n<meta property=\"article:modified_time\" content=\"2023-11-02T11:58:33+00:00\" \/>\n<meta property=\"og:image\" content=\"https:\/\/ctp.eu\/wp-content\/uploads\/2020\/12\/ctp-community-web.jpg\" \/>\n\t<meta property=\"og:image:width\" content=\"3000\" \/>\n\t<meta property=\"og:image:height\" content=\"1246\" \/>\n\t<meta property=\"og:image:type\" content=\"image\/jpeg\" \/>\n<meta name=\"twitter:card\" content=\"summary_large_image\" \/>\n<script type=\"application\/ld+json\" class=\"yoast-schema-graph\">{\"@context\":\"https:\/\/schema.org\",\"@graph\":[{\"@type\":\"WebPage\",\"@id\":\"https:\/\/ctp.eu\/portfolio\/mixed-use\/community\/\",\"url\":\"https:\/\/ctp.eu\/portfolio\/mixed-use\/community\/\",\"name\":\"Office Community - Commercial Real Estate Developer And Manager\",\"isPartOf\":{\"@id\":\"https:\/\/ctp.eu\/#website\"},\"datePublished\":\"2020-11-25T09:50:32+00:00\",\"dateModified\":\"2023-11-02T11:58:33+00:00\",\"description\":\"We have been supporting the education of young talents for a long time, and within CTParks we also support community growth.\",\"breadcrumb\":{\"@id\":\"https:\/\/ctp.eu\/portfolio\/mixed-use\/community\/#breadcrumb\"},\"inLanguage\":\"vi\",\"potentialAction\":[{\"@type\":\"ReadAction\",\"target\":[\"https:\/\/ctp.eu\/portfolio\/mixed-use\/community\/\"]}]},{\"@type\":\"BreadcrumbList\",\"@id\":\"https:\/\/ctp.eu\/portfolio\/mixed-use\/community\/#breadcrumb\",\"itemListElement\":[{\"@type\":\"ListItem\",\"position\":1,\"name\":\"Home\",\"item\":\"https:\/\/ctp.eu\/\"},{\"@type\":\"ListItem\",\"position\":2,\"name\":\"Portfolio\",\"item\":\"https:\/\/ctp.eu\/portfolio\/\"},{\"@type\":\"ListItem\",\"position\":3,\"name\":\"Mixed-Use Portfolio\",\"item\":\"https:\/\/ctp.eu\/portfolio\/mixed-use\/\"},{\"@type\":\"ListItem\",\"position\":4,\"name\":\"Office Community\"}]},{\"@type\":\"WebSite\",\"@id\":\"https:\/\/ctp.eu\/#website\",\"url\":\"https:\/\/ctp.eu\/\",\"name\":\"Commercial Real Estate Developer And Manager\",\"description\":\"CTP - premium industrial warehouse and office buildings\",\"publisher\":{\"@id\":\"https:\/\/ctp.eu\/#organization\"},\"potentialAction\":[{\"@type\":\"SearchAction\",\"target\":{\"@type\":\"EntryPoint\",\"urlTemplate\":\"https:\/\/ctp.eu\/?s={search_term_string}\"},\"query-input\":{\"@type\":\"PropertyValueSpecification\",\"valueRequired\":true,\"valueName\":\"search_term_string\"}}],\"inLanguage\":\"vi\"},{\"@type\":\"Organization\",\"@id\":\"https:\/\/ctp.eu\/#organization\",\"name\":\"CTP\",\"url\":\"https:\/\/ctp.eu\/\",\"logo\":{\"@type\":\"ImageObject\",\"inLanguage\":\"vi\",\"@id\":\"https:\/\/ctp.eu\/#\/schema\/logo\/image\/\",\"url\":\"\",\"contentUrl\":\"\",\"caption\":\"CTP\"},\"image\":{\"@id\":\"https:\/\/ctp.eu\/#\/schema\/logo\/image\/\"}}]}<\/script>","yoast_head_json":{"title":"C\u1ed9ng \u0111\u1ed3ng v\u0103n ph\u00f2ng - Nh\u00e0 ph\u00e1t tri\u1ec3n v\u00e0 qu\u1ea3n l\u00fd b\u1ea5t \u0111\u1ed9ng s\u1ea3n th\u01b0\u01a1ng m\u1ea1i","description":"Ch\u00fang t\u00f4i \u0111\u00e3 h\u1ed7 tr\u1ee3 vi\u1ec7c gi\u00e1o d\u1ee5c c\u00e1c t\u00e0i n\u0103ng tr\u1ebb trong m\u1ed9t th\u1eddi gian d\u00e0i v\u00e0 t\u1ea1i CTParks, ch\u00fang t\u00f4i c\u0169ng h\u1ed7 tr\u1ee3 s\u1ef1 ph\u00e1t tri\u1ec3n c\u1ee7a c\u1ed9ng \u0111\u1ed3ng.","robots":{"index":"index","follow":"follow","max-snippet":"max-snippet:-1","max-image-preview":"max-image-preview:large","max-video-preview":"max-video-preview:-1"},"canonical":"https:\/\/ctp.eu\/vi\/portfolio\/mixed-use\/community\/","og_locale":"vi_VN","og_type":"article","og_title":"Office Community","og_description":"We have been supporting the education of young talents for a long time, and within CTParks we also support community growth.","og_url":"https:\/\/ctp.eu\/vi\/portfolio\/mixed-use\/community\/","og_site_name":"Commercial Real Estate Developer And Manager","article_modified_time":"2023-11-02T11:58:33+00:00","og_image":[{"width":3000,"height":1246,"url":"https:\/\/ctp.eu\/wp-content\/uploads\/2020\/12\/ctp-community-web.jpg","type":"image\/jpeg"}],"twitter_card":"summary_large_image","schema":{"@context":"https:\/\/schema.org","@graph":[{"@type":"WebPage","@id":"https:\/\/ctp.eu\/portfolio\/mixed-use\/community\/","url":"https:\/\/ctp.eu\/portfolio\/mixed-use\/community\/","name":"C\u1ed9ng \u0111\u1ed3ng v\u0103n ph\u00f2ng - Nh\u00e0 ph\u00e1t tri\u1ec3n v\u00e0 qu\u1ea3n l\u00fd b\u1ea5t \u0111\u1ed9ng s\u1ea3n th\u01b0\u01a1ng m\u1ea1i","isPartOf":{"@id":"https:\/\/ctp.eu\/#website"},"datePublished":"2020-11-25T09:50:32+00:00","dateModified":"2023-11-02T11:58:33+00:00","description":"Ch\u00fang t\u00f4i \u0111\u00e3 h\u1ed7 tr\u1ee3 vi\u1ec7c gi\u00e1o d\u1ee5c c\u00e1c t\u00e0i n\u0103ng tr\u1ebb trong m\u1ed9t th\u1eddi gian d\u00e0i v\u00e0 t\u1ea1i CTParks, ch\u00fang t\u00f4i c\u0169ng h\u1ed7 tr\u1ee3 s\u1ef1 ph\u00e1t tri\u1ec3n c\u1ee7a c\u1ed9ng \u0111\u1ed3ng.","breadcrumb":{"@id":"https:\/\/ctp.eu\/portfolio\/mixed-use\/community\/#breadcrumb"},"inLanguage":"vi","potentialAction":[{"@type":"ReadAction","target":["https:\/\/ctp.eu\/portfolio\/mixed-use\/community\/"]}]},{"@type":"BreadcrumbList","@id":"https:\/\/ctp.eu\/portfolio\/mixed-use\/community\/#breadcrumb","itemListElement":[{"@type":"ListItem","position":1,"name":"Home","item":"https:\/\/ctp.eu\/"},{"@type":"ListItem","position":2,"name":"Portfolio","item":"https:\/\/ctp.eu\/portfolio\/"},{"@type":"ListItem","position":3,"name":"Mixed-Use Portfolio","item":"https:\/\/ctp.eu\/portfolio\/mixed-use\/"},{"@type":"ListItem","position":4,"name":"Office Community"}]},{"@type":"WebSite","@id":"https:\/\/ctp.eu\/#website","url":"https:\/\/ctp.eu\/","name":"Nh\u00e0 ph\u00e1t tri\u1ec3n v\u00e0 qu\u1ea3n l\u00fd b\u1ea5t \u0111\u1ed9ng s\u1ea3n th\u01b0\u01a1ng m\u1ea1i","description":"CTP - t\u00f2a nh\u00e0 v\u0103n ph\u00f2ng v\u00e0 kho c\u00f4ng nghi\u1ec7p cao c\u1ea5p","publisher":{"@id":"https:\/\/ctp.eu\/#organization"},"potentialAction":[{"@type":"SearchAction","target":{"@type":"EntryPoint","urlTemplate":"https:\/\/ctp.eu\/?s={search_term_string}"},"query-input":{"@type":"PropertyValueSpecification","valueRequired":true,"valueName":"search_term_string"}}],"inLanguage":"vi"},{"@type":"Organization","@id":"https:\/\/ctp.eu\/#organization","name":"CTP","url":"https:\/\/ctp.eu\/","logo":{"@type":"ImageObject","inLanguage":"vi","@id":"https:\/\/ctp.eu\/#\/schema\/logo\/image\/","url":"","contentUrl":"","caption":"CTP"},"image":{"@id":"https:\/\/ctp.eu\/#\/schema\/logo\/image\/"}}]}},"_links":{"self":[{"href":"https:\/\/ctp.eu\/vi\/wp-json\/wp\/v2\/pages\/11291","targetHints":{"allow":["GET"]}}],"collection":[{"href":"https:\/\/ctp.eu\/vi\/wp-json\/wp\/v2\/pages"}],"about":[{"href":"https:\/\/ctp.eu\/vi\/wp-json\/wp\/v2\/types\/page"}],"author":[{"embeddable":true,"href":"https:\/\/ctp.eu\/vi\/wp-json\/wp\/v2\/users\/67"}],"replies":[{"embeddable":true,"href":"https:\/\/ctp.eu\/vi\/wp-json\/wp\/v2\/comments?post=11291"}],"version-history":[{"count":2,"href":"https:\/\/ctp.eu\/vi\/wp-json\/wp\/v2\/pages\/11291\/revisions"}],"predecessor-version":[{"id":89017,"href":"https:\/\/ctp.eu\/vi\/wp-json\/wp\/v2\/pages\/11291\/revisions\/89017"}],"up":[{"embeddable":true,"href":"https:\/\/ctp.eu\/vi\/wp-json\/wp\/v2\/pages\/72"}],"wp:attachment":[{"href":"https:\/\/ctp.eu\/vi\/wp-json\/wp\/v2\/media?parent=11291"}],"curies":[{"name":"wp","href":"https:\/\/api.w.org\/{rel}","templated":true}]}}