{"id":112207,"date":"2025-10-21T20:39:05","date_gmt":"2025-10-21T18:39:05","guid":{"rendered":"https:\/\/ctp.eu\/?page_id=112207"},"modified":"2026-04-16T12:46:03","modified_gmt":"2026-04-16T10:46:03","slug":"parkmakers-home","status":"publish","type":"page","link":"https:\/\/ctp.eu\/vi\/","title":{"rendered":"Ng\u01b0\u1eddi l\u00e0m c\u00f4ng vi\u00ean"},"content":{"rendered":"<p>Full-service real estate solutions for high-tech, manufacturing, and logistics companies.<\/p>","protected":false},"excerpt":{"rendered":"<p>Full-service real estate solutions for high-tech, manufacturing, and logistics companies.<\/p>","protected":false},"author":22,"featured_media":0,"parent":0,"menu_order":0,"comment_status":"closed","ping_status":"closed","template":"templates\/homepage-alternative.php","meta":{"_acf_changed":false,"footnotes":""},"class_list":["post-112207","page","type-page","status-publish","hentry"],"acf":[],"yoast_head":"<title>Parkmakers - Commercial Real Estate Developer And Manager<\/title>\n<meta name=\"description\" content=\"CTP is Europe\u2019s largest listed owner, developer, and manager of logistics and industrial real estate by gross lettable area across 10 countries. Full-service developer and property manager.\" \/>\n<meta name=\"robots\" content=\"index, follow, max-snippet:-1, max-image-preview:large, max-video-preview:-1\" \/>\n<link rel=\"canonical\" href=\"https:\/\/ctp.eu\/vi\/\" \/>\n<meta property=\"og:locale\" content=\"vi_VN\" \/>\n<meta property=\"og:type\" content=\"article\" \/>\n<meta property=\"og:title\" content=\"Parkmakers - Commercial Real Estate Developer And Manager\" \/>\n<meta property=\"og:description\" content=\"CTP is Europe\u2019s largest listed owner, developer, and manager of logistics and industrial real estate by gross lettable area across 10 countries. Full-service developer and property manager.\" \/>\n<meta property=\"og:url\" content=\"https:\/\/ctp.eu\/vi\/\" \/>\n<meta property=\"og:site_name\" content=\"Commercial Real Estate Developer And Manager\" \/>\n<meta property=\"article:modified_time\" content=\"2026-04-16T10:46:03+00:00\" \/>\n<meta property=\"og:image\" content=\"https:\/\/ctp.eu\/wp-content\/uploads\/2021\/01\/by-ctp-social.jpg\" \/>\n\t<meta property=\"og:image:width\" content=\"1600\" \/>\n\t<meta property=\"og:image:height\" content=\"836\" \/>\n\t<meta property=\"og:image:type\" content=\"image\/jpeg\" \/>\n<meta name=\"twitter:card\" content=\"summary_large_image\" \/>\n<meta name=\"twitter:title\" content=\"Parkmakers\" \/>\n<meta name=\"twitter:label1\" content=\"\u01af\u1edbc t\u00ednh th\u1eddi gian \u0111\u1ecdc\" \/>\n\t<meta name=\"twitter:data1\" content=\"1 ph\u00fat\" \/>\n<script type=\"application\/ld+json\" class=\"yoast-schema-graph\">{\"@context\":\"https:\\\/\\\/schema.org\",\"@graph\":[{\"@type\":\"WebPage\",\"@id\":\"https:\\\/\\\/ctp.eu\\\/\",\"url\":\"https:\\\/\\\/ctp.eu\\\/\",\"name\":\"Parkmakers - Commercial Real Estate Developer And Manager\",\"isPartOf\":{\"@id\":\"https:\\\/\\\/ctp.eu\\\/#website\"},\"datePublished\":\"2025-10-21T18:39:05+00:00\",\"dateModified\":\"2026-04-16T10:46:03+00:00\",\"description\":\"CTP is Europe\u2019s largest listed owner, developer, and manager of logistics and industrial real estate by gross lettable area across 10 countries. Full-service developer and property manager.\",\"breadcrumb\":{\"@id\":\"https:\\\/\\\/ctp.eu\\\/#breadcrumb\"},\"inLanguage\":\"vi\",\"potentialAction\":[{\"@type\":\"ReadAction\",\"target\":[\"https:\\\/\\\/ctp.eu\\\/\"]}]},{\"@type\":\"BreadcrumbList\",\"@id\":\"https:\\\/\\\/ctp.eu\\\/#breadcrumb\",\"itemListElement\":[{\"@type\":\"ListItem\",\"position\":1,\"name\":\"Home\",\"item\":\"https:\\\/\\\/ctp.eu\\\/\"},{\"@type\":\"ListItem\",\"position\":2,\"name\":\"Parkmakers\"}]},{\"@type\":\"WebSite\",\"@id\":\"https:\\\/\\\/ctp.eu\\\/#website\",\"url\":\"https:\\\/\\\/ctp.eu\\\/\",\"name\":\"Commercial Real Estate Developer And Manager\",\"description\":\"CTP - premium industrial warehouse and office buildings\",\"publisher\":{\"@id\":\"https:\\\/\\\/ctp.eu\\\/#organization\"},\"potentialAction\":[{\"@type\":\"SearchAction\",\"target\":{\"@type\":\"EntryPoint\",\"urlTemplate\":\"https:\\\/\\\/ctp.eu\\\/?s={search_term_string}\"},\"query-input\":{\"@type\":\"PropertyValueSpecification\",\"valueRequired\":true,\"valueName\":\"search_term_string\"}}],\"inLanguage\":\"vi\"},{\"@type\":\"Organization\",\"@id\":\"https:\\\/\\\/ctp.eu\\\/#organization\",\"name\":\"CTP\",\"url\":\"https:\\\/\\\/ctp.eu\\\/\",\"logo\":{\"@type\":\"ImageObject\",\"inLanguage\":\"vi\",\"@id\":\"https:\\\/\\\/ctp.eu\\\/#\\\/schema\\\/logo\\\/image\\\/\",\"url\":\"\",\"contentUrl\":\"\",\"caption\":\"CTP\"},\"image\":{\"@id\":\"https:\\\/\\\/ctp.eu\\\/#\\\/schema\\\/logo\\\/image\\\/\"}}]}<\/script>","yoast_head_json":{"title":"Parkmakers - Nh\u00e0 ph\u00e1t tri\u1ec3n v\u00e0 qu\u1ea3n l\u00fd b\u1ea5t \u0111\u1ed9ng s\u1ea3n th\u01b0\u01a1ng m\u1ea1i","description":"CTP l\u00e0 ch\u1ee7 s\u1edf h\u1eefu, nh\u00e0 ph\u00e1t tri\u1ec3n v\u00e0 qu\u1ea3n l\u00fd b\u1ea5t \u0111\u1ed9ng s\u1ea3n c\u00f4ng nghi\u1ec7p v\u00e0 h\u1eadu c\u1ea7n l\u1edbn nh\u1ea5t ch\u00e2u \u00c2u theo di\u1ec7n t\u00edch cho thu\u00ea g\u1ed9p t\u1ea1i 10 qu\u1ed1c gia. Nh\u00e0 ph\u00e1t tri\u1ec3n v\u00e0 qu\u1ea3n l\u00fd b\u1ea5t \u0111\u1ed9ng s\u1ea3n cung c\u1ea5p d\u1ecbch v\u1ee5 tr\u1ecdn g\u00f3i.","robots":{"index":"index","follow":"follow","max-snippet":"max-snippet:-1","max-image-preview":"max-image-preview:large","max-video-preview":"max-video-preview:-1"},"canonical":"https:\/\/ctp.eu\/vi\/","og_locale":"vi_VN","og_type":"article","og_title":"Parkmakers - Commercial Real Estate Developer And Manager","og_description":"CTP is Europe\u2019s largest listed owner, developer, and manager of logistics and industrial real estate by gross lettable area across 10 countries. Full-service developer and property manager.","og_url":"https:\/\/ctp.eu\/vi\/","og_site_name":"Commercial Real Estate Developer And Manager","article_modified_time":"2026-04-16T10:46:03+00:00","og_image":[{"width":1600,"height":836,"url":"https:\/\/ctp.eu\/wp-content\/uploads\/2021\/01\/by-ctp-social.jpg","type":"image\/jpeg"}],"twitter_card":"summary_large_image","twitter_title":"Parkmakers","twitter_misc":{"\u01af\u1edbc t\u00ednh th\u1eddi gian \u0111\u1ecdc":"1 ph\u00fat"},"schema":{"@context":"https:\/\/schema.org","@graph":[{"@type":"WebPage","@id":"https:\/\/ctp.eu\/","url":"https:\/\/ctp.eu\/","name":"Parkmakers - Nh\u00e0 ph\u00e1t tri\u1ec3n v\u00e0 qu\u1ea3n l\u00fd b\u1ea5t \u0111\u1ed9ng s\u1ea3n th\u01b0\u01a1ng m\u1ea1i","isPartOf":{"@id":"https:\/\/ctp.eu\/#website"},"datePublished":"2025-10-21T18:39:05+00:00","dateModified":"2026-04-16T10:46:03+00:00","description":"CTP l\u00e0 ch\u1ee7 s\u1edf h\u1eefu, nh\u00e0 ph\u00e1t tri\u1ec3n v\u00e0 qu\u1ea3n l\u00fd b\u1ea5t \u0111\u1ed9ng s\u1ea3n c\u00f4ng nghi\u1ec7p v\u00e0 h\u1eadu c\u1ea7n l\u1edbn nh\u1ea5t ch\u00e2u \u00c2u theo di\u1ec7n t\u00edch cho thu\u00ea g\u1ed9p t\u1ea1i 10 qu\u1ed1c gia. Nh\u00e0 ph\u00e1t tri\u1ec3n v\u00e0 qu\u1ea3n l\u00fd b\u1ea5t \u0111\u1ed9ng s\u1ea3n cung c\u1ea5p d\u1ecbch v\u1ee5 tr\u1ecdn g\u00f3i.","breadcrumb":{"@id":"https:\/\/ctp.eu\/#breadcrumb"},"inLanguage":"vi","potentialAction":[{"@type":"ReadAction","target":["https:\/\/ctp.eu\/"]}]},{"@type":"BreadcrumbList","@id":"https:\/\/ctp.eu\/#breadcrumb","itemListElement":[{"@type":"ListItem","position":1,"name":"Home","item":"https:\/\/ctp.eu\/"},{"@type":"ListItem","position":2,"name":"Parkmakers"}]},{"@type":"WebSite","@id":"https:\/\/ctp.eu\/#website","url":"https:\/\/ctp.eu\/","name":"Nh\u00e0 ph\u00e1t tri\u1ec3n v\u00e0 qu\u1ea3n l\u00fd b\u1ea5t \u0111\u1ed9ng s\u1ea3n th\u01b0\u01a1ng m\u1ea1i","description":"CTP - t\u00f2a nh\u00e0 v\u0103n ph\u00f2ng v\u00e0 kho c\u00f4ng nghi\u1ec7p cao c\u1ea5p","publisher":{"@id":"https:\/\/ctp.eu\/#organization"},"potentialAction":[{"@type":"SearchAction","target":{"@type":"EntryPoint","urlTemplate":"https:\/\/ctp.eu\/?s={search_term_string}"},"query-input":{"@type":"PropertyValueSpecification","valueRequired":true,"valueName":"search_term_string"}}],"inLanguage":"vi"},{"@type":"Organization","@id":"https:\/\/ctp.eu\/#organization","name":"CTP","url":"https:\/\/ctp.eu\/","logo":{"@type":"ImageObject","inLanguage":"vi","@id":"https:\/\/ctp.eu\/#\/schema\/logo\/image\/","url":"","contentUrl":"","caption":"CTP"},"image":{"@id":"https:\/\/ctp.eu\/#\/schema\/logo\/image\/"}}]}},"_links":{"self":[{"href":"https:\/\/ctp.eu\/vi\/wp-json\/wp\/v2\/pages\/112207","targetHints":{"allow":["GET"]}}],"collection":[{"href":"https:\/\/ctp.eu\/vi\/wp-json\/wp\/v2\/pages"}],"about":[{"href":"https:\/\/ctp.eu\/vi\/wp-json\/wp\/v2\/types\/page"}],"author":[{"embeddable":true,"href":"https:\/\/ctp.eu\/vi\/wp-json\/wp\/v2\/users\/22"}],"replies":[{"embeddable":true,"href":"https:\/\/ctp.eu\/vi\/wp-json\/wp\/v2\/comments?post=112207"}],"version-history":[{"count":22,"href":"https:\/\/ctp.eu\/vi\/wp-json\/wp\/v2\/pages\/112207\/revisions"}],"predecessor-version":[{"id":115467,"href":"https:\/\/ctp.eu\/vi\/wp-json\/wp\/v2\/pages\/112207\/revisions\/115467"}],"wp:attachment":[{"href":"https:\/\/ctp.eu\/vi\/wp-json\/wp\/v2\/media?parent=112207"}],"curies":[{"name":"wp","href":"https:\/\/api.w.org\/{rel}","templated":true}]}}