{"id":103271,"date":"2025-02-11T16:16:13","date_gmt":"2025-02-11T14:16:13","guid":{"rendered":"https:\/\/ctp.eu\/?page_id=103271"},"modified":"2025-07-31T16:45:45","modified_gmt":"2025-07-31T14:45:45","slug":"brasov","status":"publish","type":"page","link":"https:\/\/ctp.eu\/vi\/regions\/brasov\/","title":{"rendered":"Bra\u0219ov"},"content":{"rendered":"","protected":false},"excerpt":{"rendered":"","protected":false},"author":59,"featured_media":0,"parent":9638,"menu_order":5,"comment_status":"closed","ping_status":"closed","template":"region-details.php","meta":{"_acf_changed":false,"footnotes":""},"class_list":["post-103271","page","type-page","status-publish","hentry"],"acf":[],"yoast_head":"<title>Bra\u0219ov - Commercial Real Estate Developer And Manager<\/title>\n<meta name=\"description\" content=\"Bra\u0219ov, located in the heart of Transylvania, is a prime destination for business, offering a strategic location, skilled workforce, and modern infrastructure. With a population of 638,707 (2022), the region serves as a key logistical hub, connected by the Bra\u0219ov In\" \/>\n<meta name=\"robots\" content=\"index, follow, max-snippet:-1, max-image-preview:large, max-video-preview:-1\" \/>\n<link rel=\"canonical\" href=\"https:\/\/ctp.eu\/vi\/regions\/brasov\/\" \/>\n<meta property=\"og:locale\" content=\"vi_VN\" \/>\n<meta property=\"og:type\" content=\"article\" \/>\n<meta property=\"og:title\" content=\"Bra\u0219ov\" \/>\n<meta property=\"og:description\" content=\"Bra\u0219ov, located in the heart of Transylvania, is a prime destination for business, offering a strategic location, skilled workforce, and modern infrastructure. With a population of 638,707 (2022), the region serves as a key logistical hub, connected by the Bra\u0219ov In\" \/>\n<meta property=\"og:url\" content=\"https:\/\/ctp.eu\/vi\/regions\/brasov\/\" \/>\n<meta property=\"og:site_name\" content=\"Commercial Real Estate Developer And Manager\" \/>\n<meta property=\"article:modified_time\" content=\"2025-07-31T14:45:45+00:00\" \/>\n<meta name=\"twitter:card\" content=\"summary_large_image\" \/>\n<script type=\"application\/ld+json\" class=\"yoast-schema-graph\">{\"@context\":\"https:\\\/\\\/schema.org\",\"@graph\":[{\"@type\":\"WebPage\",\"@id\":\"https:\\\/\\\/ctp.eu\\\/regions\\\/brasov\\\/\",\"url\":\"https:\\\/\\\/ctp.eu\\\/regions\\\/brasov\\\/\",\"name\":\"Bra\u0219ov - Commercial Real Estate Developer And Manager\",\"isPartOf\":{\"@id\":\"https:\\\/\\\/ctp.eu\\\/#website\"},\"datePublished\":\"2025-02-11T14:16:13+00:00\",\"dateModified\":\"2025-07-31T14:45:45+00:00\",\"description\":\"Bra\u0219ov, located in the heart of Transylvania, is a prime destination for business, offering a strategic location, skilled workforce, and modern infrastructure. With a population of 638,707 (2022), the region serves as a key logistical hub, connected by the Bra\u0219ov In\",\"breadcrumb\":{\"@id\":\"https:\\\/\\\/ctp.eu\\\/regions\\\/brasov\\\/#breadcrumb\"},\"inLanguage\":\"vi\",\"potentialAction\":[{\"@type\":\"ReadAction\",\"target\":[\"https:\\\/\\\/ctp.eu\\\/regions\\\/brasov\\\/\"]}]},{\"@type\":\"BreadcrumbList\",\"@id\":\"https:\\\/\\\/ctp.eu\\\/regions\\\/brasov\\\/#breadcrumb\",\"itemListElement\":[{\"@type\":\"ListItem\",\"position\":1,\"name\":\"Home\",\"item\":\"https:\\\/\\\/ctp.eu\\\/\"},{\"@type\":\"ListItem\",\"position\":2,\"name\":\"Hot Regions\",\"item\":\"https:\\\/\\\/ctp.eu\\\/regions\\\/\"},{\"@type\":\"ListItem\",\"position\":3,\"name\":\"Bra\u0219ov\"}]},{\"@type\":\"WebSite\",\"@id\":\"https:\\\/\\\/ctp.eu\\\/#website\",\"url\":\"https:\\\/\\\/ctp.eu\\\/\",\"name\":\"Commercial Real Estate Developer And Manager\",\"description\":\"CTP - premium industrial warehouse and office buildings\",\"publisher\":{\"@id\":\"https:\\\/\\\/ctp.eu\\\/#organization\"},\"potentialAction\":[{\"@type\":\"SearchAction\",\"target\":{\"@type\":\"EntryPoint\",\"urlTemplate\":\"https:\\\/\\\/ctp.eu\\\/?s={search_term_string}\"},\"query-input\":{\"@type\":\"PropertyValueSpecification\",\"valueRequired\":true,\"valueName\":\"search_term_string\"}}],\"inLanguage\":\"vi\"},{\"@type\":\"Organization\",\"@id\":\"https:\\\/\\\/ctp.eu\\\/#organization\",\"name\":\"CTP\",\"url\":\"https:\\\/\\\/ctp.eu\\\/\",\"logo\":{\"@type\":\"ImageObject\",\"inLanguage\":\"vi\",\"@id\":\"https:\\\/\\\/ctp.eu\\\/#\\\/schema\\\/logo\\\/image\\\/\",\"url\":\"\",\"contentUrl\":\"\",\"caption\":\"CTP\"},\"image\":{\"@id\":\"https:\\\/\\\/ctp.eu\\\/#\\\/schema\\\/logo\\\/image\\\/\"}}]}<\/script>","yoast_head_json":{"title":"Bra\u0219ov - Nh\u00e0 ph\u00e1t tri\u1ec3n v\u00e0 qu\u1ea3n l\u00fd b\u1ea5t \u0111\u1ed9ng s\u1ea3n th\u01b0\u01a1ng m\u1ea1i","description":"Bra\u0219ov, n\u1eb1m \u1edf trung t\u00e2m Transylvania, l\u00e0 \u0111i\u1ec3m \u0111\u1ebfn h\u00e0ng \u0111\u1ea7u cho doanh nghi\u1ec7p, cung c\u1ea5p v\u1ecb tr\u00ed chi\u1ebfn l\u01b0\u1ee3c, l\u1ef1c l\u01b0\u1ee3ng lao \u0111\u1ed9ng l\u00e0nh ngh\u1ec1 v\u00e0 c\u01a1 s\u1edf h\u1ea1 t\u1ea7ng hi\u1ec7n \u0111\u1ea1i. V\u1edbi d\u00e2n s\u1ed1 638.707 (2022), khu v\u1ef1c n\u00e0y \u0111\u00f3ng vai tr\u00f2 l\u00e0 trung t\u00e2m h\u1eadu c\u1ea7n quan tr\u1ecdng, \u0111\u01b0\u1ee3c k\u1ebft n\u1ed1i b\u1edfi Bra\u0219ov In","robots":{"index":"index","follow":"follow","max-snippet":"max-snippet:-1","max-image-preview":"max-image-preview:large","max-video-preview":"max-video-preview:-1"},"canonical":"https:\/\/ctp.eu\/vi\/regions\/brasov\/","og_locale":"vi_VN","og_type":"article","og_title":"Bra\u0219ov","og_description":"Bra\u0219ov, located in the heart of Transylvania, is a prime destination for business, offering a strategic location, skilled workforce, and modern infrastructure. With a population of 638,707 (2022), the region serves as a key logistical hub, connected by the Bra\u0219ov In","og_url":"https:\/\/ctp.eu\/vi\/regions\/brasov\/","og_site_name":"Commercial Real Estate Developer And Manager","article_modified_time":"2025-07-31T14:45:45+00:00","twitter_card":"summary_large_image","schema":{"@context":"https:\/\/schema.org","@graph":[{"@type":"WebPage","@id":"https:\/\/ctp.eu\/regions\/brasov\/","url":"https:\/\/ctp.eu\/regions\/brasov\/","name":"Bra\u0219ov - Nh\u00e0 ph\u00e1t tri\u1ec3n v\u00e0 qu\u1ea3n l\u00fd b\u1ea5t \u0111\u1ed9ng s\u1ea3n th\u01b0\u01a1ng m\u1ea1i","isPartOf":{"@id":"https:\/\/ctp.eu\/#website"},"datePublished":"2025-02-11T14:16:13+00:00","dateModified":"2025-07-31T14:45:45+00:00","description":"Bra\u0219ov, n\u1eb1m \u1edf trung t\u00e2m Transylvania, l\u00e0 \u0111i\u1ec3m \u0111\u1ebfn h\u00e0ng \u0111\u1ea7u cho doanh nghi\u1ec7p, cung c\u1ea5p v\u1ecb tr\u00ed chi\u1ebfn l\u01b0\u1ee3c, l\u1ef1c l\u01b0\u1ee3ng lao \u0111\u1ed9ng l\u00e0nh ngh\u1ec1 v\u00e0 c\u01a1 s\u1edf h\u1ea1 t\u1ea7ng hi\u1ec7n \u0111\u1ea1i. V\u1edbi d\u00e2n s\u1ed1 638.707 (2022), khu v\u1ef1c n\u00e0y \u0111\u00f3ng vai tr\u00f2 l\u00e0 trung t\u00e2m h\u1eadu c\u1ea7n quan tr\u1ecdng, \u0111\u01b0\u1ee3c k\u1ebft n\u1ed1i b\u1edfi Bra\u0219ov In","breadcrumb":{"@id":"https:\/\/ctp.eu\/regions\/brasov\/#breadcrumb"},"inLanguage":"vi","potentialAction":[{"@type":"ReadAction","target":["https:\/\/ctp.eu\/regions\/brasov\/"]}]},{"@type":"BreadcrumbList","@id":"https:\/\/ctp.eu\/regions\/brasov\/#breadcrumb","itemListElement":[{"@type":"ListItem","position":1,"name":"Home","item":"https:\/\/ctp.eu\/"},{"@type":"ListItem","position":2,"name":"Hot Regions","item":"https:\/\/ctp.eu\/regions\/"},{"@type":"ListItem","position":3,"name":"Bra\u0219ov"}]},{"@type":"WebSite","@id":"https:\/\/ctp.eu\/#website","url":"https:\/\/ctp.eu\/","name":"Nh\u00e0 ph\u00e1t tri\u1ec3n v\u00e0 qu\u1ea3n l\u00fd b\u1ea5t \u0111\u1ed9ng s\u1ea3n th\u01b0\u01a1ng m\u1ea1i","description":"CTP - t\u00f2a nh\u00e0 v\u0103n ph\u00f2ng v\u00e0 kho c\u00f4ng nghi\u1ec7p cao c\u1ea5p","publisher":{"@id":"https:\/\/ctp.eu\/#organization"},"potentialAction":[{"@type":"SearchAction","target":{"@type":"EntryPoint","urlTemplate":"https:\/\/ctp.eu\/?s={search_term_string}"},"query-input":{"@type":"PropertyValueSpecification","valueRequired":true,"valueName":"search_term_string"}}],"inLanguage":"vi"},{"@type":"Organization","@id":"https:\/\/ctp.eu\/#organization","name":"CTP","url":"https:\/\/ctp.eu\/","logo":{"@type":"ImageObject","inLanguage":"vi","@id":"https:\/\/ctp.eu\/#\/schema\/logo\/image\/","url":"","contentUrl":"","caption":"CTP"},"image":{"@id":"https:\/\/ctp.eu\/#\/schema\/logo\/image\/"}}]}},"_links":{"self":[{"href":"https:\/\/ctp.eu\/vi\/wp-json\/wp\/v2\/pages\/103271","targetHints":{"allow":["GET"]}}],"collection":[{"href":"https:\/\/ctp.eu\/vi\/wp-json\/wp\/v2\/pages"}],"about":[{"href":"https:\/\/ctp.eu\/vi\/wp-json\/wp\/v2\/types\/page"}],"author":[{"embeddable":true,"href":"https:\/\/ctp.eu\/vi\/wp-json\/wp\/v2\/users\/59"}],"replies":[{"embeddable":true,"href":"https:\/\/ctp.eu\/vi\/wp-json\/wp\/v2\/comments?post=103271"}],"version-history":[{"count":4,"href":"https:\/\/ctp.eu\/vi\/wp-json\/wp\/v2\/pages\/103271\/revisions"}],"predecessor-version":[{"id":109812,"href":"https:\/\/ctp.eu\/vi\/wp-json\/wp\/v2\/pages\/103271\/revisions\/109812"}],"up":[{"embeddable":true,"href":"https:\/\/ctp.eu\/vi\/wp-json\/wp\/v2\/pages\/9638"}],"wp:attachment":[{"href":"https:\/\/ctp.eu\/vi\/wp-json\/wp\/v2\/media?parent=103271"}],"curies":[{"name":"wp","href":"https:\/\/api.w.org\/{rel}","templated":true}]}}