{"id":100821,"date":"2024-12-02T16:18:57","date_gmt":"2024-12-02T14:18:57","guid":{"rendered":"https:\/\/ctp.eu\/?page_id=100821"},"modified":"2026-01-14T17:20:50","modified_gmt":"2026-01-14T16:20:50","slug":"ctp-group-companies","status":"publish","type":"page","link":"https:\/\/ctp.eu\/vi\/ctp-policies\/ctp-group-companies\/","title":{"rendered":"C\u00e1c c\u00f4ng ty c\u1ee7a T\u1eadp \u0111o\u00e0n CTP"},"content":{"rendered":"<div class=\"policy\">\n<p>&nbsp;<\/p>\n<h2>C\u00e1c c\u00f4ng ty c\u1ee7a T\u1eadp \u0111o\u00e0n CTP<\/h2>\n<p>&nbsp;<\/p>\n<table width=\"100\" style=\"width:100%\">\n<tbody>\n<tr>\n<td width=\"268\">C\u00f4ng ty<\/td>\n<td width=\"629\">\u0110\u1ecba ch\u1ec9<\/td>\n<\/tr>\n<tr>\n<td width=\"268\">C\u00f4ng ty TNHH \u0110\u1ea7u t\u01b0 CTP BV<\/td>\n<td>Apollolaan 151, 1077 AR Amsterdam<\/td>\n<\/tr>\n<tr>\n<td width=\"268\">CTP Invest Bucharest SRL<\/td>\n<td>L\u00e0ng Dragomiresti-Deal, x\u00e3 Dragomiresti Vale, 1 Gabriela St., T\u00f2a nh\u00e0 B, t\u1ea7ng tr\u1ec7t, qu\u1eadn llfov<\/td>\n<\/tr>\n<tr>\n<td width=\"268\">CTP Invest doo Beograd \u2013 Novi Beograd<\/td>\n<td>Megarska 9, 11070 Beograd<\/td>\n<\/tr>\n<tr>\n<td width=\"268\">CTP \u0110\u1ea7u t\u01b0 EOOD<\/td>\n<td>247 Botevgradsko Shose Blvd., T\u00f2a nh\u00e0 h\u00e0nh ch\u00ednh, fl.7, Sofia<\/td>\n<\/tr>\n<tr>\n<td width=\"268\">C\u00f4ng ty TNHH CTP Invest Germany<\/td>\n<td width=\"629\">Lietzenburger Str. 75, 10719 Berlin<\/td>\n<\/tr>\n<tr>\n<td width=\"268\">C\u00f4ng ty TNHH \u0110\u1ea7u t\u01b0 CTP H\u1ed3ng K\u00f4ng<\/td>\n<td width=\"629\">\u0110\u01a1n v\u1ecb B, T\u1ea7ng 17, Trung t\u00e2m United, 95 Queensway, Admiralty, H\u1ed3ng K\u00f4ng<\/td>\n<\/tr>\n<tr>\n<td width=\"268\">C\u00f4ng ty TNHH B\u1ea5t \u0111\u1ed9ng s\u1ea3n CTP Invest<\/td>\n<td width=\"629\">Mariahilfer Stra\u00dfe 17\/4, 1060 Vienna<\/td>\n<\/tr>\n<tr>\n<td width=\"268\">C\u00f4ng ty TNHH \u0110\u1ea7u t\u01b0 CTP<\/td>\n<td>T\u1ea7ng 4, 115 \u0110\u01b0\u1eddng George, Edinburgh, V\u01b0\u01a1ng qu\u1ed1c Anh, EH2 4JN<\/td>\n<\/tr>\n<tr>\n<td width=\"268\">V\u01b0\u1eddn th\u00fa CTP Invest Poland sp.<\/td>\n<td>Chmielna 69, 00-801 Warsaw, Poland<\/td>\n<\/tr>\n<tr>\n<td width=\"268\">CTP Invest SK, spol. s ro<\/td>\n<td>Laurinsk\u00e1 18 811 01 Bratislava-Star\u00e9 Mesto<\/td>\n<\/tr>\n<tr>\n<td width=\"268\">CTP Invest, c\u00f4ng ty con<\/td>\n<td width=\"629\">CTPark Humpolec 1571, 396 01 Humpolec<\/td>\n<\/tr>\n<tr>\n<td width=\"268\">C\u00f4ng ty TNHH Qu\u1ea3n l\u00fd CTP Hungary<\/td>\n<td>2051 Biatorb\u00e1gy, Vereb\u00e9ly L\u00e1szl\u00f3 utca 2<\/td>\n<\/tr>\n<tr>\n<td width=\"268\">CTP NV<\/td>\n<td>Apollolaan 151, 1077 AR Amsterdam<\/td>\n<\/tr>\n<\/tbody>\n<\/table>\n<p>&nbsp;<\/p>\n<\/div>","protected":false},"excerpt":{"rendered":"<p>&nbsp; CTP Group Companies &nbsp; Company Address CTP Invest B.V. Apollolaan 151, 1077 AR Amsterdam CTP Invest Bucharest S.R.L. Dragomiresti-Deal<\/p>","protected":false},"author":22,"featured_media":0,"parent":6125,"menu_order":0,"comment_status":"closed","ping_status":"closed","template":"","meta":{"_acf_changed":false,"footnotes":""},"class_list":["post-100821","page","type-page","status-publish","hentry"],"acf":[],"yoast_head":"<title>CTP Group Companies - Commercial Real Estate Developer And Manager<\/title>\n<meta name=\"robots\" content=\"index, follow, max-snippet:-1, max-image-preview:large, max-video-preview:-1\" \/>\n<link rel=\"canonical\" href=\"https:\/\/ctp.eu\/vi\/ctp-policies\/ctp-group-companies\/\" \/>\n<meta property=\"og:locale\" content=\"vi_VN\" \/>\n<meta property=\"og:type\" content=\"article\" \/>\n<meta property=\"og:title\" content=\"CTP Group Companies\" \/>\n<meta property=\"og:description\" content=\"&nbsp; CTP Group Companies &nbsp; Company Address CTP Invest B.V. Apollolaan 151, 1077 AR Amsterdam CTP Invest Bucharest S.R.L. Dragomiresti-Deal\" \/>\n<meta property=\"og:url\" content=\"https:\/\/ctp.eu\/vi\/ctp-policies\/ctp-group-companies\/\" \/>\n<meta property=\"og:site_name\" content=\"Commercial Real Estate Developer And Manager\" \/>\n<meta property=\"article:modified_time\" content=\"2026-01-14T16:20:50+00:00\" \/>\n<meta name=\"twitter:card\" content=\"summary_large_image\" \/>\n<meta name=\"twitter:label1\" content=\"\u01af\u1edbc t\u00ednh th\u1eddi gian \u0111\u1ecdc\" \/>\n\t<meta name=\"twitter:data1\" content=\"1 ph\u00fat\" \/>\n<script type=\"application\/ld+json\" class=\"yoast-schema-graph\">{\"@context\":\"https:\\\/\\\/schema.org\",\"@graph\":[{\"@type\":\"WebPage\",\"@id\":\"https:\\\/\\\/ctp.eu\\\/ctp-policies\\\/ctp-group-companies\\\/\",\"url\":\"https:\\\/\\\/ctp.eu\\\/ctp-policies\\\/ctp-group-companies\\\/\",\"name\":\"CTP Group Companies - Commercial Real Estate Developer And Manager\",\"isPartOf\":{\"@id\":\"https:\\\/\\\/ctp.eu\\\/#website\"},\"datePublished\":\"2024-12-02T14:18:57+00:00\",\"dateModified\":\"2026-01-14T16:20:50+00:00\",\"breadcrumb\":{\"@id\":\"https:\\\/\\\/ctp.eu\\\/ctp-policies\\\/ctp-group-companies\\\/#breadcrumb\"},\"inLanguage\":\"vi\",\"potentialAction\":[{\"@type\":\"ReadAction\",\"target\":[\"https:\\\/\\\/ctp.eu\\\/ctp-policies\\\/ctp-group-companies\\\/\"]}]},{\"@type\":\"BreadcrumbList\",\"@id\":\"https:\\\/\\\/ctp.eu\\\/ctp-policies\\\/ctp-group-companies\\\/#breadcrumb\",\"itemListElement\":[{\"@type\":\"ListItem\",\"position\":1,\"name\":\"Home\",\"item\":\"https:\\\/\\\/ctp.eu\\\/\"},{\"@type\":\"ListItem\",\"position\":2,\"name\":\"CTP Policies\",\"item\":\"https:\\\/\\\/ctp.eu\\\/ctp-policies\\\/\"},{\"@type\":\"ListItem\",\"position\":3,\"name\":\"CTP Group Companies\"}]},{\"@type\":\"WebSite\",\"@id\":\"https:\\\/\\\/ctp.eu\\\/#website\",\"url\":\"https:\\\/\\\/ctp.eu\\\/\",\"name\":\"Commercial Real Estate Developer And Manager\",\"description\":\"CTP - premium industrial warehouse and office buildings\",\"publisher\":{\"@id\":\"https:\\\/\\\/ctp.eu\\\/#organization\"},\"potentialAction\":[{\"@type\":\"SearchAction\",\"target\":{\"@type\":\"EntryPoint\",\"urlTemplate\":\"https:\\\/\\\/ctp.eu\\\/?s={search_term_string}\"},\"query-input\":{\"@type\":\"PropertyValueSpecification\",\"valueRequired\":true,\"valueName\":\"search_term_string\"}}],\"inLanguage\":\"vi\"},{\"@type\":\"Organization\",\"@id\":\"https:\\\/\\\/ctp.eu\\\/#organization\",\"name\":\"CTP\",\"url\":\"https:\\\/\\\/ctp.eu\\\/\",\"logo\":{\"@type\":\"ImageObject\",\"inLanguage\":\"vi\",\"@id\":\"https:\\\/\\\/ctp.eu\\\/#\\\/schema\\\/logo\\\/image\\\/\",\"url\":\"\",\"contentUrl\":\"\",\"caption\":\"CTP\"},\"image\":{\"@id\":\"https:\\\/\\\/ctp.eu\\\/#\\\/schema\\\/logo\\\/image\\\/\"}}]}<\/script>","yoast_head_json":{"title":"C\u00f4ng ty C\u1ed5 ph\u1ea7n T\u1eadp \u0111o\u00e0n CTP - Nh\u00e0 ph\u00e1t tri\u1ec3n v\u00e0 qu\u1ea3n l\u00fd b\u1ea5t \u0111\u1ed9ng s\u1ea3n th\u01b0\u01a1ng m\u1ea1i","robots":{"index":"index","follow":"follow","max-snippet":"max-snippet:-1","max-image-preview":"max-image-preview:large","max-video-preview":"max-video-preview:-1"},"canonical":"https:\/\/ctp.eu\/vi\/ctp-policies\/ctp-group-companies\/","og_locale":"vi_VN","og_type":"article","og_title":"CTP Group Companies","og_description":"&nbsp; CTP Group Companies &nbsp; Company Address CTP Invest B.V. Apollolaan 151, 1077 AR Amsterdam CTP Invest Bucharest S.R.L. Dragomiresti-Deal","og_url":"https:\/\/ctp.eu\/vi\/ctp-policies\/ctp-group-companies\/","og_site_name":"Commercial Real Estate Developer And Manager","article_modified_time":"2026-01-14T16:20:50+00:00","twitter_card":"summary_large_image","twitter_misc":{"\u01af\u1edbc t\u00ednh th\u1eddi gian \u0111\u1ecdc":"1 ph\u00fat"},"schema":{"@context":"https:\/\/schema.org","@graph":[{"@type":"WebPage","@id":"https:\/\/ctp.eu\/ctp-policies\/ctp-group-companies\/","url":"https:\/\/ctp.eu\/ctp-policies\/ctp-group-companies\/","name":"C\u00f4ng ty C\u1ed5 ph\u1ea7n T\u1eadp \u0111o\u00e0n CTP - Nh\u00e0 ph\u00e1t tri\u1ec3n v\u00e0 qu\u1ea3n l\u00fd b\u1ea5t \u0111\u1ed9ng s\u1ea3n th\u01b0\u01a1ng m\u1ea1i","isPartOf":{"@id":"https:\/\/ctp.eu\/#website"},"datePublished":"2024-12-02T14:18:57+00:00","dateModified":"2026-01-14T16:20:50+00:00","breadcrumb":{"@id":"https:\/\/ctp.eu\/ctp-policies\/ctp-group-companies\/#breadcrumb"},"inLanguage":"vi","potentialAction":[{"@type":"ReadAction","target":["https:\/\/ctp.eu\/ctp-policies\/ctp-group-companies\/"]}]},{"@type":"BreadcrumbList","@id":"https:\/\/ctp.eu\/ctp-policies\/ctp-group-companies\/#breadcrumb","itemListElement":[{"@type":"ListItem","position":1,"name":"Home","item":"https:\/\/ctp.eu\/"},{"@type":"ListItem","position":2,"name":"CTP Policies","item":"https:\/\/ctp.eu\/ctp-policies\/"},{"@type":"ListItem","position":3,"name":"CTP Group Companies"}]},{"@type":"WebSite","@id":"https:\/\/ctp.eu\/#website","url":"https:\/\/ctp.eu\/","name":"Nh\u00e0 ph\u00e1t tri\u1ec3n v\u00e0 qu\u1ea3n l\u00fd b\u1ea5t \u0111\u1ed9ng s\u1ea3n th\u01b0\u01a1ng m\u1ea1i","description":"CTP - t\u00f2a nh\u00e0 v\u0103n ph\u00f2ng v\u00e0 kho c\u00f4ng nghi\u1ec7p cao c\u1ea5p","publisher":{"@id":"https:\/\/ctp.eu\/#organization"},"potentialAction":[{"@type":"SearchAction","target":{"@type":"EntryPoint","urlTemplate":"https:\/\/ctp.eu\/?s={search_term_string}"},"query-input":{"@type":"PropertyValueSpecification","valueRequired":true,"valueName":"search_term_string"}}],"inLanguage":"vi"},{"@type":"Organization","@id":"https:\/\/ctp.eu\/#organization","name":"CTP","url":"https:\/\/ctp.eu\/","logo":{"@type":"ImageObject","inLanguage":"vi","@id":"https:\/\/ctp.eu\/#\/schema\/logo\/image\/","url":"","contentUrl":"","caption":"CTP"},"image":{"@id":"https:\/\/ctp.eu\/#\/schema\/logo\/image\/"}}]}},"_links":{"self":[{"href":"https:\/\/ctp.eu\/vi\/wp-json\/wp\/v2\/pages\/100821","targetHints":{"allow":["GET"]}}],"collection":[{"href":"https:\/\/ctp.eu\/vi\/wp-json\/wp\/v2\/pages"}],"about":[{"href":"https:\/\/ctp.eu\/vi\/wp-json\/wp\/v2\/types\/page"}],"author":[{"embeddable":true,"href":"https:\/\/ctp.eu\/vi\/wp-json\/wp\/v2\/users\/22"}],"replies":[{"embeddable":true,"href":"https:\/\/ctp.eu\/vi\/wp-json\/wp\/v2\/comments?post=100821"}],"version-history":[{"count":2,"href":"https:\/\/ctp.eu\/vi\/wp-json\/wp\/v2\/pages\/100821\/revisions"}],"predecessor-version":[{"id":113693,"href":"https:\/\/ctp.eu\/vi\/wp-json\/wp\/v2\/pages\/100821\/revisions\/113693"}],"up":[{"embeddable":true,"href":"https:\/\/ctp.eu\/vi\/wp-json\/wp\/v2\/pages\/6125"}],"wp:attachment":[{"href":"https:\/\/ctp.eu\/vi\/wp-json\/wp\/v2\/media?parent=100821"}],"curies":[{"name":"wp","href":"https:\/\/api.w.org\/{rel}","templated":true}]}}