{"id":99563,"date":"2024-11-08T19:21:13","date_gmt":"2024-11-08T17:21:13","guid":{"rendered":"https:\/\/ctp.eu\/?page_id=99563"},"modified":"2026-03-11T16:41:38","modified_gmt":"2026-03-11T15:41:38","slug":"solutions","status":"publish","type":"page","link":"https:\/\/ctp.eu\/sk\/solutions\/","title":{"rendered":"Rie\u0161enia"},"content":{"rendered":"<p>Na\u0161\u00edm cie\u013eom je by\u0165 va\u0161\u00edm dlhodob\u00fdm rastov\u00fdm partnerom t\u00fdm, \u017ee sa budeme zaobera\u0165 va\u0161imi probl\u00e9mami, \u010do v\u00e1m umo\u017en\u00ed s\u00fastredi\u0165 sa na to, \u010do va\u0161a spolo\u010dnos\u0165 rob\u00ed najlep\u0161ie.<\/p>","protected":false},"excerpt":{"rendered":"<p>Na\u0161\u00edm cie\u013eom je by\u0165 va\u0161\u00edm dlhodob\u00fdm partnerom v raste t\u00fdm, \u017ee rie\u0161ime va\u0161e bolestiv\u00e9 body, \u010do v\u00e1m umo\u017en\u00ed s\u00fastredi\u0165 sa na to, \u010do v\u00e1s tr\u00e1pi<\/p>","protected":false},"author":22,"featured_media":0,"parent":0,"menu_order":0,"comment_status":"closed","ping_status":"closed","template":"templates\/solutions.php","meta":{"_acf_changed":false,"footnotes":""},"class_list":["post-99563","page","type-page","status-publish","hentry"],"acf":[],"yoast_head":"<title>Solutions - Commercial Real Estate Developer And Manager<\/title>\n<meta name=\"description\" content=\"We aim to be your long-term growth partner by addressing your pain points, allowing you to focus on what your company does best.\u00a0\" \/>\n<meta name=\"robots\" content=\"index, follow, max-snippet:-1, max-image-preview:large, max-video-preview:-1\" \/>\n<link rel=\"canonical\" href=\"https:\/\/ctp.eu\/sk\/solutions\/\" \/>\n<meta property=\"og:locale\" content=\"sk_SK\" \/>\n<meta property=\"og:type\" content=\"article\" \/>\n<meta property=\"og:title\" content=\"Solutions\" \/>\n<meta property=\"og:description\" content=\"We aim to be your long-term growth partner by addressing your pain points, allowing you to focus on what your company does best.\u00a0\" \/>\n<meta property=\"og:url\" content=\"https:\/\/ctp.eu\/sk\/solutions\/\" \/>\n<meta property=\"og:site_name\" content=\"Commercial Real Estate Developer And Manager\" \/>\n<meta property=\"article:modified_time\" content=\"2026-03-11T15:41:38+00:00\" \/>\n<meta name=\"twitter:card\" content=\"summary_large_image\" \/>\n<meta name=\"twitter:label1\" content=\"Predpokladan\u00fd \u010das \u010d\u00edtania\" \/>\n\t<meta name=\"twitter:data1\" content=\"1 min\u00fata\" \/>\n<script type=\"application\/ld+json\" class=\"yoast-schema-graph\">{\"@context\":\"https:\/\/schema.org\",\"@graph\":[{\"@type\":\"WebPage\",\"@id\":\"https:\/\/ctp.eu\/solutions\/\",\"url\":\"https:\/\/ctp.eu\/solutions\/\",\"name\":\"Solutions - Commercial Real Estate Developer And Manager\",\"isPartOf\":{\"@id\":\"https:\/\/ctp.eu\/#website\"},\"datePublished\":\"2024-11-08T17:21:13+00:00\",\"dateModified\":\"2026-03-11T15:41:38+00:00\",\"description\":\"We aim to be your long-term growth partner by addressing your pain points, allowing you to focus on what your company does best.\u00a0\",\"breadcrumb\":{\"@id\":\"https:\/\/ctp.eu\/solutions\/#breadcrumb\"},\"inLanguage\":\"sk-SK\",\"potentialAction\":[{\"@type\":\"ReadAction\",\"target\":[\"https:\/\/ctp.eu\/solutions\/\"]}]},{\"@type\":\"BreadcrumbList\",\"@id\":\"https:\/\/ctp.eu\/solutions\/#breadcrumb\",\"itemListElement\":[{\"@type\":\"ListItem\",\"position\":1,\"name\":\"Home\",\"item\":\"https:\/\/ctp.eu\/\"},{\"@type\":\"ListItem\",\"position\":2,\"name\":\"Solutions\"}]},{\"@type\":\"WebSite\",\"@id\":\"https:\/\/ctp.eu\/#website\",\"url\":\"https:\/\/ctp.eu\/\",\"name\":\"Commercial Real Estate Developer And Manager\",\"description\":\"CTP - premium industrial warehouse and office buildings\",\"publisher\":{\"@id\":\"https:\/\/ctp.eu\/#organization\"},\"potentialAction\":[{\"@type\":\"SearchAction\",\"target\":{\"@type\":\"EntryPoint\",\"urlTemplate\":\"https:\/\/ctp.eu\/?s={search_term_string}\"},\"query-input\":{\"@type\":\"PropertyValueSpecification\",\"valueRequired\":true,\"valueName\":\"search_term_string\"}}],\"inLanguage\":\"sk-SK\"},{\"@type\":\"Organization\",\"@id\":\"https:\/\/ctp.eu\/#organization\",\"name\":\"CTP\",\"url\":\"https:\/\/ctp.eu\/\",\"logo\":{\"@type\":\"ImageObject\",\"inLanguage\":\"sk-SK\",\"@id\":\"https:\/\/ctp.eu\/#\/schema\/logo\/image\/\",\"url\":\"\",\"contentUrl\":\"\",\"caption\":\"CTP\"},\"image\":{\"@id\":\"https:\/\/ctp.eu\/#\/schema\/logo\/image\/\"}}]}<\/script>","yoast_head_json":{"title":"Rie\u0161enia \u2013 Developer a mana\u017e\u00e9r komer\u010dn\u00fdch nehnute\u013enost\u00ed","description":"Na\u0161\u00edm cie\u013eom je by\u0165 va\u0161\u00edm dlhodob\u00fdm rastov\u00fdm partnerom t\u00fdm, \u017ee sa budeme zaobera\u0165 va\u0161imi probl\u00e9mami, \u010do v\u00e1m umo\u017en\u00ed s\u00fastredi\u0165 sa na to, \u010do va\u0161a spolo\u010dnos\u0165 rob\u00ed najlep\u0161ie.\u00a0","robots":{"index":"index","follow":"follow","max-snippet":"max-snippet:-1","max-image-preview":"max-image-preview:large","max-video-preview":"max-video-preview:-1"},"canonical":"https:\/\/ctp.eu\/sk\/solutions\/","og_locale":"sk_SK","og_type":"article","og_title":"Solutions","og_description":"We aim to be your long-term growth partner by addressing your pain points, allowing you to focus on what your company does best.\u00a0","og_url":"https:\/\/ctp.eu\/sk\/solutions\/","og_site_name":"Commercial Real Estate Developer And Manager","article_modified_time":"2026-03-11T15:41:38+00:00","twitter_card":"summary_large_image","twitter_misc":{"Predpokladan\u00fd \u010das \u010d\u00edtania":"1 min\u00fata"},"schema":{"@context":"https:\/\/schema.org","@graph":[{"@type":"WebPage","@id":"https:\/\/ctp.eu\/solutions\/","url":"https:\/\/ctp.eu\/solutions\/","name":"Rie\u0161enia \u2013 Developer a mana\u017e\u00e9r komer\u010dn\u00fdch nehnute\u013enost\u00ed","isPartOf":{"@id":"https:\/\/ctp.eu\/#website"},"datePublished":"2024-11-08T17:21:13+00:00","dateModified":"2026-03-11T15:41:38+00:00","description":"Na\u0161\u00edm cie\u013eom je by\u0165 va\u0161\u00edm dlhodob\u00fdm rastov\u00fdm partnerom t\u00fdm, \u017ee sa budeme zaobera\u0165 va\u0161imi probl\u00e9mami, \u010do v\u00e1m umo\u017en\u00ed s\u00fastredi\u0165 sa na to, \u010do va\u0161a spolo\u010dnos\u0165 rob\u00ed najlep\u0161ie.\u00a0","breadcrumb":{"@id":"https:\/\/ctp.eu\/solutions\/#breadcrumb"},"inLanguage":"sk-SK","potentialAction":[{"@type":"ReadAction","target":["https:\/\/ctp.eu\/solutions\/"]}]},{"@type":"BreadcrumbList","@id":"https:\/\/ctp.eu\/solutions\/#breadcrumb","itemListElement":[{"@type":"ListItem","position":1,"name":"Home","item":"https:\/\/ctp.eu\/"},{"@type":"ListItem","position":2,"name":"Solutions"}]},{"@type":"WebSite","@id":"https:\/\/ctp.eu\/#website","url":"https:\/\/ctp.eu\/","name":"Developer a mana\u017e\u00e9r komer\u010dn\u00fdch nehnute\u013enost\u00ed","description":"CTP - pr\u00e9miov\u00e9 priemyseln\u00e9 skladov\u00e9 a kancel\u00e1rske budovy","publisher":{"@id":"https:\/\/ctp.eu\/#organization"},"potentialAction":[{"@type":"SearchAction","target":{"@type":"EntryPoint","urlTemplate":"https:\/\/ctp.eu\/?s={search_term_string}"},"query-input":{"@type":"PropertyValueSpecification","valueRequired":true,"valueName":"search_term_string"}}],"inLanguage":"sk-SK"},{"@type":"Organization","@id":"https:\/\/ctp.eu\/#organization","name":"CTP","url":"https:\/\/ctp.eu\/","logo":{"@type":"ImageObject","inLanguage":"sk-SK","@id":"https:\/\/ctp.eu\/#\/schema\/logo\/image\/","url":"","contentUrl":"","caption":"CTP"},"image":{"@id":"https:\/\/ctp.eu\/#\/schema\/logo\/image\/"}}]}},"_links":{"self":[{"href":"https:\/\/ctp.eu\/sk\/wp-json\/wp\/v2\/pages\/99563","targetHints":{"allow":["GET"]}}],"collection":[{"href":"https:\/\/ctp.eu\/sk\/wp-json\/wp\/v2\/pages"}],"about":[{"href":"https:\/\/ctp.eu\/sk\/wp-json\/wp\/v2\/types\/page"}],"author":[{"embeddable":true,"href":"https:\/\/ctp.eu\/sk\/wp-json\/wp\/v2\/users\/22"}],"replies":[{"embeddable":true,"href":"https:\/\/ctp.eu\/sk\/wp-json\/wp\/v2\/comments?post=99563"}],"version-history":[{"count":28,"href":"https:\/\/ctp.eu\/sk\/wp-json\/wp\/v2\/pages\/99563\/revisions"}],"predecessor-version":[{"id":114760,"href":"https:\/\/ctp.eu\/sk\/wp-json\/wp\/v2\/pages\/99563\/revisions\/114760"}],"wp:attachment":[{"href":"https:\/\/ctp.eu\/sk\/wp-json\/wp\/v2\/media?parent=99563"}],"curies":[{"name":"wp","href":"https:\/\/api.w.org\/{rel}","templated":true}]}}