{"id":9830,"date":"2020-09-12T18:21:52","date_gmt":"2020-09-12T18:21:52","guid":{"rendered":"https:\/\/www.ctp.eu\/?page_id=9830"},"modified":"2026-02-26T16:39:10","modified_gmt":"2026-02-26T15:39:10","slug":"investors","status":"publish","type":"page","link":"https:\/\/ctp.eu\/sk\/investors\/","title":{"rendered":"Dlhodob\u00e9 investi\u010dn\u00e9 partnerstvo"},"content":{"rendered":"<h2 class=\"investors-subtitle\">Pre na\u0161ich investorsk\u00fdch partnerov<\/h2>\n<p class=\"investors-paragraph\">Welcome to our new investor relations section. CTP is an incredible business and success story which we are proud of and passionate about. Over the past 25+ years, we have created a high-value company by honouring our commitments to all our stakeholders and we welcome investors who we see as long-term and critical stakeholders to our business, and the new responsibilities and commitments this entails.<\/p>","protected":false},"excerpt":{"rendered":"<p>Pre na\u0161ich partnerov z radov investorov Vitajte v na\u0161ej novej sekcii pre vz\u0165ahy s investormi. Spolo\u010dnos\u0165 CTP je neuverite\u013en\u00fdm obchodn\u00fdm a \u00faspe\u0161n\u00fdm pr\u00edbehom, ktor\u00fd<\/p>","protected":false},"author":67,"featured_media":0,"parent":0,"menu_order":0,"comment_status":"closed","ping_status":"closed","template":"templates\/investors.php","meta":{"_acf_changed":false,"footnotes":""},"class_list":["post-9830","page","type-page","status-publish","hentry"],"acf":[],"yoast_head":"<title>Long-Term Investment Partnership - Commercial Real Estate Developer And Manager<\/title>\n<meta name=\"robots\" content=\"index, follow, max-snippet:-1, max-image-preview:large, max-video-preview:-1\" \/>\n<link rel=\"canonical\" href=\"https:\/\/ctp.eu\/sk\/investors\/\" \/>\n<meta property=\"og:locale\" content=\"sk_SK\" \/>\n<meta property=\"og:type\" content=\"article\" \/>\n<meta property=\"og:title\" content=\"Long-Term Investment Partnership\" \/>\n<meta property=\"og:description\" content=\"For Our Investor Partners Welcome to our new investor relations section. CTP is an incredible business and success story which\" \/>\n<meta property=\"og:url\" content=\"https:\/\/ctp.eu\/sk\/investors\/\" \/>\n<meta property=\"og:site_name\" content=\"Commercial Real Estate Developer And Manager\" \/>\n<meta property=\"article:modified_time\" content=\"2026-02-26T15:39:10+00:00\" \/>\n<meta name=\"twitter:card\" content=\"summary_large_image\" \/>\n<meta name=\"twitter:label1\" content=\"Predpokladan\u00fd \u010das \u010d\u00edtania\" \/>\n\t<meta name=\"twitter:data1\" content=\"1 min\u00fata\" \/>\n<script type=\"application\/ld+json\" class=\"yoast-schema-graph\">{\"@context\":\"https:\/\/schema.org\",\"@graph\":[{\"@type\":\"WebPage\",\"@id\":\"https:\/\/ctp.eu\/investors\/\",\"url\":\"https:\/\/ctp.eu\/investors\/\",\"name\":\"Long-Term Investment Partnership - Commercial Real Estate Developer And Manager\",\"isPartOf\":{\"@id\":\"https:\/\/ctp.eu\/#website\"},\"datePublished\":\"2020-09-12T18:21:52+00:00\",\"dateModified\":\"2026-02-26T15:39:10+00:00\",\"breadcrumb\":{\"@id\":\"https:\/\/ctp.eu\/investors\/#breadcrumb\"},\"inLanguage\":\"sk-SK\",\"potentialAction\":[{\"@type\":\"ReadAction\",\"target\":[\"https:\/\/ctp.eu\/investors\/\"]}]},{\"@type\":\"BreadcrumbList\",\"@id\":\"https:\/\/ctp.eu\/investors\/#breadcrumb\",\"itemListElement\":[{\"@type\":\"ListItem\",\"position\":1,\"name\":\"Home\",\"item\":\"https:\/\/ctp.eu\/\"},{\"@type\":\"ListItem\",\"position\":2,\"name\":\"Long-Term Investment Partnership\"}]},{\"@type\":\"WebSite\",\"@id\":\"https:\/\/ctp.eu\/#website\",\"url\":\"https:\/\/ctp.eu\/\",\"name\":\"Commercial Real Estate Developer And Manager\",\"description\":\"CTP - premium industrial warehouse and office buildings\",\"publisher\":{\"@id\":\"https:\/\/ctp.eu\/#organization\"},\"potentialAction\":[{\"@type\":\"SearchAction\",\"target\":{\"@type\":\"EntryPoint\",\"urlTemplate\":\"https:\/\/ctp.eu\/?s={search_term_string}\"},\"query-input\":{\"@type\":\"PropertyValueSpecification\",\"valueRequired\":true,\"valueName\":\"search_term_string\"}}],\"inLanguage\":\"sk-SK\"},{\"@type\":\"Organization\",\"@id\":\"https:\/\/ctp.eu\/#organization\",\"name\":\"CTP\",\"url\":\"https:\/\/ctp.eu\/\",\"logo\":{\"@type\":\"ImageObject\",\"inLanguage\":\"sk-SK\",\"@id\":\"https:\/\/ctp.eu\/#\/schema\/logo\/image\/\",\"url\":\"\",\"contentUrl\":\"\",\"caption\":\"CTP\"},\"image\":{\"@id\":\"https:\/\/ctp.eu\/#\/schema\/logo\/image\/\"}}]}<\/script>","yoast_head_json":{"title":"Dlhodob\u00e9 investi\u010dn\u00e9 partnerstvo - developer a spr\u00e1vca komer\u010dn\u00fdch nehnute\u013enost\u00ed","robots":{"index":"index","follow":"follow","max-snippet":"max-snippet:-1","max-image-preview":"max-image-preview:large","max-video-preview":"max-video-preview:-1"},"canonical":"https:\/\/ctp.eu\/sk\/investors\/","og_locale":"sk_SK","og_type":"article","og_title":"Long-Term Investment Partnership","og_description":"For Our Investor Partners Welcome to our new investor relations section. CTP is an incredible business and success story which","og_url":"https:\/\/ctp.eu\/sk\/investors\/","og_site_name":"Commercial Real Estate Developer And Manager","article_modified_time":"2026-02-26T15:39:10+00:00","twitter_card":"summary_large_image","twitter_misc":{"Predpokladan\u00fd \u010das \u010d\u00edtania":"1 min\u00fata"},"schema":{"@context":"https:\/\/schema.org","@graph":[{"@type":"WebPage","@id":"https:\/\/ctp.eu\/investors\/","url":"https:\/\/ctp.eu\/investors\/","name":"Dlhodob\u00e9 investi\u010dn\u00e9 partnerstvo - developer a spr\u00e1vca komer\u010dn\u00fdch nehnute\u013enost\u00ed","isPartOf":{"@id":"https:\/\/ctp.eu\/#website"},"datePublished":"2020-09-12T18:21:52+00:00","dateModified":"2026-02-26T15:39:10+00:00","breadcrumb":{"@id":"https:\/\/ctp.eu\/investors\/#breadcrumb"},"inLanguage":"sk-SK","potentialAction":[{"@type":"ReadAction","target":["https:\/\/ctp.eu\/investors\/"]}]},{"@type":"BreadcrumbList","@id":"https:\/\/ctp.eu\/investors\/#breadcrumb","itemListElement":[{"@type":"ListItem","position":1,"name":"Home","item":"https:\/\/ctp.eu\/"},{"@type":"ListItem","position":2,"name":"Long-Term Investment Partnership"}]},{"@type":"WebSite","@id":"https:\/\/ctp.eu\/#website","url":"https:\/\/ctp.eu\/","name":"Developer a mana\u017e\u00e9r komer\u010dn\u00fdch nehnute\u013enost\u00ed","description":"CTP - pr\u00e9miov\u00e9 priemyseln\u00e9 skladov\u00e9 a kancel\u00e1rske budovy","publisher":{"@id":"https:\/\/ctp.eu\/#organization"},"potentialAction":[{"@type":"SearchAction","target":{"@type":"EntryPoint","urlTemplate":"https:\/\/ctp.eu\/?s={search_term_string}"},"query-input":{"@type":"PropertyValueSpecification","valueRequired":true,"valueName":"search_term_string"}}],"inLanguage":"sk-SK"},{"@type":"Organization","@id":"https:\/\/ctp.eu\/#organization","name":"CTP","url":"https:\/\/ctp.eu\/","logo":{"@type":"ImageObject","inLanguage":"sk-SK","@id":"https:\/\/ctp.eu\/#\/schema\/logo\/image\/","url":"","contentUrl":"","caption":"CTP"},"image":{"@id":"https:\/\/ctp.eu\/#\/schema\/logo\/image\/"}}]}},"_links":{"self":[{"href":"https:\/\/ctp.eu\/sk\/wp-json\/wp\/v2\/pages\/9830","targetHints":{"allow":["GET"]}}],"collection":[{"href":"https:\/\/ctp.eu\/sk\/wp-json\/wp\/v2\/pages"}],"about":[{"href":"https:\/\/ctp.eu\/sk\/wp-json\/wp\/v2\/types\/page"}],"author":[{"embeddable":true,"href":"https:\/\/ctp.eu\/sk\/wp-json\/wp\/v2\/users\/67"}],"replies":[{"embeddable":true,"href":"https:\/\/ctp.eu\/sk\/wp-json\/wp\/v2\/comments?post=9830"}],"version-history":[{"count":57,"href":"https:\/\/ctp.eu\/sk\/wp-json\/wp\/v2\/pages\/9830\/revisions"}],"predecessor-version":[{"id":114436,"href":"https:\/\/ctp.eu\/sk\/wp-json\/wp\/v2\/pages\/9830\/revisions\/114436"}],"wp:attachment":[{"href":"https:\/\/ctp.eu\/sk\/wp-json\/wp\/v2\/media?parent=9830"}],"curies":[{"name":"wp","href":"https:\/\/api.w.org\/{rel}","templated":true}]}}