{"id":97650,"date":"2024-10-15T10:52:27","date_gmt":"2024-10-15T08:52:27","guid":{"rendered":"https:\/\/ctp.eu\/?page_id=97650"},"modified":"2026-02-05T16:01:59","modified_gmt":"2026-02-05T15:01:59","slug":"arad","status":"publish","type":"page","link":"https:\/\/ctp.eu\/sk\/regions\/arad\/","title":{"rendered":"Arad"},"content":{"rendered":"","protected":false},"excerpt":{"rendered":"","protected":false},"author":59,"featured_media":0,"parent":9638,"menu_order":1,"comment_status":"closed","ping_status":"closed","template":"region-details.php","meta":{"_acf_changed":false,"footnotes":""},"class_list":["post-97650","page","type-page","status-publish","hentry"],"acf":[],"yoast_head":"<title>Arad - Commercial Real Estate Developer And Manager<\/title>\n<meta name=\"description\" content=\"\u00a0Arad is a medium-sized city in western Romania with a population of 145,000 and serves as a key industrial hub. Located in Arad County, with 410,000 residents, it is positioned on the 4th EU corridor, a major Pan-European rail and road network, providing easy access to Central and Western Europe. Arad County has a diverse industrial base, particularly in manufacturing,\" \/>\n<meta name=\"robots\" content=\"index, follow, max-snippet:-1, max-image-preview:large, max-video-preview:-1\" \/>\n<link rel=\"canonical\" href=\"https:\/\/ctp.eu\/sk\/regions\/arad\/\" \/>\n<meta property=\"og:locale\" content=\"sk_SK\" \/>\n<meta property=\"og:type\" content=\"article\" \/>\n<meta property=\"og:title\" content=\"Arad\" \/>\n<meta property=\"og:description\" content=\"\u00a0Arad is a medium-sized city in western Romania with a population of 145,000 and serves as a key industrial hub. Located in Arad County, with 410,000 residents, it is positioned on the 4th EU corridor, a major Pan-European rail and road network, providing easy access to Central and Western Europe. Arad County has a diverse industrial base, particularly in manufacturing,\" \/>\n<meta property=\"og:url\" content=\"https:\/\/ctp.eu\/sk\/regions\/arad\/\" \/>\n<meta property=\"og:site_name\" content=\"Commercial Real Estate Developer And Manager\" \/>\n<meta property=\"article:modified_time\" content=\"2026-02-05T15:01:59+00:00\" \/>\n<meta name=\"twitter:card\" content=\"summary_large_image\" \/>\n<script type=\"application\/ld+json\" class=\"yoast-schema-graph\">{\"@context\":\"https:\/\/schema.org\",\"@graph\":[{\"@type\":\"WebPage\",\"@id\":\"https:\/\/ctp.eu\/regions\/arad\/\",\"url\":\"https:\/\/ctp.eu\/regions\/arad\/\",\"name\":\"Arad - Commercial Real Estate Developer And Manager\",\"isPartOf\":{\"@id\":\"https:\/\/ctp.eu\/#website\"},\"datePublished\":\"2024-10-15T08:52:27+00:00\",\"dateModified\":\"2026-02-05T15:01:59+00:00\",\"description\":\"\u00a0Arad is a medium-sized city in western Romania with a population of 145,000 and serves as a key industrial hub. Located in Arad County, with 410,000 residents, it is positioned on the 4th EU corridor, a major Pan-European rail and road network, providing easy access to Central and Western Europe. Arad County has a diverse industrial base, particularly in manufacturing,\",\"breadcrumb\":{\"@id\":\"https:\/\/ctp.eu\/regions\/arad\/#breadcrumb\"},\"inLanguage\":\"sk-SK\",\"potentialAction\":[{\"@type\":\"ReadAction\",\"target\":[\"https:\/\/ctp.eu\/regions\/arad\/\"]}]},{\"@type\":\"BreadcrumbList\",\"@id\":\"https:\/\/ctp.eu\/regions\/arad\/#breadcrumb\",\"itemListElement\":[{\"@type\":\"ListItem\",\"position\":1,\"name\":\"Home\",\"item\":\"https:\/\/ctp.eu\/\"},{\"@type\":\"ListItem\",\"position\":2,\"name\":\"Hot Regions\",\"item\":\"https:\/\/ctp.eu\/regions\/\"},{\"@type\":\"ListItem\",\"position\":3,\"name\":\"Arad\"}]},{\"@type\":\"WebSite\",\"@id\":\"https:\/\/ctp.eu\/#website\",\"url\":\"https:\/\/ctp.eu\/\",\"name\":\"Commercial Real Estate Developer And Manager\",\"description\":\"CTP - premium industrial warehouse and office buildings\",\"publisher\":{\"@id\":\"https:\/\/ctp.eu\/#organization\"},\"potentialAction\":[{\"@type\":\"SearchAction\",\"target\":{\"@type\":\"EntryPoint\",\"urlTemplate\":\"https:\/\/ctp.eu\/?s={search_term_string}\"},\"query-input\":{\"@type\":\"PropertyValueSpecification\",\"valueRequired\":true,\"valueName\":\"search_term_string\"}}],\"inLanguage\":\"sk-SK\"},{\"@type\":\"Organization\",\"@id\":\"https:\/\/ctp.eu\/#organization\",\"name\":\"CTP\",\"url\":\"https:\/\/ctp.eu\/\",\"logo\":{\"@type\":\"ImageObject\",\"inLanguage\":\"sk-SK\",\"@id\":\"https:\/\/ctp.eu\/#\/schema\/logo\/image\/\",\"url\":\"\",\"contentUrl\":\"\",\"caption\":\"CTP\"},\"image\":{\"@id\":\"https:\/\/ctp.eu\/#\/schema\/logo\/image\/\"}}]}<\/script>","yoast_head_json":{"title":"Arad - Developer a mana\u017e\u00e9r komer\u010dn\u00fdch nehnute\u013enost\u00ed","description":"\u00a0Arad je stredne ve\u013ek\u00e9 mesto v z\u00e1padnom Rumunsku so 145 000 obyvate\u013emi a sl\u00fa\u017ei ako k\u013e\u00fa\u010dov\u00fd priemyseln\u00fd uzol. Nach\u00e1dza sa v okrese Arad so 410 000 obyvate\u013emi a nach\u00e1dza sa na 4. koridore E\u00da, hlavnej celoeur\u00f3pskej \u017eelezni\u010dnej a cestnej sieti, ktor\u00e1 poskytuje \u013eahk\u00fd pr\u00edstup do strednej a z\u00e1padnej Eur\u00f3py. Okres Arad m\u00e1 r\u00f4znorod\u00fa priemyseln\u00fa z\u00e1klad\u0148u, najm\u00e4 vo v\u00fdrobe,","robots":{"index":"index","follow":"follow","max-snippet":"max-snippet:-1","max-image-preview":"max-image-preview:large","max-video-preview":"max-video-preview:-1"},"canonical":"https:\/\/ctp.eu\/sk\/regions\/arad\/","og_locale":"sk_SK","og_type":"article","og_title":"Arad","og_description":"\u00a0Arad is a medium-sized city in western Romania with a population of 145,000 and serves as a key industrial hub. Located in Arad County, with 410,000 residents, it is positioned on the 4th EU corridor, a major Pan-European rail and road network, providing easy access to Central and Western Europe. Arad County has a diverse industrial base, particularly in manufacturing,","og_url":"https:\/\/ctp.eu\/sk\/regions\/arad\/","og_site_name":"Commercial Real Estate Developer And Manager","article_modified_time":"2026-02-05T15:01:59+00:00","twitter_card":"summary_large_image","schema":{"@context":"https:\/\/schema.org","@graph":[{"@type":"WebPage","@id":"https:\/\/ctp.eu\/regions\/arad\/","url":"https:\/\/ctp.eu\/regions\/arad\/","name":"Arad - Developer a mana\u017e\u00e9r komer\u010dn\u00fdch nehnute\u013enost\u00ed","isPartOf":{"@id":"https:\/\/ctp.eu\/#website"},"datePublished":"2024-10-15T08:52:27+00:00","dateModified":"2026-02-05T15:01:59+00:00","description":"\u00a0Arad je stredne ve\u013ek\u00e9 mesto v z\u00e1padnom Rumunsku so 145 000 obyvate\u013emi a sl\u00fa\u017ei ako k\u013e\u00fa\u010dov\u00fd priemyseln\u00fd uzol. Nach\u00e1dza sa v okrese Arad so 410 000 obyvate\u013emi a nach\u00e1dza sa na 4. koridore E\u00da, hlavnej celoeur\u00f3pskej \u017eelezni\u010dnej a cestnej sieti, ktor\u00e1 poskytuje \u013eahk\u00fd pr\u00edstup do strednej a z\u00e1padnej Eur\u00f3py. Okres Arad m\u00e1 r\u00f4znorod\u00fa priemyseln\u00fa z\u00e1klad\u0148u, najm\u00e4 vo v\u00fdrobe,","breadcrumb":{"@id":"https:\/\/ctp.eu\/regions\/arad\/#breadcrumb"},"inLanguage":"sk-SK","potentialAction":[{"@type":"ReadAction","target":["https:\/\/ctp.eu\/regions\/arad\/"]}]},{"@type":"BreadcrumbList","@id":"https:\/\/ctp.eu\/regions\/arad\/#breadcrumb","itemListElement":[{"@type":"ListItem","position":1,"name":"Home","item":"https:\/\/ctp.eu\/"},{"@type":"ListItem","position":2,"name":"Hot Regions","item":"https:\/\/ctp.eu\/regions\/"},{"@type":"ListItem","position":3,"name":"Arad"}]},{"@type":"WebSite","@id":"https:\/\/ctp.eu\/#website","url":"https:\/\/ctp.eu\/","name":"Developer a mana\u017e\u00e9r komer\u010dn\u00fdch nehnute\u013enost\u00ed","description":"CTP - pr\u00e9miov\u00e9 priemyseln\u00e9 skladov\u00e9 a kancel\u00e1rske budovy","publisher":{"@id":"https:\/\/ctp.eu\/#organization"},"potentialAction":[{"@type":"SearchAction","target":{"@type":"EntryPoint","urlTemplate":"https:\/\/ctp.eu\/?s={search_term_string}"},"query-input":{"@type":"PropertyValueSpecification","valueRequired":true,"valueName":"search_term_string"}}],"inLanguage":"sk-SK"},{"@type":"Organization","@id":"https:\/\/ctp.eu\/#organization","name":"CTP","url":"https:\/\/ctp.eu\/","logo":{"@type":"ImageObject","inLanguage":"sk-SK","@id":"https:\/\/ctp.eu\/#\/schema\/logo\/image\/","url":"","contentUrl":"","caption":"CTP"},"image":{"@id":"https:\/\/ctp.eu\/#\/schema\/logo\/image\/"}}]}},"_links":{"self":[{"href":"https:\/\/ctp.eu\/sk\/wp-json\/wp\/v2\/pages\/97650","targetHints":{"allow":["GET"]}}],"collection":[{"href":"https:\/\/ctp.eu\/sk\/wp-json\/wp\/v2\/pages"}],"about":[{"href":"https:\/\/ctp.eu\/sk\/wp-json\/wp\/v2\/types\/page"}],"author":[{"embeddable":true,"href":"https:\/\/ctp.eu\/sk\/wp-json\/wp\/v2\/users\/59"}],"replies":[{"embeddable":true,"href":"https:\/\/ctp.eu\/sk\/wp-json\/wp\/v2\/comments?post=97650"}],"version-history":[{"count":10,"href":"https:\/\/ctp.eu\/sk\/wp-json\/wp\/v2\/pages\/97650\/revisions"}],"predecessor-version":[{"id":114061,"href":"https:\/\/ctp.eu\/sk\/wp-json\/wp\/v2\/pages\/97650\/revisions\/114061"}],"up":[{"embeddable":true,"href":"https:\/\/ctp.eu\/sk\/wp-json\/wp\/v2\/pages\/9638"}],"wp:attachment":[{"href":"https:\/\/ctp.eu\/sk\/wp-json\/wp\/v2\/media?parent=97650"}],"curies":[{"name":"wp","href":"https:\/\/api.w.org\/{rel}","templated":true}]}}