{"id":75085,"date":"2023-04-14T17:01:45","date_gmt":"2023-04-14T15:01:45","guid":{"rendered":"https:\/\/www.ctp.eu\/?page_id=75085"},"modified":"2023-05-03T15:27:08","modified_gmt":"2023-05-03T13:27:08","slug":"lets-connect-at-transport-logistics","status":"publish","type":"page","link":"https:\/\/ctp.eu\/sk\/company\/events\/lets-connect-at-transport-logistics\/","title":{"rendered":"Spojte sa s nami<br> <span>st\u00e1nok<\/span> Dopravn\u00e1 logistika"},"content":{"rendered":"<p>&nbsp;<\/p>\n<p>Transport Logistic - popredn\u00fd svetov\u00fd ve\u013etrh logistiky, mobility, IT a riadenia dod\u00e1vate\u013esk\u00e9ho re\u0165azca - sa kon\u00e1 ka\u017ed\u00fd rok. Kon\u00e1 sa ka\u017ed\u00e9 dva roky v nemeckom Mn\u00edchove a pri\u0165ahuje viac ako 2 000 vystavovate\u013eov z viac ako 60 kraj\u00edn, ako aj viac ako 60 000 n\u00e1v\u0161tevn\u00edkov z cel\u00e9ho sveta.<\/p>\n<p>&nbsp;<\/p>\n<p>Ve\u013etrh je platformou pre najnov\u0161ie inov\u00e1cie, technol\u00f3gie a trendy v oblasti logistiky a riadenia dod\u00e1vate\u013esk\u00e9ho re\u0165azca. Zah\u0155\u0148a \u0161irok\u00fa \u0161k\u00e1lu t\u00e9m vr\u00e1tane dopravn\u00fdch slu\u017eieb, logistick\u00fdch rie\u0161en\u00ed, logistick\u00fdch IT, elektronick\u00e9ho obchodu a leteck\u00e9ho n\u00e1kladu. N\u00e1v\u0161tevn\u00edci si m\u00f4\u017eu pozrie\u0165 vystaven\u00e9 najnov\u0161ie produkty a slu\u017eby, z\u00fa\u010dastni\u0165 sa odborn\u00fdch prezent\u00e1ci\u00ed a panelov\u00fdch diskusi\u00ed a nadviaza\u0165 kontakty s odborn\u00edkmi z cel\u00e9ho sveta.<\/p>\n<p>&nbsp;<\/p>\n<p>Ve\u013etrh pon\u00faka rozmanit\u00fa \u0161k\u00e1lu expon\u00e1tov, od dopravn\u00fdch a logistick\u00fdch zariaden\u00ed a\u017e po riadenie dod\u00e1vate\u013esk\u00e9ho re\u0165azca a IT rie\u0161enia. Pre spolo\u010dnosti je to vynikaj\u00faca pr\u00edle\u017eitos\u0165 prezentova\u0165 svoje v\u00fdrobky a slu\u017eby, stretn\u00fa\u0165 sa so z\u00e1kazn\u00edkmi a partnermi a z\u00edska\u0165 preh\u013ead o najnov\u0161\u00edch trendoch a v\u00fdvoji v tomto odvetv\u00ed.<\/p>\n<p>&nbsp;<\/p>\n<p>Transport Logistic je podujatie, na ktorom sa musia z\u00fa\u010dastni\u0165 odborn\u00edci v oblasti logistiky, zasielatelia a mana\u017e\u00e9ri dod\u00e1vate\u013esk\u00e9ho re\u0165azca, ktor\u00ed chc\u00fa by\u0165 informovan\u00ed o najnov\u0161om v\u00fdvoji v tomto odvetv\u00ed a nadviaza\u0165 kontakty s l\u00eddrami z cel\u00e9ho sveta.<\/p>\n<p>&nbsp;<\/p>\n<p>Sme nad\u0161en\u00ed, \u017ee sa tento rok op\u00e4\u0165 z\u00fa\u010dastn\u00edme a d\u00fafame, \u017ee sa tam uvid\u00edme! N\u00e1\u0161 t\u00edm sa sklad\u00e1 z k\u013e\u00fa\u010dov\u00fdch l\u00eddrov zastupuj\u00facich stredn\u00fa a v\u00fdchodn\u00fa Eur\u00f3pu a Nemecko, tak\u017ee sa zastavte v na\u0161om st\u00e1nku a spojte sa s t\u00edmom Parkmakers, aby ste zistili, ako m\u00f4\u017eeme pom\u00f4c\u0165 v\u00e1\u0161mu logistick\u00e9mu podnikaniu takmer kdeko\u013evek v Eur\u00f3pe.<\/p>","protected":false},"excerpt":{"rendered":"<p>&nbsp; Every year, Transport Logistic\u2014the world&#8217;s leading trade fair for logistics, mobility, IT and supply chain management.\u00a0It takes place every<\/p>","protected":false},"author":22,"featured_media":0,"parent":198,"menu_order":0,"comment_status":"closed","ping_status":"closed","template":"investors-sub-page.php","meta":{"_acf_changed":false,"footnotes":""},"class_list":["post-75085","page","type-page","status-publish","hentry"],"acf":[],"yoast_head":"<title>Connect with us at Transport Logistic - Commercial Real Estate Developer And Manager<\/title>\n<meta name=\"robots\" content=\"index, follow, max-snippet:-1, max-image-preview:large, max-video-preview:-1\" \/>\n<link rel=\"canonical\" href=\"https:\/\/ctp.eu\/sk\/company\/events\/lets-connect-at-transport-logistics\/\" \/>\n<meta property=\"og:locale\" content=\"sk_SK\" \/>\n<meta property=\"og:type\" content=\"article\" \/>\n<meta property=\"og:title\" content=\"Connect with us at Transport Logistic\" \/>\n<meta property=\"og:description\" content=\"&nbsp; Every year, Transport Logistic\u2014the world&#8217;s leading trade fair for logistics, mobility, IT and supply chain management.\u00a0It takes place every\" \/>\n<meta property=\"og:url\" content=\"https:\/\/ctp.eu\/sk\/company\/events\/lets-connect-at-transport-logistics\/\" \/>\n<meta property=\"og:site_name\" content=\"Commercial Real Estate Developer And Manager\" \/>\n<meta property=\"article:modified_time\" content=\"2023-05-03T13:27:08+00:00\" \/>\n<meta property=\"og:image\" content=\"https:\/\/ctp.eu\/wp-content\/uploads\/2023\/02\/web-MIPIM-23-social.jpg\" \/>\n\t<meta property=\"og:image:width\" content=\"1444\" \/>\n\t<meta property=\"og:image:height\" content=\"756\" \/>\n\t<meta property=\"og:image:type\" content=\"image\/jpeg\" \/>\n<meta name=\"twitter:card\" content=\"summary_large_image\" \/>\n<meta name=\"twitter:label1\" content=\"Predpokladan\u00fd \u010das \u010d\u00edtania\" \/>\n\t<meta name=\"twitter:data1\" content=\"2 min\u00faty\" \/>\n<script type=\"application\/ld+json\" class=\"yoast-schema-graph\">{\"@context\":\"https:\/\/schema.org\",\"@graph\":[{\"@type\":\"WebPage\",\"@id\":\"https:\/\/ctp.eu\/company\/events\/lets-connect-at-transport-logistics\/\",\"url\":\"https:\/\/ctp.eu\/company\/events\/lets-connect-at-transport-logistics\/\",\"name\":\"Connect with us at Transport Logistic - Commercial Real Estate Developer And Manager\",\"isPartOf\":{\"@id\":\"https:\/\/ctp.eu\/#website\"},\"datePublished\":\"2023-04-14T15:01:45+00:00\",\"dateModified\":\"2023-05-03T13:27:08+00:00\",\"breadcrumb\":{\"@id\":\"https:\/\/ctp.eu\/company\/events\/lets-connect-at-transport-logistics\/#breadcrumb\"},\"inLanguage\":\"sk-SK\",\"potentialAction\":[{\"@type\":\"ReadAction\",\"target\":[\"https:\/\/ctp.eu\/company\/events\/lets-connect-at-transport-logistics\/\"]}]},{\"@type\":\"BreadcrumbList\",\"@id\":\"https:\/\/ctp.eu\/company\/events\/lets-connect-at-transport-logistics\/#breadcrumb\",\"itemListElement\":[{\"@type\":\"ListItem\",\"position\":1,\"name\":\"Home\",\"item\":\"https:\/\/ctp.eu\/\"},{\"@type\":\"ListItem\",\"position\":2,\"name\":\"Company\",\"item\":\"https:\/\/ctp.eu\/?page_id=62\"},{\"@type\":\"ListItem\",\"position\":3,\"name\":\"Events and Happenings\",\"item\":\"https:\/\/ctp.eu\/company\/events\/\"},{\"@type\":\"ListItem\",\"position\":4,\"name\":\"Connect with us at Transport Logistic\"}]},{\"@type\":\"WebSite\",\"@id\":\"https:\/\/ctp.eu\/#website\",\"url\":\"https:\/\/ctp.eu\/\",\"name\":\"Commercial Real Estate Developer And Manager\",\"description\":\"CTP - premium industrial warehouse and office buildings\",\"publisher\":{\"@id\":\"https:\/\/ctp.eu\/#organization\"},\"potentialAction\":[{\"@type\":\"SearchAction\",\"target\":{\"@type\":\"EntryPoint\",\"urlTemplate\":\"https:\/\/ctp.eu\/?s={search_term_string}\"},\"query-input\":{\"@type\":\"PropertyValueSpecification\",\"valueRequired\":true,\"valueName\":\"search_term_string\"}}],\"inLanguage\":\"sk-SK\"},{\"@type\":\"Organization\",\"@id\":\"https:\/\/ctp.eu\/#organization\",\"name\":\"CTP\",\"url\":\"https:\/\/ctp.eu\/\",\"logo\":{\"@type\":\"ImageObject\",\"inLanguage\":\"sk-SK\",\"@id\":\"https:\/\/ctp.eu\/#\/schema\/logo\/image\/\",\"url\":\"\",\"contentUrl\":\"\",\"caption\":\"CTP\"},\"image\":{\"@id\":\"https:\/\/ctp.eu\/#\/schema\/logo\/image\/\"}}]}<\/script>","yoast_head_json":{"title":"Spojte sa s nami na adrese Transport Logistic - Commercial Real Estate Developer And Manager","robots":{"index":"index","follow":"follow","max-snippet":"max-snippet:-1","max-image-preview":"max-image-preview:large","max-video-preview":"max-video-preview:-1"},"canonical":"https:\/\/ctp.eu\/sk\/company\/events\/lets-connect-at-transport-logistics\/","og_locale":"sk_SK","og_type":"article","og_title":"Connect with us at Transport Logistic","og_description":"&nbsp; Every year, Transport Logistic\u2014the world&#8217;s leading trade fair for logistics, mobility, IT and supply chain management.\u00a0It takes place every","og_url":"https:\/\/ctp.eu\/sk\/company\/events\/lets-connect-at-transport-logistics\/","og_site_name":"Commercial Real Estate Developer And Manager","article_modified_time":"2023-05-03T13:27:08+00:00","og_image":[{"width":1444,"height":756,"url":"https:\/\/ctp.eu\/wp-content\/uploads\/2023\/02\/web-MIPIM-23-social.jpg","type":"image\/jpeg"}],"twitter_card":"summary_large_image","twitter_misc":{"Predpokladan\u00fd \u010das \u010d\u00edtania":"2 min\u00faty"},"schema":{"@context":"https:\/\/schema.org","@graph":[{"@type":"WebPage","@id":"https:\/\/ctp.eu\/company\/events\/lets-connect-at-transport-logistics\/","url":"https:\/\/ctp.eu\/company\/events\/lets-connect-at-transport-logistics\/","name":"Spojte sa s nami na adrese Transport Logistic - Commercial Real Estate Developer And Manager","isPartOf":{"@id":"https:\/\/ctp.eu\/#website"},"datePublished":"2023-04-14T15:01:45+00:00","dateModified":"2023-05-03T13:27:08+00:00","breadcrumb":{"@id":"https:\/\/ctp.eu\/company\/events\/lets-connect-at-transport-logistics\/#breadcrumb"},"inLanguage":"sk-SK","potentialAction":[{"@type":"ReadAction","target":["https:\/\/ctp.eu\/company\/events\/lets-connect-at-transport-logistics\/"]}]},{"@type":"BreadcrumbList","@id":"https:\/\/ctp.eu\/company\/events\/lets-connect-at-transport-logistics\/#breadcrumb","itemListElement":[{"@type":"ListItem","position":1,"name":"Home","item":"https:\/\/ctp.eu\/"},{"@type":"ListItem","position":2,"name":"Company","item":"https:\/\/ctp.eu\/?page_id=62"},{"@type":"ListItem","position":3,"name":"Events and Happenings","item":"https:\/\/ctp.eu\/company\/events\/"},{"@type":"ListItem","position":4,"name":"Connect with us at Transport Logistic"}]},{"@type":"WebSite","@id":"https:\/\/ctp.eu\/#website","url":"https:\/\/ctp.eu\/","name":"Developer a mana\u017e\u00e9r komer\u010dn\u00fdch nehnute\u013enost\u00ed","description":"CTP - pr\u00e9miov\u00e9 priemyseln\u00e9 skladov\u00e9 a kancel\u00e1rske budovy","publisher":{"@id":"https:\/\/ctp.eu\/#organization"},"potentialAction":[{"@type":"SearchAction","target":{"@type":"EntryPoint","urlTemplate":"https:\/\/ctp.eu\/?s={search_term_string}"},"query-input":{"@type":"PropertyValueSpecification","valueRequired":true,"valueName":"search_term_string"}}],"inLanguage":"sk-SK"},{"@type":"Organization","@id":"https:\/\/ctp.eu\/#organization","name":"CTP","url":"https:\/\/ctp.eu\/","logo":{"@type":"ImageObject","inLanguage":"sk-SK","@id":"https:\/\/ctp.eu\/#\/schema\/logo\/image\/","url":"","contentUrl":"","caption":"CTP"},"image":{"@id":"https:\/\/ctp.eu\/#\/schema\/logo\/image\/"}}]}},"_links":{"self":[{"href":"https:\/\/ctp.eu\/sk\/wp-json\/wp\/v2\/pages\/75085","targetHints":{"allow":["GET"]}}],"collection":[{"href":"https:\/\/ctp.eu\/sk\/wp-json\/wp\/v2\/pages"}],"about":[{"href":"https:\/\/ctp.eu\/sk\/wp-json\/wp\/v2\/types\/page"}],"author":[{"embeddable":true,"href":"https:\/\/ctp.eu\/sk\/wp-json\/wp\/v2\/users\/22"}],"replies":[{"embeddable":true,"href":"https:\/\/ctp.eu\/sk\/wp-json\/wp\/v2\/comments?post=75085"}],"version-history":[{"count":0,"href":"https:\/\/ctp.eu\/sk\/wp-json\/wp\/v2\/pages\/75085\/revisions"}],"up":[{"embeddable":true,"href":"https:\/\/ctp.eu\/sk\/wp-json\/wp\/v2\/pages\/198"}],"wp:attachment":[{"href":"https:\/\/ctp.eu\/sk\/wp-json\/wp\/v2\/media?parent=75085"}],"curies":[{"name":"wp","href":"https:\/\/api.w.org\/{rel}","templated":true}]}}