{"id":73491,"date":"2023-03-16T18:24:58","date_gmt":"2023-03-16T16:24:58","guid":{"rendered":"https:\/\/www.ctp.eu\/?page_id=73491"},"modified":"2026-04-14T14:13:32","modified_gmt":"2026-04-14T12:13:32","slug":"how-to-report-a-concern","status":"publish","type":"page","link":"https:\/\/ctp.eu\/sk\/ctp-policies\/how-to-report-a-concern\/","title":{"rendered":"Ako nahl\u00e1si\u0165 obavy"},"content":{"rendered":"<div class=\"policy\">\n<p>Spolo\u010dnos\u0165 CTP sa sna\u017e\u00ed vykon\u00e1va\u0165 svoju \u010dinnos\u0165 eticky a v s\u00falade s pr\u00edslu\u0161n\u00fdmi predpismi.<\/p>\n<p>V r\u00e1mci tohto \u00fasilia CTP udr\u017eiava d\u00f4vern\u00fd anonymn\u00fd kan\u00e1l na oznamovanie nekal\u00fdch prakt\u00edk. Tento kan\u00e1l umo\u017e\u0148uje v\u00fdkonn\u00fdm pracovn\u00edkom CTP, zamestnancom CTP a tret\u00edm stran\u00e1m nahlasova\u0165 s\u0165a\u017enosti alebo obavy t\u00fdkaj\u00face sa nedodr\u017eiavania na\u0161ich <a href=\"https:\/\/ctp.eu\/sk\/investors\/governance\/\">K\u00f3dex spr\u00e1vania skupiny<\/a>, pr\u00edslu\u0161n\u00e9 politiky a etick\u00e9 normy, nahl\u00e1si\u0165 podvodn\u00e9 spr\u00e1vanie alebo po\u017eiada\u0165 o radu v ot\u00e1zkach dodr\u017eiavania predpisov.<\/p>\n<p>Kan\u00e1l na oznamovanie nekal\u00fdch prakt\u00edk je anonymn\u00fd. Poskytnutie v\u00e1\u0161ho mena a kontaktn\u00fdch \u00fadajov v\u0161ak pom\u00f4\u017ee v pr\u00edpade potreby z\u00edska\u0165 viac podrobnost\u00ed a zlep\u0161i\u0165 vy\u0161etrovanie. Spolo\u010dnos\u0165 CTP sa zav\u00e4zuje chr\u00e1ni\u0165 oznamovate\u013eov, ktor\u00ed pod\u00e1vaj\u00fa ozn\u00e1menia v dobrej viere, pred odvetn\u00fdmi opatreniami. So v\u0161etk\u00fdmi oznamovate\u013emi sa bude zaobch\u00e1dza\u0165 s re\u0161pektom, d\u00f4stojnos\u0165ou a d\u00f4vernos\u0165ou.<\/p>\n<p>V\u0161etky pripomienky doru\u010den\u00e9 prostredn\u00edctvom tohto kan\u00e1la bud\u00fa rie\u0161en\u00e9 spravodlivo, riadne a bez zbyto\u010dn\u00e9ho odkladu. Viac inform\u00e1ci\u00ed n\u00e1jdete v na\u0161om <a href=\"https:\/\/ctp.eu\/sk\/ctp-policies\/group-whistleblower-policy\/\">Z\u00e1sady skupiny pre oznamovate\u013eov nekal\u00fdch prakt\u00edk<\/a>.<\/p>\n<p>S\u0165a\u017enosti (aj v z\u00e1le\u017eitostiach ESG) je mo\u017en\u00e9 doru\u010di\u0165 na adresu <a href=\"mailto:compliance@ctp.eu\">compliance@ctp.eu<\/a>.<\/p>\n<p>Ak\u00e9ko\u013evek zneu\u017eitie syst\u00e9mu informovania bude sankcionovan\u00e9 v s\u00falade s pr\u00edslu\u0161n\u00fdmi pr\u00e1vnymi predpismi. Ochrana pred odvetn\u00fdmi opatreniami sa nevz\u0165ahuje na osoby, ktor\u00e9 podaj\u00fa ozn\u00e1menie bez toho, aby mali opr\u00e1vnen\u00e9 d\u00f4vody domnieva\u0165 sa, \u017ee sa zaklad\u00e1 na pravdiv\u00fdch inform\u00e1ci\u00e1ch (tzv. \"vedome nepravdiv\u00e9 ozn\u00e1menie\").<\/p>\n<h2><\/h2>\n<p>&nbsp;<\/p>\n<\/div>","protected":false},"excerpt":{"rendered":"<p>Spolo\u010dnos\u0165 CTP sa sna\u017e\u00ed vykon\u00e1va\u0165 svoju \u010dinnos\u0165 eticky a v s\u00falade s pr\u00edslu\u0161n\u00fdmi predpismi. V r\u00e1mci tohto \u00fasilia spolo\u010dnos\u0165 CTP udr\u017eiava<\/p>","protected":false},"author":22,"featured_media":0,"parent":6125,"menu_order":0,"comment_status":"closed","ping_status":"closed","template":"single-policy.php","meta":{"_acf_changed":false,"footnotes":""},"class_list":["post-73491","page","type-page","status-publish","hentry"],"acf":[],"yoast_head":"<title>How to Report a Concern - Commercial Real Estate Developer And Manager<\/title>\n<meta name=\"robots\" content=\"index, follow, max-snippet:-1, max-image-preview:large, max-video-preview:-1\" \/>\n<link rel=\"canonical\" href=\"https:\/\/ctp.eu\/sk\/ctp-policies\/how-to-report-a-concern\/\" \/>\n<meta property=\"og:locale\" content=\"sk_SK\" \/>\n<meta property=\"og:type\" content=\"article\" \/>\n<meta property=\"og:title\" content=\"How to Report a Concern\" \/>\n<meta property=\"og:description\" content=\"CTP strives to conduct its business ethically and in compliance with relevant regulations. As part of the effort CTP maintains\" \/>\n<meta property=\"og:url\" content=\"https:\/\/ctp.eu\/sk\/ctp-policies\/how-to-report-a-concern\/\" \/>\n<meta property=\"og:site_name\" content=\"Commercial Real Estate Developer And Manager\" \/>\n<meta property=\"article:modified_time\" content=\"2026-04-14T12:13:32+00:00\" \/>\n<meta name=\"twitter:card\" content=\"summary_large_image\" \/>\n<meta name=\"twitter:label1\" content=\"Predpokladan\u00fd \u010das \u010d\u00edtania\" \/>\n\t<meta name=\"twitter:data1\" content=\"1 min\u00fata\" \/>\n<script type=\"application\/ld+json\" class=\"yoast-schema-graph\">{\"@context\":\"https:\\\/\\\/schema.org\",\"@graph\":[{\"@type\":\"WebPage\",\"@id\":\"https:\\\/\\\/ctp.eu\\\/ctp-policies\\\/how-to-report-a-concern\\\/\",\"url\":\"https:\\\/\\\/ctp.eu\\\/ctp-policies\\\/how-to-report-a-concern\\\/\",\"name\":\"How to Report a Concern - Commercial Real Estate Developer And Manager\",\"isPartOf\":{\"@id\":\"https:\\\/\\\/ctp.eu\\\/#website\"},\"datePublished\":\"2023-03-16T16:24:58+00:00\",\"dateModified\":\"2026-04-14T12:13:32+00:00\",\"breadcrumb\":{\"@id\":\"https:\\\/\\\/ctp.eu\\\/ctp-policies\\\/how-to-report-a-concern\\\/#breadcrumb\"},\"inLanguage\":\"sk-SK\",\"potentialAction\":[{\"@type\":\"ReadAction\",\"target\":[\"https:\\\/\\\/ctp.eu\\\/ctp-policies\\\/how-to-report-a-concern\\\/\"]}]},{\"@type\":\"BreadcrumbList\",\"@id\":\"https:\\\/\\\/ctp.eu\\\/ctp-policies\\\/how-to-report-a-concern\\\/#breadcrumb\",\"itemListElement\":[{\"@type\":\"ListItem\",\"position\":1,\"name\":\"Home\",\"item\":\"https:\\\/\\\/ctp.eu\\\/\"},{\"@type\":\"ListItem\",\"position\":2,\"name\":\"CTP Policies\",\"item\":\"https:\\\/\\\/ctp.eu\\\/ctp-policies\\\/\"},{\"@type\":\"ListItem\",\"position\":3,\"name\":\"How to Report a Concern\"}]},{\"@type\":\"WebSite\",\"@id\":\"https:\\\/\\\/ctp.eu\\\/#website\",\"url\":\"https:\\\/\\\/ctp.eu\\\/\",\"name\":\"Commercial Real Estate Developer And Manager\",\"description\":\"CTP - premium industrial warehouse and office buildings\",\"publisher\":{\"@id\":\"https:\\\/\\\/ctp.eu\\\/#organization\"},\"potentialAction\":[{\"@type\":\"SearchAction\",\"target\":{\"@type\":\"EntryPoint\",\"urlTemplate\":\"https:\\\/\\\/ctp.eu\\\/?s={search_term_string}\"},\"query-input\":{\"@type\":\"PropertyValueSpecification\",\"valueRequired\":true,\"valueName\":\"search_term_string\"}}],\"inLanguage\":\"sk-SK\"},{\"@type\":\"Organization\",\"@id\":\"https:\\\/\\\/ctp.eu\\\/#organization\",\"name\":\"CTP\",\"url\":\"https:\\\/\\\/ctp.eu\\\/\",\"logo\":{\"@type\":\"ImageObject\",\"inLanguage\":\"sk-SK\",\"@id\":\"https:\\\/\\\/ctp.eu\\\/#\\\/schema\\\/logo\\\/image\\\/\",\"url\":\"\",\"contentUrl\":\"\",\"caption\":\"CTP\"},\"image\":{\"@id\":\"https:\\\/\\\/ctp.eu\\\/#\\\/schema\\\/logo\\\/image\\\/\"}}]}<\/script>","yoast_head_json":{"title":"Ako nahl\u00e1si\u0165 probl\u00e9m - Developer a spr\u00e1vca komer\u010dn\u00fdch nehnute\u013enost\u00ed","robots":{"index":"index","follow":"follow","max-snippet":"max-snippet:-1","max-image-preview":"max-image-preview:large","max-video-preview":"max-video-preview:-1"},"canonical":"https:\/\/ctp.eu\/sk\/ctp-policies\/how-to-report-a-concern\/","og_locale":"sk_SK","og_type":"article","og_title":"How to Report a Concern","og_description":"CTP strives to conduct its business ethically and in compliance with relevant regulations. As part of the effort CTP maintains","og_url":"https:\/\/ctp.eu\/sk\/ctp-policies\/how-to-report-a-concern\/","og_site_name":"Commercial Real Estate Developer And Manager","article_modified_time":"2026-04-14T12:13:32+00:00","twitter_card":"summary_large_image","twitter_misc":{"Predpokladan\u00fd \u010das \u010d\u00edtania":"1 min\u00fata"},"schema":{"@context":"https:\/\/schema.org","@graph":[{"@type":"WebPage","@id":"https:\/\/ctp.eu\/ctp-policies\/how-to-report-a-concern\/","url":"https:\/\/ctp.eu\/ctp-policies\/how-to-report-a-concern\/","name":"Ako nahl\u00e1si\u0165 probl\u00e9m - Developer a spr\u00e1vca komer\u010dn\u00fdch nehnute\u013enost\u00ed","isPartOf":{"@id":"https:\/\/ctp.eu\/#website"},"datePublished":"2023-03-16T16:24:58+00:00","dateModified":"2026-04-14T12:13:32+00:00","breadcrumb":{"@id":"https:\/\/ctp.eu\/ctp-policies\/how-to-report-a-concern\/#breadcrumb"},"inLanguage":"sk-SK","potentialAction":[{"@type":"ReadAction","target":["https:\/\/ctp.eu\/ctp-policies\/how-to-report-a-concern\/"]}]},{"@type":"BreadcrumbList","@id":"https:\/\/ctp.eu\/ctp-policies\/how-to-report-a-concern\/#breadcrumb","itemListElement":[{"@type":"ListItem","position":1,"name":"Home","item":"https:\/\/ctp.eu\/"},{"@type":"ListItem","position":2,"name":"CTP Policies","item":"https:\/\/ctp.eu\/ctp-policies\/"},{"@type":"ListItem","position":3,"name":"How to Report a Concern"}]},{"@type":"WebSite","@id":"https:\/\/ctp.eu\/#website","url":"https:\/\/ctp.eu\/","name":"Developer a mana\u017e\u00e9r komer\u010dn\u00fdch nehnute\u013enost\u00ed","description":"CTP - pr\u00e9miov\u00e9 priemyseln\u00e9 skladov\u00e9 a kancel\u00e1rske budovy","publisher":{"@id":"https:\/\/ctp.eu\/#organization"},"potentialAction":[{"@type":"SearchAction","target":{"@type":"EntryPoint","urlTemplate":"https:\/\/ctp.eu\/?s={search_term_string}"},"query-input":{"@type":"PropertyValueSpecification","valueRequired":true,"valueName":"search_term_string"}}],"inLanguage":"sk-SK"},{"@type":"Organization","@id":"https:\/\/ctp.eu\/#organization","name":"CTP","url":"https:\/\/ctp.eu\/","logo":{"@type":"ImageObject","inLanguage":"sk-SK","@id":"https:\/\/ctp.eu\/#\/schema\/logo\/image\/","url":"","contentUrl":"","caption":"CTP"},"image":{"@id":"https:\/\/ctp.eu\/#\/schema\/logo\/image\/"}}]}},"_links":{"self":[{"href":"https:\/\/ctp.eu\/sk\/wp-json\/wp\/v2\/pages\/73491","targetHints":{"allow":["GET"]}}],"collection":[{"href":"https:\/\/ctp.eu\/sk\/wp-json\/wp\/v2\/pages"}],"about":[{"href":"https:\/\/ctp.eu\/sk\/wp-json\/wp\/v2\/types\/page"}],"author":[{"embeddable":true,"href":"https:\/\/ctp.eu\/sk\/wp-json\/wp\/v2\/users\/22"}],"replies":[{"embeddable":true,"href":"https:\/\/ctp.eu\/sk\/wp-json\/wp\/v2\/comments?post=73491"}],"version-history":[{"count":17,"href":"https:\/\/ctp.eu\/sk\/wp-json\/wp\/v2\/pages\/73491\/revisions"}],"predecessor-version":[{"id":115425,"href":"https:\/\/ctp.eu\/sk\/wp-json\/wp\/v2\/pages\/73491\/revisions\/115425"}],"up":[{"embeddable":true,"href":"https:\/\/ctp.eu\/sk\/wp-json\/wp\/v2\/pages\/6125"}],"wp:attachment":[{"href":"https:\/\/ctp.eu\/sk\/wp-json\/wp\/v2\/media?parent=73491"}],"curies":[{"name":"wp","href":"https:\/\/api.w.org\/{rel}","templated":true}]}}