{"id":6125,"date":"2019-08-13T12:26:43","date_gmt":"2019-08-13T12:26:43","guid":{"rendered":"https:\/\/www.ctp.eu\/?page_id=6125"},"modified":"2025-02-19T14:41:37","modified_gmt":"2025-02-19T12:41:37","slug":"ctp-policies","status":"publish","type":"page","link":"https:\/\/ctp.eu\/sk\/ctp-policies\/","title":{"rendered":"Z\u00e1sady CTP"},"content":{"rendered":"<div class=\"policy-main\">\n<p><a id=\"polska\" class=\"row-title\" style=\"display: none;\" href=\"https:\/\/ctp.eu\/pl\/polish-gdpr\/\">Dokumenty RODO sp\u00f3\u0142ek grupy CTP zo siedzib\u0105 w Polsce<\/a><\/p>\n<p><a class=\"row-title\" href=\"https:\/\/ctp.eu\/sk\/ctp-policies\/business-partners-privacy-policy\/\">Z\u00e1sady ochrany osobn\u00fdch \u00fadajov obchodn\u00e9ho partnera<\/a><\/p>\n<p><a class=\"row-title\" href=\"https:\/\/ctp.eu\/sk\/ctp-policies\/consent-to-the-processing-of-personal-data\/\">S\u00fahlas so spracovan\u00edm osobn\u00fdch \u00fadajov<\/a><\/p>\n<p><a class=\"row-title\" href=\"https:\/\/ctp.eu\/sk\/ctp-policies\/general-data-protection-principles\/\">V\u0161eobecn\u00e9 z\u00e1sady ochrany \u00fadajov<\/a><\/p>\n<p><a class=\"row-title\" href=\"https:\/\/ctp.eu\/sk\/ctp-policies\/consent-to-the-use-of-personal-data-for-the-purpose-of-receiving-the-newsletter\/\">S\u00fahlas s pou\u017eit\u00edm osobn\u00fdch \u00fadajov na \u00fa\u010dely zasielania informa\u010dn\u00e9ho bulletinu<\/a><\/p>\n<p><a class=\"row-title\" href=\"https:\/\/ctp.eu\/sk\/ctp-policies\/cctv-policy\/\">Z\u00e1sady ochrany osobn\u00fdch \u00fadajov pre kamerov\u00fd syst\u00e9m a n\u00e1v\u0161tevn\u00edkov<\/a><\/p>\n<p><a class=\"row-title\" href=\"https:\/\/ctp.eu\/sk\/ctp-policies\/employee-privacy-policy\/\">Z\u00e1sady ochrany osobn\u00fdch \u00fadajov zamestnancov<\/a><\/p>\n<p><a class=\"row-title\" href=\"https:\/\/ctp.eu\/sk\/ctp-policies\/ctp-website-cookie-policy\/\">Z\u00e1sady pou\u017e\u00edvania s\u00faborov cookie na webovej str\u00e1nke CTP<\/a><\/p>\n<p><a class=\"row-title\" href=\"https:\/\/ctp.eu\/sk\/ctp-policies\/recruitment-privacy-policy\/\">Z\u00e1sady ochrany osobn\u00fdch \u00fadajov pri sprac\u00favan\u00ed osobn\u00fdch \u00fadajov uch\u00e1dza\u010dov o zamestnanie<\/a><\/p>\n<p><!-- <a class=\"row-title\" href=\"https:\/\/ctp.eu\/ctp-policies\/zasady-zpracovani-osobnich-udaju-pri-naboru-zamestnancu\/\">Z\u00e1sady zpracov\u00e1n\u00ed osobn\u00edch \u00fadaj\u016f p\u0159i n\u00e1boru zam\u011bstnanc\u016f<\/a> --><\/p>\n<\/div>\n<style>.translatepress-pl_PL #polska{display:block!important;}<\/style>","protected":false},"excerpt":{"rendered":"<p>Dokumenty RODO sp\u00f3\u0142ek grupy CTP z siedzib\u0105 w Polsce Z\u00e1sady ochrany osobn\u00fdch \u00fadajov obchodn\u00e9ho partnera S\u00fahlas so spracovan\u00edm osobn\u00fdch \u00fadajov<\/p>","protected":false},"author":67,"featured_media":0,"parent":0,"menu_order":0,"comment_status":"closed","ping_status":"closed","template":"","meta":{"_acf_changed":false,"footnotes":""},"class_list":["post-6125","page","type-page","status-publish","hentry"],"acf":[],"yoast_head":"<title>CTP Policies - Commercial Real Estate Developer And Manager<\/title>\n<meta name=\"robots\" content=\"index, follow, max-snippet:-1, max-image-preview:large, max-video-preview:-1\" \/>\n<link rel=\"canonical\" href=\"https:\/\/ctp.eu\/sk\/ctp-policies\/\" \/>\n<meta property=\"og:locale\" content=\"sk_SK\" \/>\n<meta property=\"og:type\" content=\"article\" \/>\n<meta property=\"og:title\" content=\"CTP Policies\" \/>\n<meta property=\"og:description\" content=\"Dokumenty RODO sp\u00f3\u0142ek grupy CTP z siedzib\u0105 w Polsce Business Partner\u2019s Privacy Policy Consent to the Processing of Personal Data\" \/>\n<meta property=\"og:url\" content=\"https:\/\/ctp.eu\/sk\/ctp-policies\/\" \/>\n<meta property=\"og:site_name\" content=\"Commercial Real Estate Developer And Manager\" \/>\n<meta property=\"article:modified_time\" content=\"2025-02-19T12:41:37+00:00\" \/>\n<meta name=\"twitter:card\" content=\"summary_large_image\" \/>\n<meta name=\"twitter:label1\" content=\"Predpokladan\u00fd \u010das \u010d\u00edtania\" \/>\n\t<meta name=\"twitter:data1\" content=\"1 min\u00fata\" \/>\n<script type=\"application\/ld+json\" class=\"yoast-schema-graph\">{\"@context\":\"https:\/\/schema.org\",\"@graph\":[{\"@type\":\"WebPage\",\"@id\":\"https:\/\/ctp.eu\/ctp-policies\/\",\"url\":\"https:\/\/ctp.eu\/ctp-policies\/\",\"name\":\"CTP Policies - Commercial Real Estate Developer And Manager\",\"isPartOf\":{\"@id\":\"https:\/\/ctp.eu\/#website\"},\"datePublished\":\"2019-08-13T12:26:43+00:00\",\"dateModified\":\"2025-02-19T12:41:37+00:00\",\"breadcrumb\":{\"@id\":\"https:\/\/ctp.eu\/ctp-policies\/#breadcrumb\"},\"inLanguage\":\"sk-SK\",\"potentialAction\":[{\"@type\":\"ReadAction\",\"target\":[\"https:\/\/ctp.eu\/ctp-policies\/\"]}]},{\"@type\":\"BreadcrumbList\",\"@id\":\"https:\/\/ctp.eu\/ctp-policies\/#breadcrumb\",\"itemListElement\":[{\"@type\":\"ListItem\",\"position\":1,\"name\":\"Home\",\"item\":\"https:\/\/ctp.eu\/\"},{\"@type\":\"ListItem\",\"position\":2,\"name\":\"CTP Policies\"}]},{\"@type\":\"WebSite\",\"@id\":\"https:\/\/ctp.eu\/#website\",\"url\":\"https:\/\/ctp.eu\/\",\"name\":\"Commercial Real Estate Developer And Manager\",\"description\":\"CTP - premium industrial warehouse and office buildings\",\"publisher\":{\"@id\":\"https:\/\/ctp.eu\/#organization\"},\"potentialAction\":[{\"@type\":\"SearchAction\",\"target\":{\"@type\":\"EntryPoint\",\"urlTemplate\":\"https:\/\/ctp.eu\/?s={search_term_string}\"},\"query-input\":{\"@type\":\"PropertyValueSpecification\",\"valueRequired\":true,\"valueName\":\"search_term_string\"}}],\"inLanguage\":\"sk-SK\"},{\"@type\":\"Organization\",\"@id\":\"https:\/\/ctp.eu\/#organization\",\"name\":\"CTP\",\"url\":\"https:\/\/ctp.eu\/\",\"logo\":{\"@type\":\"ImageObject\",\"inLanguage\":\"sk-SK\",\"@id\":\"https:\/\/ctp.eu\/#\/schema\/logo\/image\/\",\"url\":\"\",\"contentUrl\":\"\",\"caption\":\"CTP\"},\"image\":{\"@id\":\"https:\/\/ctp.eu\/#\/schema\/logo\/image\/\"}}]}<\/script>","yoast_head_json":{"title":"Z\u00e1sady CTP - Komer\u010dn\u00e9 nehnute\u013enosti Developer a mana\u017e\u00e9r","robots":{"index":"index","follow":"follow","max-snippet":"max-snippet:-1","max-image-preview":"max-image-preview:large","max-video-preview":"max-video-preview:-1"},"canonical":"https:\/\/ctp.eu\/sk\/ctp-policies\/","og_locale":"sk_SK","og_type":"article","og_title":"CTP Policies","og_description":"Dokumenty RODO sp\u00f3\u0142ek grupy CTP z siedzib\u0105 w Polsce Business Partner\u2019s Privacy Policy Consent to the Processing of Personal Data","og_url":"https:\/\/ctp.eu\/sk\/ctp-policies\/","og_site_name":"Commercial Real Estate Developer And Manager","article_modified_time":"2025-02-19T12:41:37+00:00","twitter_card":"summary_large_image","twitter_misc":{"Predpokladan\u00fd \u010das \u010d\u00edtania":"1 min\u00fata"},"schema":{"@context":"https:\/\/schema.org","@graph":[{"@type":"WebPage","@id":"https:\/\/ctp.eu\/ctp-policies\/","url":"https:\/\/ctp.eu\/ctp-policies\/","name":"Z\u00e1sady CTP - Komer\u010dn\u00e9 nehnute\u013enosti Developer a mana\u017e\u00e9r","isPartOf":{"@id":"https:\/\/ctp.eu\/#website"},"datePublished":"2019-08-13T12:26:43+00:00","dateModified":"2025-02-19T12:41:37+00:00","breadcrumb":{"@id":"https:\/\/ctp.eu\/ctp-policies\/#breadcrumb"},"inLanguage":"sk-SK","potentialAction":[{"@type":"ReadAction","target":["https:\/\/ctp.eu\/ctp-policies\/"]}]},{"@type":"BreadcrumbList","@id":"https:\/\/ctp.eu\/ctp-policies\/#breadcrumb","itemListElement":[{"@type":"ListItem","position":1,"name":"Home","item":"https:\/\/ctp.eu\/"},{"@type":"ListItem","position":2,"name":"CTP Policies"}]},{"@type":"WebSite","@id":"https:\/\/ctp.eu\/#website","url":"https:\/\/ctp.eu\/","name":"Developer a mana\u017e\u00e9r komer\u010dn\u00fdch nehnute\u013enost\u00ed","description":"CTP - pr\u00e9miov\u00e9 priemyseln\u00e9 skladov\u00e9 a kancel\u00e1rske budovy","publisher":{"@id":"https:\/\/ctp.eu\/#organization"},"potentialAction":[{"@type":"SearchAction","target":{"@type":"EntryPoint","urlTemplate":"https:\/\/ctp.eu\/?s={search_term_string}"},"query-input":{"@type":"PropertyValueSpecification","valueRequired":true,"valueName":"search_term_string"}}],"inLanguage":"sk-SK"},{"@type":"Organization","@id":"https:\/\/ctp.eu\/#organization","name":"CTP","url":"https:\/\/ctp.eu\/","logo":{"@type":"ImageObject","inLanguage":"sk-SK","@id":"https:\/\/ctp.eu\/#\/schema\/logo\/image\/","url":"","contentUrl":"","caption":"CTP"},"image":{"@id":"https:\/\/ctp.eu\/#\/schema\/logo\/image\/"}}]}},"_links":{"self":[{"href":"https:\/\/ctp.eu\/sk\/wp-json\/wp\/v2\/pages\/6125","targetHints":{"allow":["GET"]}}],"collection":[{"href":"https:\/\/ctp.eu\/sk\/wp-json\/wp\/v2\/pages"}],"about":[{"href":"https:\/\/ctp.eu\/sk\/wp-json\/wp\/v2\/types\/page"}],"author":[{"embeddable":true,"href":"https:\/\/ctp.eu\/sk\/wp-json\/wp\/v2\/users\/67"}],"replies":[{"embeddable":true,"href":"https:\/\/ctp.eu\/sk\/wp-json\/wp\/v2\/comments?post=6125"}],"version-history":[{"count":7,"href":"https:\/\/ctp.eu\/sk\/wp-json\/wp\/v2\/pages\/6125\/revisions"}],"predecessor-version":[{"id":103606,"href":"https:\/\/ctp.eu\/sk\/wp-json\/wp\/v2\/pages\/6125\/revisions\/103606"}],"wp:attachment":[{"href":"https:\/\/ctp.eu\/sk\/wp-json\/wp\/v2\/media?parent=6125"}],"curies":[{"name":"wp","href":"https:\/\/api.w.org\/{rel}","templated":true}]}}