{"id":6064,"date":"2019-08-06T13:20:45","date_gmt":"2019-08-06T13:20:45","guid":{"rendered":"https:\/\/www.ctp.eu\/?page_id=6064"},"modified":"2020-08-28T10:59:01","modified_gmt":"2020-08-28T10:59:01","slug":"ctp-website-cookie-policy","status":"publish","type":"page","link":"https:\/\/ctp.eu\/sk\/ctp-policies\/ctp-website-cookie-policy\/","title":{"rendered":"Z\u00e1sady pou\u017e\u00edvania s\u00faborov cookie na webovej str\u00e1nke CTP"},"content":{"rendered":"<div class=\"policy\">\n<p>V snahe zabezpe\u010di\u0165 v\u00e1m \u010do najlep\u0161\u00ed z\u00e1\u017eitok, spolo\u010dnos\u0165 CTP Invest, spol. s r.o. (\"<strong>CTP<\/strong>\" alebo \"<strong>my<\/strong>\") webov\u00e1 str\u00e1nka m\u00f4\u017ee do v\u00e1\u0161ho zariadenia umiestni\u0165 mal\u00e9 d\u00e1tov\u00e9 s\u00fabory naz\u00fdvan\u00e9 cookies. Ni\u017e\u0161ie n\u00e1jdete z\u00e1kladn\u00e9 inform\u00e1cie o s\u00faboroch cookie a vysvetlenie, ako presne ich na\u0161a webov\u00e1 str\u00e1nka vyu\u017e\u00edva.<\/p>\n<p>&nbsp;<\/p>\n<h2>1. \u010co s\u00fa to s\u00fabory cookie?<\/h2>\n<p>S\u00fabory cookie s\u00fa mal\u00e9 textov\u00e9 s\u00fabory odoslan\u00e9 do v\u00e1\u0161ho zariadenia. Hoci s\u00fabory cookie obsahuj\u00fa identifika\u010dn\u00e9 inform\u00e1cie, neobsahuj\u00fa \u017eiadne inform\u00e1cie, ktor\u00e9 by v\u00e1s osobne identifikovali, ale sk\u00f4r n\u00e1m umo\u017e\u0148uj\u00fa rozpozna\u0165 v\u00e1s pri n\u00e1vrate na na\u0161e webov\u00e9 str\u00e1nky. Ak po\u010das n\u00e1v\u0161tevy na\u0161ej webovej lokality nechcete prij\u00edma\u0165 s\u00fabory cookie, mali by ste ma\u0165 mo\u017enos\u0165 zmeni\u0165 nastavenia vo svojom prehliada\u010di tak, aby ste t\u00fato funkciu zak\u00e1zali (viac inform\u00e1ci\u00ed o tom, ako to urobi\u0165 - ni\u017e\u0161ie), ale m\u00f4\u017ee sa sta\u0165, \u017ee v takom pr\u00edpade nebudete ma\u0165 pr\u00edstup k niektor\u00fdm \u010dastiam webovej lokality. Vo v\u0161eobecnosti to m\u00f4\u017eu by\u0165 sekcie, do ktor\u00fdch ste sa osobitne zaregistrovali, a m\u00f4\u017eete pr\u00eds\u0165 o niektor\u00e9 u\u017eito\u010dn\u00e9 funkcie, ako je personaliz\u00e1cia a funkcie \"udr\u017eiava\u0165 ma prihl\u00e1sen\u00e9ho\" a \"zapam\u00e4ta\u0165 si ma\".<\/p>\n<h2><\/h2>\n<h2>2. Pre\u010do sa na tejto webovej str\u00e1nke pou\u017e\u00edvaj\u00fa s\u00fabory cookie?<\/h2>\n<p>Pou\u017e\u00edvame s\u00fabory cookie, ktor\u00e9 n\u00e1m pom\u00e1haj\u00fa analyzova\u0165, ako pou\u017e\u00edvatelia pou\u017e\u00edvaj\u00fa na\u0161e slu\u017eby, a podobn\u00e9 technol\u00f3gie (napr. identifik\u00e1tory zariaden\u00ed, reklamn\u00e9 zna\u010dky), aby sme v\u00e1s a\/alebo va\u0161e zariadenie (zariadenia) rozpoznali pri zapnut\u00ed, vypnut\u00ed a v r\u00f4znych zariadeniach a na\u0161ich slu\u017eb\u00e1ch, ako aj na zlep\u0161enie pon\u00fakan\u00fdch slu\u017eieb, zlep\u0161enie marketingu, analytiky alebo funk\u010dnosti webov\u00fdch str\u00e1nok.<\/p>\n<p>&nbsp;<\/p>\n<h2>3. Ak\u00fd typ s\u00faborov cookie sa umiest\u0148uje?<\/h2>\n<p>V priebehu v\u00e1\u0161ho prehliadania m\u00f4\u017eu by\u0165 na na\u0161ej webovej str\u00e1nke pou\u017eit\u00e9 nasleduj\u00face typy s\u00faborov cookie:<\/p>\n<ul>\n<li>s\u00fabory cookie na prisp\u00f4sobenie pou\u017e\u00edvate\u013esk\u00e9ho rozhrania (t. j. s\u00fabory cookie, ktor\u00e9 si zapam\u00e4taj\u00fa va\u0161e preferencie);<\/li>\n<li>autentifika\u010dn\u00e9 s\u00fabory cookie (t. j. s\u00fabory cookie, ktor\u00e9 v\u00e1m umo\u017e\u0148uj\u00fa opusti\u0165 na\u0161e webov\u00e9 str\u00e1nky a vr\u00e1ti\u0165 sa na ne bez toho, aby ste sa museli op\u00e4tovne autentifikova\u0165);<\/li>\n<li>s\u00fabory cookie prehr\u00e1va\u010da videa (t. j. s\u00fabory cookie, ktor\u00e9 ukladaj\u00fa \u00fadaje potrebn\u00e9 na prehr\u00e1vanie video alebo audio obsahu a ukladaj\u00fa va\u0161e preferencie);<\/li>\n<li>analytick\u00e9 s\u00fabory cookie prvej strany (t. j. s\u00fabory cookie, ktor\u00e9 si pam\u00e4taj\u00fa nav\u0161t\u00edven\u00e9 str\u00e1nky a poskytuj\u00fa inform\u00e1cie o va\u0161ej interakcii s t\u00fdmito str\u00e1nkami) a<\/li>\n<li>analytick\u00e9 s\u00fabory cookie tret\u00edch str\u00e1n (t. j. s\u00fabory cookie od dod\u00e1vate\u013eov tret\u00edch str\u00e1n, ktor\u00ed sleduj\u00fa \u0161tatistiky na\u0161ej webovej str\u00e1nky a naopak).<\/li>\n<\/ul>\n<p>&nbsp;<\/p>\n<h2>4. Zbieraj\u00fa sa okrem vy\u0161\u0161ie uveden\u00fdch \u00fadajov aj in\u00e9 \u00fadaje?<\/h2>\n<p>Rovnako budeme sledova\u0165 v\u00e1\u0161 postup na na\u0161ich webov\u00fdch str\u00e1nkach, aby sme overili, \u010di nie ste bot, a optimalizovali na\u0161e slu\u017eby:<\/p>\n<ul>\n<li>inform\u00e1cie o va\u0161om prehliada\u010di a zariaden\u00ed;<\/li>\n<li>\u00fadaje zozbieran\u00e9 prostredn\u00edctvom automatizovan\u00fdch elektronick\u00fdch interakci\u00ed;<\/li>\n<li>\u00fadaje o pou\u017e\u00edvan\u00ed aplik\u00e1cie;<\/li>\n<li>\u0161tatistick\u00e9 inform\u00e1cie o va\u0161om pou\u017e\u00edvan\u00ed na\u0161ej webovej str\u00e1nky.<\/li>\n<\/ul>\n<p>Ak n\u00e1m po\u0161lete e-mail (napr. \u017eiados\u0165 o inform\u00e1cie alebo sp\u00e4tn\u00fa v\u00e4zbu k obsahu webovej str\u00e1nky), vami poskytnut\u00e9 inform\u00e1cie sa pou\u017eij\u00fa len na to, aby n\u00e1m pomohli zhroma\u017edi\u0165 po\u017eadovan\u00e9 inform\u00e1cie a odpoveda\u0165 na va\u0161u spr\u00e1vu.<\/p>\n<p>Ke\u010f nav\u0161t\u00edvite niektor\u00fa z na\u0161ich slu\u017eieb, na\u0161e servery zaznamen\u00e1vaj\u00fa aj va\u0161u glob\u00e1lnu IP adresu, \u010do je \u010d\u00edslo, ktor\u00e9 je automaticky priraden\u00e9 sieti, ktorej je v\u00e1\u0161 po\u010d\u00edta\u010d s\u00fa\u010das\u0165ou.<\/p>\n<h2><\/h2>\n<h2>5. Ako dlho sa uchov\u00e1vaj\u00fa \u00fadaje zozbieran\u00e9 pomocou s\u00faborov cookie?<\/h2>\n<p>Spracovanie va\u0161ich osobn\u00fdch \u00fadajov zozbieran\u00fdch pomocou s\u00faborov cookie je zalo\u017een\u00e9 na va\u0161om s\u00fahlase, ktor\u00fd m\u00f4\u017eete kedyko\u013evek odvola\u0165 prostredn\u00edctvom nastaven\u00ed prehliada\u010da. Ak s\u00fahlas\u00edte so s\u00fabormi cookie na na\u0161ej webovej lokalite, va\u0161e osobn\u00e9 \u00fadaje budeme zhroma\u017e\u010fova\u0165 a sprac\u00fava\u0165 po dobu 26 mesiacov. Po uplynut\u00ed tohto obdobia sa v\u0161etky trval\u00e9 s\u00fabory cookie z v\u00e1\u0161ho zariadenia odstr\u00e1nia a va\u0161e osobn\u00e9 \u00fadaje u\u017e nebudeme sprac\u00fava\u0165.<\/p>\n<h2><\/h2>\n<h2>6. Ako m\u00f4\u017eem zmeni\u0165 nastavenia s\u00faborov cookie?<\/h2>\n<p>V\u00e4\u010d\u0161ina webov\u00fdch prehliada\u010dov umo\u017e\u0148uje ur\u010dit\u00fa kontrolu nad v\u00e4\u010d\u0161inou s\u00faborov cookie prostredn\u00edctvom nastaven\u00ed prehliada\u010da. Viac inform\u00e1ci\u00ed o s\u00faboroch cookie vr\u00e1tane toho, ako zisti\u0165, ak\u00e9 s\u00fabory cookie boli nastaven\u00e9, a ako ich spravova\u0165 a odstra\u0148ova\u0165, n\u00e1jdete na str\u00e1nke <a href=\"http:\/\/www.aboutcookies.org\" target=\"_blank\" rel=\"noopener noreferrer\">www.aboutcookies.org<\/a> alebo <a href=\"http:\/\/www.allaboutcookies.org\" target=\"_blank\" rel=\"noopener noreferrer\">www.allaboutcookies.org<\/a>.<\/p>\n<p>Ak chcete zru\u0161i\u0165 sledovanie pomocou slu\u017eby Google Analytics na v\u0161etk\u00fdch webov\u00fdch str\u00e1nkach, nav\u0161t\u00edvte <a href=\"http:\/\/tools.google.com\/dlpage\/gaoptout\" target=\"_blank\" rel=\"noopener noreferrer\">http:\/\/tools.google.com\/dlpage\/gaoptout<\/a>. Upozor\u0148ujeme, \u017ee ak nenastav\u00edte svoj prehliada\u010d, budete prij\u00edma\u0165 s\u00fabory cookie poskytovan\u00e9 touto webovou str\u00e1nkou.<\/p>\n<p>&nbsp;<\/p>\n<h2>7. Odkazy na extern\u00e9 webov\u00e9 str\u00e1nky<\/h2>\n<p>M\u00f4\u017eeme odkazova\u0165 na in\u00e9 spolo\u010dnosti, organiz\u00e1cie a verejn\u00e9 org\u00e1ny alebo s nimi nadviaza\u0165 vz\u0165ahy, ktor\u00e9 v\u00e1m umo\u017enia pr\u00edstup na ich webov\u00e9 str\u00e1nky priamo z na\u0161ich webov\u00fdch str\u00e1nok. Ka\u017ed\u00e1 z nich bude uplat\u0148ova\u0165 vlastn\u00e9 z\u00e1sady t\u00fdkaj\u00face sa pou\u017e\u00edvania s\u00faborov cookie a zhroma\u017e\u010fovania a pou\u017e\u00edvania inform\u00e1ci\u00ed. Ak m\u00e1te ak\u00e9ko\u013evek obavy t\u00fdkaj\u00face sa sp\u00f4sobu pou\u017e\u00edvania va\u0161ich \u00fadajov, odpor\u00fa\u010dame v\u00e1m pozrie\u0165 si vyhl\u00e1senia o ochrane osobn\u00fdch \u00fadajov na pr\u00edslu\u0161n\u00fdch webov\u00fdch str\u00e1nkach.<\/p>\n<p>Spolo\u010dnos\u0165 CTP sa v\u00e1m bude sna\u017ei\u0165 poskytova\u0165 odkazy na vysokokvalitn\u00e9, renomovan\u00e9 webov\u00e9 str\u00e1nky, o ktor\u00fdch si mysl\u00edme, \u017ee v\u00e1s zaujm\u00fa a bud\u00fa pre v\u00e1s d\u00f4le\u017eit\u00e9. Upozor\u0148ujeme v\u0161ak, \u017ee nie sme zodpovedn\u00ed za obsah tak\u00fdchto webov\u00fdch str\u00e1nok a nem\u00f4\u017eeme prevzia\u0165 zodpovednos\u0165 za ak\u00e9ko\u013evek probl\u00e9my, ktor\u00e9 vznikn\u00fa v s\u00favislosti s pou\u017e\u00edvan\u00edm va\u0161ich \u00fadajov tre\u0165ou stranou, obsahom webov\u00fdch str\u00e1nok alebo slu\u017ebami, ktor\u00e9 v\u00e1m tieto webov\u00e9 str\u00e1nky pon\u00fakaj\u00fa.<\/p>\n<h2><\/h2>\n<h2>8. Slu\u017eba Google Analytics<\/h2>\n<p>T\u00e1to webov\u00e1 str\u00e1nka pou\u017e\u00edva slu\u017ebu Google Analytics, ktor\u00fa poskytuje spolo\u010dnos\u0165 Google, Inc. (\"Google\"). Slu\u017eba Google Analytics pou\u017e\u00edva s\u00fabory cookie (textov\u00e9 s\u00fabory umiestnen\u00e9 vo va\u0161om po\u010d\u00edta\u010di), ktor\u00e9 pom\u00e1haj\u00fa prev\u00e1dzkovate\u013eom webovej str\u00e1nky analyzova\u0165, ako pou\u017e\u00edvatelia pou\u017e\u00edvaj\u00fa t\u00fato str\u00e1nku. Inform\u00e1cie vygenerovan\u00e9 s\u00faborom cookie o va\u0161om pou\u017e\u00edvan\u00ed tejto webovej lokality (vr\u00e1tane va\u0161ej IP adresy) sa prenes\u00fa a ulo\u017eia na serveroch spolo\u010dnosti Google v Spojen\u00fdch \u0161t\u00e1toch americk\u00fdch. Spolo\u010dnos\u0165 Google pou\u017eije tieto inform\u00e1cie na \u00fa\u010dely vyhodnotenia v\u00e1\u0161ho pou\u017e\u00edvania webovej lokality, zostavovania spr\u00e1v o \u010dinnosti webovej lokality pre prev\u00e1dzkovate\u013eov webovej lokality a poskytovania \u010fal\u0161\u00edch slu\u017eieb s\u00favisiacich s \u010dinnos\u0165ou webovej lokality a pou\u017e\u00edvan\u00edm internetu. Spolo\u010dnos\u0165 Google m\u00f4\u017ee tieto inform\u00e1cie prenies\u0165 aj tret\u00edm stran\u00e1m, ak to vy\u017eaduje z\u00e1kon alebo ak tieto tretie strany sprac\u00favaj\u00fa inform\u00e1cie v mene spolo\u010dnosti Google. Spolo\u010dnos\u0165 Google nebude sp\u00e1ja\u0165 va\u0161u IP adresu so \u017eiadnymi in\u00fdmi \u00fadajmi, ktor\u00e9 m\u00e1 k dispoz\u00edcii. Pou\u017e\u00edvan\u00edm tejto webovej str\u00e1nky s\u00fahlas\u00edte so spracovan\u00edm \u00fadajov o v\u00e1s spolo\u010dnos\u0165ou Google sp\u00f4sobom a na \u00fa\u010dely uveden\u00e9 vy\u0161\u0161ie. Nevykon\u00e1vame a ani neumo\u017e\u0148ujeme spolo\u010dnosti Google, aby sa pok\u00fa\u0161ala zisti\u0165 toto\u017enos\u0165 os\u00f4b, ktor\u00e9 nav\u0161tevuj\u00fa na\u0161e webov\u00e9 str\u00e1nky.<\/p>\n<\/div>","protected":false},"excerpt":{"rendered":"<p>V snahe zabezpe\u010di\u0165, aby ste z\u00edskali \u010do najlep\u0161ie sk\u00fasenosti, webov\u00e1 str\u00e1nka spolo\u010dnosti CTP Invest, spol. s r.o. (\"CTP\" alebo \"my\")<\/p>","protected":false},"author":67,"featured_media":0,"parent":6125,"menu_order":0,"comment_status":"closed","ping_status":"closed","template":"","meta":{"_acf_changed":false,"footnotes":""},"class_list":["post-6064","page","type-page","status-publish","hentry"],"acf":[],"yoast_head":"<title>CTP website Cookie Policy - Commercial Real Estate Developer And Manager<\/title>\n<meta name=\"robots\" content=\"index, follow, max-snippet:-1, max-image-preview:large, max-video-preview:-1\" \/>\n<link rel=\"canonical\" href=\"https:\/\/ctp.eu\/sk\/ctp-policies\/ctp-website-cookie-policy\/\" \/>\n<meta property=\"og:locale\" content=\"sk_SK\" \/>\n<meta property=\"og:type\" content=\"article\" \/>\n<meta property=\"og:title\" content=\"CTP website Cookie Policy\" \/>\n<meta property=\"og:description\" content=\"With the endeavor to ensure you get the best experience, the CTP Invest, spol. s r.o. (\u201cCTP\u201d or \u201cwe\u201d) website\" \/>\n<meta property=\"og:url\" content=\"https:\/\/ctp.eu\/sk\/ctp-policies\/ctp-website-cookie-policy\/\" \/>\n<meta property=\"og:site_name\" content=\"Commercial Real Estate Developer And Manager\" \/>\n<meta property=\"article:modified_time\" content=\"2020-08-28T10:59:01+00:00\" \/>\n<meta name=\"twitter:card\" content=\"summary_large_image\" \/>\n<meta name=\"twitter:label1\" content=\"Predpokladan\u00fd \u010das \u010d\u00edtania\" \/>\n\t<meta name=\"twitter:data1\" content=\"5 min\u00fat\" \/>\n<script type=\"application\/ld+json\" class=\"yoast-schema-graph\">{\"@context\":\"https:\/\/schema.org\",\"@graph\":[{\"@type\":\"WebPage\",\"@id\":\"https:\/\/ctp.eu\/ctp-policies\/ctp-website-cookie-policy\/\",\"url\":\"https:\/\/ctp.eu\/ctp-policies\/ctp-website-cookie-policy\/\",\"name\":\"CTP website Cookie Policy - Commercial Real Estate Developer And Manager\",\"isPartOf\":{\"@id\":\"https:\/\/ctp.eu\/#website\"},\"datePublished\":\"2019-08-06T13:20:45+00:00\",\"dateModified\":\"2020-08-28T10:59:01+00:00\",\"breadcrumb\":{\"@id\":\"https:\/\/ctp.eu\/ctp-policies\/ctp-website-cookie-policy\/#breadcrumb\"},\"inLanguage\":\"sk-SK\",\"potentialAction\":[{\"@type\":\"ReadAction\",\"target\":[\"https:\/\/ctp.eu\/ctp-policies\/ctp-website-cookie-policy\/\"]}]},{\"@type\":\"BreadcrumbList\",\"@id\":\"https:\/\/ctp.eu\/ctp-policies\/ctp-website-cookie-policy\/#breadcrumb\",\"itemListElement\":[{\"@type\":\"ListItem\",\"position\":1,\"name\":\"Home\",\"item\":\"https:\/\/ctp.eu\/\"},{\"@type\":\"ListItem\",\"position\":2,\"name\":\"CTP Policies\",\"item\":\"https:\/\/ctp.eu\/ctp-policies\/\"},{\"@type\":\"ListItem\",\"position\":3,\"name\":\"CTP website Cookie Policy\"}]},{\"@type\":\"WebSite\",\"@id\":\"https:\/\/ctp.eu\/#website\",\"url\":\"https:\/\/ctp.eu\/\",\"name\":\"Commercial Real Estate Developer And Manager\",\"description\":\"CTP - premium industrial warehouse and office buildings\",\"publisher\":{\"@id\":\"https:\/\/ctp.eu\/#organization\"},\"potentialAction\":[{\"@type\":\"SearchAction\",\"target\":{\"@type\":\"EntryPoint\",\"urlTemplate\":\"https:\/\/ctp.eu\/?s={search_term_string}\"},\"query-input\":{\"@type\":\"PropertyValueSpecification\",\"valueRequired\":true,\"valueName\":\"search_term_string\"}}],\"inLanguage\":\"sk-SK\"},{\"@type\":\"Organization\",\"@id\":\"https:\/\/ctp.eu\/#organization\",\"name\":\"CTP\",\"url\":\"https:\/\/ctp.eu\/\",\"logo\":{\"@type\":\"ImageObject\",\"inLanguage\":\"sk-SK\",\"@id\":\"https:\/\/ctp.eu\/#\/schema\/logo\/image\/\",\"url\":\"\",\"contentUrl\":\"\",\"caption\":\"CTP\"},\"image\":{\"@id\":\"https:\/\/ctp.eu\/#\/schema\/logo\/image\/\"}}]}<\/script>","yoast_head_json":{"title":"Z\u00e1sady pou\u017e\u00edvania s\u00faborov cookie na webovej str\u00e1nke CTP - Commercial Real Estate Developer And Manager","robots":{"index":"index","follow":"follow","max-snippet":"max-snippet:-1","max-image-preview":"max-image-preview:large","max-video-preview":"max-video-preview:-1"},"canonical":"https:\/\/ctp.eu\/sk\/ctp-policies\/ctp-website-cookie-policy\/","og_locale":"sk_SK","og_type":"article","og_title":"CTP website Cookie Policy","og_description":"With the endeavor to ensure you get the best experience, the CTP Invest, spol. s r.o. (\u201cCTP\u201d or \u201cwe\u201d) website","og_url":"https:\/\/ctp.eu\/sk\/ctp-policies\/ctp-website-cookie-policy\/","og_site_name":"Commercial Real Estate Developer And Manager","article_modified_time":"2020-08-28T10:59:01+00:00","twitter_card":"summary_large_image","twitter_misc":{"Predpokladan\u00fd \u010das \u010d\u00edtania":"5 min\u00fat"},"schema":{"@context":"https:\/\/schema.org","@graph":[{"@type":"WebPage","@id":"https:\/\/ctp.eu\/ctp-policies\/ctp-website-cookie-policy\/","url":"https:\/\/ctp.eu\/ctp-policies\/ctp-website-cookie-policy\/","name":"Z\u00e1sady pou\u017e\u00edvania s\u00faborov cookie na webovej str\u00e1nke CTP - Commercial Real Estate Developer And Manager","isPartOf":{"@id":"https:\/\/ctp.eu\/#website"},"datePublished":"2019-08-06T13:20:45+00:00","dateModified":"2020-08-28T10:59:01+00:00","breadcrumb":{"@id":"https:\/\/ctp.eu\/ctp-policies\/ctp-website-cookie-policy\/#breadcrumb"},"inLanguage":"sk-SK","potentialAction":[{"@type":"ReadAction","target":["https:\/\/ctp.eu\/ctp-policies\/ctp-website-cookie-policy\/"]}]},{"@type":"BreadcrumbList","@id":"https:\/\/ctp.eu\/ctp-policies\/ctp-website-cookie-policy\/#breadcrumb","itemListElement":[{"@type":"ListItem","position":1,"name":"Home","item":"https:\/\/ctp.eu\/"},{"@type":"ListItem","position":2,"name":"CTP Policies","item":"https:\/\/ctp.eu\/ctp-policies\/"},{"@type":"ListItem","position":3,"name":"CTP website Cookie Policy"}]},{"@type":"WebSite","@id":"https:\/\/ctp.eu\/#website","url":"https:\/\/ctp.eu\/","name":"Developer a mana\u017e\u00e9r komer\u010dn\u00fdch nehnute\u013enost\u00ed","description":"CTP - pr\u00e9miov\u00e9 priemyseln\u00e9 skladov\u00e9 a kancel\u00e1rske budovy","publisher":{"@id":"https:\/\/ctp.eu\/#organization"},"potentialAction":[{"@type":"SearchAction","target":{"@type":"EntryPoint","urlTemplate":"https:\/\/ctp.eu\/?s={search_term_string}"},"query-input":{"@type":"PropertyValueSpecification","valueRequired":true,"valueName":"search_term_string"}}],"inLanguage":"sk-SK"},{"@type":"Organization","@id":"https:\/\/ctp.eu\/#organization","name":"CTP","url":"https:\/\/ctp.eu\/","logo":{"@type":"ImageObject","inLanguage":"sk-SK","@id":"https:\/\/ctp.eu\/#\/schema\/logo\/image\/","url":"","contentUrl":"","caption":"CTP"},"image":{"@id":"https:\/\/ctp.eu\/#\/schema\/logo\/image\/"}}]}},"_links":{"self":[{"href":"https:\/\/ctp.eu\/sk\/wp-json\/wp\/v2\/pages\/6064","targetHints":{"allow":["GET"]}}],"collection":[{"href":"https:\/\/ctp.eu\/sk\/wp-json\/wp\/v2\/pages"}],"about":[{"href":"https:\/\/ctp.eu\/sk\/wp-json\/wp\/v2\/types\/page"}],"author":[{"embeddable":true,"href":"https:\/\/ctp.eu\/sk\/wp-json\/wp\/v2\/users\/67"}],"replies":[{"embeddable":true,"href":"https:\/\/ctp.eu\/sk\/wp-json\/wp\/v2\/comments?post=6064"}],"version-history":[{"count":0,"href":"https:\/\/ctp.eu\/sk\/wp-json\/wp\/v2\/pages\/6064\/revisions"}],"up":[{"embeddable":true,"href":"https:\/\/ctp.eu\/sk\/wp-json\/wp\/v2\/pages\/6125"}],"wp:attachment":[{"href":"https:\/\/ctp.eu\/sk\/wp-json\/wp\/v2\/media?parent=6064"}],"curies":[{"name":"wp","href":"https:\/\/api.w.org\/{rel}","templated":true}]}}