{"id":33817,"date":"2021-11-15T17:42:43","date_gmt":"2021-11-15T15:42:43","guid":{"rendered":"https:\/\/www.ctp.eu\/?page_id=33817"},"modified":"2024-08-26T14:50:10","modified_gmt":"2024-08-26T12:50:10","slug":"vienna","status":"publish","type":"page","link":"https:\/\/ctp.eu\/sk\/regions\/vienna\/","title":{"rendered":"Viede\u0148"},"content":{"rendered":"","protected":false},"excerpt":{"rendered":"","protected":false},"author":22,"featured_media":0,"parent":9638,"menu_order":0,"comment_status":"closed","ping_status":"closed","template":"region-details.php","meta":{"_acf_changed":false,"footnotes":""},"class_list":["post-33817","page","type-page","status-publish","hentry"],"acf":[],"yoast_head":"<title>Vienna - Commercial Real Estate Developer And Manager<\/title>\n<meta name=\"description\" content=\"Austria\u2019s capital is often thought of just for its rich cultural history, but it is also a vital economic hub in Central Europe. It often ranks as the most livable city in the world by indexes by the Economist and Mercer, which is a testament to factors such as its ease of mobility, infrastructure, political stability, and progress. Beyond its strong education ...\u00a0\" \/>\n<meta name=\"robots\" content=\"index, follow, max-snippet:-1, max-image-preview:large, max-video-preview:-1\" \/>\n<link rel=\"canonical\" href=\"https:\/\/ctp.eu\/sk\/regions\/vienna\/\" \/>\n<meta property=\"og:locale\" content=\"sk_SK\" \/>\n<meta property=\"og:type\" content=\"article\" \/>\n<meta property=\"og:title\" content=\"Vienna\" \/>\n<meta property=\"og:description\" content=\"Austria\u2019s capital is often thought of just for its rich cultural history, but it is also a vital economic hub in Central Europe. It often ranks as the most livable city in the world by indexes by the Economist and Mercer, which is a testament to factors such as its ease of mobility, infrastructure, political stability, and progress. Beyond its strong education ...\u00a0\" \/>\n<meta property=\"og:url\" content=\"https:\/\/ctp.eu\/sk\/regions\/vienna\/\" \/>\n<meta property=\"og:site_name\" content=\"Commercial Real Estate Developer And Manager\" \/>\n<meta property=\"article:modified_time\" content=\"2024-08-26T12:50:10+00:00\" \/>\n<meta name=\"twitter:card\" content=\"summary_large_image\" \/>\n<script type=\"application\/ld+json\" class=\"yoast-schema-graph\">{\"@context\":\"https:\\\/\\\/schema.org\",\"@graph\":[{\"@type\":\"WebPage\",\"@id\":\"https:\\\/\\\/ctp.eu\\\/regions\\\/vienna\\\/\",\"url\":\"https:\\\/\\\/ctp.eu\\\/regions\\\/vienna\\\/\",\"name\":\"Vienna - Commercial Real Estate Developer And Manager\",\"isPartOf\":{\"@id\":\"https:\\\/\\\/ctp.eu\\\/#website\"},\"datePublished\":\"2021-11-15T15:42:43+00:00\",\"dateModified\":\"2024-08-26T12:50:10+00:00\",\"description\":\"Austria\u2019s capital is often thought of just for its rich cultural history, but it is also a vital economic hub in Central Europe. It often ranks as the most livable city in the world by indexes by the Economist and Mercer, which is a testament to factors such as its ease of mobility, infrastructure, political stability, and progress. Beyond its strong education ...\u00a0\",\"breadcrumb\":{\"@id\":\"https:\\\/\\\/ctp.eu\\\/regions\\\/vienna\\\/#breadcrumb\"},\"inLanguage\":\"sk-SK\",\"potentialAction\":[{\"@type\":\"ReadAction\",\"target\":[\"https:\\\/\\\/ctp.eu\\\/regions\\\/vienna\\\/\"]}]},{\"@type\":\"BreadcrumbList\",\"@id\":\"https:\\\/\\\/ctp.eu\\\/regions\\\/vienna\\\/#breadcrumb\",\"itemListElement\":[{\"@type\":\"ListItem\",\"position\":1,\"name\":\"Home\",\"item\":\"https:\\\/\\\/ctp.eu\\\/\"},{\"@type\":\"ListItem\",\"position\":2,\"name\":\"Hot Regions\",\"item\":\"https:\\\/\\\/ctp.eu\\\/regions\\\/\"},{\"@type\":\"ListItem\",\"position\":3,\"name\":\"Vienna\"}]},{\"@type\":\"WebSite\",\"@id\":\"https:\\\/\\\/ctp.eu\\\/#website\",\"url\":\"https:\\\/\\\/ctp.eu\\\/\",\"name\":\"Commercial Real Estate Developer And Manager\",\"description\":\"CTP - premium industrial warehouse and office buildings\",\"publisher\":{\"@id\":\"https:\\\/\\\/ctp.eu\\\/#organization\"},\"potentialAction\":[{\"@type\":\"SearchAction\",\"target\":{\"@type\":\"EntryPoint\",\"urlTemplate\":\"https:\\\/\\\/ctp.eu\\\/?s={search_term_string}\"},\"query-input\":{\"@type\":\"PropertyValueSpecification\",\"valueRequired\":true,\"valueName\":\"search_term_string\"}}],\"inLanguage\":\"sk-SK\"},{\"@type\":\"Organization\",\"@id\":\"https:\\\/\\\/ctp.eu\\\/#organization\",\"name\":\"CTP\",\"url\":\"https:\\\/\\\/ctp.eu\\\/\",\"logo\":{\"@type\":\"ImageObject\",\"inLanguage\":\"sk-SK\",\"@id\":\"https:\\\/\\\/ctp.eu\\\/#\\\/schema\\\/logo\\\/image\\\/\",\"url\":\"\",\"contentUrl\":\"\",\"caption\":\"CTP\"},\"image\":{\"@id\":\"https:\\\/\\\/ctp.eu\\\/#\\\/schema\\\/logo\\\/image\\\/\"}}]}<\/script>","yoast_head_json":{"title":"Viede\u0148 - developer a mana\u017e\u00e9r komer\u010dn\u00fdch nehnute\u013enost\u00ed","description":"Hlavn\u00e9 mesto Rak\u00faska je \u010dasto pova\u017eovan\u00e9 len za svoju bohat\u00fa kult\u00farnu hist\u00f3riu, ale je aj d\u00f4le\u017eit\u00fdm hospod\u00e1rskym centrom v strednej Eur\u00f3pe. Pod\u013ea indexov Economist a Mercer sa \u010dasto umiest\u0148uje ako mesto s najlep\u0161ou ob\u00fdvanos\u0165ou na svete, \u010do sved\u010d\u00ed o faktoroch, ak\u00fdmi s\u00fa \u013eahk\u00e1 mobilita, infra\u0161trukt\u00fara, politick\u00e1 stabilita a pokrok. Okrem siln\u00e9ho vzdelania...\u00a0","robots":{"index":"index","follow":"follow","max-snippet":"max-snippet:-1","max-image-preview":"max-image-preview:large","max-video-preview":"max-video-preview:-1"},"canonical":"https:\/\/ctp.eu\/sk\/regions\/vienna\/","og_locale":"sk_SK","og_type":"article","og_title":"Vienna","og_description":"Austria\u2019s capital is often thought of just for its rich cultural history, but it is also a vital economic hub in Central Europe. It often ranks as the most livable city in the world by indexes by the Economist and Mercer, which is a testament to factors such as its ease of mobility, infrastructure, political stability, and progress. Beyond its strong education ...\u00a0","og_url":"https:\/\/ctp.eu\/sk\/regions\/vienna\/","og_site_name":"Commercial Real Estate Developer And Manager","article_modified_time":"2024-08-26T12:50:10+00:00","twitter_card":"summary_large_image","schema":{"@context":"https:\/\/schema.org","@graph":[{"@type":"WebPage","@id":"https:\/\/ctp.eu\/regions\/vienna\/","url":"https:\/\/ctp.eu\/regions\/vienna\/","name":"Viede\u0148 - developer a mana\u017e\u00e9r komer\u010dn\u00fdch nehnute\u013enost\u00ed","isPartOf":{"@id":"https:\/\/ctp.eu\/#website"},"datePublished":"2021-11-15T15:42:43+00:00","dateModified":"2024-08-26T12:50:10+00:00","description":"Hlavn\u00e9 mesto Rak\u00faska je \u010dasto pova\u017eovan\u00e9 len za svoju bohat\u00fa kult\u00farnu hist\u00f3riu, ale je aj d\u00f4le\u017eit\u00fdm hospod\u00e1rskym centrom v strednej Eur\u00f3pe. Pod\u013ea indexov Economist a Mercer sa \u010dasto umiest\u0148uje ako mesto s najlep\u0161ou ob\u00fdvanos\u0165ou na svete, \u010do sved\u010d\u00ed o faktoroch, ak\u00fdmi s\u00fa \u013eahk\u00e1 mobilita, infra\u0161trukt\u00fara, politick\u00e1 stabilita a pokrok. Okrem siln\u00e9ho vzdelania...\u00a0","breadcrumb":{"@id":"https:\/\/ctp.eu\/regions\/vienna\/#breadcrumb"},"inLanguage":"sk-SK","potentialAction":[{"@type":"ReadAction","target":["https:\/\/ctp.eu\/regions\/vienna\/"]}]},{"@type":"BreadcrumbList","@id":"https:\/\/ctp.eu\/regions\/vienna\/#breadcrumb","itemListElement":[{"@type":"ListItem","position":1,"name":"Home","item":"https:\/\/ctp.eu\/"},{"@type":"ListItem","position":2,"name":"Hot Regions","item":"https:\/\/ctp.eu\/regions\/"},{"@type":"ListItem","position":3,"name":"Vienna"}]},{"@type":"WebSite","@id":"https:\/\/ctp.eu\/#website","url":"https:\/\/ctp.eu\/","name":"Developer a mana\u017e\u00e9r komer\u010dn\u00fdch nehnute\u013enost\u00ed","description":"CTP - pr\u00e9miov\u00e9 priemyseln\u00e9 skladov\u00e9 a kancel\u00e1rske budovy","publisher":{"@id":"https:\/\/ctp.eu\/#organization"},"potentialAction":[{"@type":"SearchAction","target":{"@type":"EntryPoint","urlTemplate":"https:\/\/ctp.eu\/?s={search_term_string}"},"query-input":{"@type":"PropertyValueSpecification","valueRequired":true,"valueName":"search_term_string"}}],"inLanguage":"sk-SK"},{"@type":"Organization","@id":"https:\/\/ctp.eu\/#organization","name":"CTP","url":"https:\/\/ctp.eu\/","logo":{"@type":"ImageObject","inLanguage":"sk-SK","@id":"https:\/\/ctp.eu\/#\/schema\/logo\/image\/","url":"","contentUrl":"","caption":"CTP"},"image":{"@id":"https:\/\/ctp.eu\/#\/schema\/logo\/image\/"}}]}},"_links":{"self":[{"href":"https:\/\/ctp.eu\/sk\/wp-json\/wp\/v2\/pages\/33817","targetHints":{"allow":["GET"]}}],"collection":[{"href":"https:\/\/ctp.eu\/sk\/wp-json\/wp\/v2\/pages"}],"about":[{"href":"https:\/\/ctp.eu\/sk\/wp-json\/wp\/v2\/types\/page"}],"author":[{"embeddable":true,"href":"https:\/\/ctp.eu\/sk\/wp-json\/wp\/v2\/users\/22"}],"replies":[{"embeddable":true,"href":"https:\/\/ctp.eu\/sk\/wp-json\/wp\/v2\/comments?post=33817"}],"version-history":[{"count":1,"href":"https:\/\/ctp.eu\/sk\/wp-json\/wp\/v2\/pages\/33817\/revisions"}],"predecessor-version":[{"id":96736,"href":"https:\/\/ctp.eu\/sk\/wp-json\/wp\/v2\/pages\/33817\/revisions\/96736"}],"up":[{"embeddable":true,"href":"https:\/\/ctp.eu\/sk\/wp-json\/wp\/v2\/pages\/9638"}],"wp:attachment":[{"href":"https:\/\/ctp.eu\/sk\/wp-json\/wp\/v2\/media?parent=33817"}],"curies":[{"name":"wp","href":"https:\/\/api.w.org\/{rel}","templated":true}]}}