{"id":33,"date":"2018-04-09T14:06:52","date_gmt":"2018-04-09T12:06:52","guid":{"rendered":"https:\/\/www.ctp.eu\/?page_id=33"},"modified":"2025-08-07T12:45:34","modified_gmt":"2025-08-07T10:45:34","slug":"about-us-old-2","status":"publish","type":"page","link":"https:\/\/ctp.eu\/sk\/about-us-old-2\/","title":{"rendered":"Tvor\u00edme parky"},"content":{"rendered":"<p><span>Odkedy sme za\u010dali robi\u0165 to, \u010do rob\u00edme, sme v tom celkom dobr\u00ed - navrhujeme, budujeme a spravujeme biznis parky pre na\u0161ich n\u00e1jomcov. Tu je d\u00f4kaz.<\/span><\/p>\n<p>&nbsp;<\/p>\n<h2 class=\"ctp-red weight-normal\">Na\u0161i n\u00e1jomn\u00edci n\u00e1s miluj\u00fa<\/h2>\n<p>Na\u0161a 1<span>,<\/span>000+ sie\u0165 n\u00e1jomcov m\u00e1 mieru zachovania 92% a 8<span>0<\/span>% na\u0161ich nov\u00fdch obchodov poch\u00e1dza z na\u0161ej existuj\u00facej siete n\u00e1jomcov. To znamen\u00e1, \u017ee s ich rastom rastieme aj my. A oni sa rozhodn\u00fa r\u00e1s\u0165 s nami. Jedn\u00fdm z d\u00f4vodov je, \u017ee sme developerom typu build-to-own, \u010do znamen\u00e1, \u017ee ke\u010f nie\u010do staviame, staviame to pod\u013ea najvy\u0161\u0161\u00edch \u0161tandardov kvality, aby sme zabezpe\u010dili, \u017ee to vydr\u017e\u00ed: na\u0161e budovy maj\u00fa priemern\u00fa \u017eivotnos\u0165 40 rokov. V\u0161etko, \u010do dod\u00e1vame, je od n\u00e1\u0161ho vlastn\u00e9ho t\u00edmu, aby sme zaru\u010dili, \u017ee to bude sp\u013a\u0148a\u0165 zlat\u00fd \u0161tandard CTP. O na\u0161e budovy a parky sa star\u00e1me s kompletnou starostlivos\u0165ou - vr\u00e1tane spr\u00e1vcov objektov na mieste, \u00fapravy ter\u00e9nu, nepretr\u017eitej ochrany a \u010fal\u0161\u00edch slu\u017eieb - aby sa na\u0161i n\u00e1jomcovia mohli s\u00fastredi\u0165 na to, \u010do robia najlep\u0161ie.<\/p>\n<p>&nbsp;<\/p>\n<h2 class=\"ctp-red weight-normal\">Rast, ktor\u00fd neust\u00e1le rastie<\/h2>\n<p><span>Od n\u00e1\u0161ho zalo\u017eenia zaznamen\u00e1vame neust\u00e1ly organick\u00fd a nepretr\u017eit\u00fd rast a zd\u00e1 sa, \u017ee ka\u017ed\u00fd rok rastieme e\u0161te viac ako ten predch\u00e1dzaj\u00faci. Dnes sme najv\u00e4\u010d\u0161\u00edm k\u00f3tovan\u00fdm developerom a spr\u00e1vcom logistick\u00fdch a priemyseln\u00fdch nehnute\u013enost\u00ed v kontinent\u00e1lnej Eur\u00f3pe. Tento rast nie je n\u00e1hodn\u00fd. Strategicky sa umiest\u0148ujeme tak, aby sme r\u00e1stli na spr\u00e1vnom mieste a v spr\u00e1vnom \u010dase. <\/span><\/p>\n<p>&nbsp;<\/p>\n<h2 class=\"ctp-red weight-normal\">Udr\u017eate\u013enos\u0165 pre v\u00ed\u0165azstvo<\/h2>\n<p><span>Pri tomto silnom raste kladieme d\u00f4raz na pou\u017e\u00edvanie \u0161pi\u010dkov\u00fdch priemyseln\u00fdch noriem a najlep\u0161\u00edch inov\u00e1ci\u00ed, aby sme zabezpe\u010dili maxim\u00e1lnu efekt\u00edvnos\u0165 prev\u00e1dzky na\u0161ich parkov a \u010do najmen\u0161\u00ed vplyv na \u017eivotn\u00e9 prostredie. Ka\u017ed\u00fd meter \u0161tvorcov\u00fd n\u00e1\u0161ho portf\u00f3lia m\u00e1 certifik\u00e1t BREEAM \"Very Good\" a vy\u0161\u0161\u00ed; na strech\u00e1ch in\u0161talujeme fotovoltaick\u00e9 syst\u00e9my, ktor\u00e9 dod\u00e1vaj\u00fa energiu do na\u0161ej siete; a d\u00f4sledne vyu\u017e\u00edvame najnov\u0161ie technol\u00f3gie a met\u00f3dy, ktor\u00e9 pom\u00e1haj\u00fa zni\u017eova\u0165 ekologick\u00fa stopu na\u0161ich parkov, vr\u00e1tane najmodernej\u0161\u00edch syst\u00e9mov riadenia budov a rie\u0161en\u00ed obehov\u00e9ho hospod\u00e1rstva. Viac inform\u00e1ci\u00ed n\u00e1jdete v na\u0161ej sekcii o udr\u017eate\u013enosti.<\/span><\/p>","protected":false},"excerpt":{"rendered":"<p>Odkedy sme za\u010dali robi\u0165 to, \u010do rob\u00edme, sme v tom celkom dobr\u00ed - navrhujeme, budujeme a spravujeme obchodn\u00e9 parky pre na\u0161e<\/p>","protected":false},"author":67,"featured_media":12410,"parent":0,"menu_order":0,"comment_status":"closed","ping_status":"closed","template":"templates\/about-us.php","meta":{"_acf_changed":false,"footnotes":""},"class_list":["post-33","page","type-page","status-publish","has-post-thumbnail","hentry"],"acf":[],"yoast_head":"<title>We make parks - Premium Industrial Warehouses and Logistics Parks<\/title>\n<meta name=\"description\" content=\"CTP is the industrial property developer and manager. It operates the largest network of premium industrial warehouses and logistics parks in CEE region.\" \/>\n<meta name=\"robots\" content=\"index, follow, max-snippet:-1, max-image-preview:large, max-video-preview:-1\" \/>\n<link rel=\"canonical\" href=\"https:\/\/ctp.eu\/sk\/about-us-old-2\/\" \/>\n<meta property=\"og:locale\" content=\"sk_SK\" \/>\n<meta property=\"og:type\" content=\"article\" \/>\n<meta property=\"og:title\" content=\"We make parks\" \/>\n<meta property=\"og:description\" content=\"CTP is the industrial property developer and manager. It operates the largest network of premium industrial warehouses and logistics parks in CEE region.\" \/>\n<meta property=\"og:url\" content=\"https:\/\/ctp.eu\/sk\/about-us-old-2\/\" \/>\n<meta property=\"og:site_name\" content=\"Commercial Real Estate Developer And Manager\" \/>\n<meta property=\"article:modified_time\" content=\"2025-08-07T10:45:34+00:00\" \/>\n<meta property=\"og:image\" content=\"https:\/\/ctp.eu\/wp-content\/uploads\/2021\/01\/by-ctp-social.jpg\" \/>\n\t<meta property=\"og:image:width\" content=\"1600\" \/>\n\t<meta property=\"og:image:height\" content=\"836\" \/>\n\t<meta property=\"og:image:type\" content=\"image\/jpeg\" \/>\n<meta name=\"twitter:card\" content=\"summary_large_image\" \/>\n<meta name=\"twitter:label1\" content=\"Predpokladan\u00fd \u010das \u010d\u00edtania\" \/>\n\t<meta name=\"twitter:data1\" content=\"2 min\u00faty\" \/>\n<script type=\"application\/ld+json\" class=\"yoast-schema-graph\">{\"@context\":\"https:\\\/\\\/schema.org\",\"@graph\":[{\"@type\":\"WebPage\",\"@id\":\"https:\\\/\\\/ctp.eu\\\/about-us-old-2\\\/\",\"url\":\"https:\\\/\\\/ctp.eu\\\/about-us-old-2\\\/\",\"name\":\"We make parks - Premium Industrial Warehouses and Logistics Parks\",\"isPartOf\":{\"@id\":\"https:\\\/\\\/ctp.eu\\\/#website\"},\"primaryImageOfPage\":{\"@id\":\"https:\\\/\\\/ctp.eu\\\/about-us-old-2\\\/#primaryimage\"},\"image\":{\"@id\":\"https:\\\/\\\/ctp.eu\\\/about-us-old-2\\\/#primaryimage\"},\"thumbnailUrl\":\"https:\\\/\\\/ctp.eu\\\/wp-content\\\/uploads\\\/2021\\\/01\\\/by-ctp-social.jpg\",\"datePublished\":\"2018-04-09T12:06:52+00:00\",\"dateModified\":\"2025-08-07T10:45:34+00:00\",\"description\":\"CTP is the industrial property developer and manager. It operates the largest network of premium industrial warehouses and logistics parks in CEE region.\",\"breadcrumb\":{\"@id\":\"https:\\\/\\\/ctp.eu\\\/about-us-old-2\\\/#breadcrumb\"},\"inLanguage\":\"sk-SK\",\"potentialAction\":[{\"@type\":\"ReadAction\",\"target\":[\"https:\\\/\\\/ctp.eu\\\/about-us-old-2\\\/\"]}]},{\"@type\":\"ImageObject\",\"inLanguage\":\"sk-SK\",\"@id\":\"https:\\\/\\\/ctp.eu\\\/about-us-old-2\\\/#primaryimage\",\"url\":\"https:\\\/\\\/ctp.eu\\\/wp-content\\\/uploads\\\/2021\\\/01\\\/by-ctp-social.jpg\",\"contentUrl\":\"https:\\\/\\\/ctp.eu\\\/wp-content\\\/uploads\\\/2021\\\/01\\\/by-ctp-social.jpg\",\"width\":1600,\"height\":836},{\"@type\":\"BreadcrumbList\",\"@id\":\"https:\\\/\\\/ctp.eu\\\/about-us-old-2\\\/#breadcrumb\",\"itemListElement\":[{\"@type\":\"ListItem\",\"position\":1,\"name\":\"Home\",\"item\":\"https:\\\/\\\/ctp.eu\\\/\"},{\"@type\":\"ListItem\",\"position\":2,\"name\":\"We make parks\"}]},{\"@type\":\"WebSite\",\"@id\":\"https:\\\/\\\/ctp.eu\\\/#website\",\"url\":\"https:\\\/\\\/ctp.eu\\\/\",\"name\":\"Commercial Real Estate Developer And Manager\",\"description\":\"CTP - premium industrial warehouse and office buildings\",\"publisher\":{\"@id\":\"https:\\\/\\\/ctp.eu\\\/#organization\"},\"potentialAction\":[{\"@type\":\"SearchAction\",\"target\":{\"@type\":\"EntryPoint\",\"urlTemplate\":\"https:\\\/\\\/ctp.eu\\\/?s={search_term_string}\"},\"query-input\":{\"@type\":\"PropertyValueSpecification\",\"valueRequired\":true,\"valueName\":\"search_term_string\"}}],\"inLanguage\":\"sk-SK\"},{\"@type\":\"Organization\",\"@id\":\"https:\\\/\\\/ctp.eu\\\/#organization\",\"name\":\"CTP\",\"url\":\"https:\\\/\\\/ctp.eu\\\/\",\"logo\":{\"@type\":\"ImageObject\",\"inLanguage\":\"sk-SK\",\"@id\":\"https:\\\/\\\/ctp.eu\\\/#\\\/schema\\\/logo\\\/image\\\/\",\"url\":\"\",\"contentUrl\":\"\",\"caption\":\"CTP\"},\"image\":{\"@id\":\"https:\\\/\\\/ctp.eu\\\/#\\\/schema\\\/logo\\\/image\\\/\"}}]}<\/script>","yoast_head_json":{"title":"Vytv\u00e1rame parky - Pr\u00e9miov\u00e9 priemyseln\u00e9 sklady a logistick\u00e9 parky","description":"Spolo\u010dnos\u0165 CTP je developer a spr\u00e1vca priemyseln\u00fdch nehnute\u013enost\u00ed. Prev\u00e1dzkuje najv\u00e4\u010d\u0161iu sie\u0165 pr\u00e9miov\u00fdch priemyseln\u00fdch skladov a logistick\u00fdch parkov v regi\u00f3ne strednej a v\u00fdchodnej Eur\u00f3py.","robots":{"index":"index","follow":"follow","max-snippet":"max-snippet:-1","max-image-preview":"max-image-preview:large","max-video-preview":"max-video-preview:-1"},"canonical":"https:\/\/ctp.eu\/sk\/about-us-old-2\/","og_locale":"sk_SK","og_type":"article","og_title":"We make parks","og_description":"CTP is the industrial property developer and manager. It operates the largest network of premium industrial warehouses and logistics parks in CEE region.","og_url":"https:\/\/ctp.eu\/sk\/about-us-old-2\/","og_site_name":"Commercial Real Estate Developer And Manager","article_modified_time":"2025-08-07T10:45:34+00:00","og_image":[{"width":1600,"height":836,"url":"https:\/\/ctp.eu\/wp-content\/uploads\/2021\/01\/by-ctp-social.jpg","type":"image\/jpeg"}],"twitter_card":"summary_large_image","twitter_misc":{"Predpokladan\u00fd \u010das \u010d\u00edtania":"2 min\u00faty"},"schema":{"@context":"https:\/\/schema.org","@graph":[{"@type":"WebPage","@id":"https:\/\/ctp.eu\/about-us-old-2\/","url":"https:\/\/ctp.eu\/about-us-old-2\/","name":"Vytv\u00e1rame parky - Pr\u00e9miov\u00e9 priemyseln\u00e9 sklady a logistick\u00e9 parky","isPartOf":{"@id":"https:\/\/ctp.eu\/#website"},"primaryImageOfPage":{"@id":"https:\/\/ctp.eu\/about-us-old-2\/#primaryimage"},"image":{"@id":"https:\/\/ctp.eu\/about-us-old-2\/#primaryimage"},"thumbnailUrl":"https:\/\/ctp.eu\/wp-content\/uploads\/2021\/01\/by-ctp-social.jpg","datePublished":"2018-04-09T12:06:52+00:00","dateModified":"2025-08-07T10:45:34+00:00","description":"Spolo\u010dnos\u0165 CTP je developer a spr\u00e1vca priemyseln\u00fdch nehnute\u013enost\u00ed. Prev\u00e1dzkuje najv\u00e4\u010d\u0161iu sie\u0165 pr\u00e9miov\u00fdch priemyseln\u00fdch skladov a logistick\u00fdch parkov v regi\u00f3ne strednej a v\u00fdchodnej Eur\u00f3py.","breadcrumb":{"@id":"https:\/\/ctp.eu\/about-us-old-2\/#breadcrumb"},"inLanguage":"sk-SK","potentialAction":[{"@type":"ReadAction","target":["https:\/\/ctp.eu\/about-us-old-2\/"]}]},{"@type":"ImageObject","inLanguage":"sk-SK","@id":"https:\/\/ctp.eu\/about-us-old-2\/#primaryimage","url":"https:\/\/ctp.eu\/wp-content\/uploads\/2021\/01\/by-ctp-social.jpg","contentUrl":"https:\/\/ctp.eu\/wp-content\/uploads\/2021\/01\/by-ctp-social.jpg","width":1600,"height":836},{"@type":"BreadcrumbList","@id":"https:\/\/ctp.eu\/about-us-old-2\/#breadcrumb","itemListElement":[{"@type":"ListItem","position":1,"name":"Home","item":"https:\/\/ctp.eu\/"},{"@type":"ListItem","position":2,"name":"We make parks"}]},{"@type":"WebSite","@id":"https:\/\/ctp.eu\/#website","url":"https:\/\/ctp.eu\/","name":"Developer a mana\u017e\u00e9r komer\u010dn\u00fdch nehnute\u013enost\u00ed","description":"CTP - pr\u00e9miov\u00e9 priemyseln\u00e9 skladov\u00e9 a kancel\u00e1rske budovy","publisher":{"@id":"https:\/\/ctp.eu\/#organization"},"potentialAction":[{"@type":"SearchAction","target":{"@type":"EntryPoint","urlTemplate":"https:\/\/ctp.eu\/?s={search_term_string}"},"query-input":{"@type":"PropertyValueSpecification","valueRequired":true,"valueName":"search_term_string"}}],"inLanguage":"sk-SK"},{"@type":"Organization","@id":"https:\/\/ctp.eu\/#organization","name":"CTP","url":"https:\/\/ctp.eu\/","logo":{"@type":"ImageObject","inLanguage":"sk-SK","@id":"https:\/\/ctp.eu\/#\/schema\/logo\/image\/","url":"","contentUrl":"","caption":"CTP"},"image":{"@id":"https:\/\/ctp.eu\/#\/schema\/logo\/image\/"}}]}},"_links":{"self":[{"href":"https:\/\/ctp.eu\/sk\/wp-json\/wp\/v2\/pages\/33","targetHints":{"allow":["GET"]}}],"collection":[{"href":"https:\/\/ctp.eu\/sk\/wp-json\/wp\/v2\/pages"}],"about":[{"href":"https:\/\/ctp.eu\/sk\/wp-json\/wp\/v2\/types\/page"}],"author":[{"embeddable":true,"href":"https:\/\/ctp.eu\/sk\/wp-json\/wp\/v2\/users\/67"}],"replies":[{"embeddable":true,"href":"https:\/\/ctp.eu\/sk\/wp-json\/wp\/v2\/comments?post=33"}],"version-history":[{"count":28,"href":"https:\/\/ctp.eu\/sk\/wp-json\/wp\/v2\/pages\/33\/revisions"}],"predecessor-version":[{"id":109961,"href":"https:\/\/ctp.eu\/sk\/wp-json\/wp\/v2\/pages\/33\/revisions\/109961"}],"wp:featuredmedia":[{"embeddable":true,"href":"https:\/\/ctp.eu\/sk\/wp-json\/wp\/v2\/media\/12410"}],"wp:attachment":[{"href":"https:\/\/ctp.eu\/sk\/wp-json\/wp\/v2\/media?parent=33"}],"curies":[{"name":"wp","href":"https:\/\/api.w.org\/{rel}","templated":true}]}}