{"id":31992,"date":"2021-10-26T07:26:11","date_gmt":"2021-10-26T05:26:11","guid":{"rendered":"https:\/\/www.ctp.eu\/?page_id=31992"},"modified":"2021-10-26T10:43:24","modified_gmt":"2021-10-26T08:43:24","slug":"takeover-disclaimer","status":"publish","type":"page","link":"https:\/\/ctp.eu\/sk\/investors\/takeover-offers\/takeover-disclaimer\/","title":{"rendered":"Zrieknutie sa zodpovednosti"},"content":{"rendered":"<h2 class=\"investors-subtitle\">Zrieknutie sa zodpovednosti<\/h2>\n<h3>Ponuka na prevzatie a vyradenie spolo\u010dnosti Deutsche Industrie REIT-AG<\/h3>\n<p>Vst\u00fapili ste na webov\u00fa str\u00e1nku, ktor\u00fa spolo\u010dnos\u0165 CTP N.V. ur\u010dila na zverej\u0148ovanie dokumentov a inform\u00e1ci\u00ed v s\u00favislosti s dobrovo\u013enou verejnou ponukou na prevzatie a stiahnutie z burzy pod\u013ea nemeck\u00e9ho z\u00e1kona o nadob\u00fadan\u00ed a preberan\u00ed cenn\u00fdch papierov (<em>Wertpapiererwerbs- und \u00dcbernahmegesetz<\/em>) (\"<strong>Wp\u00dcG<\/strong>\") pre v\u0161etky akcie Deutsche Industrie REIT-AG ozn\u00e1men\u00e9 26. okt\u00f3bra 2021 (\u010falej len \"<strong>Ponuka<\/strong>\").<\/p>\n<p>&nbsp; <\/p>\n<p><strong>Aby mali n\u00e1v\u0161tevn\u00edci tejto webovej str\u00e1nky pr\u00edstup k \u010fal\u0161\u00edm inform\u00e1ci\u00e1m v s\u00favislosti s ponukou, musia v dolnej \u010dasti tejto str\u00e1nky potvrdi\u0165, \u017ee sa obozn\u00e1mili s nasleduj\u00facimi pr\u00e1vnymi inform\u00e1ciami.<\/strong><\/p>\n<p>&nbsp; <\/p>\n<p>CTP N.V. (\u010falej len \"<strong>Uch\u00e1dza\u010d<\/strong>\") uverej\u0148uje na nasleduj\u00facich str\u00e1nkach inform\u00e1cie t\u00fdkaj\u00face sa ponuky. Ponuka sa realizuje v\u00fdlu\u010dne v s\u00falade s platn\u00fdmi pr\u00e1vnymi predpismi Spolkovej republiky Nemecko, najm\u00e4 s Wp\u00dcG v spojen\u00ed s nemeck\u00fdm nariaden\u00edm o obsahu ponukov\u00fdch dokumentov, o \u00favah\u00e1ch t\u00fdkaj\u00facich sa pon\u00fak a povinn\u00fdch pon\u00fak a o v\u00fdnimk\u00e1ch z povinnosti zverejni\u0165 a predlo\u017ei\u0165 ponuku (<em>Wp\u00dcG-Angebotsverordnung<\/em>). Ponuka sa nevykon\u00e1va pod\u013ea ustanoven\u00ed in\u00fdch pr\u00e1vnych poriadkov ako pr\u00e1vnych poriadkov Spolkovej republiky Nemecko. \u017diadne ozn\u00e1menia, registr\u00e1cie, prijatia alebo schv\u00e1lenia ponuky a\/alebo ponukov\u00e9ho dokumentu teda neboli podan\u00e9, vybaven\u00e9 alebo udelen\u00e9 mimo Spolkovej republiky Nemecko. Investori a dr\u017eitelia cenn\u00fdch papierov spolo\u010dnosti Deutsche Industry REIT-AG sa nem\u00f4\u017eu spolieha\u0165 na to, \u017ee sa bud\u00fa m\u00f4c\u0165 odvol\u00e1va\u0165 na ustanovenia na ochranu investorov in\u00fdch jurisdikci\u00ed ako Spolkovej republiky Nemecko. \u017diadna feder\u00e1lna alebo \u0161t\u00e1tna komisia pre cenn\u00e9 papiere alebo regula\u010dn\u00fd org\u00e1n USA neschv\u00e1lil alebo neschv\u00e1lil ponuku a\/alebo ponukov\u00fd dokument, ani sa nevyjadril k primeranosti alebo presnosti inform\u00e1ci\u00ed v dokumentoch s\u00favisiacich s ponukou. Ak\u00e9ko\u013evek vyhl\u00e1senie o opaku je v Spojen\u00fdch \u0161t\u00e1toch americk\u00fdch trestn\u00fdm \u010dinom (\"<strong>Spojen\u00e9 \u0161t\u00e1ty americk\u00e9<\/strong>\").<\/p>\n<p>&nbsp; <\/p>\n<p>S v\u00fdhradou v\u00fdnimiek op\u00edsan\u00fdch v ponukovom dokumente, ako aj ak\u00fdchko\u013evek v\u00fdnimiek, ktor\u00e9 m\u00f4\u017ee udeli\u0165 ak\u00fdko\u013evek pr\u00edslu\u0161n\u00fd regula\u010dn\u00fd org\u00e1n, sa ponuka na prevzatie alebo stiahnutie z burzy nevykon\u00e1va priamo ani nepriamo v \u017eiadnej jurisdikcii, kde by to predstavovalo poru\u0161enie vn\u00fatro\u0161t\u00e1tnych pr\u00e1vnych predpisov takejto jurisdikcie.<\/p>\n<p>&nbsp; <\/p>\n<p>Ponuka bude ma\u0165 za n\u00e1sledok nadobudnutie cenn\u00fdch papierov nemeckej spolo\u010dnosti a podlieha nemeck\u00fdm po\u017eiadavk\u00e1m na zverej\u0148ovanie inform\u00e1ci\u00ed, ktor\u00e9 sa l\u00ed\u0161ia od po\u017eiadaviek platn\u00fdch v Spojen\u00fdch \u0161t\u00e1toch. Finan\u010dn\u00e9 inform\u00e1cie zahrnut\u00e9 alebo uveden\u00e9 v ponukov\u00fdch dokumentoch boli vypracovan\u00e9 v s\u00falade s \u00fa\u010dtovn\u00fdmi \u0161tandardmi, ktor\u00e9 nie s\u00fa v USA, a preto nemusia by\u0165 porovnate\u013en\u00e9 s finan\u010dn\u00fdmi inform\u00e1ciami americk\u00fdch spolo\u010dnost\u00ed alebo spolo\u010dnost\u00ed, ktor\u00fdch \u00fa\u010dtovn\u00e9 z\u00e1vierky s\u00fa vypracovan\u00e9 v s\u00falade so v\u0161eobecne uzn\u00e1van\u00fdmi \u00fa\u010dtovn\u00fdmi z\u00e1sadami v USA.<\/p>\n<p>&nbsp; <\/p>\n<p>Ponuka sa uskuto\u010d\u0148uje v Spojen\u00fdch \u0161t\u00e1toch americk\u00fdch na z\u00e1klade v\u00fdnimky z pravidiel verejnej ponuky v Spojen\u00fdch \u0161t\u00e1toch americk\u00fdch, ktor\u00fa stanovuje pravidlo 14d-1(c) pod\u013ea americk\u00e9ho z\u00e1kona o burze cenn\u00fdch papierov z roku 1934 v znen\u00ed neskor\u0161\u00edch predpisov (\u010falej len \"<strong>Z\u00e1kon USA o burze cenn\u00fdch papierov<\/strong>\") a emisia akci\u00ed sa uskuto\u010d\u0148uje na z\u00e1klade v\u00fdnimky z registr\u00e1cie pod\u013ea pravidla 802 z\u00e1kona o cenn\u00fdch papieroch USA z roku 1933 v znen\u00ed neskor\u0161\u00edch predpisov (\u010falej len \"<strong>Z\u00e1kon o cenn\u00fdch papieroch USA<\/strong>\") a ponuka sa inak uskuto\u010d\u0148uje v s\u00falade s platn\u00fdmi regula\u010dn\u00fdmi po\u017eiadavkami v Nemecku. Ponuka preto podlieha po\u017eiadavk\u00e1m na zverej\u0148ovanie inform\u00e1ci\u00ed a \u010fal\u0161\u00edm procedur\u00e1lnym po\u017eiadavk\u00e1m, vr\u00e1tane po\u017eiadaviek t\u00fdkaj\u00facich sa pr\u00e1v na odst\u00fapenie od zmluvy, \u010dasov\u00e9ho harmonogramu ponuky, postupov vyrovnania a na\u010dasovania platieb, ktor\u00e9 sa l\u00ed\u0161ia od postupov a pr\u00e1vnych predpisov platn\u00fdch v r\u00e1mci dom\u00e1cej ponuky v USA.<\/p>\n<p>&nbsp; <\/p>\n<p>Pre americk\u00fdch dr\u017eite\u013eov akci\u00ed m\u00f4\u017ee by\u0165 \u0165a\u017ek\u00e9 vym\u00e1ha\u0165 svoje pr\u00e1va a ak\u00e9ko\u013evek n\u00e1roky vypl\u00fdvaj\u00face z feder\u00e1lnych z\u00e1konov o cenn\u00fdch papieroch USA, ke\u010f\u017ee spolo\u010dnosti CTP N.V. a Deutsche Industrie REIT-AG s\u00eddlia v inej krajine ako v Spojen\u00fdch \u0161t\u00e1toch a niektor\u00ed alebo v\u0161etci ich ved\u00faci pracovn\u00edci a riaditelia m\u00f4\u017eu by\u0165 rezidentmi inej krajiny ako Spojen\u00fdch \u0161t\u00e1tov. Americk\u00ed dr\u017eitelia akci\u00ed nemusia ma\u0165 mo\u017enos\u0165 \u017ealova\u0165 spolo\u010dnos\u0165 mimo USA alebo jej ved\u00facich pracovn\u00edkov alebo riadite\u013eov na s\u00fade mimo USA za poru\u0161enie americk\u00fdch z\u00e1konov o cenn\u00fdch papieroch. Okrem toho m\u00f4\u017ee by\u0165 \u0165a\u017ek\u00e9 prin\u00fati\u0165 spolo\u010dnos\u0165 mimo USA a jej pridru\u017een\u00e9 spolo\u010dnosti, aby sa podrobili rozsudku americk\u00e9ho s\u00fadu.<\/p>\n<p>&nbsp; <\/p>\n<p>Ozn\u00e1menia na tejto webovej str\u00e1nke nepredstavuj\u00fa v\u00fdzvu na predaj alebo ponuku na v\u00fdmenu cenn\u00fdch papierov spolo\u010dnosti Deutsche Industrie REIT-AG alebo uch\u00e1dza\u010da. S v\u00fdnimkou zverejnenia ponukov\u00e9ho dokumentu ozn\u00e1menia uverejnen\u00e9 na tejto webovej str\u00e1nke nepredstavuj\u00fa ani ponuku na k\u00fapu alebo v\u00fdmenu akci\u00ed spolo\u010dnosti Deutsche Industrie REIT-AG alebo uch\u00e1dza\u010da.<\/p>\n<p>&nbsp; <\/p>\n<p>V rozsahu, v akom to povo\u013euj\u00fa platn\u00e9 z\u00e1kony alebo in\u00e9 pr\u00e1vne predpisy, a v s\u00falade s nemeck\u00fdmi trhov\u00fdmi zvyklos\u0165ami m\u00f4\u017ee Z\u00e1ujemca alebo jeho makl\u00e9ri priamo alebo nepriamo nakupova\u0165 cenn\u00e9 papiere spolo\u010dnosti Deutsche Industrie REIT-AG alebo uzatv\u00e1ra\u0165 zmluvy o ich k\u00fape mimo Ponuky, a to pred, po\u010das alebo po obdob\u00ed, po\u010das ktor\u00e9ho je ponuka otvoren\u00e1 na prijatie. To ist\u00e9 plat\u00ed pre in\u00e9 cenn\u00e9 papiere, ktor\u00e9 s\u00fa priamo zamenite\u013en\u00e9 za cenn\u00e9 papiere spolo\u010dnosti Deutsche Industrie REIT-AG, vymenite\u013en\u00e9 za ne alebo uplatnite\u013en\u00e9 na ne. Tieto n\u00e1kupy sa m\u00f4\u017eu realizova\u0165 prostredn\u00edctvom burzy cenn\u00fdch papierov za trhov\u00e9 ceny alebo mimo burzy cenn\u00fdch papierov za dohodnut\u00fdch podmienok. V\u0161etky inform\u00e1cie o tak\u00fdchto n\u00e1kupoch bud\u00fa zverejnen\u00e9 v s\u00falade s po\u017eiadavkami z\u00e1konov alebo in\u00fdch pr\u00e1vnych predpisov v Nemecku alebo inej pr\u00edslu\u0161nej jurisdikcii.<\/p>\n<p>&nbsp; <\/p>\n<p>Pokia\u013e ak\u00e9ko\u013evek ozn\u00e1menia na tejto webovej str\u00e1nke obsahuj\u00fa v\u00fdh\u013eadov\u00e9 vyhl\u00e1senia, tak\u00e9to vyhl\u00e1senia nepredstavuj\u00fa fakty a s\u00fa charakterizovan\u00e9 slovami \"o\u010dak\u00e1vame\", \"ver\u00edme\", \"odhadujeme\", \"zam\u00fd\u0161\u013eame\", \"chceme\", \"predpoklad\u00e1me\" alebo podobn\u00fdmi v\u00fdrazmi. Tak\u00e9to vyhl\u00e1senia vyjadruj\u00fa z\u00e1mery, n\u00e1zory alebo aktu\u00e1lne o\u010dak\u00e1vania a predpoklady Uch\u00e1dza\u010da a os\u00f4b konaj\u00facich v spojen\u00ed s Uch\u00e1dza\u010dom, napr\u00edklad pokia\u013e ide o mo\u017en\u00e9 d\u00f4sledky Ponuky pre Deutsche Industrie REIT-AG, pre t\u00fdch akcion\u00e1rov Deutsche Industrie REIT-AG, ktor\u00ed sa rozhodn\u00fa neprija\u0165 Ponuku, alebo pre bud\u00face finan\u010dn\u00e9 v\u00fdsledky Deutsche Industrie REIT-AG. Tak\u00e9to v\u00fdh\u013eadov\u00e9 vyhl\u00e1senia s\u00fa zalo\u017een\u00e9 na s\u00fa\u010dasn\u00fdch pl\u00e1noch, odhadoch a progn\u00f3zach, ktor\u00e9 Uch\u00e1dza\u010d a osoby konaj\u00face v spojen\u00ed s Uch\u00e1dza\u010dom urobili pod\u013ea svojho najlep\u0161ieho vedomia, ale ktor\u00e9 si nen\u00e1rokuj\u00fa, \u017ee bud\u00fa v bud\u00facnosti spr\u00e1vne. V\u00fdh\u013eadov\u00e9 vyhl\u00e1senia podliehaj\u00fa rizik\u00e1m a neistot\u00e1m, ktor\u00e9 je \u0165a\u017ek\u00e9 predv\u00edda\u0165 a ktor\u00e9 Uch\u00e1dza\u010d alebo osoby konaj\u00face v spojen\u00ed s Uch\u00e1dza\u010dom zvy\u010dajne nem\u00f4\u017eu ovplyvni\u0165. Je potrebn\u00e9 ma\u0165 na pam\u00e4ti, \u017ee skuto\u010dn\u00e9 udalosti alebo d\u00f4sledky sa m\u00f4\u017eu podstatne l\u00ed\u0161i\u0165 od t\u00fdch, ktor\u00e9 s\u00fa obsiahnut\u00e9 v tak\u00fdchto v\u00fdh\u013eadov\u00fdch vyhl\u00e1seniach alebo s\u00fa nimi vyjadren\u00e9.<\/p>\n<p>&nbsp; <\/p>\n<p><strong>V\u00fdberom tla\u010didla \"Potvrdzujem\" zaru\u010dujete, \u017ee ste si pre\u010d\u00edtali vy\u0161\u0161ie uveden\u00e9 pr\u00e1vne upozornenie a porozumeli mu.<\/strong><\/p>\n<p>&nbsp;<\/p>\n<p><a class=\"btn btn-primary uppercase mb-0 getOfferButton\" style=\"margin-top: 80px;\" href=\"\/sk\/investors\/takeover-offers\/dir-takeover\/?noredirect=true\">I Potvrdzujem<\/a><\/p>\n<p><a class=\"btn btn-primary uppercase mb-0 getOfferButton\" style=\"margin-top: 80px; margin-left: 20px; background: #3f4a48; border: 1px solid #3f4a48;\" href=\"\/sk\/investors\/\">Ja nie Potvrdzujem<\/a><\/p>","protected":false},"excerpt":{"rendered":"<p>Vyhl\u00e1senie o odmietnut\u00ed zodpovednosti Ponuka na prevzatie a vyradenie Deutsche Industrie REIT-AG z obchodovania ste vst\u00fapili na webov\u00fa str\u00e1nku, ktor\u00fa spolo\u010dnos\u0165 CTP N.V. ur\u010dila na<\/p>","protected":false},"author":22,"featured_media":0,"parent":31996,"menu_order":0,"comment_status":"closed","ping_status":"closed","template":"investors-sub-page.php","meta":{"_acf_changed":false,"footnotes":""},"class_list":["post-31992","page","type-page","status-publish","hentry"],"acf":[],"yoast_head":"<title>Disclaimer - Commercial Real Estate Developer And Manager<\/title>\n<meta name=\"robots\" content=\"index, follow, max-snippet:-1, max-image-preview:large, max-video-preview:-1\" \/>\n<link rel=\"canonical\" href=\"https:\/\/ctp.eu\/sk\/investors\/takeover-offers\/takeover-disclaimer\/\" \/>\n<meta property=\"og:locale\" content=\"sk_SK\" \/>\n<meta property=\"og:type\" content=\"article\" \/>\n<meta property=\"og:title\" content=\"Disclaimer\" \/>\n<meta property=\"og:description\" content=\"Disclaimer Deutsche Industrie REIT-AG Takeover and Delisting Of\u00adfer You have entered the website which CTP N.V. has designated for the\" \/>\n<meta property=\"og:url\" content=\"https:\/\/ctp.eu\/sk\/investors\/takeover-offers\/takeover-disclaimer\/\" \/>\n<meta property=\"og:site_name\" content=\"Commercial Real Estate Developer And Manager\" \/>\n<meta property=\"article:modified_time\" content=\"2021-10-26T08:43:24+00:00\" \/>\n<meta name=\"twitter:card\" content=\"summary_large_image\" \/>\n<meta name=\"twitter:label1\" content=\"Predpokladan\u00fd \u010das \u010d\u00edtania\" \/>\n\t<meta name=\"twitter:data1\" content=\"5 min\u00fat\" \/>\n<script type=\"application\/ld+json\" class=\"yoast-schema-graph\">{\"@context\":\"https:\/\/schema.org\",\"@graph\":[{\"@type\":\"WebPage\",\"@id\":\"https:\/\/ctp.eu\/investors\/takeover-offers\/takeover-disclaimer\/\",\"url\":\"https:\/\/ctp.eu\/investors\/takeover-offers\/takeover-disclaimer\/\",\"name\":\"Disclaimer - Commercial Real Estate Developer And Manager\",\"isPartOf\":{\"@id\":\"https:\/\/ctp.eu\/#website\"},\"datePublished\":\"2021-10-26T05:26:11+00:00\",\"dateModified\":\"2021-10-26T08:43:24+00:00\",\"breadcrumb\":{\"@id\":\"https:\/\/ctp.eu\/investors\/takeover-offers\/takeover-disclaimer\/#breadcrumb\"},\"inLanguage\":\"sk-SK\",\"potentialAction\":[{\"@type\":\"ReadAction\",\"target\":[\"https:\/\/ctp.eu\/investors\/takeover-offers\/takeover-disclaimer\/\"]}]},{\"@type\":\"BreadcrumbList\",\"@id\":\"https:\/\/ctp.eu\/investors\/takeover-offers\/takeover-disclaimer\/#breadcrumb\",\"itemListElement\":[{\"@type\":\"ListItem\",\"position\":1,\"name\":\"Home\",\"item\":\"https:\/\/ctp.eu\/\"},{\"@type\":\"ListItem\",\"position\":2,\"name\":\"Long-Term Investment Partnership\",\"item\":\"https:\/\/ctp.eu\/investors\/\"},{\"@type\":\"ListItem\",\"position\":3,\"name\":\"Takeover Offers\",\"item\":\"https:\/\/ctp.eu\/investors\/takeover-offers\/\"},{\"@type\":\"ListItem\",\"position\":4,\"name\":\"Disclaimer\"}]},{\"@type\":\"WebSite\",\"@id\":\"https:\/\/ctp.eu\/#website\",\"url\":\"https:\/\/ctp.eu\/\",\"name\":\"Commercial Real Estate Developer And Manager\",\"description\":\"CTP - premium industrial warehouse and office buildings\",\"publisher\":{\"@id\":\"https:\/\/ctp.eu\/#organization\"},\"potentialAction\":[{\"@type\":\"SearchAction\",\"target\":{\"@type\":\"EntryPoint\",\"urlTemplate\":\"https:\/\/ctp.eu\/?s={search_term_string}\"},\"query-input\":{\"@type\":\"PropertyValueSpecification\",\"valueRequired\":true,\"valueName\":\"search_term_string\"}}],\"inLanguage\":\"sk-SK\"},{\"@type\":\"Organization\",\"@id\":\"https:\/\/ctp.eu\/#organization\",\"name\":\"CTP\",\"url\":\"https:\/\/ctp.eu\/\",\"logo\":{\"@type\":\"ImageObject\",\"inLanguage\":\"sk-SK\",\"@id\":\"https:\/\/ctp.eu\/#\/schema\/logo\/image\/\",\"url\":\"\",\"contentUrl\":\"\",\"caption\":\"CTP\"},\"image\":{\"@id\":\"https:\/\/ctp.eu\/#\/schema\/logo\/image\/\"}}]}<\/script>","yoast_head_json":{"title":"Zrieknutie sa zodpovednosti - developer a mana\u017e\u00e9r komer\u010dn\u00fdch nehnute\u013enost\u00ed","robots":{"index":"index","follow":"follow","max-snippet":"max-snippet:-1","max-image-preview":"max-image-preview:large","max-video-preview":"max-video-preview:-1"},"canonical":"https:\/\/ctp.eu\/sk\/investors\/takeover-offers\/takeover-disclaimer\/","og_locale":"sk_SK","og_type":"article","og_title":"Disclaimer","og_description":"Disclaimer Deutsche Industrie REIT-AG Takeover and Delisting Of\u00adfer You have entered the website which CTP N.V. has designated for the","og_url":"https:\/\/ctp.eu\/sk\/investors\/takeover-offers\/takeover-disclaimer\/","og_site_name":"Commercial Real Estate Developer And Manager","article_modified_time":"2021-10-26T08:43:24+00:00","twitter_card":"summary_large_image","twitter_misc":{"Predpokladan\u00fd \u010das \u010d\u00edtania":"5 min\u00fat"},"schema":{"@context":"https:\/\/schema.org","@graph":[{"@type":"WebPage","@id":"https:\/\/ctp.eu\/investors\/takeover-offers\/takeover-disclaimer\/","url":"https:\/\/ctp.eu\/investors\/takeover-offers\/takeover-disclaimer\/","name":"Zrieknutie sa zodpovednosti - developer a mana\u017e\u00e9r komer\u010dn\u00fdch nehnute\u013enost\u00ed","isPartOf":{"@id":"https:\/\/ctp.eu\/#website"},"datePublished":"2021-10-26T05:26:11+00:00","dateModified":"2021-10-26T08:43:24+00:00","breadcrumb":{"@id":"https:\/\/ctp.eu\/investors\/takeover-offers\/takeover-disclaimer\/#breadcrumb"},"inLanguage":"sk-SK","potentialAction":[{"@type":"ReadAction","target":["https:\/\/ctp.eu\/investors\/takeover-offers\/takeover-disclaimer\/"]}]},{"@type":"BreadcrumbList","@id":"https:\/\/ctp.eu\/investors\/takeover-offers\/takeover-disclaimer\/#breadcrumb","itemListElement":[{"@type":"ListItem","position":1,"name":"Home","item":"https:\/\/ctp.eu\/"},{"@type":"ListItem","position":2,"name":"Long-Term Investment Partnership","item":"https:\/\/ctp.eu\/investors\/"},{"@type":"ListItem","position":3,"name":"Takeover Offers","item":"https:\/\/ctp.eu\/investors\/takeover-offers\/"},{"@type":"ListItem","position":4,"name":"Disclaimer"}]},{"@type":"WebSite","@id":"https:\/\/ctp.eu\/#website","url":"https:\/\/ctp.eu\/","name":"Developer a mana\u017e\u00e9r komer\u010dn\u00fdch nehnute\u013enost\u00ed","description":"CTP - pr\u00e9miov\u00e9 priemyseln\u00e9 skladov\u00e9 a kancel\u00e1rske budovy","publisher":{"@id":"https:\/\/ctp.eu\/#organization"},"potentialAction":[{"@type":"SearchAction","target":{"@type":"EntryPoint","urlTemplate":"https:\/\/ctp.eu\/?s={search_term_string}"},"query-input":{"@type":"PropertyValueSpecification","valueRequired":true,"valueName":"search_term_string"}}],"inLanguage":"sk-SK"},{"@type":"Organization","@id":"https:\/\/ctp.eu\/#organization","name":"CTP","url":"https:\/\/ctp.eu\/","logo":{"@type":"ImageObject","inLanguage":"sk-SK","@id":"https:\/\/ctp.eu\/#\/schema\/logo\/image\/","url":"","contentUrl":"","caption":"CTP"},"image":{"@id":"https:\/\/ctp.eu\/#\/schema\/logo\/image\/"}}]}},"_links":{"self":[{"href":"https:\/\/ctp.eu\/sk\/wp-json\/wp\/v2\/pages\/31992","targetHints":{"allow":["GET"]}}],"collection":[{"href":"https:\/\/ctp.eu\/sk\/wp-json\/wp\/v2\/pages"}],"about":[{"href":"https:\/\/ctp.eu\/sk\/wp-json\/wp\/v2\/types\/page"}],"author":[{"embeddable":true,"href":"https:\/\/ctp.eu\/sk\/wp-json\/wp\/v2\/users\/22"}],"replies":[{"embeddable":true,"href":"https:\/\/ctp.eu\/sk\/wp-json\/wp\/v2\/comments?post=31992"}],"version-history":[{"count":0,"href":"https:\/\/ctp.eu\/sk\/wp-json\/wp\/v2\/pages\/31992\/revisions"}],"up":[{"embeddable":true,"href":"https:\/\/ctp.eu\/sk\/wp-json\/wp\/v2\/pages\/31996"}],"wp:attachment":[{"href":"https:\/\/ctp.eu\/sk\/wp-json\/wp\/v2\/media?parent=31992"}],"curies":[{"name":"wp","href":"https:\/\/api.w.org\/{rel}","templated":true}]}}