{"id":27758,"date":"2021-09-22T13:52:38","date_gmt":"2021-09-22T13:52:38","guid":{"rendered":"https:\/\/www.ctp.eu\/?page_id=27758"},"modified":"2021-09-22T14:26:12","modified_gmt":"2021-09-22T14:26:12","slug":"top-30-icons","status":"publish","type":"page","link":"https:\/\/ctp.eu\/sk\/top-30-icons\/","title":{"rendered":"Zozn\u00e1mte sa s New Top 30"},"content":{"rendered":"<div class=\"top30icons\">\n<figure id=\"attachment_28025\" aria-describedby=\"caption-attachment-28025\" style=\"width: 180px\" class=\"wp-caption alignleft\"><a href=\"https:\/\/ctp.eu\/wp-content\/uploads\/2021\/09\/remon-1.svg\"><img loading=\"lazy\" decoding=\"async\" class=\"size-full wp-image-28025\" src=\"https:\/\/ctp.eu\/wp-content\/uploads\/2021\/09\/remon-1.svg\" alt=\"\" width=\"180\" height=\"80\" \/><\/a><figcaption id=\"caption-attachment-28025\" class=\"wp-caption-text\">Remon V.<\/figcaption><\/figure>\n<figure id=\"attachment_27948\" aria-describedby=\"caption-attachment-27948\" style=\"width: 180px\" class=\"wp-caption alignleft\"><a href=\"https:\/\/ctp.eu\/wp-content\/uploads\/2021\/09\/full-speed-v2.svg\"><img loading=\"lazy\" decoding=\"async\" class=\"size-full wp-image-27948\" src=\"https:\/\/ctp.eu\/wp-content\/uploads\/2021\/09\/full-speed-v2.svg\" alt=\"\" width=\"180\" height=\"80\" \/><\/a><figcaption id=\"caption-attachment-27948\" class=\"wp-caption-text\">Remon V.<\/figcaption><\/figure>\n<figure id=\"attachment_28032\" aria-describedby=\"caption-attachment-28032\" style=\"width: 180px\" class=\"wp-caption alignleft\"><a href=\"https:\/\/ctp.eu\/wp-content\/uploads\/2021\/09\/richard-1.svg\"><img loading=\"lazy\" decoding=\"async\" class=\"size-full wp-image-28032\" src=\"https:\/\/ctp.eu\/wp-content\/uploads\/2021\/09\/richard-1.svg\" alt=\"\" width=\"180\" height=\"80\" \/><\/a><figcaption id=\"caption-attachment-28032\" class=\"wp-caption-text\">Richard W.<\/figcaption><\/figure>\n<figure id=\"attachment_27976\" aria-describedby=\"caption-attachment-27976\" style=\"width: 180px\" class=\"wp-caption alignleft\"><a href=\"https:\/\/ctp.eu\/wp-content\/uploads\/2021\/09\/jan-evert.svg\"><img loading=\"lazy\" decoding=\"async\" class=\"size-full wp-image-27976\" src=\"https:\/\/ctp.eu\/wp-content\/uploads\/2021\/09\/jan-evert.svg\" alt=\"\" width=\"180\" height=\"80\" \/><\/a><figcaption id=\"caption-attachment-27976\" class=\"wp-caption-text\">Jan-Evert P.<\/figcaption><\/figure>\n<figure id=\"attachment_28067\" aria-describedby=\"caption-attachment-28067\" style=\"width: 180px\" class=\"wp-caption alignleft\"><a href=\"https:\/\/ctp.eu\/wp-content\/uploads\/2021\/09\/vladimir-s-1.svg\"><img loading=\"lazy\" decoding=\"async\" class=\"size-full wp-image-28067\" src=\"https:\/\/ctp.eu\/wp-content\/uploads\/2021\/09\/vladimir-s-1.svg\" alt=\"\" width=\"180\" height=\"80\" \/><\/a><figcaption id=\"caption-attachment-28067\" class=\"wp-caption-text\">Vladim\u00edr \u0160.<\/figcaption><\/figure>\n<figure id=\"attachment_27990\" aria-describedby=\"caption-attachment-27990\" style=\"width: 180px\" class=\"wp-caption alignleft\"><a href=\"https:\/\/ctp.eu\/wp-content\/uploads\/2021\/09\/kveta-1.svg\"><img loading=\"lazy\" decoding=\"async\" class=\"size-full wp-image-27990\" src=\"https:\/\/ctp.eu\/wp-content\/uploads\/2021\/09\/kveta-1.svg\" alt=\"\" width=\"180\" height=\"80\" \/><\/a><figcaption id=\"caption-attachment-27990\" class=\"wp-caption-text\">Kveta V.<\/figcaption><\/figure>\n<figure id=\"attachment_28004\" aria-describedby=\"caption-attachment-28004\" style=\"width: 180px\" class=\"wp-caption alignleft\"><a href=\"https:\/\/ctp.eu\/wp-content\/uploads\/2021\/09\/oliver-1.svg\"><img loading=\"lazy\" decoding=\"async\" class=\"size-full wp-image-28004\" src=\"https:\/\/ctp.eu\/wp-content\/uploads\/2021\/09\/oliver-1.svg\" alt=\"\" width=\"180\" height=\"80\" \/><\/a><figcaption id=\"caption-attachment-28004\" class=\"wp-caption-text\">Oliver O.<\/figcaption><\/figure>\n<figure id=\"attachment_27997\" aria-describedby=\"caption-attachment-27997\" style=\"width: 180px\" class=\"wp-caption alignleft\"><a href=\"https:\/\/ctp.eu\/wp-content\/uploads\/2021\/09\/michal-f-1.svg\"><img loading=\"lazy\" decoding=\"async\" class=\"size-full wp-image-27997\" src=\"https:\/\/ctp.eu\/wp-content\/uploads\/2021\/09\/michal-f-1.svg\" alt=\"\" width=\"180\" height=\"80\" \/><\/a><figcaption id=\"caption-attachment-27997\" class=\"wp-caption-text\">Michal F.<\/figcaption><\/figure>\n<figure id=\"attachment_27920\" aria-describedby=\"caption-attachment-27920\" style=\"width: 180px\" class=\"wp-caption alignleft\"><a href=\"https:\/\/ctp.eu\/wp-content\/uploads\/2021\/09\/david-1.svg\"><img loading=\"lazy\" decoding=\"async\" class=\"size-full wp-image-27920\" src=\"https:\/\/ctp.eu\/wp-content\/uploads\/2021\/09\/david-1.svg\" alt=\"\" width=\"180\" height=\"80\" \/><\/a><figcaption id=\"caption-attachment-27920\" class=\"wp-caption-text\">David Chl\u00e1dek<\/figcaption><\/figure>\n<figure id=\"attachment_27969\" aria-describedby=\"caption-attachment-27969\" style=\"width: 180px\" class=\"wp-caption alignleft\"><a href=\"https:\/\/ctp.eu\/wp-content\/uploads\/2021\/09\/jakub-1.svg\"><img loading=\"lazy\" decoding=\"async\" class=\"size-full wp-image-27969\" src=\"https:\/\/ctp.eu\/wp-content\/uploads\/2021\/09\/jakub-1.svg\" alt=\"\" width=\"180\" height=\"80\" \/><\/a><figcaption id=\"caption-attachment-27969\" class=\"wp-caption-text\">Jakub K.<\/figcaption><\/figure>\n<figure id=\"attachment_28074\" aria-describedby=\"caption-attachment-28074\" style=\"width: 180px\" class=\"wp-caption alignleft\"><a href=\"https:\/\/ctp.eu\/wp-content\/uploads\/2021\/09\/ana-1.svg\"><img loading=\"lazy\" decoding=\"async\" class=\"size-full wp-image-28074\" src=\"https:\/\/ctp.eu\/wp-content\/uploads\/2021\/09\/ana-1.svg\" alt=\"\" width=\"180\" height=\"80\" \/><\/a><figcaption id=\"caption-attachment-28074\" class=\"wp-caption-text\">Ana D.<\/figcaption><\/figure>\n<figure id=\"attachment_28046\" aria-describedby=\"caption-attachment-28046\" style=\"width: 180px\" class=\"wp-caption alignleft\"><a href=\"https:\/\/ctp.eu\/wp-content\/uploads\/2021\/09\/vali-1.svg\"><img loading=\"lazy\" decoding=\"async\" class=\"size-full wp-image-28046\" src=\"https:\/\/ctp.eu\/wp-content\/uploads\/2021\/09\/vali-1.svg\" alt=\"\" width=\"180\" height=\"80\" \/><\/a><figcaption id=\"caption-attachment-28046\" class=\"wp-caption-text\">Vali R.<\/figcaption><\/figure>\n<figure id=\"attachment_27934\" aria-describedby=\"caption-attachment-27934\" style=\"width: 180px\" class=\"wp-caption alignleft\"><a href=\"https:\/\/ctp.eu\/wp-content\/uploads\/2021\/09\/eleonora-1.svg\"><img loading=\"lazy\" decoding=\"async\" class=\"size-full wp-image-27934\" src=\"https:\/\/ctp.eu\/wp-content\/uploads\/2021\/09\/eleonora-1.svg\" alt=\"\" width=\"180\" height=\"80\" \/><\/a><figcaption id=\"caption-attachment-27934\" class=\"wp-caption-text\">Eleon\u00f3ra A.<\/figcaption><\/figure>\n<figure id=\"attachment_27913\" aria-describedby=\"caption-attachment-27913\" style=\"width: 180px\" class=\"wp-caption alignleft\"><a href=\"https:\/\/ctp.eu\/wp-content\/uploads\/2021\/09\/david-h-1.svg\"><img loading=\"lazy\" decoding=\"async\" class=\"size-full wp-image-27913\" src=\"https:\/\/ctp.eu\/wp-content\/uploads\/2021\/09\/david-h-1.svg\" alt=\"\" width=\"180\" height=\"80\" \/><\/a><figcaption id=\"caption-attachment-27913\" class=\"wp-caption-text\">David H.<\/figcaption><\/figure>\n<figure id=\"attachment_27941\" aria-describedby=\"caption-attachment-27941\" style=\"width: 180px\" class=\"wp-caption alignleft\"><a href=\"https:\/\/ctp.eu\/wp-content\/uploads\/2021\/09\/ferenc-1.svg\"><img loading=\"lazy\" decoding=\"async\" class=\"size-full wp-image-27941\" src=\"https:\/\/ctp.eu\/wp-content\/uploads\/2021\/09\/ferenc-1.svg\" alt=\"\" width=\"180\" height=\"80\" \/><\/a><figcaption id=\"caption-attachment-27941\" class=\"wp-caption-text\">Ferenc G.<\/figcaption><\/figure>\n<figure id=\"attachment_27906\" aria-describedby=\"caption-attachment-27906\" style=\"width: 180px\" class=\"wp-caption alignleft\"><a href=\"https:\/\/ctp.eu\/wp-content\/uploads\/2021\/09\/daniel-1.svg\"><img loading=\"lazy\" decoding=\"async\" class=\"size-full wp-image-27906\" src=\"https:\/\/ctp.eu\/wp-content\/uploads\/2021\/09\/daniel-1.svg\" alt=\"\" width=\"180\" height=\"80\" \/><\/a><figcaption id=\"caption-attachment-27906\" class=\"wp-caption-text\">Daniel S.<\/figcaption><\/figure>\n<figure id=\"attachment_28053\" aria-describedby=\"caption-attachment-28053\" style=\"width: 180px\" class=\"wp-caption alignleft\"><a href=\"https:\/\/ctp.eu\/wp-content\/uploads\/2021\/09\/veronika-1.svg\"><img loading=\"lazy\" decoding=\"async\" class=\"size-full wp-image-28053\" src=\"https:\/\/ctp.eu\/wp-content\/uploads\/2021\/09\/veronika-1.svg\" alt=\"\" width=\"180\" height=\"80\" \/><\/a><figcaption id=\"caption-attachment-28053\" class=\"wp-caption-text\">Veronika L.<\/figcaption><\/figure>\n<figure id=\"attachment_28011\" aria-describedby=\"caption-attachment-28011\" style=\"width: 180px\" class=\"wp-caption alignleft\"><a href=\"https:\/\/ctp.eu\/wp-content\/uploads\/2021\/09\/pagac-1.svg\"><img loading=\"lazy\" decoding=\"async\" class=\"size-full wp-image-28011\" src=\"https:\/\/ctp.eu\/wp-content\/uploads\/2021\/09\/pagac-1.svg\" alt=\"\" width=\"180\" height=\"80\" \/><\/a><figcaption id=\"caption-attachment-28011\" class=\"wp-caption-text\">Stanislav P.<\/figcaption><\/figure>\n<figure id=\"attachment_28039\" aria-describedby=\"caption-attachment-28039\" style=\"width: 180px\" class=\"wp-caption alignleft\"><a href=\"https:\/\/ctp.eu\/wp-content\/uploads\/2021\/09\/simo-1.svg\"><img loading=\"lazy\" decoding=\"async\" class=\"size-full wp-image-28039\" src=\"https:\/\/ctp.eu\/wp-content\/uploads\/2021\/09\/simo-1.svg\" alt=\"\" width=\"180\" height=\"80\" \/><\/a><figcaption id=\"caption-attachment-28039\" class=\"wp-caption-text\">Ivan \u0160.<\/figcaption><\/figure>\n<figure id=\"attachment_27927\" aria-describedby=\"caption-attachment-27927\" style=\"width: 180px\" class=\"wp-caption alignleft\"><a href=\"https:\/\/ctp.eu\/wp-content\/uploads\/2021\/09\/dragana-1.svg\"><img loading=\"lazy\" decoding=\"async\" class=\"size-full wp-image-27927\" src=\"https:\/\/ctp.eu\/wp-content\/uploads\/2021\/09\/dragana-1.svg\" alt=\"\" width=\"180\" height=\"80\" \/><\/a><figcaption id=\"caption-attachment-27927\" class=\"wp-caption-text\">Dragana D.<\/figcaption><\/figure>\n<figure id=\"attachment_28060\" aria-describedby=\"caption-attachment-28060\" style=\"width: 180px\" class=\"wp-caption alignleft\"><a href=\"https:\/\/ctp.eu\/wp-content\/uploads\/2021\/09\/vlad-1.svg\"><img loading=\"lazy\" decoding=\"async\" class=\"size-full wp-image-28060\" src=\"https:\/\/ctp.eu\/wp-content\/uploads\/2021\/09\/vlad-1.svg\" alt=\"\" width=\"180\" height=\"80\" \/><\/a><figcaption id=\"caption-attachment-28060\" class=\"wp-caption-text\">Vladim\u00edr D.<\/figcaption><\/figure>\n<figure id=\"attachment_27983\" aria-describedby=\"caption-attachment-27983\" style=\"width: 180px\" class=\"wp-caption alignleft\"><a href=\"https:\/\/ctp.eu\/wp-content\/uploads\/2021\/09\/karl-1.svg\"><img loading=\"lazy\" decoding=\"async\" class=\"size-full wp-image-27983\" src=\"https:\/\/ctp.eu\/wp-content\/uploads\/2021\/09\/karl-1.svg\" alt=\"\" width=\"180\" height=\"80\" \/><\/a><figcaption id=\"caption-attachment-27983\" class=\"wp-caption-text\">Karl B.<\/figcaption><\/figure>\n<figure id=\"attachment_28018\" aria-describedby=\"caption-attachment-28018\" style=\"width: 180px\" class=\"wp-caption alignleft\"><a href=\"https:\/\/ctp.eu\/wp-content\/uploads\/2021\/09\/ralp-1.svg\"><img loading=\"lazy\" decoding=\"async\" class=\"size-full wp-image-28018\" src=\"https:\/\/ctp.eu\/wp-content\/uploads\/2021\/09\/ralp-1.svg\" alt=\"\" width=\"180\" height=\"80\" \/><\/a><figcaption id=\"caption-attachment-28018\" class=\"wp-caption-text\">Ralph dM.<\/figcaption><\/figure>\n<\/div>\n<style>\n.top30icons .wp-caption{position: relative;  display: inline-block;margin-right: 30px;    text-align: center;}<br \/>\n<\/style>","protected":false},"excerpt":{"rendered":"","protected":false},"author":22,"featured_media":0,"parent":0,"menu_order":0,"comment_status":"closed","ping_status":"closed","template":"","meta":{"_acf_changed":false,"footnotes":""},"class_list":["post-27758","page","type-page","status-publish","hentry"],"acf":[],"yoast_head":"<title>Meet the New Top 30 - Commercial Real Estate Developer And Manager<\/title>\n<meta name=\"robots\" content=\"index, follow, max-snippet:-1, max-image-preview:large, max-video-preview:-1\" \/>\n<link rel=\"canonical\" href=\"https:\/\/ctp.eu\/sk\/top-30-icons\/\" \/>\n<meta property=\"og:locale\" content=\"sk_SK\" \/>\n<meta property=\"og:type\" content=\"article\" \/>\n<meta property=\"og:title\" content=\"Meet the New Top 30\" \/>\n<meta property=\"og:url\" content=\"https:\/\/ctp.eu\/sk\/top-30-icons\/\" \/>\n<meta property=\"og:site_name\" content=\"Commercial Real Estate Developer And Manager\" \/>\n<meta property=\"article:modified_time\" content=\"2021-09-22T14:26:12+00:00\" \/>\n<meta property=\"og:image\" content=\"https:\/\/ctp.eu\/wp-content\/uploads\/2021\/09\/remon-1.svg\" \/>\n<meta name=\"twitter:card\" content=\"summary_large_image\" \/>\n<meta name=\"twitter:label1\" content=\"Predpokladan\u00fd \u010das \u010d\u00edtania\" \/>\n\t<meta name=\"twitter:data1\" content=\"1 min\u00fata\" \/>\n<script type=\"application\/ld+json\" class=\"yoast-schema-graph\">{\"@context\":\"https:\\\/\\\/schema.org\",\"@graph\":[{\"@type\":\"WebPage\",\"@id\":\"https:\\\/\\\/ctp.eu\\\/top-30-icons\\\/\",\"url\":\"https:\\\/\\\/ctp.eu\\\/top-30-icons\\\/\",\"name\":\"Meet the New Top 30 - Commercial Real Estate Developer And Manager\",\"isPartOf\":{\"@id\":\"https:\\\/\\\/ctp.eu\\\/#website\"},\"primaryImageOfPage\":{\"@id\":\"https:\\\/\\\/ctp.eu\\\/top-30-icons\\\/#primaryimage\"},\"image\":{\"@id\":\"https:\\\/\\\/ctp.eu\\\/top-30-icons\\\/#primaryimage\"},\"thumbnailUrl\":\"https:\\\/\\\/ctp.eu\\\/wp-content\\\/uploads\\\/2021\\\/09\\\/remon-1.svg\",\"datePublished\":\"2021-09-22T13:52:38+00:00\",\"dateModified\":\"2021-09-22T14:26:12+00:00\",\"breadcrumb\":{\"@id\":\"https:\\\/\\\/ctp.eu\\\/top-30-icons\\\/#breadcrumb\"},\"inLanguage\":\"sk-SK\",\"potentialAction\":[{\"@type\":\"ReadAction\",\"target\":[\"https:\\\/\\\/ctp.eu\\\/top-30-icons\\\/\"]}]},{\"@type\":\"ImageObject\",\"inLanguage\":\"sk-SK\",\"@id\":\"https:\\\/\\\/ctp.eu\\\/top-30-icons\\\/#primaryimage\",\"url\":\"https:\\\/\\\/ctp.eu\\\/wp-content\\\/uploads\\\/2021\\\/09\\\/remon-1.svg\",\"contentUrl\":\"https:\\\/\\\/ctp.eu\\\/wp-content\\\/uploads\\\/2021\\\/09\\\/remon-1.svg\"},{\"@type\":\"BreadcrumbList\",\"@id\":\"https:\\\/\\\/ctp.eu\\\/top-30-icons\\\/#breadcrumb\",\"itemListElement\":[{\"@type\":\"ListItem\",\"position\":1,\"name\":\"Home\",\"item\":\"https:\\\/\\\/ctp.eu\\\/\"},{\"@type\":\"ListItem\",\"position\":2,\"name\":\"Meet the New Top 30\"}]},{\"@type\":\"WebSite\",\"@id\":\"https:\\\/\\\/ctp.eu\\\/#website\",\"url\":\"https:\\\/\\\/ctp.eu\\\/\",\"name\":\"Commercial Real Estate Developer And Manager\",\"description\":\"CTP - premium industrial warehouse and office buildings\",\"publisher\":{\"@id\":\"https:\\\/\\\/ctp.eu\\\/#organization\"},\"potentialAction\":[{\"@type\":\"SearchAction\",\"target\":{\"@type\":\"EntryPoint\",\"urlTemplate\":\"https:\\\/\\\/ctp.eu\\\/?s={search_term_string}\"},\"query-input\":{\"@type\":\"PropertyValueSpecification\",\"valueRequired\":true,\"valueName\":\"search_term_string\"}}],\"inLanguage\":\"sk-SK\"},{\"@type\":\"Organization\",\"@id\":\"https:\\\/\\\/ctp.eu\\\/#organization\",\"name\":\"CTP\",\"url\":\"https:\\\/\\\/ctp.eu\\\/\",\"logo\":{\"@type\":\"ImageObject\",\"inLanguage\":\"sk-SK\",\"@id\":\"https:\\\/\\\/ctp.eu\\\/#\\\/schema\\\/logo\\\/image\\\/\",\"url\":\"\",\"contentUrl\":\"\",\"caption\":\"CTP\"},\"image\":{\"@id\":\"https:\\\/\\\/ctp.eu\\\/#\\\/schema\\\/logo\\\/image\\\/\"}}]}<\/script>","yoast_head_json":{"title":"Zozn\u00e1mte sa s 30 nov\u00fdmi Top 30 \u2013 developermi a mana\u017e\u00e9rmi komer\u010dn\u00fdch nehnute\u013enost\u00ed","robots":{"index":"index","follow":"follow","max-snippet":"max-snippet:-1","max-image-preview":"max-image-preview:large","max-video-preview":"max-video-preview:-1"},"canonical":"https:\/\/ctp.eu\/sk\/top-30-icons\/","og_locale":"sk_SK","og_type":"article","og_title":"Meet the New Top 30","og_url":"https:\/\/ctp.eu\/sk\/top-30-icons\/","og_site_name":"Commercial Real Estate Developer And Manager","article_modified_time":"2021-09-22T14:26:12+00:00","og_image":[{"url":"https:\/\/ctp.eu\/wp-content\/uploads\/2021\/09\/remon-1.svg","type":"","width":"","height":""}],"twitter_card":"summary_large_image","twitter_misc":{"Predpokladan\u00fd \u010das \u010d\u00edtania":"1 min\u00fata"},"schema":{"@context":"https:\/\/schema.org","@graph":[{"@type":"WebPage","@id":"https:\/\/ctp.eu\/top-30-icons\/","url":"https:\/\/ctp.eu\/top-30-icons\/","name":"Zozn\u00e1mte sa s 30 nov\u00fdmi Top 30 \u2013 developermi a mana\u017e\u00e9rmi komer\u010dn\u00fdch nehnute\u013enost\u00ed","isPartOf":{"@id":"https:\/\/ctp.eu\/#website"},"primaryImageOfPage":{"@id":"https:\/\/ctp.eu\/top-30-icons\/#primaryimage"},"image":{"@id":"https:\/\/ctp.eu\/top-30-icons\/#primaryimage"},"thumbnailUrl":"https:\/\/ctp.eu\/wp-content\/uploads\/2021\/09\/remon-1.svg","datePublished":"2021-09-22T13:52:38+00:00","dateModified":"2021-09-22T14:26:12+00:00","breadcrumb":{"@id":"https:\/\/ctp.eu\/top-30-icons\/#breadcrumb"},"inLanguage":"sk-SK","potentialAction":[{"@type":"ReadAction","target":["https:\/\/ctp.eu\/top-30-icons\/"]}]},{"@type":"ImageObject","inLanguage":"sk-SK","@id":"https:\/\/ctp.eu\/top-30-icons\/#primaryimage","url":"https:\/\/ctp.eu\/wp-content\/uploads\/2021\/09\/remon-1.svg","contentUrl":"https:\/\/ctp.eu\/wp-content\/uploads\/2021\/09\/remon-1.svg"},{"@type":"BreadcrumbList","@id":"https:\/\/ctp.eu\/top-30-icons\/#breadcrumb","itemListElement":[{"@type":"ListItem","position":1,"name":"Home","item":"https:\/\/ctp.eu\/"},{"@type":"ListItem","position":2,"name":"Meet the New Top 30"}]},{"@type":"WebSite","@id":"https:\/\/ctp.eu\/#website","url":"https:\/\/ctp.eu\/","name":"Developer a mana\u017e\u00e9r komer\u010dn\u00fdch nehnute\u013enost\u00ed","description":"CTP - pr\u00e9miov\u00e9 priemyseln\u00e9 skladov\u00e9 a kancel\u00e1rske budovy","publisher":{"@id":"https:\/\/ctp.eu\/#organization"},"potentialAction":[{"@type":"SearchAction","target":{"@type":"EntryPoint","urlTemplate":"https:\/\/ctp.eu\/?s={search_term_string}"},"query-input":{"@type":"PropertyValueSpecification","valueRequired":true,"valueName":"search_term_string"}}],"inLanguage":"sk-SK"},{"@type":"Organization","@id":"https:\/\/ctp.eu\/#organization","name":"CTP","url":"https:\/\/ctp.eu\/","logo":{"@type":"ImageObject","inLanguage":"sk-SK","@id":"https:\/\/ctp.eu\/#\/schema\/logo\/image\/","url":"","contentUrl":"","caption":"CTP"},"image":{"@id":"https:\/\/ctp.eu\/#\/schema\/logo\/image\/"}}]}},"_links":{"self":[{"href":"https:\/\/ctp.eu\/sk\/wp-json\/wp\/v2\/pages\/27758","targetHints":{"allow":["GET"]}}],"collection":[{"href":"https:\/\/ctp.eu\/sk\/wp-json\/wp\/v2\/pages"}],"about":[{"href":"https:\/\/ctp.eu\/sk\/wp-json\/wp\/v2\/types\/page"}],"author":[{"embeddable":true,"href":"https:\/\/ctp.eu\/sk\/wp-json\/wp\/v2\/users\/22"}],"replies":[{"embeddable":true,"href":"https:\/\/ctp.eu\/sk\/wp-json\/wp\/v2\/comments?post=27758"}],"version-history":[{"count":0,"href":"https:\/\/ctp.eu\/sk\/wp-json\/wp\/v2\/pages\/27758\/revisions"}],"wp:attachment":[{"href":"https:\/\/ctp.eu\/sk\/wp-json\/wp\/v2\/media?parent=27758"}],"curies":[{"name":"wp","href":"https:\/\/api.w.org\/{rel}","templated":true}]}}