{"id":238,"date":"2018-04-17T11:24:00","date_gmt":"2018-04-17T11:24:00","guid":{"rendered":"https:\/\/www.ctp.eu\/?page_id=238"},"modified":"2019-12-04T11:43:12","modified_gmt":"2019-12-04T11:43:12","slug":"development-and-services","status":"publish","type":"page","link":"https:\/\/ctp.eu\/sk\/services\/development-and-services\/","title":{"rendered":"Ako m\u00f4\u017eeme <br\/>v\u00e1m pom\u00f4c\u0165?"},"content":{"rendered":"<p>V modeli komplexn\u00fdch slu\u017eieb s\u00fa v\u0161etky konkuren\u010dn\u00e9 zainteresovan\u00e9 strany zdru\u017een\u00e9 pod jednou strechou, \u010do <strong>u\u013eah\u010duje pr\u00edstup viac zameran\u00fd na klienta.<\/strong> schopn\u00fd <strong>zn\u00ed\u017ei\u0165 zlo\u017eitos\u0165<\/strong> a \u010dasovo n\u00e1ro\u010dn\u00e9 \u0165ahanice medzi r\u00f4znymi zainteresovan\u00fdmi stranami.<\/p>\n<p>\u00dapravy sa daj\u00fa vykona\u0165 r\u00fdchlo <strong>aby vyhovovali individu\u00e1lnym po\u017eiadavk\u00e1m n\u00e1jomcov<\/strong>a z\u00e1rove\u0148 dodr\u017eiava\u0165 normy hospod\u00e1rskej, environment\u00e1lnej a soci\u00e1lnej udr\u017eate\u013enosti bez toho, aby sa spoliehali na nespo\u010detn\u00e9 mno\u017estvo r\u00f4znych subjektov, ktor\u00e9 sa musia navz\u00e1jom koordinova\u0165.<\/p>\n<p>Okrem toho m\u00f4\u017ee model komplexn\u00fdch slu\u017eieb u\u013eah\u010di\u0165 z\u00edskanie <strong>certifik\u00e1cia udr\u017eate\u013enosti tre\u0165ou stranou, <\/strong>ako je BREEAM, popredn\u00e1 svetov\u00e1 met\u00f3da hodnotenia udr\u017eate\u013enosti pre projekty \u00fazemn\u00e9ho pl\u00e1novania, infra\u0161trukt\u00faru a budovy.<\/p>\n<p><strong>Spolo\u010dnos\u0165 CTP stavia svoje budovy pod\u013ea \u0161tandardov BREEAM \"excellent<\/strong> a po dohode s n\u00e1jomcom predlo\u017e\u00ed budovy na certifik\u00e1ciu BREEAM. Hodnotenie zabezpe\u010duje environment\u00e1lnu, soci\u00e1lnu a ekonomick\u00fa udr\u017eate\u013enos\u0165, ako aj pohodu \u013eud\u00ed, ktor\u00ed v nich \u017eij\u00fa a pracuj\u00fa.<\/p>\n<p class=\"perex\">","protected":false},"excerpt":{"rendered":"<p>V modeli komplexn\u00fdch slu\u017eieb s\u00fa v\u0161etky konkuren\u010dn\u00e9 zainteresovan\u00e9 strany zdru\u017een\u00e9 pod jednou strechou, \u010do u\u013eah\u010duje pr\u00edstup viac zameran\u00fd na klienta, ktor\u00fd je schopn\u00fd<\/p>","protected":false},"author":67,"featured_media":0,"parent":66,"menu_order":0,"comment_status":"closed","ping_status":"closed","template":"services-page.php","meta":{"_acf_changed":false,"footnotes":""},"class_list":["post-238","page","type-page","status-publish","hentry"],"acf":[],"yoast_head":"<title>How can we help you? - Commercial Real Estate Developer And Manager<\/title>\n<meta name=\"robots\" content=\"index, follow, max-snippet:-1, max-image-preview:large, max-video-preview:-1\" \/>\n<link rel=\"canonical\" href=\"https:\/\/ctp.eu\/sk\/services\/development-and-services\/\" \/>\n<meta property=\"og:locale\" content=\"sk_SK\" \/>\n<meta property=\"og:type\" content=\"article\" \/>\n<meta property=\"og:title\" content=\"How can we help you?\" \/>\n<meta property=\"og:description\" content=\"In the full-service model, compet\u00ading stakeholders are all brought under one roof, which facilitates a more client-centric approach able to\" \/>\n<meta property=\"og:url\" content=\"https:\/\/ctp.eu\/sk\/services\/development-and-services\/\" \/>\n<meta property=\"og:site_name\" content=\"Commercial Real Estate Developer And Manager\" \/>\n<meta property=\"article:modified_time\" content=\"2019-12-04T11:43:12+00:00\" \/>\n<meta name=\"twitter:card\" content=\"summary_large_image\" \/>\n<meta name=\"twitter:label1\" content=\"Predpokladan\u00fd \u010das \u010d\u00edtania\" \/>\n\t<meta name=\"twitter:data1\" content=\"1 min\u00fata\" \/>\n<script type=\"application\/ld+json\" class=\"yoast-schema-graph\">{\"@context\":\"https:\/\/schema.org\",\"@graph\":[{\"@type\":\"WebPage\",\"@id\":\"https:\/\/ctp.eu\/services\/development-and-services\/\",\"url\":\"https:\/\/ctp.eu\/services\/development-and-services\/\",\"name\":\"How can we help you? - Commercial Real Estate Developer And Manager\",\"isPartOf\":{\"@id\":\"https:\/\/ctp.eu\/#website\"},\"datePublished\":\"2018-04-17T11:24:00+00:00\",\"dateModified\":\"2019-12-04T11:43:12+00:00\",\"breadcrumb\":{\"@id\":\"https:\/\/ctp.eu\/services\/development-and-services\/#breadcrumb\"},\"inLanguage\":\"sk-SK\",\"potentialAction\":[{\"@type\":\"ReadAction\",\"target\":[\"https:\/\/ctp.eu\/services\/development-and-services\/\"]}]},{\"@type\":\"BreadcrumbList\",\"@id\":\"https:\/\/ctp.eu\/services\/development-and-services\/#breadcrumb\",\"itemListElement\":[{\"@type\":\"ListItem\",\"position\":1,\"name\":\"Home\",\"item\":\"https:\/\/ctp.eu\/\"},{\"@type\":\"ListItem\",\"position\":2,\"name\":\"Services\",\"item\":\"https:\/\/ctp.eu\/services\/\"},{\"@type\":\"ListItem\",\"position\":3,\"name\":\"How can we help you?\"}]},{\"@type\":\"WebSite\",\"@id\":\"https:\/\/ctp.eu\/#website\",\"url\":\"https:\/\/ctp.eu\/\",\"name\":\"Commercial Real Estate Developer And Manager\",\"description\":\"CTP - premium industrial warehouse and office buildings\",\"publisher\":{\"@id\":\"https:\/\/ctp.eu\/#organization\"},\"potentialAction\":[{\"@type\":\"SearchAction\",\"target\":{\"@type\":\"EntryPoint\",\"urlTemplate\":\"https:\/\/ctp.eu\/?s={search_term_string}\"},\"query-input\":{\"@type\":\"PropertyValueSpecification\",\"valueRequired\":true,\"valueName\":\"search_term_string\"}}],\"inLanguage\":\"sk-SK\"},{\"@type\":\"Organization\",\"@id\":\"https:\/\/ctp.eu\/#organization\",\"name\":\"CTP\",\"url\":\"https:\/\/ctp.eu\/\",\"logo\":{\"@type\":\"ImageObject\",\"inLanguage\":\"sk-SK\",\"@id\":\"https:\/\/ctp.eu\/#\/schema\/logo\/image\/\",\"url\":\"\",\"contentUrl\":\"\",\"caption\":\"CTP\"},\"image\":{\"@id\":\"https:\/\/ctp.eu\/#\/schema\/logo\/image\/\"}}]}<\/script>","yoast_head_json":{"title":"Ako v\u00e1m m\u00f4\u017eeme pom\u00f4c\u0165? - Developer a mana\u017e\u00e9r komer\u010dn\u00fdch nehnute\u013enost\u00ed","robots":{"index":"index","follow":"follow","max-snippet":"max-snippet:-1","max-image-preview":"max-image-preview:large","max-video-preview":"max-video-preview:-1"},"canonical":"https:\/\/ctp.eu\/sk\/services\/development-and-services\/","og_locale":"sk_SK","og_type":"article","og_title":"How can we help you?","og_description":"In the full-service model, compet\u00ading stakeholders are all brought under one roof, which facilitates a more client-centric approach able to","og_url":"https:\/\/ctp.eu\/sk\/services\/development-and-services\/","og_site_name":"Commercial Real Estate Developer And Manager","article_modified_time":"2019-12-04T11:43:12+00:00","twitter_card":"summary_large_image","twitter_misc":{"Predpokladan\u00fd \u010das \u010d\u00edtania":"1 min\u00fata"},"schema":{"@context":"https:\/\/schema.org","@graph":[{"@type":"WebPage","@id":"https:\/\/ctp.eu\/services\/development-and-services\/","url":"https:\/\/ctp.eu\/services\/development-and-services\/","name":"Ako v\u00e1m m\u00f4\u017eeme pom\u00f4c\u0165? - Developer a mana\u017e\u00e9r komer\u010dn\u00fdch nehnute\u013enost\u00ed","isPartOf":{"@id":"https:\/\/ctp.eu\/#website"},"datePublished":"2018-04-17T11:24:00+00:00","dateModified":"2019-12-04T11:43:12+00:00","breadcrumb":{"@id":"https:\/\/ctp.eu\/services\/development-and-services\/#breadcrumb"},"inLanguage":"sk-SK","potentialAction":[{"@type":"ReadAction","target":["https:\/\/ctp.eu\/services\/development-and-services\/"]}]},{"@type":"BreadcrumbList","@id":"https:\/\/ctp.eu\/services\/development-and-services\/#breadcrumb","itemListElement":[{"@type":"ListItem","position":1,"name":"Home","item":"https:\/\/ctp.eu\/"},{"@type":"ListItem","position":2,"name":"Services","item":"https:\/\/ctp.eu\/services\/"},{"@type":"ListItem","position":3,"name":"How can we help you?"}]},{"@type":"WebSite","@id":"https:\/\/ctp.eu\/#website","url":"https:\/\/ctp.eu\/","name":"Developer a mana\u017e\u00e9r komer\u010dn\u00fdch nehnute\u013enost\u00ed","description":"CTP - pr\u00e9miov\u00e9 priemyseln\u00e9 skladov\u00e9 a kancel\u00e1rske budovy","publisher":{"@id":"https:\/\/ctp.eu\/#organization"},"potentialAction":[{"@type":"SearchAction","target":{"@type":"EntryPoint","urlTemplate":"https:\/\/ctp.eu\/?s={search_term_string}"},"query-input":{"@type":"PropertyValueSpecification","valueRequired":true,"valueName":"search_term_string"}}],"inLanguage":"sk-SK"},{"@type":"Organization","@id":"https:\/\/ctp.eu\/#organization","name":"CTP","url":"https:\/\/ctp.eu\/","logo":{"@type":"ImageObject","inLanguage":"sk-SK","@id":"https:\/\/ctp.eu\/#\/schema\/logo\/image\/","url":"","contentUrl":"","caption":"CTP"},"image":{"@id":"https:\/\/ctp.eu\/#\/schema\/logo\/image\/"}}]}},"_links":{"self":[{"href":"https:\/\/ctp.eu\/sk\/wp-json\/wp\/v2\/pages\/238","targetHints":{"allow":["GET"]}}],"collection":[{"href":"https:\/\/ctp.eu\/sk\/wp-json\/wp\/v2\/pages"}],"about":[{"href":"https:\/\/ctp.eu\/sk\/wp-json\/wp\/v2\/types\/page"}],"author":[{"embeddable":true,"href":"https:\/\/ctp.eu\/sk\/wp-json\/wp\/v2\/users\/67"}],"replies":[{"embeddable":true,"href":"https:\/\/ctp.eu\/sk\/wp-json\/wp\/v2\/comments?post=238"}],"version-history":[{"count":0,"href":"https:\/\/ctp.eu\/sk\/wp-json\/wp\/v2\/pages\/238\/revisions"}],"up":[{"embeddable":true,"href":"https:\/\/ctp.eu\/sk\/wp-json\/wp\/v2\/pages\/66"}],"wp:attachment":[{"href":"https:\/\/ctp.eu\/sk\/wp-json\/wp\/v2\/media?parent=238"}],"curies":[{"name":"wp","href":"https:\/\/api.w.org\/{rel}","templated":true}]}}