{"id":2001,"date":"2018-05-10T13:17:39","date_gmt":"2018-05-10T13:17:39","guid":{"rendered":"https:\/\/www.ctp.eu\/?page_id=2001"},"modified":"2020-08-28T10:58:58","modified_gmt":"2020-08-28T10:58:58","slug":"consent-to-the-processing-of-personal-data","status":"publish","type":"page","link":"https:\/\/ctp.eu\/sk\/ctp-policies\/consent-to-the-processing-of-personal-data\/","title":{"rendered":"S\u00fahlas so spracovan\u00edm osobn\u00fdch \u00fadajov"},"content":{"rendered":"<div class=\"policy\">\n<p><strong>Ozn\u00e1menie o ochrane osobn\u00fdch \u00fadajov<\/strong><\/p>\n<p>Toto ozn\u00e1menie o ochrane osobn\u00fdch \u00fadajov sa vz\u0165ahuje na dodr\u017eiavanie pr\u00e1va na s\u00fakromie z h\u013eadiska ochrany osobn\u00fdch \u00fadajov v s\u00favislosti s touto webovou str\u00e1nkou, ktor\u00fa prev\u00e1dzkuje <strong>CTP invest, spol. s.r.o.<\/strong>, so s\u00eddlom CTPark Humpolec, 39601 Humpolec, zap\u00edsan\u00e1 v obchodnom registri vedenom Krajsk\u00fdm s\u00fadom v \u010cesk\u00fdch Bud\u011bjoviciach, sp. zn. C 15647 (\"<strong>ovl\u00e1da\u010d<\/strong>\u201c).<\/p>\n<p>&nbsp;<\/p>\n<p><strong>Ochrana s\u00fakromia a osobn\u00fdch \u00fadajov<\/strong><\/p>\n<p><strong>CTP invest, spol. s.r.o.<\/strong> v r\u00e1mci svojej \u010dinnosti sprac\u00fava osobn\u00e9 \u00fadaje svojich klientov a vystupuje ako prev\u00e1dzkovate\u013e pod\u013ea nariadenia Eur\u00f3pskeho parlamentu a Rady (E\u00da) 2016\/679 z 27. apr\u00edla 2016 o ochrane fyzick\u00fdch os\u00f4b pri sprac\u00favan\u00ed osobn\u00fdch \u00fadajov (\"<strong>GDPR<\/strong>\"). V r\u00e1mci na\u0161ich povinnost\u00ed ako prev\u00e1dzkovate\u013ea v\u00e1m predklad\u00e1me tento dokument, v ktorom v\u00e1m poskytujeme inform\u00e1cie o sp\u00f4sobe, rozsahu a \u010fal\u0161\u00edch podmienkach spracovania va\u0161ich osobn\u00fdch \u00fadajov na na\u0161ej webovej lokalite.<\/p>\n<p>&nbsp;<\/p>\n<p><strong>Ak\u00e9 osobn\u00e9 \u00fadaje sprac\u00favame?<\/strong><\/p>\n<p>Na na\u0161ej webovej lokalite sprac\u00favame va\u0161e osobn\u00e9 \u00fadaje obsahuj\u00face IP adresu, inform\u00e1cie o opera\u010dnom syst\u00e9me a type prehliada\u010da a koncov\u00e9ho zariadenia a inform\u00e1cie t\u00fdkaj\u00face sa va\u0161ej aktivity na na\u0161ej webovej lokalite, ktor\u00e9 s\u00fa zaznamenan\u00e9 a ulo\u017een\u00e9 pomocou s\u00faborov cookie.<\/p>\n<p>&nbsp;<\/p>\n<p><strong>Ak\u00fd je \u00fa\u010del spracovania va\u0161ich osobn\u00fdch \u00fadajov?<\/strong><\/p>\n<p>Prev\u00e1dzkovate\u013e sprac\u00fava a uchov\u00e1va va\u0161e osobn\u00e9 \u00fadaje za podmienok a v rozsahu stanovenom platn\u00fdmi pr\u00e1vnymi predpismi na tieto \u00fa\u010dely:<\/p>\n<ol>\n<li>Spracovanie, na ktor\u00e9 nepotrebujeme v\u00e1\u0161 s\u00fahlas:<\/li>\n<\/ol>\n<p><em>Optimaliz\u00e1cia fungovania webovej str\u00e1nky<\/em><\/p>\n<p>Osobn\u00e9 \u00fadaje sprac\u00favame na \u00fa\u010dely spr\u00e1vneho fungovania webovej str\u00e1nky, individualiz\u00e1cie obsahu webovej str\u00e1nky pre pou\u017e\u00edvate\u013eov a zv\u00fd\u0161enia komfortu jej pou\u017e\u00edvania.<\/p>\n<p>Ukladanie s\u00faborov cookie do koncov\u00e9ho zariadenia m\u00f4\u017eete zak\u00e1za\u0165 pr\u00edslu\u0161nou \u00fapravou nastaven\u00ed prehliada\u010da. To v\u0161ak m\u00f4\u017ee obmedzi\u0165 fungovanie webovej str\u00e1nky vr\u00e1tane znemo\u017enenia pr\u00edstupu k niektor\u00fdm jej \u010dastiam. Ak ste prehliada\u010d neupravili, n\u00e1\u0161 syst\u00e9m bude s\u00fabory cookie odosiela\u0165 automaticky v\u017edy, ke\u010f sa prihl\u00e1site na na\u0161u webov\u00fa lokalitu.<\/p>\n<p>S\u00fabory cookie ulo\u017een\u00e9 v zariaden\u00ed m\u00f4\u017eete odstr\u00e1ni\u0165 vymazan\u00edm hist\u00f3rie prehliadania v po\u010d\u00edta\u010di. M\u00f4\u017eete si tie\u017e zvoli\u0165 zobrazenie na\u0161ej webovej str\u00e1nky v \"s\u00fakromnom\" re\u017eime, ktor\u00fd obmedzuje rozsah \u00fadajov zaznamenan\u00fdch po\u010d\u00edta\u010dom.<\/p>\n<p>&nbsp;<\/p>\n<p>2. Spracovanie, ktor\u00e9 vykon\u00e1vame len s va\u0161\u00edm s\u00fahlasom:<\/p>\n<p><em>Marketingov\u00e9 \u00fa\u010dely<\/em><\/p>\n<p>Va\u0161e osobn\u00e9 \u00fadaje vo forme marketingov\u00fdch s\u00faborov cookie sa pou\u017e\u00edvaj\u00fa na vyhodnotenie va\u0161ich preferenci\u00ed, v\u010faka ktor\u00fdm sa zobrazuje reklama, ktor\u00e1 je pre v\u00e1s relevantn\u00e1.<\/p>\n<p>T\u00e1to webov\u00e1 str\u00e1nka na tento \u00fa\u010del vyu\u017e\u00edva marketingov\u00e9 n\u00e1stroje tret\u00edch str\u00e1n:<\/p>\n<ul>\n<li>\u00dadaje slu\u017eby Google Analytics;<\/li>\n<li>Facebook;<\/li>\n<li>Leady.cz;<\/li>\n<li>Podobn\u00ed poskytovatelia analytick\u00fdch a marketingov\u00fdch n\u00e1strojov.<\/li>\n<\/ul>\n<p>V\u00e1\u0161 s\u00fahlas udelen\u00fd na marketingov\u00e9 \u00fa\u010dely je dobrovo\u013en\u00fd a ak ho neudel\u00edte, m\u00f4\u017eete si na\u010falej prezera\u0165 na\u0161u webov\u00fa str\u00e1nku. S\u00fahlas m\u00f4\u017eete kedyko\u013evek odvola\u0165.<\/p>\n<ul>\n<li>Distrib\u00facia informa\u010dn\u00e9ho bulletinu a in\u00fdch obchodn\u00fdch ozn\u00e1men\u00ed<\/li>\n<\/ul>\n<p>S\u00fahlas udelen\u00fd na \u00fa\u010dely zasielania informa\u010dn\u00fdch bulletinov a in\u00fdch obchodn\u00fdch ozn\u00e1men\u00ed je dobrovo\u013en\u00fd, av\u0161ak ak ho neudel\u00edte, nebudete m\u00f4c\u0165 pravidelne dost\u00e1va\u0165 inform\u00e1cie a novinky t\u00fdkaj\u00face sa na\u0161ich aktiv\u00edt. Svoj s\u00fahlas m\u00f4\u017eete kedyko\u013evek odvola\u0165, podrobn\u00e9 inform\u00e1cie o sp\u00f4sobe odvolania s\u00fahlasu s\u00fa uveden\u00e9 v ka\u017edom e-maile.<\/p>\n<p>&nbsp;<\/p>\n<p><strong>Ak\u00fd je pr\u00e1vny z\u00e1klad pre spracovanie?<\/strong><\/p>\n<p>Pr\u00e1vnym d\u00f4vodom v prvom pr\u00edpade (odsek a.) je opr\u00e1vnen\u00fd z\u00e1ujem prev\u00e1dzkovate\u013ea spo\u010d\u00edvaj\u00faci v riadnom fungovan\u00ed webovej str\u00e1nky a v pr\u00edpade, \u017ee sa \u00fadaje sprac\u00favaj\u00fa na marketingov\u00e9 \u00fa\u010dely (odsek b.), je t\u00fdmto d\u00f4vodom v\u00e1\u0161 v\u00fdslovn\u00fd s\u00fahlas.<\/p>\n<p>&nbsp;<\/p>\n<p><strong>Komu sa \u00fadaje pren\u00e1\u0161aj\u00fa?<\/strong><\/p>\n<p>Vami poskytnut\u00e9 osobn\u00e9 \u00fadaje sprac\u00favame a uklad\u00e1me v\u00e4\u010d\u0161inou sami. V nevyhnutne potrebnom rozsahu m\u00f4\u017eu \u00fadaje sprac\u00fava\u0165 in\u00ed spracovatelia, napr\u00edklad poskytovatelia \u00fa\u010dtovn\u00fdch a IT slu\u017eieb, a to v\u00fdlu\u010dne na z\u00e1klade zmluvy o spracovan\u00ed \u00fadajov. Pokia\u013e ide o spracovanie na marketingov\u00e9 \u00fa\u010dely na z\u00e1klade v\u00e1\u0161ho s\u00fahlasu, va\u0161e osobn\u00e9 \u00fadaje odovzd\u00e1vame subjektom, ktor\u00e9 n\u00e1m poskytuj\u00fa marketingov\u00e9 slu\u017eby.<\/p>\n<p>&nbsp;<\/p>\n<p><strong>Ako dlho budeme va\u0161e osobn\u00e9 \u00fadaje spracov\u00e1va\u0165?<\/strong><\/p>\n<p>Va\u0161e osobn\u00e9 \u00fadaje sa sprac\u00favaj\u00fa po dobu nevyhnutne potrebn\u00fa na splnenie pr\u00edslu\u0161n\u00e9ho \u00fa\u010delu sprac\u00favania, t. j. minim\u00e1lne po dobu platnosti pr\u00edslu\u0161nej zmluvy, po dobu platnosti s\u00fahlasu a po dobu, po\u010das ktorej je Prev\u00e1dzkovate\u013e povinn\u00fd alebo opr\u00e1vnen\u00fd uchov\u00e1va\u0165 \u00fadaje v s\u00falade so v\u0161eobecne z\u00e1v\u00e4zn\u00fdmi pr\u00e1vnymi predpismi.<\/p>\n<p>&nbsp;<\/p>\n<p><strong>Ak\u00e9 s\u00fa moje pr\u00e1va t\u00fdkaj\u00face sa ochrany osobn\u00fdch \u00fadajov?<\/strong><\/p>\n<p>Ako dotknut\u00e1 osoba m\u00e1te v\u0161etky pr\u00e1va pod\u013ea GDPR, okrem in\u00e9ho:<\/p>\n<ol>\n<li>pr\u00e1vo na inform\u00e1cie o spracovan\u00ed va\u0161ich osobn\u00fdch \u00fadajov;<\/li>\n<li>pr\u00e1vo na pr\u00edstup k va\u0161im osobn\u00fdm \u00fadajom;<\/li>\n<li>pr\u00e1vo po\u017eiada\u0165 prev\u00e1dzkovate\u013ea o opravu, vymazanie alebo obmedzenie sprac\u00favania va\u0161ich osobn\u00fdch \u00fadajov;<\/li>\n<li>pr\u00e1vo namieta\u0165 proti spracovaniu va\u0161ich osobn\u00fdch \u00fadajov;<\/li>\n<li>pr\u00e1vo z\u00edska\u0165 svoje osobn\u00e9 \u00fadaje (prenosnos\u0165 \u00fadajov) a<\/li>\n<li>pr\u00e1vo poda\u0165 s\u0165a\u017enos\u0165 na \u00darade pre spracovanie osobn\u00fdch \u00fadajov.<\/li>\n<\/ol>\n<p>&nbsp;<\/p>\n<p><strong>Ako m\u00f4\u017eem kontaktova\u0165 spr\u00e1vcu svojich osobn\u00fdch \u00fadajov?<\/strong><\/p>\n<p>V s\u00favislosti s ochranou va\u0161ich osobn\u00fdch \u00fadajov a uplat\u0148ovan\u00edm va\u0161ich pr\u00e1v vr\u00e1tane odvolania s\u00fahlasu m\u00f4\u017eete kontaktova\u0165 prev\u00e1dzkovate\u013ea listom zaslan\u00fdm na adresu s\u00eddla prev\u00e1dzkovate\u013ea, p\u00edsomne na e-mailov\u00fa adresu: <a href=\"mailto:info@ctp.eu\">info@ctp.eu<\/a> a telefonicky na: +420 222 390 942.<\/p>\n<\/div>","protected":false},"excerpt":{"rendered":"<p>Toto ozn\u00e1menie o ochrane osobn\u00fdch \u00fadajov sa vz\u0165ahuje na dodr\u017eiavanie pr\u00e1va na s\u00fakromie z h\u013eadiska osobn\u00fdch \u00fadajov<\/p>","protected":false},"author":67,"featured_media":0,"parent":6125,"menu_order":0,"comment_status":"closed","ping_status":"closed","template":"","meta":{"_acf_changed":false,"footnotes":""},"class_list":["post-2001","page","type-page","status-publish","hentry"],"acf":[],"yoast_head":"<title>Consent to the processing of personal data - Commercial Real Estate Developer And Manager<\/title>\n<meta name=\"robots\" content=\"index, follow, max-snippet:-1, max-image-preview:large, max-video-preview:-1\" \/>\n<link rel=\"canonical\" href=\"https:\/\/ctp.eu\/sk\/ctp-policies\/consent-to-the-processing-of-personal-data\/\" \/>\n<meta property=\"og:locale\" content=\"sk_SK\" \/>\n<meta property=\"og:type\" content=\"article\" \/>\n<meta property=\"og:title\" content=\"Consent to the processing of personal data\" \/>\n<meta property=\"og:description\" content=\"Privacy Notice This privacy notice applies to observing the right to privacy from the point of view of personal data\" \/>\n<meta property=\"og:url\" content=\"https:\/\/ctp.eu\/sk\/ctp-policies\/consent-to-the-processing-of-personal-data\/\" \/>\n<meta property=\"og:site_name\" content=\"Commercial Real Estate Developer And Manager\" \/>\n<meta property=\"article:modified_time\" content=\"2020-08-28T10:58:58+00:00\" \/>\n<meta name=\"twitter:card\" content=\"summary_large_image\" \/>\n<meta name=\"twitter:label1\" content=\"Predpokladan\u00fd \u010das \u010d\u00edtania\" \/>\n\t<meta name=\"twitter:data1\" content=\"4 min\u00faty\" \/>\n<script type=\"application\/ld+json\" class=\"yoast-schema-graph\">{\"@context\":\"https:\\\/\\\/schema.org\",\"@graph\":[{\"@type\":\"WebPage\",\"@id\":\"https:\\\/\\\/ctp.eu\\\/ctp-policies\\\/consent-to-the-processing-of-personal-data\\\/\",\"url\":\"https:\\\/\\\/ctp.eu\\\/ctp-policies\\\/consent-to-the-processing-of-personal-data\\\/\",\"name\":\"Consent to the processing of personal data - Commercial Real Estate Developer And Manager\",\"isPartOf\":{\"@id\":\"https:\\\/\\\/ctp.eu\\\/#website\"},\"datePublished\":\"2018-05-10T13:17:39+00:00\",\"dateModified\":\"2020-08-28T10:58:58+00:00\",\"breadcrumb\":{\"@id\":\"https:\\\/\\\/ctp.eu\\\/ctp-policies\\\/consent-to-the-processing-of-personal-data\\\/#breadcrumb\"},\"inLanguage\":\"sk-SK\",\"potentialAction\":[{\"@type\":\"ReadAction\",\"target\":[\"https:\\\/\\\/ctp.eu\\\/ctp-policies\\\/consent-to-the-processing-of-personal-data\\\/\"]}]},{\"@type\":\"BreadcrumbList\",\"@id\":\"https:\\\/\\\/ctp.eu\\\/ctp-policies\\\/consent-to-the-processing-of-personal-data\\\/#breadcrumb\",\"itemListElement\":[{\"@type\":\"ListItem\",\"position\":1,\"name\":\"Home\",\"item\":\"https:\\\/\\\/ctp.eu\\\/\"},{\"@type\":\"ListItem\",\"position\":2,\"name\":\"CTP Policies\",\"item\":\"https:\\\/\\\/ctp.eu\\\/ctp-policies\\\/\"},{\"@type\":\"ListItem\",\"position\":3,\"name\":\"Consent to the processing of personal data\"}]},{\"@type\":\"WebSite\",\"@id\":\"https:\\\/\\\/ctp.eu\\\/#website\",\"url\":\"https:\\\/\\\/ctp.eu\\\/\",\"name\":\"Commercial Real Estate Developer And Manager\",\"description\":\"CTP - premium industrial warehouse and office buildings\",\"publisher\":{\"@id\":\"https:\\\/\\\/ctp.eu\\\/#organization\"},\"potentialAction\":[{\"@type\":\"SearchAction\",\"target\":{\"@type\":\"EntryPoint\",\"urlTemplate\":\"https:\\\/\\\/ctp.eu\\\/?s={search_term_string}\"},\"query-input\":{\"@type\":\"PropertyValueSpecification\",\"valueRequired\":true,\"valueName\":\"search_term_string\"}}],\"inLanguage\":\"sk-SK\"},{\"@type\":\"Organization\",\"@id\":\"https:\\\/\\\/ctp.eu\\\/#organization\",\"name\":\"CTP\",\"url\":\"https:\\\/\\\/ctp.eu\\\/\",\"logo\":{\"@type\":\"ImageObject\",\"inLanguage\":\"sk-SK\",\"@id\":\"https:\\\/\\\/ctp.eu\\\/#\\\/schema\\\/logo\\\/image\\\/\",\"url\":\"\",\"contentUrl\":\"\",\"caption\":\"CTP\"},\"image\":{\"@id\":\"https:\\\/\\\/ctp.eu\\\/#\\\/schema\\\/logo\\\/image\\\/\"}}]}<\/script>","yoast_head_json":{"title":"S\u00fahlas so spracovan\u00edm osobn\u00fdch \u00fadajov - Komer\u010dn\u00e9 nehnute\u013enosti Developer a mana\u017e\u00e9r","robots":{"index":"index","follow":"follow","max-snippet":"max-snippet:-1","max-image-preview":"max-image-preview:large","max-video-preview":"max-video-preview:-1"},"canonical":"https:\/\/ctp.eu\/sk\/ctp-policies\/consent-to-the-processing-of-personal-data\/","og_locale":"sk_SK","og_type":"article","og_title":"Consent to the processing of personal data","og_description":"Privacy Notice This privacy notice applies to observing the right to privacy from the point of view of personal data","og_url":"https:\/\/ctp.eu\/sk\/ctp-policies\/consent-to-the-processing-of-personal-data\/","og_site_name":"Commercial Real Estate Developer And Manager","article_modified_time":"2020-08-28T10:58:58+00:00","twitter_card":"summary_large_image","twitter_misc":{"Predpokladan\u00fd \u010das \u010d\u00edtania":"4 min\u00faty"},"schema":{"@context":"https:\/\/schema.org","@graph":[{"@type":"WebPage","@id":"https:\/\/ctp.eu\/ctp-policies\/consent-to-the-processing-of-personal-data\/","url":"https:\/\/ctp.eu\/ctp-policies\/consent-to-the-processing-of-personal-data\/","name":"S\u00fahlas so spracovan\u00edm osobn\u00fdch \u00fadajov - Komer\u010dn\u00e9 nehnute\u013enosti Developer a mana\u017e\u00e9r","isPartOf":{"@id":"https:\/\/ctp.eu\/#website"},"datePublished":"2018-05-10T13:17:39+00:00","dateModified":"2020-08-28T10:58:58+00:00","breadcrumb":{"@id":"https:\/\/ctp.eu\/ctp-policies\/consent-to-the-processing-of-personal-data\/#breadcrumb"},"inLanguage":"sk-SK","potentialAction":[{"@type":"ReadAction","target":["https:\/\/ctp.eu\/ctp-policies\/consent-to-the-processing-of-personal-data\/"]}]},{"@type":"BreadcrumbList","@id":"https:\/\/ctp.eu\/ctp-policies\/consent-to-the-processing-of-personal-data\/#breadcrumb","itemListElement":[{"@type":"ListItem","position":1,"name":"Home","item":"https:\/\/ctp.eu\/"},{"@type":"ListItem","position":2,"name":"CTP Policies","item":"https:\/\/ctp.eu\/ctp-policies\/"},{"@type":"ListItem","position":3,"name":"Consent to the processing of personal data"}]},{"@type":"WebSite","@id":"https:\/\/ctp.eu\/#website","url":"https:\/\/ctp.eu\/","name":"Developer a mana\u017e\u00e9r komer\u010dn\u00fdch nehnute\u013enost\u00ed","description":"CTP - pr\u00e9miov\u00e9 priemyseln\u00e9 skladov\u00e9 a kancel\u00e1rske budovy","publisher":{"@id":"https:\/\/ctp.eu\/#organization"},"potentialAction":[{"@type":"SearchAction","target":{"@type":"EntryPoint","urlTemplate":"https:\/\/ctp.eu\/?s={search_term_string}"},"query-input":{"@type":"PropertyValueSpecification","valueRequired":true,"valueName":"search_term_string"}}],"inLanguage":"sk-SK"},{"@type":"Organization","@id":"https:\/\/ctp.eu\/#organization","name":"CTP","url":"https:\/\/ctp.eu\/","logo":{"@type":"ImageObject","inLanguage":"sk-SK","@id":"https:\/\/ctp.eu\/#\/schema\/logo\/image\/","url":"","contentUrl":"","caption":"CTP"},"image":{"@id":"https:\/\/ctp.eu\/#\/schema\/logo\/image\/"}}]}},"_links":{"self":[{"href":"https:\/\/ctp.eu\/sk\/wp-json\/wp\/v2\/pages\/2001","targetHints":{"allow":["GET"]}}],"collection":[{"href":"https:\/\/ctp.eu\/sk\/wp-json\/wp\/v2\/pages"}],"about":[{"href":"https:\/\/ctp.eu\/sk\/wp-json\/wp\/v2\/types\/page"}],"author":[{"embeddable":true,"href":"https:\/\/ctp.eu\/sk\/wp-json\/wp\/v2\/users\/67"}],"replies":[{"embeddable":true,"href":"https:\/\/ctp.eu\/sk\/wp-json\/wp\/v2\/comments?post=2001"}],"version-history":[{"count":0,"href":"https:\/\/ctp.eu\/sk\/wp-json\/wp\/v2\/pages\/2001\/revisions"}],"up":[{"embeddable":true,"href":"https:\/\/ctp.eu\/sk\/wp-json\/wp\/v2\/pages\/6125"}],"wp:attachment":[{"href":"https:\/\/ctp.eu\/sk\/wp-json\/wp\/v2\/media?parent=2001"}],"curies":[{"name":"wp","href":"https:\/\/api.w.org\/{rel}","templated":true}]}}