{"id":103271,"date":"2025-02-11T16:16:13","date_gmt":"2025-02-11T14:16:13","guid":{"rendered":"https:\/\/ctp.eu\/?page_id=103271"},"modified":"2025-07-31T16:45:45","modified_gmt":"2025-07-31T14:45:45","slug":"brasov","status":"publish","type":"page","link":"https:\/\/ctp.eu\/sk\/regions\/brasov\/","title":{"rendered":"Bra\u0161ov"},"content":{"rendered":"","protected":false},"excerpt":{"rendered":"","protected":false},"author":59,"featured_media":0,"parent":9638,"menu_order":5,"comment_status":"closed","ping_status":"closed","template":"region-details.php","meta":{"_acf_changed":false,"footnotes":""},"class_list":["post-103271","page","type-page","status-publish","hentry"],"acf":[],"yoast_head":"<title>Bra\u0219ov - Commercial Real Estate Developer And Manager<\/title>\n<meta name=\"description\" content=\"Bra\u0219ov, located in the heart of Transylvania, is a prime destination for business, offering a strategic location, skilled workforce, and modern infrastructure. With a population of 638,707 (2022), the region serves as a key logistical hub, connected by the Bra\u0219ov In\" \/>\n<meta name=\"robots\" content=\"index, follow, max-snippet:-1, max-image-preview:large, max-video-preview:-1\" \/>\n<link rel=\"canonical\" href=\"https:\/\/ctp.eu\/sk\/regions\/brasov\/\" \/>\n<meta property=\"og:locale\" content=\"sk_SK\" \/>\n<meta property=\"og:type\" content=\"article\" \/>\n<meta property=\"og:title\" content=\"Bra\u0219ov\" \/>\n<meta property=\"og:description\" content=\"Bra\u0219ov, located in the heart of Transylvania, is a prime destination for business, offering a strategic location, skilled workforce, and modern infrastructure. With a population of 638,707 (2022), the region serves as a key logistical hub, connected by the Bra\u0219ov In\" \/>\n<meta property=\"og:url\" content=\"https:\/\/ctp.eu\/sk\/regions\/brasov\/\" \/>\n<meta property=\"og:site_name\" content=\"Commercial Real Estate Developer And Manager\" \/>\n<meta property=\"article:modified_time\" content=\"2025-07-31T14:45:45+00:00\" \/>\n<meta name=\"twitter:card\" content=\"summary_large_image\" \/>\n<script type=\"application\/ld+json\" class=\"yoast-schema-graph\">{\"@context\":\"https:\/\/schema.org\",\"@graph\":[{\"@type\":\"WebPage\",\"@id\":\"https:\/\/ctp.eu\/regions\/brasov\/\",\"url\":\"https:\/\/ctp.eu\/regions\/brasov\/\",\"name\":\"Bra\u0219ov - Commercial Real Estate Developer And Manager\",\"isPartOf\":{\"@id\":\"https:\/\/ctp.eu\/#website\"},\"datePublished\":\"2025-02-11T14:16:13+00:00\",\"dateModified\":\"2025-07-31T14:45:45+00:00\",\"description\":\"Bra\u0219ov, located in the heart of Transylvania, is a prime destination for business, offering a strategic location, skilled workforce, and modern infrastructure. With a population of 638,707 (2022), the region serves as a key logistical hub, connected by the Bra\u0219ov In\",\"breadcrumb\":{\"@id\":\"https:\/\/ctp.eu\/regions\/brasov\/#breadcrumb\"},\"inLanguage\":\"sk-SK\",\"potentialAction\":[{\"@type\":\"ReadAction\",\"target\":[\"https:\/\/ctp.eu\/regions\/brasov\/\"]}]},{\"@type\":\"BreadcrumbList\",\"@id\":\"https:\/\/ctp.eu\/regions\/brasov\/#breadcrumb\",\"itemListElement\":[{\"@type\":\"ListItem\",\"position\":1,\"name\":\"Home\",\"item\":\"https:\/\/ctp.eu\/\"},{\"@type\":\"ListItem\",\"position\":2,\"name\":\"Hot Regions\",\"item\":\"https:\/\/ctp.eu\/regions\/\"},{\"@type\":\"ListItem\",\"position\":3,\"name\":\"Bra\u0219ov\"}]},{\"@type\":\"WebSite\",\"@id\":\"https:\/\/ctp.eu\/#website\",\"url\":\"https:\/\/ctp.eu\/\",\"name\":\"Commercial Real Estate Developer And Manager\",\"description\":\"CTP - premium industrial warehouse and office buildings\",\"publisher\":{\"@id\":\"https:\/\/ctp.eu\/#organization\"},\"potentialAction\":[{\"@type\":\"SearchAction\",\"target\":{\"@type\":\"EntryPoint\",\"urlTemplate\":\"https:\/\/ctp.eu\/?s={search_term_string}\"},\"query-input\":{\"@type\":\"PropertyValueSpecification\",\"valueRequired\":true,\"valueName\":\"search_term_string\"}}],\"inLanguage\":\"sk-SK\"},{\"@type\":\"Organization\",\"@id\":\"https:\/\/ctp.eu\/#organization\",\"name\":\"CTP\",\"url\":\"https:\/\/ctp.eu\/\",\"logo\":{\"@type\":\"ImageObject\",\"inLanguage\":\"sk-SK\",\"@id\":\"https:\/\/ctp.eu\/#\/schema\/logo\/image\/\",\"url\":\"\",\"contentUrl\":\"\",\"caption\":\"CTP\"},\"image\":{\"@id\":\"https:\/\/ctp.eu\/#\/schema\/logo\/image\/\"}}]}<\/script>","yoast_head_json":{"title":"Bra\u0161ov - Developer a mana\u017e\u00e9r komer\u010dn\u00fdch nehnute\u013enost\u00ed","description":"Bra\u0161ov, ktor\u00fd sa nach\u00e1dza v srdci Transylv\u00e1nie, je hlavnou destin\u00e1ciou pre podnikanie a pon\u00faka strategick\u00fa polohu, kvalifikovan\u00fa pracovn\u00fa silu a modern\u00fa infra\u0161trukt\u00faru. Regi\u00f3n s po\u010dtom obyvate\u013eov 638 707 (2022) sl\u00fa\u017ei ako k\u013e\u00fa\u010dov\u00fd logistick\u00fd uzol, ktor\u00fd sp\u00e1ja Bra\u0161ov v r.","robots":{"index":"index","follow":"follow","max-snippet":"max-snippet:-1","max-image-preview":"max-image-preview:large","max-video-preview":"max-video-preview:-1"},"canonical":"https:\/\/ctp.eu\/sk\/regions\/brasov\/","og_locale":"sk_SK","og_type":"article","og_title":"Bra\u0219ov","og_description":"Bra\u0219ov, located in the heart of Transylvania, is a prime destination for business, offering a strategic location, skilled workforce, and modern infrastructure. With a population of 638,707 (2022), the region serves as a key logistical hub, connected by the Bra\u0219ov In","og_url":"https:\/\/ctp.eu\/sk\/regions\/brasov\/","og_site_name":"Commercial Real Estate Developer And Manager","article_modified_time":"2025-07-31T14:45:45+00:00","twitter_card":"summary_large_image","schema":{"@context":"https:\/\/schema.org","@graph":[{"@type":"WebPage","@id":"https:\/\/ctp.eu\/regions\/brasov\/","url":"https:\/\/ctp.eu\/regions\/brasov\/","name":"Bra\u0161ov - Developer a mana\u017e\u00e9r komer\u010dn\u00fdch nehnute\u013enost\u00ed","isPartOf":{"@id":"https:\/\/ctp.eu\/#website"},"datePublished":"2025-02-11T14:16:13+00:00","dateModified":"2025-07-31T14:45:45+00:00","description":"Bra\u0161ov, ktor\u00fd sa nach\u00e1dza v srdci Transylv\u00e1nie, je hlavnou destin\u00e1ciou pre podnikanie a pon\u00faka strategick\u00fa polohu, kvalifikovan\u00fa pracovn\u00fa silu a modern\u00fa infra\u0161trukt\u00faru. Regi\u00f3n s po\u010dtom obyvate\u013eov 638 707 (2022) sl\u00fa\u017ei ako k\u013e\u00fa\u010dov\u00fd logistick\u00fd uzol, ktor\u00fd sp\u00e1ja Bra\u0161ov v r.","breadcrumb":{"@id":"https:\/\/ctp.eu\/regions\/brasov\/#breadcrumb"},"inLanguage":"sk-SK","potentialAction":[{"@type":"ReadAction","target":["https:\/\/ctp.eu\/regions\/brasov\/"]}]},{"@type":"BreadcrumbList","@id":"https:\/\/ctp.eu\/regions\/brasov\/#breadcrumb","itemListElement":[{"@type":"ListItem","position":1,"name":"Home","item":"https:\/\/ctp.eu\/"},{"@type":"ListItem","position":2,"name":"Hot Regions","item":"https:\/\/ctp.eu\/regions\/"},{"@type":"ListItem","position":3,"name":"Bra\u0219ov"}]},{"@type":"WebSite","@id":"https:\/\/ctp.eu\/#website","url":"https:\/\/ctp.eu\/","name":"Developer a mana\u017e\u00e9r komer\u010dn\u00fdch nehnute\u013enost\u00ed","description":"CTP - pr\u00e9miov\u00e9 priemyseln\u00e9 skladov\u00e9 a kancel\u00e1rske budovy","publisher":{"@id":"https:\/\/ctp.eu\/#organization"},"potentialAction":[{"@type":"SearchAction","target":{"@type":"EntryPoint","urlTemplate":"https:\/\/ctp.eu\/?s={search_term_string}"},"query-input":{"@type":"PropertyValueSpecification","valueRequired":true,"valueName":"search_term_string"}}],"inLanguage":"sk-SK"},{"@type":"Organization","@id":"https:\/\/ctp.eu\/#organization","name":"CTP","url":"https:\/\/ctp.eu\/","logo":{"@type":"ImageObject","inLanguage":"sk-SK","@id":"https:\/\/ctp.eu\/#\/schema\/logo\/image\/","url":"","contentUrl":"","caption":"CTP"},"image":{"@id":"https:\/\/ctp.eu\/#\/schema\/logo\/image\/"}}]}},"_links":{"self":[{"href":"https:\/\/ctp.eu\/sk\/wp-json\/wp\/v2\/pages\/103271","targetHints":{"allow":["GET"]}}],"collection":[{"href":"https:\/\/ctp.eu\/sk\/wp-json\/wp\/v2\/pages"}],"about":[{"href":"https:\/\/ctp.eu\/sk\/wp-json\/wp\/v2\/types\/page"}],"author":[{"embeddable":true,"href":"https:\/\/ctp.eu\/sk\/wp-json\/wp\/v2\/users\/59"}],"replies":[{"embeddable":true,"href":"https:\/\/ctp.eu\/sk\/wp-json\/wp\/v2\/comments?post=103271"}],"version-history":[{"count":4,"href":"https:\/\/ctp.eu\/sk\/wp-json\/wp\/v2\/pages\/103271\/revisions"}],"predecessor-version":[{"id":109812,"href":"https:\/\/ctp.eu\/sk\/wp-json\/wp\/v2\/pages\/103271\/revisions\/109812"}],"up":[{"embeddable":true,"href":"https:\/\/ctp.eu\/sk\/wp-json\/wp\/v2\/pages\/9638"}],"wp:attachment":[{"href":"https:\/\/ctp.eu\/sk\/wp-json\/wp\/v2\/media?parent=103271"}],"curies":[{"name":"wp","href":"https:\/\/api.w.org\/{rel}","templated":true}]}}