{"id":100747,"date":"2024-11-28T18:13:50","date_gmt":"2024-11-28T16:13:50","guid":{"rendered":"https:\/\/ctp.eu\/?page_id=100747"},"modified":"2026-01-13T12:11:51","modified_gmt":"2026-01-13T11:11:51","slug":"polish-gdpr","status":"publish","type":"page","link":"https:\/\/ctp.eu\/sk\/polish-gdpr\/","title":{"rendered":"Po\u013esk\u00e9 GDPR"},"content":{"rendered":"","protected":false},"excerpt":{"rendered":"","protected":false},"author":22,"featured_media":0,"parent":0,"menu_order":0,"comment_status":"closed","ping_status":"closed","template":"templates\/general-meetings.php","meta":{"_acf_changed":false,"footnotes":""},"class_list":["post-100747","page","type-page","status-publish","hentry"],"acf":[],"yoast_head":"<title>Polish GDPR - Commercial Real Estate Developer And Manager<\/title>\n<meta name=\"robots\" content=\"index, follow, max-snippet:-1, max-image-preview:large, max-video-preview:-1\" \/>\n<link rel=\"canonical\" href=\"https:\/\/ctp.eu\/sk\/polish-gdpr\/\" \/>\n<meta property=\"og:locale\" content=\"sk_SK\" \/>\n<meta property=\"og:type\" content=\"article\" \/>\n<meta property=\"og:title\" content=\"Polish GDPR\" \/>\n<meta property=\"og:url\" content=\"https:\/\/ctp.eu\/sk\/polish-gdpr\/\" \/>\n<meta property=\"og:site_name\" content=\"Commercial Real Estate Developer And Manager\" \/>\n<meta property=\"article:modified_time\" content=\"2026-01-13T11:11:51+00:00\" \/>\n<meta name=\"twitter:card\" content=\"summary_large_image\" \/>\n<script type=\"application\/ld+json\" class=\"yoast-schema-graph\">{\"@context\":\"https:\/\/schema.org\",\"@graph\":[{\"@type\":\"WebPage\",\"@id\":\"https:\/\/ctp.eu\/polish-gdpr\/\",\"url\":\"https:\/\/ctp.eu\/polish-gdpr\/\",\"name\":\"Polish GDPR - Commercial Real Estate Developer And Manager\",\"isPartOf\":{\"@id\":\"https:\/\/ctp.eu\/#website\"},\"datePublished\":\"2024-11-28T16:13:50+00:00\",\"dateModified\":\"2026-01-13T11:11:51+00:00\",\"breadcrumb\":{\"@id\":\"https:\/\/ctp.eu\/polish-gdpr\/#breadcrumb\"},\"inLanguage\":\"sk-SK\",\"potentialAction\":[{\"@type\":\"ReadAction\",\"target\":[\"https:\/\/ctp.eu\/polish-gdpr\/\"]}]},{\"@type\":\"BreadcrumbList\",\"@id\":\"https:\/\/ctp.eu\/polish-gdpr\/#breadcrumb\",\"itemListElement\":[{\"@type\":\"ListItem\",\"position\":1,\"name\":\"Home\",\"item\":\"https:\/\/ctp.eu\/\"},{\"@type\":\"ListItem\",\"position\":2,\"name\":\"Polish GDPR\"}]},{\"@type\":\"WebSite\",\"@id\":\"https:\/\/ctp.eu\/#website\",\"url\":\"https:\/\/ctp.eu\/\",\"name\":\"Commercial Real Estate Developer And Manager\",\"description\":\"CTP - premium industrial warehouse and office buildings\",\"publisher\":{\"@id\":\"https:\/\/ctp.eu\/#organization\"},\"potentialAction\":[{\"@type\":\"SearchAction\",\"target\":{\"@type\":\"EntryPoint\",\"urlTemplate\":\"https:\/\/ctp.eu\/?s={search_term_string}\"},\"query-input\":{\"@type\":\"PropertyValueSpecification\",\"valueRequired\":true,\"valueName\":\"search_term_string\"}}],\"inLanguage\":\"sk-SK\"},{\"@type\":\"Organization\",\"@id\":\"https:\/\/ctp.eu\/#organization\",\"name\":\"CTP\",\"url\":\"https:\/\/ctp.eu\/\",\"logo\":{\"@type\":\"ImageObject\",\"inLanguage\":\"sk-SK\",\"@id\":\"https:\/\/ctp.eu\/#\/schema\/logo\/image\/\",\"url\":\"\",\"contentUrl\":\"\",\"caption\":\"CTP\"},\"image\":{\"@id\":\"https:\/\/ctp.eu\/#\/schema\/logo\/image\/\"}}]}<\/script>","yoast_head_json":{"title":"Po\u013esk\u00fd GDPR \u2013 Developer a mana\u017e\u00e9r komer\u010dn\u00fdch nehnute\u013enost\u00ed","robots":{"index":"index","follow":"follow","max-snippet":"max-snippet:-1","max-image-preview":"max-image-preview:large","max-video-preview":"max-video-preview:-1"},"canonical":"https:\/\/ctp.eu\/sk\/polish-gdpr\/","og_locale":"sk_SK","og_type":"article","og_title":"Polish GDPR","og_url":"https:\/\/ctp.eu\/sk\/polish-gdpr\/","og_site_name":"Commercial Real Estate Developer And Manager","article_modified_time":"2026-01-13T11:11:51+00:00","twitter_card":"summary_large_image","schema":{"@context":"https:\/\/schema.org","@graph":[{"@type":"WebPage","@id":"https:\/\/ctp.eu\/polish-gdpr\/","url":"https:\/\/ctp.eu\/polish-gdpr\/","name":"Po\u013esk\u00fd GDPR \u2013 Developer a mana\u017e\u00e9r komer\u010dn\u00fdch nehnute\u013enost\u00ed","isPartOf":{"@id":"https:\/\/ctp.eu\/#website"},"datePublished":"2024-11-28T16:13:50+00:00","dateModified":"2026-01-13T11:11:51+00:00","breadcrumb":{"@id":"https:\/\/ctp.eu\/polish-gdpr\/#breadcrumb"},"inLanguage":"sk-SK","potentialAction":[{"@type":"ReadAction","target":["https:\/\/ctp.eu\/polish-gdpr\/"]}]},{"@type":"BreadcrumbList","@id":"https:\/\/ctp.eu\/polish-gdpr\/#breadcrumb","itemListElement":[{"@type":"ListItem","position":1,"name":"Home","item":"https:\/\/ctp.eu\/"},{"@type":"ListItem","position":2,"name":"Polish GDPR"}]},{"@type":"WebSite","@id":"https:\/\/ctp.eu\/#website","url":"https:\/\/ctp.eu\/","name":"Developer a mana\u017e\u00e9r komer\u010dn\u00fdch nehnute\u013enost\u00ed","description":"CTP - pr\u00e9miov\u00e9 priemyseln\u00e9 skladov\u00e9 a kancel\u00e1rske budovy","publisher":{"@id":"https:\/\/ctp.eu\/#organization"},"potentialAction":[{"@type":"SearchAction","target":{"@type":"EntryPoint","urlTemplate":"https:\/\/ctp.eu\/?s={search_term_string}"},"query-input":{"@type":"PropertyValueSpecification","valueRequired":true,"valueName":"search_term_string"}}],"inLanguage":"sk-SK"},{"@type":"Organization","@id":"https:\/\/ctp.eu\/#organization","name":"CTP","url":"https:\/\/ctp.eu\/","logo":{"@type":"ImageObject","inLanguage":"sk-SK","@id":"https:\/\/ctp.eu\/#\/schema\/logo\/image\/","url":"","contentUrl":"","caption":"CTP"},"image":{"@id":"https:\/\/ctp.eu\/#\/schema\/logo\/image\/"}}]}},"_links":{"self":[{"href":"https:\/\/ctp.eu\/sk\/wp-json\/wp\/v2\/pages\/100747","targetHints":{"allow":["GET"]}}],"collection":[{"href":"https:\/\/ctp.eu\/sk\/wp-json\/wp\/v2\/pages"}],"about":[{"href":"https:\/\/ctp.eu\/sk\/wp-json\/wp\/v2\/types\/page"}],"author":[{"embeddable":true,"href":"https:\/\/ctp.eu\/sk\/wp-json\/wp\/v2\/users\/22"}],"replies":[{"embeddable":true,"href":"https:\/\/ctp.eu\/sk\/wp-json\/wp\/v2\/comments?post=100747"}],"version-history":[{"count":6,"href":"https:\/\/ctp.eu\/sk\/wp-json\/wp\/v2\/pages\/100747\/revisions"}],"predecessor-version":[{"id":113645,"href":"https:\/\/ctp.eu\/sk\/wp-json\/wp\/v2\/pages\/100747\/revisions\/113645"}],"wp:attachment":[{"href":"https:\/\/ctp.eu\/sk\/wp-json\/wp\/v2\/media?parent=100747"}],"curies":[{"name":"wp","href":"https:\/\/api.w.org\/{rel}","templated":true}]}}