{"id":9638,"date":"2020-09-01T09:15:46","date_gmt":"2020-09-01T09:15:46","guid":{"rendered":"https:\/\/www.ctp.eu\/?page_id=9638"},"modified":"2021-03-17T16:57:10","modified_gmt":"2021-03-17T16:57:10","slug":"regions","status":"publish","type":"page","link":"https:\/\/ctp.eu\/ro\/regions\/","title":{"rendered":"Regiuni fierbin\u021bi"},"content":{"rendered":"<p>Depozitele durabile \u0219i de \u00eenalt\u0103 calitate ale CTP sunt disponibile pentru \u00eenchiriere pentru furnizorii de logistic\u0103, comer\u021b electronic \u0219i furnizori ter\u021biari de logistic\u0103 din Europa Central\u0103 \u0219i de Est, din capitalele regiunii \u0219i din alte c\u00e2teva centre urbane importante. Toate parcurile sunt amplasate strategic pentru a oferi un acces de prim\u0103 m\u00e2n\u0103 la autostr\u0103zi, aeroporturi \u0219i alte centre cheie de transport \u0219i logistic\u0103.<\/p>","protected":false},"excerpt":{"rendered":"<p>Depozitele de \u00eenalt\u0103 calitate, sustenabile ale CTP sunt disponibile pentru \u00eenchiriere pentru furnizorii de logistic\u0103, comer\u021b electronic \u0219i ter\u021bi din Europa Central\u0103 \u0219i de Est,<\/p>","protected":false},"author":22,"featured_media":0,"parent":0,"menu_order":0,"comment_status":"closed","ping_status":"closed","template":"regions-page.php","meta":{"_acf_changed":false,"footnotes":""},"class_list":["post-9638","page","type-page","status-publish","hentry"],"acf":[],"yoast_head":"<title>Hot Regions - Commercial Real Estate Developer And Manager<\/title>\n<meta name=\"robots\" content=\"index, follow, max-snippet:-1, max-image-preview:large, max-video-preview:-1\" \/>\n<link rel=\"canonical\" href=\"https:\/\/ctp.eu\/ro\/regions\/\" \/>\n<meta property=\"og:locale\" content=\"ro_RO\" \/>\n<meta property=\"og:type\" content=\"article\" \/>\n<meta property=\"og:title\" content=\"Hot Regions\" \/>\n<meta property=\"og:description\" content=\"CTP\u2019s high-quality, sustainable warehouses are available for lease for logistics, ecommerce, and third-party logistics providers across Central and Eastern Europe,\" \/>\n<meta property=\"og:url\" content=\"https:\/\/ctp.eu\/ro\/regions\/\" \/>\n<meta property=\"og:site_name\" content=\"Commercial Real Estate Developer And Manager\" \/>\n<meta property=\"article:modified_time\" content=\"2021-03-17T16:57:10+00:00\" \/>\n<meta name=\"twitter:card\" content=\"summary_large_image\" \/>\n<script type=\"application\/ld+json\" class=\"yoast-schema-graph\">{\"@context\":\"https:\\\/\\\/schema.org\",\"@graph\":[{\"@type\":\"WebPage\",\"@id\":\"https:\\\/\\\/ctp.eu\\\/regions\\\/\",\"url\":\"https:\\\/\\\/ctp.eu\\\/regions\\\/\",\"name\":\"Hot Regions - Commercial Real Estate Developer And Manager\",\"isPartOf\":{\"@id\":\"https:\\\/\\\/ctp.eu\\\/#website\"},\"datePublished\":\"2020-09-01T09:15:46+00:00\",\"dateModified\":\"2021-03-17T16:57:10+00:00\",\"breadcrumb\":{\"@id\":\"https:\\\/\\\/ctp.eu\\\/regions\\\/#breadcrumb\"},\"inLanguage\":\"ro-RO\",\"potentialAction\":[{\"@type\":\"ReadAction\",\"target\":[\"https:\\\/\\\/ctp.eu\\\/regions\\\/\"]}]},{\"@type\":\"BreadcrumbList\",\"@id\":\"https:\\\/\\\/ctp.eu\\\/regions\\\/#breadcrumb\",\"itemListElement\":[{\"@type\":\"ListItem\",\"position\":1,\"name\":\"Home\",\"item\":\"https:\\\/\\\/ctp.eu\\\/\"},{\"@type\":\"ListItem\",\"position\":2,\"name\":\"Hot Regions\"}]},{\"@type\":\"WebSite\",\"@id\":\"https:\\\/\\\/ctp.eu\\\/#website\",\"url\":\"https:\\\/\\\/ctp.eu\\\/\",\"name\":\"Commercial Real Estate Developer And Manager\",\"description\":\"CTP - premium industrial warehouse and office buildings\",\"publisher\":{\"@id\":\"https:\\\/\\\/ctp.eu\\\/#organization\"},\"potentialAction\":[{\"@type\":\"SearchAction\",\"target\":{\"@type\":\"EntryPoint\",\"urlTemplate\":\"https:\\\/\\\/ctp.eu\\\/?s={search_term_string}\"},\"query-input\":{\"@type\":\"PropertyValueSpecification\",\"valueRequired\":true,\"valueName\":\"search_term_string\"}}],\"inLanguage\":\"ro-RO\"},{\"@type\":\"Organization\",\"@id\":\"https:\\\/\\\/ctp.eu\\\/#organization\",\"name\":\"CTP\",\"url\":\"https:\\\/\\\/ctp.eu\\\/\",\"logo\":{\"@type\":\"ImageObject\",\"inLanguage\":\"ro-RO\",\"@id\":\"https:\\\/\\\/ctp.eu\\\/#\\\/schema\\\/logo\\\/image\\\/\",\"url\":\"\",\"contentUrl\":\"\",\"caption\":\"CTP\"},\"image\":{\"@id\":\"https:\\\/\\\/ctp.eu\\\/#\\\/schema\\\/logo\\\/image\\\/\"}}]}<\/script>","yoast_head_json":{"title":"Hot Regions - Dezvoltator \u0219i Manager Imobiliar Comercial","robots":{"index":"index","follow":"follow","max-snippet":"max-snippet:-1","max-image-preview":"max-image-preview:large","max-video-preview":"max-video-preview:-1"},"canonical":"https:\/\/ctp.eu\/ro\/regions\/","og_locale":"ro_RO","og_type":"article","og_title":"Hot Regions","og_description":"CTP\u2019s high-quality, sustainable warehouses are available for lease for logistics, ecommerce, and third-party logistics providers across Central and Eastern Europe,","og_url":"https:\/\/ctp.eu\/ro\/regions\/","og_site_name":"Commercial Real Estate Developer And Manager","article_modified_time":"2021-03-17T16:57:10+00:00","twitter_card":"summary_large_image","schema":{"@context":"https:\/\/schema.org","@graph":[{"@type":"WebPage","@id":"https:\/\/ctp.eu\/regions\/","url":"https:\/\/ctp.eu\/regions\/","name":"Hot Regions - Dezvoltator \u0219i Manager Imobiliar Comercial","isPartOf":{"@id":"https:\/\/ctp.eu\/#website"},"datePublished":"2020-09-01T09:15:46+00:00","dateModified":"2021-03-17T16:57:10+00:00","breadcrumb":{"@id":"https:\/\/ctp.eu\/regions\/#breadcrumb"},"inLanguage":"ro-RO","potentialAction":[{"@type":"ReadAction","target":["https:\/\/ctp.eu\/regions\/"]}]},{"@type":"BreadcrumbList","@id":"https:\/\/ctp.eu\/regions\/#breadcrumb","itemListElement":[{"@type":"ListItem","position":1,"name":"Home","item":"https:\/\/ctp.eu\/"},{"@type":"ListItem","position":2,"name":"Hot Regions"}]},{"@type":"WebSite","@id":"https:\/\/ctp.eu\/#website","url":"https:\/\/ctp.eu\/","name":"Dezvoltator imobiliar comercial \u0219i manager","description":"CTP - cl\u0103diri industriale premium pentru depozite \u0219i birouri","publisher":{"@id":"https:\/\/ctp.eu\/#organization"},"potentialAction":[{"@type":"SearchAction","target":{"@type":"EntryPoint","urlTemplate":"https:\/\/ctp.eu\/?s={search_term_string}"},"query-input":{"@type":"PropertyValueSpecification","valueRequired":true,"valueName":"search_term_string"}}],"inLanguage":"ro-RO"},{"@type":"Organization","@id":"https:\/\/ctp.eu\/#organization","name":"CTP","url":"https:\/\/ctp.eu\/","logo":{"@type":"ImageObject","inLanguage":"ro-RO","@id":"https:\/\/ctp.eu\/#\/schema\/logo\/image\/","url":"","contentUrl":"","caption":"CTP"},"image":{"@id":"https:\/\/ctp.eu\/#\/schema\/logo\/image\/"}}]}},"_links":{"self":[{"href":"https:\/\/ctp.eu\/ro\/wp-json\/wp\/v2\/pages\/9638","targetHints":{"allow":["GET"]}}],"collection":[{"href":"https:\/\/ctp.eu\/ro\/wp-json\/wp\/v2\/pages"}],"about":[{"href":"https:\/\/ctp.eu\/ro\/wp-json\/wp\/v2\/types\/page"}],"author":[{"embeddable":true,"href":"https:\/\/ctp.eu\/ro\/wp-json\/wp\/v2\/users\/22"}],"replies":[{"embeddable":true,"href":"https:\/\/ctp.eu\/ro\/wp-json\/wp\/v2\/comments?post=9638"}],"version-history":[{"count":0,"href":"https:\/\/ctp.eu\/ro\/wp-json\/wp\/v2\/pages\/9638\/revisions"}],"wp:attachment":[{"href":"https:\/\/ctp.eu\/ro\/wp-json\/wp\/v2\/media?parent=9638"}],"curies":[{"name":"wp","href":"https:\/\/api.w.org\/{rel}","templated":true}]}}