{"id":75085,"date":"2023-04-14T17:01:45","date_gmt":"2023-04-14T15:01:45","guid":{"rendered":"https:\/\/www.ctp.eu\/?page_id=75085"},"modified":"2023-05-03T15:27:08","modified_gmt":"2023-05-03T13:27:08","slug":"lets-connect-at-transport-logistics","status":"publish","type":"page","link":"https:\/\/ctp.eu\/ro\/company\/events\/lets-connect-at-transport-logistics\/","title":{"rendered":"Conecta\u021bi-v\u0103 cu noi<br> <span>la<\/span> Logistic\u0103 de transport"},"content":{"rendered":"<p>&nbsp;<\/p>\n<p>\u00cen fiecare an, Transport Logistic \u2013 cel mai important t\u00e2rg comercial din lume pentru logistic\u0103, mobilitate, IT \u0219i managementul lan\u021bului de aprovizionare. Are loc la fiecare doi ani la M\u00fcnchen, Germania, \u0219i atrage peste 2.000 de expozan\u021bi din peste 60 de \u021b\u0103ri, precum \u0219i peste 60.000 de vizitatori din \u00eentreaga lume.<\/p>\n<p>&nbsp;<\/p>\n<p>T\u00e2rgul este o platform\u0103 pentru cele mai recente inova\u021bii, tehnologii \u0219i tendin\u021be \u00een logistic\u0103 \u0219i managementul lan\u021bului de aprovizionare. Acesta acoper\u0103 o gam\u0103 larg\u0103 de subiecte, inclusiv servicii de transport, solu\u021bii logistice, IT logistic\u0103, comer\u021b electronic \u0219i m\u0103rfuri aeriene. Vizitatorii pot vedea cele mai recente produse \u0219i servicii expuse, pot participa la prezent\u0103ri ale exper\u021bilor \u0219i discu\u021bii de grup \u0219i pot face rela\u021bii cu profesioni\u0219ti din industrie din \u00eentreaga lume.<\/p>\n<p>&nbsp;<\/p>\n<p>T\u00e2rgul ofer\u0103 o gam\u0103 divers\u0103 de exponate, de la echipamente de transport \u0219i logistic\u0103 p\u00e2n\u0103 la managementul lan\u021bului de aprovizionare \u0219i solu\u021bii IT. Este o oportunitate excelent\u0103 pentru companii de a-\u0219i prezenta produsele \u0219i serviciile, de a se \u00eent\u00e2lni cu clien\u021bii \u0219i partenerii \u0219i de a ob\u021bine informa\u021bii despre cele mai recente tendin\u021be \u0219i evolu\u021bii din industrie.<\/p>\n<p>&nbsp;<\/p>\n<p>\u00cen general, Transport Logistic este un eveniment obligatoriu pentru profesioni\u0219tii \u00een logistic\u0103, expeditorii \u0219i managerii lan\u021bului de aprovizionare care doresc s\u0103 fie la curent cu cele mai recente evolu\u021bii din industrie \u0219i s\u0103 fac\u0103 re\u021bea cu liderii din industrie din \u00eentreaga lume.<\/p>\n<p>&nbsp;<\/p>\n<p>Suntem \u00eenc\u00e2nta\u021bi s\u0103 particip\u0103m \u0219i anul acesta \u0219i sper\u0103m s\u0103 ne vedem acolo! Echipa noastr\u0103 este format\u0103 din lideri cheie care reprezint\u0103 CEE \u0219i Germania, a\u0219a c\u0103 veni\u021bi la standul nostru pentru a intra \u00een leg\u0103tur\u0103 cu echipa noastr\u0103 Parkmakers pentru a vedea cum v\u0103 putem ajuta afacerea de logistic\u0103 aproape oriunde \u00een Europa.<\/p>","protected":false},"excerpt":{"rendered":"<p>&nbsp; Every year, Transport Logistic\u2014the world&#8217;s leading trade fair for logistics, mobility, IT and supply chain management.\u00a0It takes place every<\/p>","protected":false},"author":22,"featured_media":0,"parent":198,"menu_order":0,"comment_status":"closed","ping_status":"closed","template":"investors-sub-page.php","meta":{"_acf_changed":false,"footnotes":""},"class_list":["post-75085","page","type-page","status-publish","hentry"],"acf":[],"yoast_head":"<title>Connect with us at Transport Logistic - Commercial Real Estate Developer And Manager<\/title>\n<meta name=\"robots\" content=\"index, follow, max-snippet:-1, max-image-preview:large, max-video-preview:-1\" \/>\n<link rel=\"canonical\" href=\"https:\/\/ctp.eu\/ro\/company\/events\/lets-connect-at-transport-logistics\/\" \/>\n<meta property=\"og:locale\" content=\"ro_RO\" \/>\n<meta property=\"og:type\" content=\"article\" \/>\n<meta property=\"og:title\" content=\"Connect with us at Transport Logistic\" \/>\n<meta property=\"og:description\" content=\"&nbsp; Every year, Transport Logistic\u2014the world&#8217;s leading trade fair for logistics, mobility, IT and supply chain management.\u00a0It takes place every\" \/>\n<meta property=\"og:url\" content=\"https:\/\/ctp.eu\/ro\/company\/events\/lets-connect-at-transport-logistics\/\" \/>\n<meta property=\"og:site_name\" content=\"Commercial Real Estate Developer And Manager\" \/>\n<meta property=\"article:modified_time\" content=\"2023-05-03T13:27:08+00:00\" \/>\n<meta property=\"og:image\" content=\"https:\/\/ctp.eu\/wp-content\/uploads\/2023\/02\/web-MIPIM-23-social.jpg\" \/>\n\t<meta property=\"og:image:width\" content=\"1444\" \/>\n\t<meta property=\"og:image:height\" content=\"756\" \/>\n\t<meta property=\"og:image:type\" content=\"image\/jpeg\" \/>\n<meta name=\"twitter:card\" content=\"summary_large_image\" \/>\n<meta name=\"twitter:label1\" content=\"Timp estimat pentru citire\" \/>\n\t<meta name=\"twitter:data1\" content=\"2 minute\" \/>\n<script type=\"application\/ld+json\" class=\"yoast-schema-graph\">{\"@context\":\"https:\/\/schema.org\",\"@graph\":[{\"@type\":\"WebPage\",\"@id\":\"https:\/\/ctp.eu\/company\/events\/lets-connect-at-transport-logistics\/\",\"url\":\"https:\/\/ctp.eu\/company\/events\/lets-connect-at-transport-logistics\/\",\"name\":\"Connect with us at Transport Logistic - Commercial Real Estate Developer And Manager\",\"isPartOf\":{\"@id\":\"https:\/\/ctp.eu\/#website\"},\"datePublished\":\"2023-04-14T15:01:45+00:00\",\"dateModified\":\"2023-05-03T13:27:08+00:00\",\"breadcrumb\":{\"@id\":\"https:\/\/ctp.eu\/company\/events\/lets-connect-at-transport-logistics\/#breadcrumb\"},\"inLanguage\":\"ro-RO\",\"potentialAction\":[{\"@type\":\"ReadAction\",\"target\":[\"https:\/\/ctp.eu\/company\/events\/lets-connect-at-transport-logistics\/\"]}]},{\"@type\":\"BreadcrumbList\",\"@id\":\"https:\/\/ctp.eu\/company\/events\/lets-connect-at-transport-logistics\/#breadcrumb\",\"itemListElement\":[{\"@type\":\"ListItem\",\"position\":1,\"name\":\"Home\",\"item\":\"https:\/\/ctp.eu\/\"},{\"@type\":\"ListItem\",\"position\":2,\"name\":\"Company\",\"item\":\"https:\/\/ctp.eu\/?page_id=62\"},{\"@type\":\"ListItem\",\"position\":3,\"name\":\"Events and Happenings\",\"item\":\"https:\/\/ctp.eu\/company\/events\/\"},{\"@type\":\"ListItem\",\"position\":4,\"name\":\"Connect with us at Transport Logistic\"}]},{\"@type\":\"WebSite\",\"@id\":\"https:\/\/ctp.eu\/#website\",\"url\":\"https:\/\/ctp.eu\/\",\"name\":\"Commercial Real Estate Developer And Manager\",\"description\":\"CTP - premium industrial warehouse and office buildings\",\"publisher\":{\"@id\":\"https:\/\/ctp.eu\/#organization\"},\"potentialAction\":[{\"@type\":\"SearchAction\",\"target\":{\"@type\":\"EntryPoint\",\"urlTemplate\":\"https:\/\/ctp.eu\/?s={search_term_string}\"},\"query-input\":{\"@type\":\"PropertyValueSpecification\",\"valueRequired\":true,\"valueName\":\"search_term_string\"}}],\"inLanguage\":\"ro-RO\"},{\"@type\":\"Organization\",\"@id\":\"https:\/\/ctp.eu\/#organization\",\"name\":\"CTP\",\"url\":\"https:\/\/ctp.eu\/\",\"logo\":{\"@type\":\"ImageObject\",\"inLanguage\":\"ro-RO\",\"@id\":\"https:\/\/ctp.eu\/#\/schema\/logo\/image\/\",\"url\":\"\",\"contentUrl\":\"\",\"caption\":\"CTP\"},\"image\":{\"@id\":\"https:\/\/ctp.eu\/#\/schema\/logo\/image\/\"}}]}<\/script>","yoast_head_json":{"title":"Conecta\u021bi-v\u0103 cu noi la Transport Logistic - Dezvoltator \u0219i Manager imobiliar comercial","robots":{"index":"index","follow":"follow","max-snippet":"max-snippet:-1","max-image-preview":"max-image-preview:large","max-video-preview":"max-video-preview:-1"},"canonical":"https:\/\/ctp.eu\/ro\/company\/events\/lets-connect-at-transport-logistics\/","og_locale":"ro_RO","og_type":"article","og_title":"Connect with us at Transport Logistic","og_description":"&nbsp; Every year, Transport Logistic\u2014the world&#8217;s leading trade fair for logistics, mobility, IT and supply chain management.\u00a0It takes place every","og_url":"https:\/\/ctp.eu\/ro\/company\/events\/lets-connect-at-transport-logistics\/","og_site_name":"Commercial Real Estate Developer And Manager","article_modified_time":"2023-05-03T13:27:08+00:00","og_image":[{"width":1444,"height":756,"url":"https:\/\/ctp.eu\/wp-content\/uploads\/2023\/02\/web-MIPIM-23-social.jpg","type":"image\/jpeg"}],"twitter_card":"summary_large_image","twitter_misc":{"Timp estimat pentru citire":"2 minute"},"schema":{"@context":"https:\/\/schema.org","@graph":[{"@type":"WebPage","@id":"https:\/\/ctp.eu\/company\/events\/lets-connect-at-transport-logistics\/","url":"https:\/\/ctp.eu\/company\/events\/lets-connect-at-transport-logistics\/","name":"Conecta\u021bi-v\u0103 cu noi la Transport Logistic - Dezvoltator \u0219i Manager imobiliar comercial","isPartOf":{"@id":"https:\/\/ctp.eu\/#website"},"datePublished":"2023-04-14T15:01:45+00:00","dateModified":"2023-05-03T13:27:08+00:00","breadcrumb":{"@id":"https:\/\/ctp.eu\/company\/events\/lets-connect-at-transport-logistics\/#breadcrumb"},"inLanguage":"ro-RO","potentialAction":[{"@type":"ReadAction","target":["https:\/\/ctp.eu\/company\/events\/lets-connect-at-transport-logistics\/"]}]},{"@type":"BreadcrumbList","@id":"https:\/\/ctp.eu\/company\/events\/lets-connect-at-transport-logistics\/#breadcrumb","itemListElement":[{"@type":"ListItem","position":1,"name":"Home","item":"https:\/\/ctp.eu\/"},{"@type":"ListItem","position":2,"name":"Company","item":"https:\/\/ctp.eu\/?page_id=62"},{"@type":"ListItem","position":3,"name":"Events and Happenings","item":"https:\/\/ctp.eu\/company\/events\/"},{"@type":"ListItem","position":4,"name":"Connect with us at Transport Logistic"}]},{"@type":"WebSite","@id":"https:\/\/ctp.eu\/#website","url":"https:\/\/ctp.eu\/","name":"Dezvoltator imobiliar comercial \u0219i manager","description":"CTP - cl\u0103diri industriale premium pentru depozite \u0219i birouri","publisher":{"@id":"https:\/\/ctp.eu\/#organization"},"potentialAction":[{"@type":"SearchAction","target":{"@type":"EntryPoint","urlTemplate":"https:\/\/ctp.eu\/?s={search_term_string}"},"query-input":{"@type":"PropertyValueSpecification","valueRequired":true,"valueName":"search_term_string"}}],"inLanguage":"ro-RO"},{"@type":"Organization","@id":"https:\/\/ctp.eu\/#organization","name":"CTP","url":"https:\/\/ctp.eu\/","logo":{"@type":"ImageObject","inLanguage":"ro-RO","@id":"https:\/\/ctp.eu\/#\/schema\/logo\/image\/","url":"","contentUrl":"","caption":"CTP"},"image":{"@id":"https:\/\/ctp.eu\/#\/schema\/logo\/image\/"}}]}},"_links":{"self":[{"href":"https:\/\/ctp.eu\/ro\/wp-json\/wp\/v2\/pages\/75085","targetHints":{"allow":["GET"]}}],"collection":[{"href":"https:\/\/ctp.eu\/ro\/wp-json\/wp\/v2\/pages"}],"about":[{"href":"https:\/\/ctp.eu\/ro\/wp-json\/wp\/v2\/types\/page"}],"author":[{"embeddable":true,"href":"https:\/\/ctp.eu\/ro\/wp-json\/wp\/v2\/users\/22"}],"replies":[{"embeddable":true,"href":"https:\/\/ctp.eu\/ro\/wp-json\/wp\/v2\/comments?post=75085"}],"version-history":[{"count":0,"href":"https:\/\/ctp.eu\/ro\/wp-json\/wp\/v2\/pages\/75085\/revisions"}],"up":[{"embeddable":true,"href":"https:\/\/ctp.eu\/ro\/wp-json\/wp\/v2\/pages\/198"}],"wp:attachment":[{"href":"https:\/\/ctp.eu\/ro\/wp-json\/wp\/v2\/media?parent=75085"}],"curies":[{"name":"wp","href":"https:\/\/api.w.org\/{rel}","templated":true}]}}