{"id":73491,"date":"2023-03-16T18:24:58","date_gmt":"2023-03-16T16:24:58","guid":{"rendered":"https:\/\/www.ctp.eu\/?page_id=73491"},"modified":"2026-01-12T17:15:21","modified_gmt":"2026-01-12T16:15:21","slug":"how-to-report-a-concern","status":"publish","type":"page","link":"https:\/\/ctp.eu\/ro\/ctp-policies\/how-to-report-a-concern\/","title":{"rendered":"Cum s\u0103 raporta\u021bi o problem\u0103"},"content":{"rendered":"<div class=\"policy\">\n<p>CTP se str\u0103duie\u0219te s\u0103 \u00ee\u0219i desf\u0103\u0219oare activitatea \u00een mod etic \u0219i \u00een conformitate cu reglement\u0103rile relevante.<\/p>\n<p>Ca parte a acestui efort, CTP men\u021bine un canal confiden\u021bial de denun\u021bare anonim\u0103. Acest canal permite directorilor executivi ai CTP, personalului CTP \u0219i ter\u021bilor s\u0103 depun\u0103 pl\u00e2ngeri sau s\u0103 \u00ee\u0219i exprime \u00eengrijorarea cu privire la nerespectarea normelor noastre. <a href=\"https:\/\/ctp.eu\/ro\/investors\/governance\/\">Codul de conduit\u0103 al grupului<\/a>, politicile \u0219i standardele etice respective, pentru a raporta comportamente frauduloase sau pentru a solicita consiliere \u00een probleme de conformitate.<\/p>\n<p>Canalul de denun\u021bare este anonim. Cu toate acestea, furnizarea numelui \u0219i a datelor de contact va ajuta la ob\u021binerea de mai multe detalii, dac\u0103 este necesar, \u0219i la \u00eembun\u0103t\u0103\u021birea investiga\u021biei. CTP se angajeaz\u0103 s\u0103 \u00eei protejeze pe denun\u021b\u0103torii care fac dezv\u0103luiri cu bun\u0103 credin\u021b\u0103 \u00eempotriva represaliilor. To\u021bi denun\u021b\u0103torii vor fi trata\u021bi cu respect, demnitate \u0219i confiden\u021bialitate.<\/p>\n<p>Toate problemele transmise prin intermediul acestui canal vor fi tratate \u00een mod corect, corespunz\u0103tor \u0219i f\u0103r\u0103 \u00eent\u00e2rzieri nejustificate. Mai multe informa\u021bii pot fi g\u0103site \u00een pagina noastr\u0103 <a href=\"https:\/\/ctp.eu\/ro\/ctp-policies\/group-whistleblower-policy\/\">Politica Grupului privind denun\u021barea neregulilor<\/a>.<\/p>\n<p>Reclama\u021biile (inclusiv pentru chestiuni ESG) pot fi transmise la adresa <a href=\"mailto:compliance@ctp.eu\">compliance@ctp.eu<\/a>.<\/p>\n<p>Orice utilizare abuziv\u0103 a sistemului de denun\u021bare a neregulilor va fi sanc\u021bionat\u0103 \u00een conformitate cu legisla\u021bia relevant\u0103. Protec\u021bia \u00eempotriva m\u0103surilor de represalii nu se aplic\u0103 persoanelor care fac un raport f\u0103r\u0103 a avea motive legitime s\u0103 cread\u0103 c\u0103 acesta se bazeaz\u0103 pe informa\u021bii veridice (denumite \"raport\u0103ri false cu bun\u0103 \u0219tiin\u021b\u0103\").<\/p>\n<h2><\/h2>\n<p>&nbsp;<\/p>\n<\/div>","protected":false},"excerpt":{"rendered":"<p>CTP se str\u0103duie\u0219te s\u0103 \u00ee\u0219i desf\u0103\u0219oare activitatea \u00een mod etic \u0219i \u00een conformitate cu reglement\u0103rile relevante. Ca parte a acestui efort, CTP men\u021bine<\/p>","protected":false},"author":22,"featured_media":0,"parent":6125,"menu_order":0,"comment_status":"closed","ping_status":"closed","template":"single-policy.php","meta":{"_acf_changed":false,"footnotes":""},"class_list":["post-73491","page","type-page","status-publish","hentry"],"acf":[],"yoast_head":"<title>How to Report a Concern - Commercial Real Estate Developer And Manager<\/title>\n<meta name=\"robots\" content=\"index, follow, max-snippet:-1, max-image-preview:large, max-video-preview:-1\" \/>\n<link rel=\"canonical\" href=\"https:\/\/ctp.eu\/ro\/ctp-policies\/how-to-report-a-concern\/\" \/>\n<meta property=\"og:locale\" content=\"ro_RO\" \/>\n<meta property=\"og:type\" content=\"article\" \/>\n<meta property=\"og:title\" content=\"How to Report a Concern\" \/>\n<meta property=\"og:description\" content=\"CTP strives to conduct its business ethically and in compliance with relevant regulations. As part of the effort CTP maintains\" \/>\n<meta property=\"og:url\" content=\"https:\/\/ctp.eu\/ro\/ctp-policies\/how-to-report-a-concern\/\" \/>\n<meta property=\"og:site_name\" content=\"Commercial Real Estate Developer And Manager\" \/>\n<meta property=\"article:modified_time\" content=\"2026-01-12T16:15:21+00:00\" \/>\n<meta name=\"twitter:card\" content=\"summary_large_image\" \/>\n<meta name=\"twitter:label1\" content=\"Timp estimat pentru citire\" \/>\n\t<meta name=\"twitter:data1\" content=\"1 minut\" \/>\n<script type=\"application\/ld+json\" class=\"yoast-schema-graph\">{\"@context\":\"https:\/\/schema.org\",\"@graph\":[{\"@type\":\"WebPage\",\"@id\":\"https:\/\/ctp.eu\/ctp-policies\/how-to-report-a-concern\/\",\"url\":\"https:\/\/ctp.eu\/ctp-policies\/how-to-report-a-concern\/\",\"name\":\"How to Report a Concern - Commercial Real Estate Developer And Manager\",\"isPartOf\":{\"@id\":\"https:\/\/ctp.eu\/#website\"},\"datePublished\":\"2023-03-16T16:24:58+00:00\",\"dateModified\":\"2026-01-12T16:15:21+00:00\",\"breadcrumb\":{\"@id\":\"https:\/\/ctp.eu\/ctp-policies\/how-to-report-a-concern\/#breadcrumb\"},\"inLanguage\":\"ro-RO\",\"potentialAction\":[{\"@type\":\"ReadAction\",\"target\":[\"https:\/\/ctp.eu\/ctp-policies\/how-to-report-a-concern\/\"]}]},{\"@type\":\"BreadcrumbList\",\"@id\":\"https:\/\/ctp.eu\/ctp-policies\/how-to-report-a-concern\/#breadcrumb\",\"itemListElement\":[{\"@type\":\"ListItem\",\"position\":1,\"name\":\"Home\",\"item\":\"https:\/\/ctp.eu\/\"},{\"@type\":\"ListItem\",\"position\":2,\"name\":\"CTP Policies\",\"item\":\"https:\/\/ctp.eu\/ctp-policies\/\"},{\"@type\":\"ListItem\",\"position\":3,\"name\":\"How to Report a Concern\"}]},{\"@type\":\"WebSite\",\"@id\":\"https:\/\/ctp.eu\/#website\",\"url\":\"https:\/\/ctp.eu\/\",\"name\":\"Commercial Real Estate Developer And Manager\",\"description\":\"CTP - premium industrial warehouse and office buildings\",\"publisher\":{\"@id\":\"https:\/\/ctp.eu\/#organization\"},\"potentialAction\":[{\"@type\":\"SearchAction\",\"target\":{\"@type\":\"EntryPoint\",\"urlTemplate\":\"https:\/\/ctp.eu\/?s={search_term_string}\"},\"query-input\":{\"@type\":\"PropertyValueSpecification\",\"valueRequired\":true,\"valueName\":\"search_term_string\"}}],\"inLanguage\":\"ro-RO\"},{\"@type\":\"Organization\",\"@id\":\"https:\/\/ctp.eu\/#organization\",\"name\":\"CTP\",\"url\":\"https:\/\/ctp.eu\/\",\"logo\":{\"@type\":\"ImageObject\",\"inLanguage\":\"ro-RO\",\"@id\":\"https:\/\/ctp.eu\/#\/schema\/logo\/image\/\",\"url\":\"\",\"contentUrl\":\"\",\"caption\":\"CTP\"},\"image\":{\"@id\":\"https:\/\/ctp.eu\/#\/schema\/logo\/image\/\"}}]}<\/script>","yoast_head_json":{"title":"Cum s\u0103 raporta\u021bi o problem\u0103 - Dezvoltator \u0219i administrator de imobile comerciale","robots":{"index":"index","follow":"follow","max-snippet":"max-snippet:-1","max-image-preview":"max-image-preview:large","max-video-preview":"max-video-preview:-1"},"canonical":"https:\/\/ctp.eu\/ro\/ctp-policies\/how-to-report-a-concern\/","og_locale":"ro_RO","og_type":"article","og_title":"How to Report a Concern","og_description":"CTP strives to conduct its business ethically and in compliance with relevant regulations. As part of the effort CTP maintains","og_url":"https:\/\/ctp.eu\/ro\/ctp-policies\/how-to-report-a-concern\/","og_site_name":"Commercial Real Estate Developer And Manager","article_modified_time":"2026-01-12T16:15:21+00:00","twitter_card":"summary_large_image","twitter_misc":{"Timp estimat pentru citire":"1 minut"},"schema":{"@context":"https:\/\/schema.org","@graph":[{"@type":"WebPage","@id":"https:\/\/ctp.eu\/ctp-policies\/how-to-report-a-concern\/","url":"https:\/\/ctp.eu\/ctp-policies\/how-to-report-a-concern\/","name":"Cum s\u0103 raporta\u021bi o problem\u0103 - Dezvoltator \u0219i administrator de imobile comerciale","isPartOf":{"@id":"https:\/\/ctp.eu\/#website"},"datePublished":"2023-03-16T16:24:58+00:00","dateModified":"2026-01-12T16:15:21+00:00","breadcrumb":{"@id":"https:\/\/ctp.eu\/ctp-policies\/how-to-report-a-concern\/#breadcrumb"},"inLanguage":"ro-RO","potentialAction":[{"@type":"ReadAction","target":["https:\/\/ctp.eu\/ctp-policies\/how-to-report-a-concern\/"]}]},{"@type":"BreadcrumbList","@id":"https:\/\/ctp.eu\/ctp-policies\/how-to-report-a-concern\/#breadcrumb","itemListElement":[{"@type":"ListItem","position":1,"name":"Home","item":"https:\/\/ctp.eu\/"},{"@type":"ListItem","position":2,"name":"CTP Policies","item":"https:\/\/ctp.eu\/ctp-policies\/"},{"@type":"ListItem","position":3,"name":"How to Report a Concern"}]},{"@type":"WebSite","@id":"https:\/\/ctp.eu\/#website","url":"https:\/\/ctp.eu\/","name":"Dezvoltator imobiliar comercial \u0219i manager","description":"CTP - cl\u0103diri industriale premium pentru depozite \u0219i birouri","publisher":{"@id":"https:\/\/ctp.eu\/#organization"},"potentialAction":[{"@type":"SearchAction","target":{"@type":"EntryPoint","urlTemplate":"https:\/\/ctp.eu\/?s={search_term_string}"},"query-input":{"@type":"PropertyValueSpecification","valueRequired":true,"valueName":"search_term_string"}}],"inLanguage":"ro-RO"},{"@type":"Organization","@id":"https:\/\/ctp.eu\/#organization","name":"CTP","url":"https:\/\/ctp.eu\/","logo":{"@type":"ImageObject","inLanguage":"ro-RO","@id":"https:\/\/ctp.eu\/#\/schema\/logo\/image\/","url":"","contentUrl":"","caption":"CTP"},"image":{"@id":"https:\/\/ctp.eu\/#\/schema\/logo\/image\/"}}]}},"_links":{"self":[{"href":"https:\/\/ctp.eu\/ro\/wp-json\/wp\/v2\/pages\/73491","targetHints":{"allow":["GET"]}}],"collection":[{"href":"https:\/\/ctp.eu\/ro\/wp-json\/wp\/v2\/pages"}],"about":[{"href":"https:\/\/ctp.eu\/ro\/wp-json\/wp\/v2\/types\/page"}],"author":[{"embeddable":true,"href":"https:\/\/ctp.eu\/ro\/wp-json\/wp\/v2\/users\/22"}],"replies":[{"embeddable":true,"href":"https:\/\/ctp.eu\/ro\/wp-json\/wp\/v2\/comments?post=73491"}],"version-history":[{"count":16,"href":"https:\/\/ctp.eu\/ro\/wp-json\/wp\/v2\/pages\/73491\/revisions"}],"predecessor-version":[{"id":113633,"href":"https:\/\/ctp.eu\/ro\/wp-json\/wp\/v2\/pages\/73491\/revisions\/113633"}],"up":[{"embeddable":true,"href":"https:\/\/ctp.eu\/ro\/wp-json\/wp\/v2\/pages\/6125"}],"wp:attachment":[{"href":"https:\/\/ctp.eu\/ro\/wp-json\/wp\/v2\/media?parent=73491"}],"curies":[{"name":"wp","href":"https:\/\/api.w.org\/{rel}","templated":true}]}}