{"id":6451,"date":"2019-10-11T07:37:19","date_gmt":"2019-10-11T07:37:19","guid":{"rendered":"https:\/\/www.ctp.eu\/?page_id=6451"},"modified":"2020-08-28T10:59:00","modified_gmt":"2020-08-28T10:59:00","slug":"consent-to-the-use-of-personal-data-for-the-purpose-of-receiving-the-newsletter","status":"publish","type":"page","link":"https:\/\/ctp.eu\/ro\/ctp-policies\/consent-to-the-use-of-personal-data-for-the-purpose-of-receiving-the-newsletter\/","title":{"rendered":"Consim\u021b\u0103m\u00e2ntul pentru utilizarea datelor cu caracter personal \u00een scopul primirii buletinului informativ"},"content":{"rendered":"<div class=\"policy\">\n<p>Sunt de acord cu prelucrarea datelor mele cu caracter personal de c\u0103tre CTP Invest, spol. s.r.o. (denumit \u00een continuare \"Operatorul\") \u00een scopul de a primi buletine informative \u0219i informa\u021bii comerciale personalizate despre produse, servicii, studii de pia\u021b\u0103, evenimente \u0219i alte activit\u0103\u021bi de marketing ale Operatorului sau ale altor companii din cadrul <a href=\"https:\/\/ctp.eu\/ro\/\">Grupul CTP<\/a>. \u00cen aceste scopuri, Operatorul poate prelucra datele cu caracter personal pe care le furnizez mai sus, \u0219i anume adresa mea de e-mail, numele, prenumele \u0219i num\u0103rul de telefon, dup\u0103 caz, precum \u0219i reac\u021biile mele la informa\u021biile primite.<\/p>\n<p>\u00cemi dau consim\u021b\u0103m\u00e2ntul pentru <strong>perioad\u0103 de 3 ani<\/strong>. Recunosc c\u0103 \u00eemi pot retrage consim\u021b\u0103m\u00e2ntul \u00een orice moment. O astfel de retragere nu afecteaz\u0103 prelucrarea datelor mele cu caracter personal \u00eenainte de retragere.<\/p>\n<p>Mai multe informa\u021bii despre modul \u00een care CTP Invest, spol. s.r.o. proceseaz\u0103 \u0219i protejeaz\u0103 datele cu caracter personal sunt <a href=\"https:\/\/ctp.eu\/ro\/ctp-policies\/business-partners-privacy-policy\/\">disponibil aici<\/a>.\n<\/div>","protected":false},"excerpt":{"rendered":"<p>Sunt de acord cu prelucrarea datelor mele cu caracter personal de c\u0103tre CTP Invest, spol. s.r.o. (denumit \u00een continuare \"Operatorul\") \u00een scopul de a<\/p>","protected":false},"author":67,"featured_media":0,"parent":6125,"menu_order":0,"comment_status":"closed","ping_status":"closed","template":"","meta":{"_acf_changed":false,"footnotes":""},"class_list":["post-6451","page","type-page","status-publish","hentry"],"acf":[],"yoast_head":"<title>Consent to the use of personal data for the purpose of receiving the newsletter - Commercial Real Estate Developer And Manager<\/title>\n<meta name=\"robots\" content=\"index, follow, max-snippet:-1, max-image-preview:large, max-video-preview:-1\" \/>\n<link rel=\"canonical\" href=\"https:\/\/ctp.eu\/ro\/ctp-policies\/consent-to-the-use-of-personal-data-for-the-purpose-of-receiving-the-newsletter\/\" \/>\n<meta property=\"og:locale\" content=\"ro_RO\" \/>\n<meta property=\"og:type\" content=\"article\" \/>\n<meta property=\"og:title\" content=\"Consent to the use of personal data for the purpose of receiving the newsletter\" \/>\n<meta property=\"og:description\" content=\"I consent to the processing of my personal data by CTP Invest, spol. s.r.o. (the \u201cController\u201d) for the purpose of\" \/>\n<meta property=\"og:url\" content=\"https:\/\/ctp.eu\/ro\/ctp-policies\/consent-to-the-use-of-personal-data-for-the-purpose-of-receiving-the-newsletter\/\" \/>\n<meta property=\"og:site_name\" content=\"Commercial Real Estate Developer And Manager\" \/>\n<meta property=\"article:modified_time\" content=\"2020-08-28T10:59:00+00:00\" \/>\n<meta name=\"twitter:card\" content=\"summary_large_image\" \/>\n<meta name=\"twitter:label1\" content=\"Timp estimat pentru citire\" \/>\n\t<meta name=\"twitter:data1\" content=\"1 minut\" \/>\n<script type=\"application\/ld+json\" class=\"yoast-schema-graph\">{\"@context\":\"https:\\\/\\\/schema.org\",\"@graph\":[{\"@type\":\"WebPage\",\"@id\":\"https:\\\/\\\/ctp.eu\\\/ctp-policies\\\/consent-to-the-use-of-personal-data-for-the-purpose-of-receiving-the-newsletter\\\/\",\"url\":\"https:\\\/\\\/ctp.eu\\\/ctp-policies\\\/consent-to-the-use-of-personal-data-for-the-purpose-of-receiving-the-newsletter\\\/\",\"name\":\"Consent to the use of personal data for the purpose of receiving the newsletter - Commercial Real Estate Developer And Manager\",\"isPartOf\":{\"@id\":\"https:\\\/\\\/ctp.eu\\\/#website\"},\"datePublished\":\"2019-10-11T07:37:19+00:00\",\"dateModified\":\"2020-08-28T10:59:00+00:00\",\"breadcrumb\":{\"@id\":\"https:\\\/\\\/ctp.eu\\\/ctp-policies\\\/consent-to-the-use-of-personal-data-for-the-purpose-of-receiving-the-newsletter\\\/#breadcrumb\"},\"inLanguage\":\"ro-RO\",\"potentialAction\":[{\"@type\":\"ReadAction\",\"target\":[\"https:\\\/\\\/ctp.eu\\\/ctp-policies\\\/consent-to-the-use-of-personal-data-for-the-purpose-of-receiving-the-newsletter\\\/\"]}]},{\"@type\":\"BreadcrumbList\",\"@id\":\"https:\\\/\\\/ctp.eu\\\/ctp-policies\\\/consent-to-the-use-of-personal-data-for-the-purpose-of-receiving-the-newsletter\\\/#breadcrumb\",\"itemListElement\":[{\"@type\":\"ListItem\",\"position\":1,\"name\":\"Home\",\"item\":\"https:\\\/\\\/ctp.eu\\\/\"},{\"@type\":\"ListItem\",\"position\":2,\"name\":\"CTP Policies\",\"item\":\"https:\\\/\\\/ctp.eu\\\/ctp-policies\\\/\"},{\"@type\":\"ListItem\",\"position\":3,\"name\":\"Consent to the use of personal data for the purpose of receiving the newsletter\"}]},{\"@type\":\"WebSite\",\"@id\":\"https:\\\/\\\/ctp.eu\\\/#website\",\"url\":\"https:\\\/\\\/ctp.eu\\\/\",\"name\":\"Commercial Real Estate Developer And Manager\",\"description\":\"CTP - premium industrial warehouse and office buildings\",\"publisher\":{\"@id\":\"https:\\\/\\\/ctp.eu\\\/#organization\"},\"potentialAction\":[{\"@type\":\"SearchAction\",\"target\":{\"@type\":\"EntryPoint\",\"urlTemplate\":\"https:\\\/\\\/ctp.eu\\\/?s={search_term_string}\"},\"query-input\":{\"@type\":\"PropertyValueSpecification\",\"valueRequired\":true,\"valueName\":\"search_term_string\"}}],\"inLanguage\":\"ro-RO\"},{\"@type\":\"Organization\",\"@id\":\"https:\\\/\\\/ctp.eu\\\/#organization\",\"name\":\"CTP\",\"url\":\"https:\\\/\\\/ctp.eu\\\/\",\"logo\":{\"@type\":\"ImageObject\",\"inLanguage\":\"ro-RO\",\"@id\":\"https:\\\/\\\/ctp.eu\\\/#\\\/schema\\\/logo\\\/image\\\/\",\"url\":\"\",\"contentUrl\":\"\",\"caption\":\"CTP\"},\"image\":{\"@id\":\"https:\\\/\\\/ctp.eu\\\/#\\\/schema\\\/logo\\\/image\\\/\"}}]}<\/script>","yoast_head_json":{"title":"Consim\u021b\u0103m\u00e2ntul pentru utilizarea datelor cu caracter personal \u00een scopul primirii newsletter-ului - Commercial Real Estate Developer And Manager","robots":{"index":"index","follow":"follow","max-snippet":"max-snippet:-1","max-image-preview":"max-image-preview:large","max-video-preview":"max-video-preview:-1"},"canonical":"https:\/\/ctp.eu\/ro\/ctp-policies\/consent-to-the-use-of-personal-data-for-the-purpose-of-receiving-the-newsletter\/","og_locale":"ro_RO","og_type":"article","og_title":"Consent to the use of personal data for the purpose of receiving the newsletter","og_description":"I consent to the processing of my personal data by CTP Invest, spol. s.r.o. (the \u201cController\u201d) for the purpose of","og_url":"https:\/\/ctp.eu\/ro\/ctp-policies\/consent-to-the-use-of-personal-data-for-the-purpose-of-receiving-the-newsletter\/","og_site_name":"Commercial Real Estate Developer And Manager","article_modified_time":"2020-08-28T10:59:00+00:00","twitter_card":"summary_large_image","twitter_misc":{"Timp estimat pentru citire":"1 minut"},"schema":{"@context":"https:\/\/schema.org","@graph":[{"@type":"WebPage","@id":"https:\/\/ctp.eu\/ctp-policies\/consent-to-the-use-of-personal-data-for-the-purpose-of-receiving-the-newsletter\/","url":"https:\/\/ctp.eu\/ctp-policies\/consent-to-the-use-of-personal-data-for-the-purpose-of-receiving-the-newsletter\/","name":"Consim\u021b\u0103m\u00e2ntul pentru utilizarea datelor cu caracter personal \u00een scopul primirii newsletter-ului - Commercial Real Estate Developer And Manager","isPartOf":{"@id":"https:\/\/ctp.eu\/#website"},"datePublished":"2019-10-11T07:37:19+00:00","dateModified":"2020-08-28T10:59:00+00:00","breadcrumb":{"@id":"https:\/\/ctp.eu\/ctp-policies\/consent-to-the-use-of-personal-data-for-the-purpose-of-receiving-the-newsletter\/#breadcrumb"},"inLanguage":"ro-RO","potentialAction":[{"@type":"ReadAction","target":["https:\/\/ctp.eu\/ctp-policies\/consent-to-the-use-of-personal-data-for-the-purpose-of-receiving-the-newsletter\/"]}]},{"@type":"BreadcrumbList","@id":"https:\/\/ctp.eu\/ctp-policies\/consent-to-the-use-of-personal-data-for-the-purpose-of-receiving-the-newsletter\/#breadcrumb","itemListElement":[{"@type":"ListItem","position":1,"name":"Home","item":"https:\/\/ctp.eu\/"},{"@type":"ListItem","position":2,"name":"CTP Policies","item":"https:\/\/ctp.eu\/ctp-policies\/"},{"@type":"ListItem","position":3,"name":"Consent to the use of personal data for the purpose of receiving the newsletter"}]},{"@type":"WebSite","@id":"https:\/\/ctp.eu\/#website","url":"https:\/\/ctp.eu\/","name":"Dezvoltator imobiliar comercial \u0219i manager","description":"CTP - cl\u0103diri industriale premium pentru depozite \u0219i birouri","publisher":{"@id":"https:\/\/ctp.eu\/#organization"},"potentialAction":[{"@type":"SearchAction","target":{"@type":"EntryPoint","urlTemplate":"https:\/\/ctp.eu\/?s={search_term_string}"},"query-input":{"@type":"PropertyValueSpecification","valueRequired":true,"valueName":"search_term_string"}}],"inLanguage":"ro-RO"},{"@type":"Organization","@id":"https:\/\/ctp.eu\/#organization","name":"CTP","url":"https:\/\/ctp.eu\/","logo":{"@type":"ImageObject","inLanguage":"ro-RO","@id":"https:\/\/ctp.eu\/#\/schema\/logo\/image\/","url":"","contentUrl":"","caption":"CTP"},"image":{"@id":"https:\/\/ctp.eu\/#\/schema\/logo\/image\/"}}]}},"_links":{"self":[{"href":"https:\/\/ctp.eu\/ro\/wp-json\/wp\/v2\/pages\/6451","targetHints":{"allow":["GET"]}}],"collection":[{"href":"https:\/\/ctp.eu\/ro\/wp-json\/wp\/v2\/pages"}],"about":[{"href":"https:\/\/ctp.eu\/ro\/wp-json\/wp\/v2\/types\/page"}],"author":[{"embeddable":true,"href":"https:\/\/ctp.eu\/ro\/wp-json\/wp\/v2\/users\/67"}],"replies":[{"embeddable":true,"href":"https:\/\/ctp.eu\/ro\/wp-json\/wp\/v2\/comments?post=6451"}],"version-history":[{"count":0,"href":"https:\/\/ctp.eu\/ro\/wp-json\/wp\/v2\/pages\/6451\/revisions"}],"up":[{"embeddable":true,"href":"https:\/\/ctp.eu\/ro\/wp-json\/wp\/v2\/pages\/6125"}],"wp:attachment":[{"href":"https:\/\/ctp.eu\/ro\/wp-json\/wp\/v2\/media?parent=6451"}],"curies":[{"name":"wp","href":"https:\/\/api.w.org\/{rel}","templated":true}]}}