{"id":6064,"date":"2019-08-06T13:20:45","date_gmt":"2019-08-06T13:20:45","guid":{"rendered":"https:\/\/www.ctp.eu\/?page_id=6064"},"modified":"2020-08-28T10:59:01","modified_gmt":"2020-08-28T10:59:01","slug":"ctp-website-cookie-policy","status":"publish","type":"page","link":"https:\/\/ctp.eu\/ro\/ctp-policies\/ctp-website-cookie-policy\/","title":{"rendered":"Politica de cookie-uri a site-ului CTP"},"content":{"rendered":"<div class=\"policy\">\n<p>Cu scopul de a v\u0103 asigura cea mai bun\u0103 experien\u021b\u0103, CTP Invest, spol. s r.o. (\"<strong>CTP<\/strong>\" sau \"<strong>noi<\/strong>\") poate plasa pe dispozitivul dumneavoastr\u0103 mici fi\u0219iere de date numite cookie-uri. Mai jos ve\u021bi g\u0103si informa\u021bii de baz\u0103 despre cookie-uri \u0219i explica\u021bii despre cum anume le utilizeaz\u0103 site-ul nostru web.<\/p>\n<p>&nbsp;<\/p>\n<h2>1. Ce sunt cookie-urile?<\/h2>\n<p>Cookie-urile sunt fi\u0219iere text de mici dimensiuni trimise pe dispozitivul dumneavoastr\u0103. De\u0219i cookie-urile con\u021bin informa\u021bii de identificare, acestea nu con\u021bin informa\u021bii care s\u0103 v\u0103 identifice personal, ci ne permit s\u0103 v\u0103 recunoa\u0219tem la \u00eentoarcerea pe site-ul nostru. Dac\u0103 nu dori\u021bi s\u0103 accepta\u021bi un cookie \u00een timp ce vizita\u021bi site-ul nostru, ar trebui s\u0103 pute\u021bi modifica set\u0103rile browserului dumneavoastr\u0103 pentru a dezactiva aceast\u0103 func\u021bie (mai multe informa\u021bii despre cum s\u0103 face\u021bi acest lucru - mai jos), dar este posibil s\u0103 existe sec\u021biuni ale site-ului pe care nu le ve\u021bi putea accesa dac\u0103 face\u021bi acest lucru. \u00cen general, acestea pot fi sec\u021biuni pentru care v-a\u021bi \u00eenregistrat \u00een mod specific \u0219i este posibil s\u0103 pierde\u021bi unele func\u021bionalit\u0103\u021bi utile, cum ar fi personalizarea \u0219i func\u021biile \"\u021bine-m\u0103 conectat\" \u0219i \"\u021bine-m\u0103 minte\".<\/p>\n<h2><\/h2>\n<h2>2. De ce sunt utilizate cookie-uri pe acest site?<\/h2>\n<p>Utiliz\u0103m cookie-uri pentru a ne ajuta s\u0103 analiz\u0103m modul \u00een care utilizatorii utilizeaz\u0103 serviciile noastre \u0219i tehnologii similare (de exemplu, identificatori de dispozitive, etichete publicitare) pentru a v\u0103 recunoa\u0219te pe dvs. \u0219i\/sau dispozitivul (dispozitivele) dvs. pe, \u00een afara \u0219i \u00eentre diferite dispozitive \u0219i serviciile noastre, precum \u0219i pentru a \u00eembun\u0103t\u0103\u021bi serviciile pe care le oferim, pentru a \u00eembun\u0103t\u0103\u021bi marketingul, analizele sau func\u021bionalitatea site-ului web.<\/p>\n<p>&nbsp;<\/p>\n<h2>3. Ce tip de cookie-uri sunt plasate?<\/h2>\n<p>\u00cen cursul sesiunilor de navigare, urm\u0103toarele tipuri de module cookie pot fi utilizate de site-ul nostru web:<\/p>\n<ul>\n<li>cookie-uri de personalizare a interfe\u021bei utilizatorului (adic\u0103 cookie-uri care memoreaz\u0103 preferin\u021bele dumneavoastr\u0103);<\/li>\n<li>cookie-uri de autentificare (adic\u0103 cookie-uri care v\u0103 permit s\u0103 p\u0103r\u0103si\u021bi \u0219i s\u0103 reveni\u021bi pe site-urile noastre web f\u0103r\u0103 a fi nevoie s\u0103 v\u0103 autentifica\u021bi din nou);<\/li>\n<li>module cookie pentru playerul video (adic\u0103 module cookie care stocheaz\u0103 datele necesare pentru redarea con\u021binutului video sau audio \u0219i stocarea preferin\u021belor dumneavoastr\u0103);<\/li>\n<li>cookie-uri analitice de la prima parte (adic\u0103 cookie-uri care memoreaz\u0103 paginile pe care le-a\u021bi vizitat \u0219i care furnizeaz\u0103 informa\u021bii despre interac\u021biunea dvs. cu acele pagini); \u0219i<\/li>\n<li>cookie-uri analitice ale ter\u021bilor (adic\u0103 cookie-uri de la furnizori ter\u021bi care urm\u0103resc statisticile site-ului nostru web \u0219i viceversa)<\/li>\n<\/ul>\n<p>&nbsp;<\/p>\n<h2>4. \u00cen afar\u0103 de cele men\u021bionate mai sus, sunt colectate \u0219i alte date?<\/h2>\n<p>De asemenea, vom urm\u0103ri procesul dvs. pe site-ul nostru pentru a verifica dac\u0103 nu sunte\u021bi un robot \u0219i pentru a ne optimiza serviciile:<\/p>\n<ul>\n<li>informa\u021bii privind browserul \u0219i dispozitivul dumneavoastr\u0103;<\/li>\n<li>date colectate prin interac\u021biuni electronice automatizate;<\/li>\n<li>datele de utilizare a aplica\u021biilor;<\/li>\n<li>informa\u021bii statistice despre utilizarea de c\u0103tre dumneavoastr\u0103 a site-ului nostru web.<\/li>\n<\/ul>\n<p>Dac\u0103 ne trimite\u021bi un e-mail (de exemplu, pentru a solicita informa\u021bii sau pentru a oferi feedback cu privire la con\u021binutul site-ului web), informa\u021biile pe care le furniza\u021bi vor fi utilizate doar pentru a ne ajuta s\u0103 adun\u0103m informa\u021biile solicitate \u0219i pentru a r\u0103spunde la mesajul dumneavoastr\u0103.<\/p>\n<p>Atunci c\u00e2nd vizita\u021bi oricare dintre serviciile noastre, serverele noastre \u00eenregistreaz\u0103, de asemenea, adresa IP global\u0103, care este un num\u0103r atribuit automat re\u021belei din care face parte computerul dvs.<\/p>\n<h2><\/h2>\n<h2>5. C\u00e2t timp sunt p\u0103strate datele colectate prin cookie-uri?<\/h2>\n<p>Prelucrarea datelor dumneavoastr\u0103 personale colectate prin intermediul cookie-urilor se bazeaz\u0103 pe consim\u021b\u0103m\u00e2ntul dumneavoastr\u0103, care poate fi retras \u00een orice moment prin intermediul set\u0103rilor browserului. Dac\u0103 accepta\u021bi cookie-urile de pe site-ul nostru, vom colecta \u0219i prelucra datele dvs. personale pentru o perioad\u0103 de 26 de luni. Toate cookie-urile persistente sunt eliminate de pe dispozitivul dvs. dup\u0103 expirarea acestei perioade \u0219i nu vom mai prelucra datele dvs. personale.<\/p>\n<h2><\/h2>\n<h2>6. Cum \u00eemi pot schimba set\u0103rile cookie-urilor?<\/h2>\n<p>Cele mai multe browsere web permit un anumit control al majorit\u0103\u021bii cookie-urilor prin intermediul set\u0103rilor browserului. Pentru a afla mai multe despre modulele cookie, inclusiv despre cum s\u0103 vede\u021bi ce module cookie au fost setate \u0219i cum s\u0103 le gestiona\u021bi \u0219i s\u0103 le \u0219terge\u021bi, vizita\u021bi <a href=\"http:\/\/www.aboutcookies.org\" target=\"_blank\" rel=\"noopener noreferrer\">www.aboutcookies.org<\/a> sau <a href=\"http:\/\/www.allaboutcookies.org\" target=\"_blank\" rel=\"noopener noreferrer\">www.allaboutcookies.org<\/a>.<\/p>\n<p>Pentru a renun\u021ba la urm\u0103rirea de c\u0103tre Google Analytics pe toate site-urile web, vizita\u021bi <a href=\"http:\/\/tools.google.com\/dlpage\/gaoptout\" target=\"_blank\" rel=\"noopener noreferrer\">http:\/\/tools.google.com\/dlpage\/gaoptout<\/a>. V\u0103 rug\u0103m s\u0103 re\u021bine\u021bi c\u0103, dac\u0103 nu v\u0103 configura\u021bi browserul, ve\u021bi accepta cookie-urile furnizate de acest site web.<\/p>\n<p>&nbsp;<\/p>\n<h2>7. Leg\u0103turi c\u0103tre site-uri web externe<\/h2>\n<p>Este posibil s\u0103 facem referire la alte companii, organiza\u021bii \u0219i organisme publice sau s\u0103 stabilim rela\u021bii cu acestea, ceea ce v\u0103 va permite s\u0103 accesa\u021bi site-urile lor direct de pe site-ul nostru. Fiecare dintre acestea \u00ee\u0219i va aplica propria politic\u0103 \u00een ceea ce prive\u0219te utilizarea cookie-urilor \u0219i colectarea \u0219i utilizarea informa\u021biilor. Dac\u0103 ave\u021bi nel\u0103muriri cu privire la modul \u00een care vor fi utilizate datele dumneavoastr\u0103, v\u0103 recomand\u0103m s\u0103 consulta\u021bi declara\u021biile de confiden\u021bialitate de pe site-urile web relevante.<\/p>\n<p>CTP se va str\u0103dui s\u0103 v\u0103 ofere linkuri c\u0103tre site-uri web de \u00eenalt\u0103 calitate \u0219i de \u00eencredere care credem c\u0103 vor fi de interes \u0219i relevante pentru dumneavoastr\u0103. Cu toate acestea, v\u0103 rug\u0103m s\u0103 re\u021bine\u021bi c\u0103 nu suntem r\u0103spunz\u0103tori pentru con\u021binutul acestor site-uri web \u0219i nu ne putem asuma responsabilitatea pentru orice probleme care apar \u00een leg\u0103tur\u0103 cu utilizarea de c\u0103tre ter\u021bi a datelor dvs., a con\u021binutului site-ului web sau a serviciilor oferite de aceste site-uri web.<\/p>\n<h2><\/h2>\n<h2>8. Google Analytics<\/h2>\n<p>Acest site utilizeaz\u0103 Google Analytics, un serviciu de analiz\u0103 web furnizat de Google, Inc. (\"Google\"). Google Analytics utilizeaz\u0103 cookie-uri (fi\u0219iere text plasate pe computerul dumneavoastr\u0103) pentru a ajuta operatorii site-ului web s\u0103 analizeze modul \u00een care utilizatorii utilizeaz\u0103 site-ul. Informa\u021biile generate de cookie despre utilizarea de c\u0103tre dvs. a acestui site web (inclusiv adresa dvs. IP) vor fi transmise \u0219i stocate de Google pe serverele din Statele Unite ale Americii. Google va utiliza aceste informa\u021bii \u00een scopul de a evalua utilizarea de c\u0103tre dvs. a site-ului web, de a compila rapoarte privind activitatea site-ului web pentru operatorii site-ului web \u0219i de a furniza alte servicii legate de activitatea site-ului web \u0219i de utilizarea internetului. Google poate, de asemenea, s\u0103 transfere aceste informa\u021bii c\u0103tre ter\u021bi \u00een cazul \u00een care acest lucru este impus de lege sau \u00een cazul \u00een care ace\u0219ti ter\u021bi prelucreaz\u0103 informa\u021biile \u00een numele Google. Google nu va asocia adresa dumneavoastr\u0103 IP cu alte date de\u021binute de Google. Prin utilizarea acestui site web, sunte\u021bi de acord cu prelucrarea datelor dumneavoastr\u0103 de c\u0103tre Google \u00een modul \u0219i \u00een scopurile stabilite mai sus. Nu facem \u0219i nu permitem Google s\u0103 fac\u0103 nicio \u00eencercare de a afla identitatea celor care viziteaz\u0103 site-ul nostru web.<\/p>\n<\/div>","protected":false},"excerpt":{"rendered":"<p>Cu scopul de a v\u0103 asigura c\u0103 beneficia\u021bi de cea mai bun\u0103 experien\u021b\u0103, site-ul CTP Invest, spol. s r.o. (\"CTP\" sau \"noi\")<\/p>","protected":false},"author":67,"featured_media":0,"parent":6125,"menu_order":0,"comment_status":"closed","ping_status":"closed","template":"","meta":{"_acf_changed":false,"footnotes":""},"class_list":["post-6064","page","type-page","status-publish","hentry"],"acf":[],"yoast_head":"<title>CTP website Cookie Policy - Commercial Real Estate Developer And Manager<\/title>\n<meta name=\"robots\" content=\"index, follow, max-snippet:-1, max-image-preview:large, max-video-preview:-1\" \/>\n<link rel=\"canonical\" href=\"https:\/\/ctp.eu\/ro\/ctp-policies\/ctp-website-cookie-policy\/\" \/>\n<meta property=\"og:locale\" content=\"ro_RO\" \/>\n<meta property=\"og:type\" content=\"article\" \/>\n<meta property=\"og:title\" content=\"CTP website Cookie Policy\" \/>\n<meta property=\"og:description\" content=\"With the endeavor to ensure you get the best experience, the CTP Invest, spol. s r.o. (\u201cCTP\u201d or \u201cwe\u201d) website\" \/>\n<meta property=\"og:url\" content=\"https:\/\/ctp.eu\/ro\/ctp-policies\/ctp-website-cookie-policy\/\" \/>\n<meta property=\"og:site_name\" content=\"Commercial Real Estate Developer And Manager\" \/>\n<meta property=\"article:modified_time\" content=\"2020-08-28T10:59:01+00:00\" \/>\n<meta name=\"twitter:card\" content=\"summary_large_image\" \/>\n<meta name=\"twitter:label1\" content=\"Timp estimat pentru citire\" \/>\n\t<meta name=\"twitter:data1\" content=\"5 minute\" \/>\n<script type=\"application\/ld+json\" class=\"yoast-schema-graph\">{\"@context\":\"https:\\\/\\\/schema.org\",\"@graph\":[{\"@type\":\"WebPage\",\"@id\":\"https:\\\/\\\/ctp.eu\\\/ctp-policies\\\/ctp-website-cookie-policy\\\/\",\"url\":\"https:\\\/\\\/ctp.eu\\\/ctp-policies\\\/ctp-website-cookie-policy\\\/\",\"name\":\"CTP website Cookie Policy - Commercial Real Estate Developer And Manager\",\"isPartOf\":{\"@id\":\"https:\\\/\\\/ctp.eu\\\/#website\"},\"datePublished\":\"2019-08-06T13:20:45+00:00\",\"dateModified\":\"2020-08-28T10:59:01+00:00\",\"breadcrumb\":{\"@id\":\"https:\\\/\\\/ctp.eu\\\/ctp-policies\\\/ctp-website-cookie-policy\\\/#breadcrumb\"},\"inLanguage\":\"ro-RO\",\"potentialAction\":[{\"@type\":\"ReadAction\",\"target\":[\"https:\\\/\\\/ctp.eu\\\/ctp-policies\\\/ctp-website-cookie-policy\\\/\"]}]},{\"@type\":\"BreadcrumbList\",\"@id\":\"https:\\\/\\\/ctp.eu\\\/ctp-policies\\\/ctp-website-cookie-policy\\\/#breadcrumb\",\"itemListElement\":[{\"@type\":\"ListItem\",\"position\":1,\"name\":\"Home\",\"item\":\"https:\\\/\\\/ctp.eu\\\/\"},{\"@type\":\"ListItem\",\"position\":2,\"name\":\"CTP Policies\",\"item\":\"https:\\\/\\\/ctp.eu\\\/ctp-policies\\\/\"},{\"@type\":\"ListItem\",\"position\":3,\"name\":\"CTP website Cookie Policy\"}]},{\"@type\":\"WebSite\",\"@id\":\"https:\\\/\\\/ctp.eu\\\/#website\",\"url\":\"https:\\\/\\\/ctp.eu\\\/\",\"name\":\"Commercial Real Estate Developer And Manager\",\"description\":\"CTP - premium industrial warehouse and office buildings\",\"publisher\":{\"@id\":\"https:\\\/\\\/ctp.eu\\\/#organization\"},\"potentialAction\":[{\"@type\":\"SearchAction\",\"target\":{\"@type\":\"EntryPoint\",\"urlTemplate\":\"https:\\\/\\\/ctp.eu\\\/?s={search_term_string}\"},\"query-input\":{\"@type\":\"PropertyValueSpecification\",\"valueRequired\":true,\"valueName\":\"search_term_string\"}}],\"inLanguage\":\"ro-RO\"},{\"@type\":\"Organization\",\"@id\":\"https:\\\/\\\/ctp.eu\\\/#organization\",\"name\":\"CTP\",\"url\":\"https:\\\/\\\/ctp.eu\\\/\",\"logo\":{\"@type\":\"ImageObject\",\"inLanguage\":\"ro-RO\",\"@id\":\"https:\\\/\\\/ctp.eu\\\/#\\\/schema\\\/logo\\\/image\\\/\",\"url\":\"\",\"contentUrl\":\"\",\"caption\":\"CTP\"},\"image\":{\"@id\":\"https:\\\/\\\/ctp.eu\\\/#\\\/schema\\\/logo\\\/image\\\/\"}}]}<\/script>","yoast_head_json":{"title":"Politica de cookie-uri a site-ului CTP - Dezvoltator \u0219i administrator de imobile comerciale","robots":{"index":"index","follow":"follow","max-snippet":"max-snippet:-1","max-image-preview":"max-image-preview:large","max-video-preview":"max-video-preview:-1"},"canonical":"https:\/\/ctp.eu\/ro\/ctp-policies\/ctp-website-cookie-policy\/","og_locale":"ro_RO","og_type":"article","og_title":"CTP website Cookie Policy","og_description":"With the endeavor to ensure you get the best experience, the CTP Invest, spol. s r.o. (\u201cCTP\u201d or \u201cwe\u201d) website","og_url":"https:\/\/ctp.eu\/ro\/ctp-policies\/ctp-website-cookie-policy\/","og_site_name":"Commercial Real Estate Developer And Manager","article_modified_time":"2020-08-28T10:59:01+00:00","twitter_card":"summary_large_image","twitter_misc":{"Timp estimat pentru citire":"5 minute"},"schema":{"@context":"https:\/\/schema.org","@graph":[{"@type":"WebPage","@id":"https:\/\/ctp.eu\/ctp-policies\/ctp-website-cookie-policy\/","url":"https:\/\/ctp.eu\/ctp-policies\/ctp-website-cookie-policy\/","name":"Politica de cookie-uri a site-ului CTP - Dezvoltator \u0219i administrator de imobile comerciale","isPartOf":{"@id":"https:\/\/ctp.eu\/#website"},"datePublished":"2019-08-06T13:20:45+00:00","dateModified":"2020-08-28T10:59:01+00:00","breadcrumb":{"@id":"https:\/\/ctp.eu\/ctp-policies\/ctp-website-cookie-policy\/#breadcrumb"},"inLanguage":"ro-RO","potentialAction":[{"@type":"ReadAction","target":["https:\/\/ctp.eu\/ctp-policies\/ctp-website-cookie-policy\/"]}]},{"@type":"BreadcrumbList","@id":"https:\/\/ctp.eu\/ctp-policies\/ctp-website-cookie-policy\/#breadcrumb","itemListElement":[{"@type":"ListItem","position":1,"name":"Home","item":"https:\/\/ctp.eu\/"},{"@type":"ListItem","position":2,"name":"CTP Policies","item":"https:\/\/ctp.eu\/ctp-policies\/"},{"@type":"ListItem","position":3,"name":"CTP website Cookie Policy"}]},{"@type":"WebSite","@id":"https:\/\/ctp.eu\/#website","url":"https:\/\/ctp.eu\/","name":"Dezvoltator imobiliar comercial \u0219i manager","description":"CTP - cl\u0103diri industriale premium pentru depozite \u0219i birouri","publisher":{"@id":"https:\/\/ctp.eu\/#organization"},"potentialAction":[{"@type":"SearchAction","target":{"@type":"EntryPoint","urlTemplate":"https:\/\/ctp.eu\/?s={search_term_string}"},"query-input":{"@type":"PropertyValueSpecification","valueRequired":true,"valueName":"search_term_string"}}],"inLanguage":"ro-RO"},{"@type":"Organization","@id":"https:\/\/ctp.eu\/#organization","name":"CTP","url":"https:\/\/ctp.eu\/","logo":{"@type":"ImageObject","inLanguage":"ro-RO","@id":"https:\/\/ctp.eu\/#\/schema\/logo\/image\/","url":"","contentUrl":"","caption":"CTP"},"image":{"@id":"https:\/\/ctp.eu\/#\/schema\/logo\/image\/"}}]}},"_links":{"self":[{"href":"https:\/\/ctp.eu\/ro\/wp-json\/wp\/v2\/pages\/6064","targetHints":{"allow":["GET"]}}],"collection":[{"href":"https:\/\/ctp.eu\/ro\/wp-json\/wp\/v2\/pages"}],"about":[{"href":"https:\/\/ctp.eu\/ro\/wp-json\/wp\/v2\/types\/page"}],"author":[{"embeddable":true,"href":"https:\/\/ctp.eu\/ro\/wp-json\/wp\/v2\/users\/67"}],"replies":[{"embeddable":true,"href":"https:\/\/ctp.eu\/ro\/wp-json\/wp\/v2\/comments?post=6064"}],"version-history":[{"count":0,"href":"https:\/\/ctp.eu\/ro\/wp-json\/wp\/v2\/pages\/6064\/revisions"}],"up":[{"embeddable":true,"href":"https:\/\/ctp.eu\/ro\/wp-json\/wp\/v2\/pages\/6125"}],"wp:attachment":[{"href":"https:\/\/ctp.eu\/ro\/wp-json\/wp\/v2\/media?parent=6064"}],"curies":[{"name":"wp","href":"https:\/\/api.w.org\/{rel}","templated":true}]}}