{"id":33,"date":"2018-04-09T14:06:52","date_gmt":"2018-04-09T12:06:52","guid":{"rendered":"https:\/\/www.ctp.eu\/?page_id=33"},"modified":"2025-08-07T12:45:34","modified_gmt":"2025-08-07T10:45:34","slug":"about-us-old-2","status":"publish","type":"page","link":"https:\/\/ctp.eu\/ro\/about-us-old-2\/","title":{"rendered":"Noi facem parcuri"},"content":{"rendered":"<p><span>De c\u00e2nd am \u00eenceput s\u0103 facem ceea ce facem, am devenit destul de buni la asta - proiectarea, construirea \u0219i gestionarea parcurilor de afaceri pentru chiria\u0219ii no\u0219tri. Iat\u0103 dovada.<\/span><\/p>\n<p>&nbsp;<\/p>\n<h2 class=\"ctp-red weight-normal\">Chiria\u0219ii no\u0219tri ne iubesc<\/h2>\n<p>1<span>,<\/span>000+ re\u021beaua de chiria\u0219i are o rat\u0103 de reten\u021bie de 92%, iar 8<span>0<\/span>% din afacerile noastre noi provin din re\u021beaua noastr\u0103 de chiria\u0219i existent\u0103. Acest lucru \u00eenseamn\u0103 c\u0103, pe m\u0103sur\u0103 ce ei cresc, noi cre\u0219tem. Iar ei aleg s\u0103 creasc\u0103 \u00eempreun\u0103 cu noi. Unul dintre motive este faptul c\u0103 suntem un dezvoltator de tip \"build-to-own\", ceea ce \u00eenseamn\u0103 c\u0103 atunci c\u00e2nd construim ceva, \u00eel construim la cele mai \u00eenalte standarde de calitate pentru a ne asigura c\u0103 dureaz\u0103: cl\u0103dirile noastre au o durat\u0103 medie de via\u021b\u0103 de 40 de ani. Tot ceea ce livr\u0103m provine de la echipa noastr\u0103 intern\u0103 pentru a garanta c\u0103 respect\u0103 standardul de aur CTP. Avem grij\u0103 de cl\u0103dirile \u0219i parcurile noastre cu servicii complete - inclusiv administratori de facilit\u0103\u021bi la fa\u021ba locului, amenaj\u0103ri peisagistice, securitate 24\/7 \u0219i multe altele - pentru a le permite chiria\u0219ilor no\u0219tri s\u0103 se concentreze pe ceea ce fac cel mai bine.<\/p>\n<p>&nbsp;<\/p>\n<h2 class=\"ctp-red weight-normal\">Cre\u0219tere care continu\u0103 s\u0103 creasc\u0103<\/h2>\n<p><span>Avem o cre\u0219tere organic\u0103 constant\u0103 \u0219i ne\u00eentrerupt\u0103 de la \u00eenfiin\u021barea noastr\u0103 \u0219i \u00een fiecare an se pare c\u0103 ne dezvolt\u0103m \u0219i mai mult dec\u00e2t \u00een anul precedent. \u00cen prezent, suntem cel mai mare dezvoltator \u0219i administrator de propriet\u0103\u021bi imobiliare logistice \u0219i industriale listate la burs\u0103 din Europa continental\u0103. Aceast\u0103 cre\u0219tere nu este o coinciden\u021b\u0103. Ne pozi\u021bion\u0103m strategic pentru a ne dezvolta \u00een locul potrivit la momentul potrivit. <\/span><\/p>\n<p>&nbsp;<\/p>\n<h2 class=\"ctp-red weight-normal\">Sustenabilitate pentru victorie<\/h2>\n<p><span>\u00cen contextul acestei cre\u0219teri puternice, punem accent pe utilizarea standardelor de v\u00e2rf ale industriei \u0219i a celor mai bune inova\u021bii pentru a ne asigura c\u0103 parcurile noastre func\u021bioneaz\u0103 cu eficien\u021b\u0103 maxim\u0103 \u0219i cu un impact minim asupra mediului. Fiecare metru p\u0103trat din portofoliul nostru este certificat BREEAM cu calificativul \"Foarte bun\" sau mai mare; instal\u0103m sisteme fotovoltaice pe acoperi\u0219urile noastre pentru a ne alimenta cu energie \u0219i pentru a alimenta re\u021beaua principal\u0103; \u0219i folosim \u00een mod constant cele mai recente tehnologii \u0219i metode pentru a contribui la reducerea amprentei ecologice a parcurilor noastre, inclusiv cu sisteme de management al cl\u0103dirilor de ultim\u0103 genera\u021bie \u0219i solu\u021bii de economie circular\u0103. Pentru mai multe informa\u021bii, consulta\u021bi sec\u021biunea noastr\u0103 privind durabilitatea.<\/span><\/p>","protected":false},"excerpt":{"rendered":"<p>De c\u00e2nd am \u00eenceput s\u0103 facem ceea ce facem, am devenit destul de buni la asta - proiectarea, construirea \u0219i gestionarea parcurilor de afaceri pentru<\/p>","protected":false},"author":67,"featured_media":12410,"parent":0,"menu_order":0,"comment_status":"closed","ping_status":"closed","template":"templates\/about-us.php","meta":{"_acf_changed":false,"footnotes":""},"class_list":["post-33","page","type-page","status-publish","has-post-thumbnail","hentry"],"acf":[],"yoast_head":"<title>We make parks - Premium Industrial Warehouses and Logistics Parks<\/title>\n<meta name=\"description\" content=\"CTP is the industrial property developer and manager. It operates the largest network of premium industrial warehouses and logistics parks in CEE region.\" \/>\n<meta name=\"robots\" content=\"index, follow, max-snippet:-1, max-image-preview:large, max-video-preview:-1\" \/>\n<link rel=\"canonical\" href=\"https:\/\/ctp.eu\/ro\/about-us-old-2\/\" \/>\n<meta property=\"og:locale\" content=\"ro_RO\" \/>\n<meta property=\"og:type\" content=\"article\" \/>\n<meta property=\"og:title\" content=\"We make parks\" \/>\n<meta property=\"og:description\" content=\"CTP is the industrial property developer and manager. It operates the largest network of premium industrial warehouses and logistics parks in CEE region.\" \/>\n<meta property=\"og:url\" content=\"https:\/\/ctp.eu\/ro\/about-us-old-2\/\" \/>\n<meta property=\"og:site_name\" content=\"Commercial Real Estate Developer And Manager\" \/>\n<meta property=\"article:modified_time\" content=\"2025-08-07T10:45:34+00:00\" \/>\n<meta property=\"og:image\" content=\"https:\/\/ctp.eu\/wp-content\/uploads\/2021\/01\/by-ctp-social.jpg\" \/>\n\t<meta property=\"og:image:width\" content=\"1600\" \/>\n\t<meta property=\"og:image:height\" content=\"836\" \/>\n\t<meta property=\"og:image:type\" content=\"image\/jpeg\" \/>\n<meta name=\"twitter:card\" content=\"summary_large_image\" \/>\n<meta name=\"twitter:label1\" content=\"Timp estimat pentru citire\" \/>\n\t<meta name=\"twitter:data1\" content=\"2 minute\" \/>\n<script type=\"application\/ld+json\" class=\"yoast-schema-graph\">{\"@context\":\"https:\\\/\\\/schema.org\",\"@graph\":[{\"@type\":\"WebPage\",\"@id\":\"https:\\\/\\\/ctp.eu\\\/about-us-old-2\\\/\",\"url\":\"https:\\\/\\\/ctp.eu\\\/about-us-old-2\\\/\",\"name\":\"We make parks - Premium Industrial Warehouses and Logistics Parks\",\"isPartOf\":{\"@id\":\"https:\\\/\\\/ctp.eu\\\/#website\"},\"primaryImageOfPage\":{\"@id\":\"https:\\\/\\\/ctp.eu\\\/about-us-old-2\\\/#primaryimage\"},\"image\":{\"@id\":\"https:\\\/\\\/ctp.eu\\\/about-us-old-2\\\/#primaryimage\"},\"thumbnailUrl\":\"https:\\\/\\\/ctp.eu\\\/wp-content\\\/uploads\\\/2021\\\/01\\\/by-ctp-social.jpg\",\"datePublished\":\"2018-04-09T12:06:52+00:00\",\"dateModified\":\"2025-08-07T10:45:34+00:00\",\"description\":\"CTP is the industrial property developer and manager. It operates the largest network of premium industrial warehouses and logistics parks in CEE region.\",\"breadcrumb\":{\"@id\":\"https:\\\/\\\/ctp.eu\\\/about-us-old-2\\\/#breadcrumb\"},\"inLanguage\":\"ro-RO\",\"potentialAction\":[{\"@type\":\"ReadAction\",\"target\":[\"https:\\\/\\\/ctp.eu\\\/about-us-old-2\\\/\"]}]},{\"@type\":\"ImageObject\",\"inLanguage\":\"ro-RO\",\"@id\":\"https:\\\/\\\/ctp.eu\\\/about-us-old-2\\\/#primaryimage\",\"url\":\"https:\\\/\\\/ctp.eu\\\/wp-content\\\/uploads\\\/2021\\\/01\\\/by-ctp-social.jpg\",\"contentUrl\":\"https:\\\/\\\/ctp.eu\\\/wp-content\\\/uploads\\\/2021\\\/01\\\/by-ctp-social.jpg\",\"width\":1600,\"height\":836},{\"@type\":\"BreadcrumbList\",\"@id\":\"https:\\\/\\\/ctp.eu\\\/about-us-old-2\\\/#breadcrumb\",\"itemListElement\":[{\"@type\":\"ListItem\",\"position\":1,\"name\":\"Home\",\"item\":\"https:\\\/\\\/ctp.eu\\\/\"},{\"@type\":\"ListItem\",\"position\":2,\"name\":\"We make parks\"}]},{\"@type\":\"WebSite\",\"@id\":\"https:\\\/\\\/ctp.eu\\\/#website\",\"url\":\"https:\\\/\\\/ctp.eu\\\/\",\"name\":\"Commercial Real Estate Developer And Manager\",\"description\":\"CTP - premium industrial warehouse and office buildings\",\"publisher\":{\"@id\":\"https:\\\/\\\/ctp.eu\\\/#organization\"},\"potentialAction\":[{\"@type\":\"SearchAction\",\"target\":{\"@type\":\"EntryPoint\",\"urlTemplate\":\"https:\\\/\\\/ctp.eu\\\/?s={search_term_string}\"},\"query-input\":{\"@type\":\"PropertyValueSpecification\",\"valueRequired\":true,\"valueName\":\"search_term_string\"}}],\"inLanguage\":\"ro-RO\"},{\"@type\":\"Organization\",\"@id\":\"https:\\\/\\\/ctp.eu\\\/#organization\",\"name\":\"CTP\",\"url\":\"https:\\\/\\\/ctp.eu\\\/\",\"logo\":{\"@type\":\"ImageObject\",\"inLanguage\":\"ro-RO\",\"@id\":\"https:\\\/\\\/ctp.eu\\\/#\\\/schema\\\/logo\\\/image\\\/\",\"url\":\"\",\"contentUrl\":\"\",\"caption\":\"CTP\"},\"image\":{\"@id\":\"https:\\\/\\\/ctp.eu\\\/#\\\/schema\\\/logo\\\/image\\\/\"}}]}<\/script>","yoast_head_json":{"title":"Facem parcuri - Depozite industriale \u0219i parcuri logistice premium","description":"CTP este dezvoltatorul \u0219i administratorul propriet\u0103\u021bii industriale. Acesta opereaz\u0103 cea mai mare re\u021bea de depozite industriale premium \u0219i parcuri logistice din regiunea ECE.","robots":{"index":"index","follow":"follow","max-snippet":"max-snippet:-1","max-image-preview":"max-image-preview:large","max-video-preview":"max-video-preview:-1"},"canonical":"https:\/\/ctp.eu\/ro\/about-us-old-2\/","og_locale":"ro_RO","og_type":"article","og_title":"We make parks","og_description":"CTP is the industrial property developer and manager. It operates the largest network of premium industrial warehouses and logistics parks in CEE region.","og_url":"https:\/\/ctp.eu\/ro\/about-us-old-2\/","og_site_name":"Commercial Real Estate Developer And Manager","article_modified_time":"2025-08-07T10:45:34+00:00","og_image":[{"width":1600,"height":836,"url":"https:\/\/ctp.eu\/wp-content\/uploads\/2021\/01\/by-ctp-social.jpg","type":"image\/jpeg"}],"twitter_card":"summary_large_image","twitter_misc":{"Timp estimat pentru citire":"2 minute"},"schema":{"@context":"https:\/\/schema.org","@graph":[{"@type":"WebPage","@id":"https:\/\/ctp.eu\/about-us-old-2\/","url":"https:\/\/ctp.eu\/about-us-old-2\/","name":"Facem parcuri - Depozite industriale \u0219i parcuri logistice premium","isPartOf":{"@id":"https:\/\/ctp.eu\/#website"},"primaryImageOfPage":{"@id":"https:\/\/ctp.eu\/about-us-old-2\/#primaryimage"},"image":{"@id":"https:\/\/ctp.eu\/about-us-old-2\/#primaryimage"},"thumbnailUrl":"https:\/\/ctp.eu\/wp-content\/uploads\/2021\/01\/by-ctp-social.jpg","datePublished":"2018-04-09T12:06:52+00:00","dateModified":"2025-08-07T10:45:34+00:00","description":"CTP este dezvoltatorul \u0219i administratorul propriet\u0103\u021bii industriale. Acesta opereaz\u0103 cea mai mare re\u021bea de depozite industriale premium \u0219i parcuri logistice din regiunea ECE.","breadcrumb":{"@id":"https:\/\/ctp.eu\/about-us-old-2\/#breadcrumb"},"inLanguage":"ro-RO","potentialAction":[{"@type":"ReadAction","target":["https:\/\/ctp.eu\/about-us-old-2\/"]}]},{"@type":"ImageObject","inLanguage":"ro-RO","@id":"https:\/\/ctp.eu\/about-us-old-2\/#primaryimage","url":"https:\/\/ctp.eu\/wp-content\/uploads\/2021\/01\/by-ctp-social.jpg","contentUrl":"https:\/\/ctp.eu\/wp-content\/uploads\/2021\/01\/by-ctp-social.jpg","width":1600,"height":836},{"@type":"BreadcrumbList","@id":"https:\/\/ctp.eu\/about-us-old-2\/#breadcrumb","itemListElement":[{"@type":"ListItem","position":1,"name":"Home","item":"https:\/\/ctp.eu\/"},{"@type":"ListItem","position":2,"name":"We make parks"}]},{"@type":"WebSite","@id":"https:\/\/ctp.eu\/#website","url":"https:\/\/ctp.eu\/","name":"Dezvoltator imobiliar comercial \u0219i manager","description":"CTP - cl\u0103diri industriale premium pentru depozite \u0219i birouri","publisher":{"@id":"https:\/\/ctp.eu\/#organization"},"potentialAction":[{"@type":"SearchAction","target":{"@type":"EntryPoint","urlTemplate":"https:\/\/ctp.eu\/?s={search_term_string}"},"query-input":{"@type":"PropertyValueSpecification","valueRequired":true,"valueName":"search_term_string"}}],"inLanguage":"ro-RO"},{"@type":"Organization","@id":"https:\/\/ctp.eu\/#organization","name":"CTP","url":"https:\/\/ctp.eu\/","logo":{"@type":"ImageObject","inLanguage":"ro-RO","@id":"https:\/\/ctp.eu\/#\/schema\/logo\/image\/","url":"","contentUrl":"","caption":"CTP"},"image":{"@id":"https:\/\/ctp.eu\/#\/schema\/logo\/image\/"}}]}},"_links":{"self":[{"href":"https:\/\/ctp.eu\/ro\/wp-json\/wp\/v2\/pages\/33","targetHints":{"allow":["GET"]}}],"collection":[{"href":"https:\/\/ctp.eu\/ro\/wp-json\/wp\/v2\/pages"}],"about":[{"href":"https:\/\/ctp.eu\/ro\/wp-json\/wp\/v2\/types\/page"}],"author":[{"embeddable":true,"href":"https:\/\/ctp.eu\/ro\/wp-json\/wp\/v2\/users\/67"}],"replies":[{"embeddable":true,"href":"https:\/\/ctp.eu\/ro\/wp-json\/wp\/v2\/comments?post=33"}],"version-history":[{"count":28,"href":"https:\/\/ctp.eu\/ro\/wp-json\/wp\/v2\/pages\/33\/revisions"}],"predecessor-version":[{"id":109961,"href":"https:\/\/ctp.eu\/ro\/wp-json\/wp\/v2\/pages\/33\/revisions\/109961"}],"wp:featuredmedia":[{"embeddable":true,"href":"https:\/\/ctp.eu\/ro\/wp-json\/wp\/v2\/media\/12410"}],"wp:attachment":[{"href":"https:\/\/ctp.eu\/ro\/wp-json\/wp\/v2\/media?parent=33"}],"curies":[{"name":"wp","href":"https:\/\/api.w.org\/{rel}","templated":true}]}}