{"id":31992,"date":"2021-10-26T07:26:11","date_gmt":"2021-10-26T05:26:11","guid":{"rendered":"https:\/\/www.ctp.eu\/?page_id=31992"},"modified":"2021-10-26T10:43:24","modified_gmt":"2021-10-26T08:43:24","slug":"takeover-disclaimer","status":"publish","type":"page","link":"https:\/\/ctp.eu\/ro\/investors\/takeover-offers\/takeover-disclaimer\/","title":{"rendered":"Disclaimer"},"content":{"rendered":"<h2 class=\"investors-subtitle\">Disclaimer<\/h2>\n<h3>Oferta de preluare \u0219i eliminare a Deutsche Industrie REIT-AG<\/h3>\n<p>A\u021bi intrat pe site-ul web pe care CTP NV l-a desemnat pentru publicarea de documente \u0219i informa\u021bii \u00een leg\u0103tur\u0103 cu oferta sa public\u0103 voluntar\u0103 de preluare \u0219i de delistare \u00een conformitate cu Legea german\u0103 privind achizi\u021biile \u0219i preluarea de valori mobiliare (<em>Wertpapiererwerbs- und \u00dcbernahmegesetz<\/em>) (&quot;<strong>Wp\u00dcG<\/strong>\u201d) pentru toate ac\u021biunile Deutsche Industrie REIT-AG anun\u021bate la 26 octombrie 2021 (\u201e<strong>Oferi<\/strong>\").<\/p>\n<p>&nbsp; <\/p>\n<p><strong>Pentru a accesa informa\u021bii suplimentare \u00een leg\u0103tur\u0103 cu Oferta, vizitatorii acestui site sunt ruga\u021bi s\u0103 confirme, \u00een partea de jos a acestei pagini, notificarea urm\u0103toarelor informa\u021bii legale.<\/strong><\/p>\n<p>&nbsp; <\/p>\n<p>CTP NV (\u201e<strong>Ofertant<\/strong>\u201d) public\u0103 pe paginile urm\u0103toare informa\u021bii referitoare la Ofert\u0103. Oferta este implementat\u0103 exclusiv \u00een conformitate cu legile aplicabile ale Republicii Federale Germania, \u00een special Wp\u00dcG \u00eempreun\u0103 cu reglement\u0103rile germane privind con\u021binutul documentelor de ofert\u0103, considera\u021biile legate de ofertele de licita\u021bie \u0219i ofertele obligatorii \u0219i scutiri de la obliga\u021bie. a publica \u0219i a trimite o ofert\u0103 (<em>Wp\u00dcG-Angebotsverordnung<\/em>). Oferta nu este f\u0103cut\u0103 \u00een conformitate cu prevederile altor jurisdic\u021bii dec\u00e2t cele ale Republicii Federale Germania. Astfel, nu au fost depuse, aranjate sau acordate anun\u0163uri, \u00eenregistr\u0103ri, admiteri sau aprob\u0103ri ale Ofertei \u015fi\/sau ale documentului de ofert\u0103 \u00een afara Republicii Federale Germania. Investitorii \u0219i de\u021bin\u0103torii de valori mobiliare ale Deutsche Industry REIT-AG nu se pot baza pe recurgerea la dispozi\u021bii pentru protec\u021bia investitorilor din orice alt\u0103 jurisdic\u021bie dec\u00e2t Republica Federal\u0103 Germania. Nicio comisie federal\u0103 sau de stat pentru valori mobiliare sau autoritate de reglementare nu a aprobat sau dezaprobat Oferta \u0219i\/sau documentul de ofert\u0103 \u0219i nici nu a transmis caracterul adecvat sau exact al informa\u021biilor din documentele aferente ofertei. Orice declara\u021bie contrar\u0103 este o infrac\u021biune \u00een Statele Unite ale Americii (\u201e<strong>Statele Unite ale Americii<\/strong>\").<\/p>\n<p>&nbsp; <\/p>\n<p>Sub rezerva excep\u021biilor descrise \u00een documentul de ofert\u0103, precum \u0219i a oric\u0103ror derog\u0103ri care pot fi acordate de c\u0103tre orice autoritate de reglementare competent\u0103, o ofert\u0103 de preluare sau de eliminare nu este f\u0103cut\u0103 direct sau indirect, \u00een nicio jurisdic\u021bie \u00een care acest lucru ar constitui o \u00eenc\u0103lcare a prevederilor legale. legile na\u021bionale ale unei astfel de jurisdic\u021bii.<\/p>\n<p>&nbsp; <\/p>\n<p>Oferta va avea ca rezultat achizi\u021bia de valori mobiliare ale unei companii din Germania \u0219i este supus\u0103 cerin\u021belor germane de dezv\u0103luire, care difer\u0103 de cele din Statele Unite. Informa\u021biile financiare incluse sau la care se face referire \u00een documentele de ofert\u0103 au fost preg\u0103tite \u00een conformitate cu standardele contabile non-americane \u0219i, \u00een consecin\u021b\u0103, pot s\u0103 nu fie comparabile cu informa\u021biile financiare ale companiilor americane sau ale companiilor ale c\u0103ror situa\u021bii financiare sunt \u00eentocmite \u00een conformitate cu principiile contabile general acceptate. in Statele Unite.<\/p>\n<p>&nbsp; <\/p>\n<p>Oferta este f\u0103cut\u0103 \u00een Statele Unite \u00een conformitate cu o derogare de la regulile ofertei de licita\u021bie din SUA prev\u0103zute de Regula 14d-1(c) \u00een temeiul Actului US Securities Exchange Act din 1934, astfel cum a fost modificat (\u201e<strong>Legea privind schimbul de valori mobiliare din SUA<\/strong>\u201d), iar emiterea de ac\u021biuni se face \u00een conformitate cu o scutire de la \u00eenregistrare prev\u0103zut\u0103 de Regula 802 \u00een temeiul Actului privind valorile mobiliare din 1933 din SUA, astfel cum a fost modificat (\u201e<strong>Legea privind valorile mobiliare din SUA<\/strong>\u201d), iar Oferta se face altfel \u00een conformitate cu cerin\u021bele de reglementare aplicabile \u00een Germania. \u00cen consecin\u021b\u0103, Oferta este supus\u0103 dezv\u0103luirii \u0219i altor cerin\u021be procedurale, inclusiv \u00een ceea ce prive\u0219te drepturile de retragere, calendarul ofertei, procedurile de decontare \u0219i calendarul pl\u0103\u021bilor care sunt diferite de cele aplicabile \u00een conformitate cu procedurile \u0219i legisla\u021bia na\u021bional\u0103 privind ofertele de licita\u021bie din SUA.<\/p>\n<p>&nbsp; <\/p>\n<p>Poate fi dificil pentru de\u021bin\u0103torii de ac\u021biuni din SUA s\u0103-\u0219i pun\u0103 \u00een aplicare drepturile \u0219i orice preten\u021bii care decurg din legile federale privind valorile mobiliare din SUA, deoarece CTP NV \u0219i Deutsche Industrie REIT-AG sunt situate \u00eentr-o alt\u0103 \u021bar\u0103 dec\u00e2t Statele Unite \u0219i unele sau toate acestea. ofi\u021berii \u0219i directorii pot fi reziden\u021bi ai unei alte \u021b\u0103ri dec\u00e2t Statele Unite. Este posibil ca de\u021bin\u0103torii de ac\u021biuni din SUA s\u0103 nu poat\u0103 da \u00een judecat\u0103 o companie din afara SUA sau ofi\u021berii sau directorii acesteia \u00eentr-o instan\u021b\u0103 din afara SUA pentru \u00eenc\u0103lcarea legilor privind valorile mobiliare din SUA. \u00cen plus, poate fi dificil s\u0103 obligi o companie din afara SUA \u0219i afilia\u021bii s\u0103i s\u0103 se supun\u0103 unei hot\u0103r\u00e2ri judec\u0103tore\u0219ti din SUA.<\/p>\n<p>&nbsp; <\/p>\n<p>Anun\u021burile f\u0103cute pe acest site web nu constituie o invita\u021bie de a vinde sau de a face o ofert\u0103 de schimb de valori mobiliare \u00een Deutsche Industrie REIT-AG sau Ofertantul. Cu excep\u021bia public\u0103rii documentului de ofert\u0103, anun\u021burile f\u0103cute pe acest site web, de asemenea, nu constituie o ofert\u0103 de cump\u0103rare sau schimb de ac\u021biuni la Deutsche Industrie REIT-AG sau la Ofertantul.<\/p>\n<p>&nbsp; <\/p>\n<p>\u00cen m\u0103sura permis\u0103 de legisla\u021bia sau reglement\u0103rile aplicabile \u0219i \u00een conformitate cu practica pie\u021bei germane, Ofertantul sau brokerii s\u0103i pot cump\u0103ra sau \u00eencheia acorduri de cump\u0103rare a valorilor mobiliare din Deutsche Industrie REIT-AG, direct sau indirect, \u00een afara Ofertei, \u00eenainte de, \u00een timpul sau dup\u0103 perioada \u00een care oferta r\u0103m\u00e2ne deschis\u0103 spre acceptare. Acela\u0219i lucru este valabil \u0219i pentru alte valori mobiliare care sunt direct convertibile \u00een, schimbabile sau exercitabile pentru titluri \u00een Deutsche Industrie REIT-AG. Aceste achizi\u021bii pot fi finalizate prin intermediul bursei de valori la pre\u021burile pie\u021bei sau \u00een afara bursei la condi\u021bii negociate. Orice informa\u021bii despre astfel de achizi\u021bii vor fi dezv\u0103luite conform legii sau reglement\u0103rilor din Germania sau din orice alt\u0103 jurisdic\u021bie relevant\u0103.<\/p>\n<p>&nbsp; <\/p>\n<p>\u00cen m\u0103sura \u00een care orice anun\u021b de pe acest site web con\u021bine declara\u021bii prospective, astfel de declara\u021bii nu reprezint\u0103 fapte \u0219i sunt caracterizate de cuvintele \u201ea\u0219tepta\u021bi\u201d, \u201ecrede\u021bi\u201d, \u201eestima\u021bi\u201d, \u201einten\u021biona\u021bi\u201d, \u201e\u021binti\u021bi\u201d, \u201easuma\u021bi\u201d sau expresii similare. Asemenea declara\u021bii exprim\u0103 inten\u021biile, opiniile sau a\u0219tept\u0103rile \u0219i ipotezele actuale ale Ofertantului \u0219i ale persoanelor care ac\u021bioneaz\u0103 \u00eempreun\u0103 cu Ofertantul, de exemplu cu privire la poten\u021bialele consecin\u021be ale Ofertei pentru Deutsche Industrie REIT-AG, pentru ace\u0219ti ac\u021bionari ai Deutsche Industrie REIT. -AG care aleg s\u0103 nu accepte Oferta sau pentru rezultatele financiare viitoare ale Deutsche Industrie REIT-AG. Astfel de declara\u021bii prospective se bazeaz\u0103 pe planuri, estim\u0103ri \u0219i previziuni actuale pe care Ofertantul \u0219i persoanele care ac\u021bioneaz\u0103 \u00eempreun\u0103 cu Ofertantul le-au f\u0103cut din cuno\u0219tin\u021bele lor, dar care nu pretind a fi corecte \u00een viitor. Declara\u021biile prospective sunt supuse riscurilor \u0219i incertitudinilor care sunt greu de anticipat \u0219i, de obicei, nu pot fi influen\u021bate de Ofertant sau de persoanele care ac\u021bioneaz\u0103 \u00eempreun\u0103 cu Ofertantul. Trebuie re\u021binut c\u0103 evenimentele sau consecin\u021bele reale pot diferi semnificativ de cele con\u021binute sau exprimate \u00een astfel de declara\u021bii anticipative.<\/p>\n<p>&nbsp; <\/p>\n<p><strong>Prin selectarea butonului \u201eConfirm\u201d, garanta\u021bi c\u0103 a\u021bi citit \u0219i \u00een\u021beles avizul legal de mai sus.<\/strong><\/p>\n<p>&nbsp;<\/p>\n<p><a class=\"btn btn-primary uppercase mb-0 getOfferButton\" style=\"margin-top: 80px;\" href=\"\/ro\/investors\/takeover-offers\/dir-takeover\/?noredirect=true\">Confirm<\/a><\/p>\n<p><a class=\"btn btn-primary uppercase mb-0 getOfferButton\" style=\"margin-top: 80px; margin-left: 20px; background: #3f4a48; border: 1px solid #3f4a48;\" href=\"\/ro\/investors\/\">Nu confirm<\/a><\/p>","protected":false},"excerpt":{"rendered":"<p>Declinare a r\u0103spunderii Deutsche Industrie REIT-AG Oferta de preluare \u0219i de delistare A\u021bi intrat pe site-ul web pe care CTP NV l-a desemnat pentru<\/p>","protected":false},"author":22,"featured_media":0,"parent":31996,"menu_order":0,"comment_status":"closed","ping_status":"closed","template":"investors-sub-page.php","meta":{"_acf_changed":false,"footnotes":""},"class_list":["post-31992","page","type-page","status-publish","hentry"],"acf":[],"yoast_head":"<title>Disclaimer - Commercial Real Estate Developer And Manager<\/title>\n<meta name=\"robots\" content=\"index, follow, max-snippet:-1, max-image-preview:large, max-video-preview:-1\" \/>\n<link rel=\"canonical\" href=\"https:\/\/ctp.eu\/ro\/investors\/takeover-offers\/takeover-disclaimer\/\" \/>\n<meta property=\"og:locale\" content=\"ro_RO\" \/>\n<meta property=\"og:type\" content=\"article\" \/>\n<meta property=\"og:title\" content=\"Disclaimer\" \/>\n<meta property=\"og:description\" content=\"Disclaimer Deutsche Industrie REIT-AG Takeover and Delisting Of\u00adfer You have entered the website which CTP N.V. has designated for the\" \/>\n<meta property=\"og:url\" content=\"https:\/\/ctp.eu\/ro\/investors\/takeover-offers\/takeover-disclaimer\/\" \/>\n<meta property=\"og:site_name\" content=\"Commercial Real Estate Developer And Manager\" \/>\n<meta property=\"article:modified_time\" content=\"2021-10-26T08:43:24+00:00\" \/>\n<meta name=\"twitter:card\" content=\"summary_large_image\" \/>\n<meta name=\"twitter:label1\" content=\"Timp estimat pentru citire\" \/>\n\t<meta name=\"twitter:data1\" content=\"5 minute\" \/>\n<script type=\"application\/ld+json\" class=\"yoast-schema-graph\">{\"@context\":\"https:\/\/schema.org\",\"@graph\":[{\"@type\":\"WebPage\",\"@id\":\"https:\/\/ctp.eu\/investors\/takeover-offers\/takeover-disclaimer\/\",\"url\":\"https:\/\/ctp.eu\/investors\/takeover-offers\/takeover-disclaimer\/\",\"name\":\"Disclaimer - Commercial Real Estate Developer And Manager\",\"isPartOf\":{\"@id\":\"https:\/\/ctp.eu\/#website\"},\"datePublished\":\"2021-10-26T05:26:11+00:00\",\"dateModified\":\"2021-10-26T08:43:24+00:00\",\"breadcrumb\":{\"@id\":\"https:\/\/ctp.eu\/investors\/takeover-offers\/takeover-disclaimer\/#breadcrumb\"},\"inLanguage\":\"ro-RO\",\"potentialAction\":[{\"@type\":\"ReadAction\",\"target\":[\"https:\/\/ctp.eu\/investors\/takeover-offers\/takeover-disclaimer\/\"]}]},{\"@type\":\"BreadcrumbList\",\"@id\":\"https:\/\/ctp.eu\/investors\/takeover-offers\/takeover-disclaimer\/#breadcrumb\",\"itemListElement\":[{\"@type\":\"ListItem\",\"position\":1,\"name\":\"Home\",\"item\":\"https:\/\/ctp.eu\/\"},{\"@type\":\"ListItem\",\"position\":2,\"name\":\"Long-Term Investment Partnership\",\"item\":\"https:\/\/ctp.eu\/investors\/\"},{\"@type\":\"ListItem\",\"position\":3,\"name\":\"Takeover Offers\",\"item\":\"https:\/\/ctp.eu\/investors\/takeover-offers\/\"},{\"@type\":\"ListItem\",\"position\":4,\"name\":\"Disclaimer\"}]},{\"@type\":\"WebSite\",\"@id\":\"https:\/\/ctp.eu\/#website\",\"url\":\"https:\/\/ctp.eu\/\",\"name\":\"Commercial Real Estate Developer And Manager\",\"description\":\"CTP - premium industrial warehouse and office buildings\",\"publisher\":{\"@id\":\"https:\/\/ctp.eu\/#organization\"},\"potentialAction\":[{\"@type\":\"SearchAction\",\"target\":{\"@type\":\"EntryPoint\",\"urlTemplate\":\"https:\/\/ctp.eu\/?s={search_term_string}\"},\"query-input\":{\"@type\":\"PropertyValueSpecification\",\"valueRequired\":true,\"valueName\":\"search_term_string\"}}],\"inLanguage\":\"ro-RO\"},{\"@type\":\"Organization\",\"@id\":\"https:\/\/ctp.eu\/#organization\",\"name\":\"CTP\",\"url\":\"https:\/\/ctp.eu\/\",\"logo\":{\"@type\":\"ImageObject\",\"inLanguage\":\"ro-RO\",\"@id\":\"https:\/\/ctp.eu\/#\/schema\/logo\/image\/\",\"url\":\"\",\"contentUrl\":\"\",\"caption\":\"CTP\"},\"image\":{\"@id\":\"https:\/\/ctp.eu\/#\/schema\/logo\/image\/\"}}]}<\/script>","yoast_head_json":{"title":"Disclaimer - Dezvoltator \u0219i manager imobiliar comercial","robots":{"index":"index","follow":"follow","max-snippet":"max-snippet:-1","max-image-preview":"max-image-preview:large","max-video-preview":"max-video-preview:-1"},"canonical":"https:\/\/ctp.eu\/ro\/investors\/takeover-offers\/takeover-disclaimer\/","og_locale":"ro_RO","og_type":"article","og_title":"Disclaimer","og_description":"Disclaimer Deutsche Industrie REIT-AG Takeover and Delisting Of\u00adfer You have entered the website which CTP N.V. has designated for the","og_url":"https:\/\/ctp.eu\/ro\/investors\/takeover-offers\/takeover-disclaimer\/","og_site_name":"Commercial Real Estate Developer And Manager","article_modified_time":"2021-10-26T08:43:24+00:00","twitter_card":"summary_large_image","twitter_misc":{"Timp estimat pentru citire":"5 minute"},"schema":{"@context":"https:\/\/schema.org","@graph":[{"@type":"WebPage","@id":"https:\/\/ctp.eu\/investors\/takeover-offers\/takeover-disclaimer\/","url":"https:\/\/ctp.eu\/investors\/takeover-offers\/takeover-disclaimer\/","name":"Disclaimer - Dezvoltator \u0219i manager imobiliar comercial","isPartOf":{"@id":"https:\/\/ctp.eu\/#website"},"datePublished":"2021-10-26T05:26:11+00:00","dateModified":"2021-10-26T08:43:24+00:00","breadcrumb":{"@id":"https:\/\/ctp.eu\/investors\/takeover-offers\/takeover-disclaimer\/#breadcrumb"},"inLanguage":"ro-RO","potentialAction":[{"@type":"ReadAction","target":["https:\/\/ctp.eu\/investors\/takeover-offers\/takeover-disclaimer\/"]}]},{"@type":"BreadcrumbList","@id":"https:\/\/ctp.eu\/investors\/takeover-offers\/takeover-disclaimer\/#breadcrumb","itemListElement":[{"@type":"ListItem","position":1,"name":"Home","item":"https:\/\/ctp.eu\/"},{"@type":"ListItem","position":2,"name":"Long-Term Investment Partnership","item":"https:\/\/ctp.eu\/investors\/"},{"@type":"ListItem","position":3,"name":"Takeover Offers","item":"https:\/\/ctp.eu\/investors\/takeover-offers\/"},{"@type":"ListItem","position":4,"name":"Disclaimer"}]},{"@type":"WebSite","@id":"https:\/\/ctp.eu\/#website","url":"https:\/\/ctp.eu\/","name":"Dezvoltator imobiliar comercial \u0219i manager","description":"CTP - cl\u0103diri industriale premium pentru depozite \u0219i birouri","publisher":{"@id":"https:\/\/ctp.eu\/#organization"},"potentialAction":[{"@type":"SearchAction","target":{"@type":"EntryPoint","urlTemplate":"https:\/\/ctp.eu\/?s={search_term_string}"},"query-input":{"@type":"PropertyValueSpecification","valueRequired":true,"valueName":"search_term_string"}}],"inLanguage":"ro-RO"},{"@type":"Organization","@id":"https:\/\/ctp.eu\/#organization","name":"CTP","url":"https:\/\/ctp.eu\/","logo":{"@type":"ImageObject","inLanguage":"ro-RO","@id":"https:\/\/ctp.eu\/#\/schema\/logo\/image\/","url":"","contentUrl":"","caption":"CTP"},"image":{"@id":"https:\/\/ctp.eu\/#\/schema\/logo\/image\/"}}]}},"_links":{"self":[{"href":"https:\/\/ctp.eu\/ro\/wp-json\/wp\/v2\/pages\/31992","targetHints":{"allow":["GET"]}}],"collection":[{"href":"https:\/\/ctp.eu\/ro\/wp-json\/wp\/v2\/pages"}],"about":[{"href":"https:\/\/ctp.eu\/ro\/wp-json\/wp\/v2\/types\/page"}],"author":[{"embeddable":true,"href":"https:\/\/ctp.eu\/ro\/wp-json\/wp\/v2\/users\/22"}],"replies":[{"embeddable":true,"href":"https:\/\/ctp.eu\/ro\/wp-json\/wp\/v2\/comments?post=31992"}],"version-history":[{"count":0,"href":"https:\/\/ctp.eu\/ro\/wp-json\/wp\/v2\/pages\/31992\/revisions"}],"up":[{"embeddable":true,"href":"https:\/\/ctp.eu\/ro\/wp-json\/wp\/v2\/pages\/31996"}],"wp:attachment":[{"href":"https:\/\/ctp.eu\/ro\/wp-json\/wp\/v2\/media?parent=31992"}],"curies":[{"name":"wp","href":"https:\/\/api.w.org\/{rel}","templated":true}]}}