{"id":238,"date":"2018-04-17T11:24:00","date_gmt":"2018-04-17T11:24:00","guid":{"rendered":"https:\/\/www.ctp.eu\/?page_id=238"},"modified":"2019-12-04T11:43:12","modified_gmt":"2019-12-04T11:43:12","slug":"development-and-services","status":"publish","type":"page","link":"https:\/\/ctp.eu\/ro\/services\/development-and-services\/","title":{"rendered":"Cum putem <br\/>S\u0103 te ajut?"},"content":{"rendered":"<p>\u00cen modelul de servicii complete, p\u0103r\u021bile interesate concurente sunt aduse toate sub un singur acoperi\u0219, ceea ce <strong>faciliteaz\u0103 o abordare mai centrat\u0103 pe client<\/strong> capabil s\u0103 <strong>reducerea complexit\u0103\u021bii<\/strong> \u0219i de lupta \u00eendelungat\u0103 \u00eentre diferitele p\u0103r\u021bi interesate.<\/p>\n<p>Ajust\u0103rile pot fi f\u0103cute rapid <strong>pentru a se potrivi cerin\u021belor individuale ale chiria\u0219ilor<\/strong>, men\u021bin\u00e2nd \u00een acela\u0219i timp standardele de durabilitate economic\u0103, de mediu \u0219i social\u0103 f\u0103r\u0103 a se baza pe o multitudine de entit\u0103\u021bi disparate care s\u0103 se coordoneze \u00eentre ele.<\/p>\n<p>\u00cen plus, modelul de servicii complete poate facilita \u0219i ob\u021binerea de <strong>Certificare de sustenabilitate din partea unei ter\u021be p\u0103r\u021bi, <\/strong>cum ar fi BREEAM, cea mai important\u0103 metod\u0103 de evaluare a sustenabilit\u0103\u021bii la nivel mondial pentru proiecte de planificare general\u0103, infrastructur\u0103 \u0219i cl\u0103diri.<\/p>\n<p><strong>CTP \u00ee\u0219i construie\u0219te cl\u0103dirile la standarde BREEAM \"excelente<\/strong> \u0219i supune cl\u0103dirile la certificare BREEAM, cu acordul chiria\u0219ului. Evalu\u0103rile asigur\u0103 durabilitatea ecologic\u0103, social\u0103 \u0219i economic\u0103, precum \u0219i bun\u0103starea persoanelor care locuiesc \u0219i lucreaz\u0103 \u00een ele.<\/p>\n<p class=\"perex\">","protected":false},"excerpt":{"rendered":"<p>\u00cen modelul de servicii complete, p\u0103r\u021bile interesate concurente sunt toate reunite sub acela\u0219i acoperi\u0219, ceea ce faciliteaz\u0103 o abordare mai centrat\u0103 pe client, capabil\u0103 s\u0103<\/p>","protected":false},"author":67,"featured_media":0,"parent":66,"menu_order":0,"comment_status":"closed","ping_status":"closed","template":"services-page.php","meta":{"_acf_changed":false,"footnotes":""},"class_list":["post-238","page","type-page","status-publish","hentry"],"acf":[],"yoast_head":"<title>How can we help you? - Commercial Real Estate Developer And Manager<\/title>\n<meta name=\"robots\" content=\"index, follow, max-snippet:-1, max-image-preview:large, max-video-preview:-1\" \/>\n<link rel=\"canonical\" href=\"https:\/\/ctp.eu\/ro\/services\/development-and-services\/\" \/>\n<meta property=\"og:locale\" content=\"ro_RO\" \/>\n<meta property=\"og:type\" content=\"article\" \/>\n<meta property=\"og:title\" content=\"How can we help you?\" \/>\n<meta property=\"og:description\" content=\"In the full-service model, compet\u00ading stakeholders are all brought under one roof, which facilitates a more client-centric approach able to\" \/>\n<meta property=\"og:url\" content=\"https:\/\/ctp.eu\/ro\/services\/development-and-services\/\" \/>\n<meta property=\"og:site_name\" content=\"Commercial Real Estate Developer And Manager\" \/>\n<meta property=\"article:modified_time\" content=\"2019-12-04T11:43:12+00:00\" \/>\n<meta name=\"twitter:card\" content=\"summary_large_image\" \/>\n<meta name=\"twitter:label1\" content=\"Timp estimat pentru citire\" \/>\n\t<meta name=\"twitter:data1\" content=\"1 minut\" \/>\n<script type=\"application\/ld+json\" class=\"yoast-schema-graph\">{\"@context\":\"https:\/\/schema.org\",\"@graph\":[{\"@type\":\"WebPage\",\"@id\":\"https:\/\/ctp.eu\/services\/development-and-services\/\",\"url\":\"https:\/\/ctp.eu\/services\/development-and-services\/\",\"name\":\"How can we help you? - Commercial Real Estate Developer And Manager\",\"isPartOf\":{\"@id\":\"https:\/\/ctp.eu\/#website\"},\"datePublished\":\"2018-04-17T11:24:00+00:00\",\"dateModified\":\"2019-12-04T11:43:12+00:00\",\"breadcrumb\":{\"@id\":\"https:\/\/ctp.eu\/services\/development-and-services\/#breadcrumb\"},\"inLanguage\":\"ro-RO\",\"potentialAction\":[{\"@type\":\"ReadAction\",\"target\":[\"https:\/\/ctp.eu\/services\/development-and-services\/\"]}]},{\"@type\":\"BreadcrumbList\",\"@id\":\"https:\/\/ctp.eu\/services\/development-and-services\/#breadcrumb\",\"itemListElement\":[{\"@type\":\"ListItem\",\"position\":1,\"name\":\"Home\",\"item\":\"https:\/\/ctp.eu\/\"},{\"@type\":\"ListItem\",\"position\":2,\"name\":\"Services\",\"item\":\"https:\/\/ctp.eu\/services\/\"},{\"@type\":\"ListItem\",\"position\":3,\"name\":\"How can we help you?\"}]},{\"@type\":\"WebSite\",\"@id\":\"https:\/\/ctp.eu\/#website\",\"url\":\"https:\/\/ctp.eu\/\",\"name\":\"Commercial Real Estate Developer And Manager\",\"description\":\"CTP - premium industrial warehouse and office buildings\",\"publisher\":{\"@id\":\"https:\/\/ctp.eu\/#organization\"},\"potentialAction\":[{\"@type\":\"SearchAction\",\"target\":{\"@type\":\"EntryPoint\",\"urlTemplate\":\"https:\/\/ctp.eu\/?s={search_term_string}\"},\"query-input\":{\"@type\":\"PropertyValueSpecification\",\"valueRequired\":true,\"valueName\":\"search_term_string\"}}],\"inLanguage\":\"ro-RO\"},{\"@type\":\"Organization\",\"@id\":\"https:\/\/ctp.eu\/#organization\",\"name\":\"CTP\",\"url\":\"https:\/\/ctp.eu\/\",\"logo\":{\"@type\":\"ImageObject\",\"inLanguage\":\"ro-RO\",\"@id\":\"https:\/\/ctp.eu\/#\/schema\/logo\/image\/\",\"url\":\"\",\"contentUrl\":\"\",\"caption\":\"CTP\"},\"image\":{\"@id\":\"https:\/\/ctp.eu\/#\/schema\/logo\/image\/\"}}]}<\/script>","yoast_head_json":{"title":"Cum v\u0103 putem ajuta? - Dezvoltator imobiliar comercial \u0219i manager","robots":{"index":"index","follow":"follow","max-snippet":"max-snippet:-1","max-image-preview":"max-image-preview:large","max-video-preview":"max-video-preview:-1"},"canonical":"https:\/\/ctp.eu\/ro\/services\/development-and-services\/","og_locale":"ro_RO","og_type":"article","og_title":"How can we help you?","og_description":"In the full-service model, compet\u00ading stakeholders are all brought under one roof, which facilitates a more client-centric approach able to","og_url":"https:\/\/ctp.eu\/ro\/services\/development-and-services\/","og_site_name":"Commercial Real Estate Developer And Manager","article_modified_time":"2019-12-04T11:43:12+00:00","twitter_card":"summary_large_image","twitter_misc":{"Timp estimat pentru citire":"1 minut"},"schema":{"@context":"https:\/\/schema.org","@graph":[{"@type":"WebPage","@id":"https:\/\/ctp.eu\/services\/development-and-services\/","url":"https:\/\/ctp.eu\/services\/development-and-services\/","name":"Cum v\u0103 putem ajuta? - Dezvoltator imobiliar comercial \u0219i manager","isPartOf":{"@id":"https:\/\/ctp.eu\/#website"},"datePublished":"2018-04-17T11:24:00+00:00","dateModified":"2019-12-04T11:43:12+00:00","breadcrumb":{"@id":"https:\/\/ctp.eu\/services\/development-and-services\/#breadcrumb"},"inLanguage":"ro-RO","potentialAction":[{"@type":"ReadAction","target":["https:\/\/ctp.eu\/services\/development-and-services\/"]}]},{"@type":"BreadcrumbList","@id":"https:\/\/ctp.eu\/services\/development-and-services\/#breadcrumb","itemListElement":[{"@type":"ListItem","position":1,"name":"Home","item":"https:\/\/ctp.eu\/"},{"@type":"ListItem","position":2,"name":"Services","item":"https:\/\/ctp.eu\/services\/"},{"@type":"ListItem","position":3,"name":"How can we help you?"}]},{"@type":"WebSite","@id":"https:\/\/ctp.eu\/#website","url":"https:\/\/ctp.eu\/","name":"Dezvoltator imobiliar comercial \u0219i manager","description":"CTP - cl\u0103diri industriale premium pentru depozite \u0219i birouri","publisher":{"@id":"https:\/\/ctp.eu\/#organization"},"potentialAction":[{"@type":"SearchAction","target":{"@type":"EntryPoint","urlTemplate":"https:\/\/ctp.eu\/?s={search_term_string}"},"query-input":{"@type":"PropertyValueSpecification","valueRequired":true,"valueName":"search_term_string"}}],"inLanguage":"ro-RO"},{"@type":"Organization","@id":"https:\/\/ctp.eu\/#organization","name":"CTP","url":"https:\/\/ctp.eu\/","logo":{"@type":"ImageObject","inLanguage":"ro-RO","@id":"https:\/\/ctp.eu\/#\/schema\/logo\/image\/","url":"","contentUrl":"","caption":"CTP"},"image":{"@id":"https:\/\/ctp.eu\/#\/schema\/logo\/image\/"}}]}},"_links":{"self":[{"href":"https:\/\/ctp.eu\/ro\/wp-json\/wp\/v2\/pages\/238","targetHints":{"allow":["GET"]}}],"collection":[{"href":"https:\/\/ctp.eu\/ro\/wp-json\/wp\/v2\/pages"}],"about":[{"href":"https:\/\/ctp.eu\/ro\/wp-json\/wp\/v2\/types\/page"}],"author":[{"embeddable":true,"href":"https:\/\/ctp.eu\/ro\/wp-json\/wp\/v2\/users\/67"}],"replies":[{"embeddable":true,"href":"https:\/\/ctp.eu\/ro\/wp-json\/wp\/v2\/comments?post=238"}],"version-history":[{"count":0,"href":"https:\/\/ctp.eu\/ro\/wp-json\/wp\/v2\/pages\/238\/revisions"}],"up":[{"embeddable":true,"href":"https:\/\/ctp.eu\/ro\/wp-json\/wp\/v2\/pages\/66"}],"wp:attachment":[{"href":"https:\/\/ctp.eu\/ro\/wp-json\/wp\/v2\/media?parent=238"}],"curies":[{"name":"wp","href":"https:\/\/api.w.org\/{rel}","templated":true}]}}