{"id":236,"date":"2018-04-17T11:23:21","date_gmt":"2018-04-17T11:23:21","guid":{"rendered":"https:\/\/www.ctp.eu\/?page_id=236"},"modified":"2023-11-03T09:25:06","modified_gmt":"2023-11-03T07:25:06","slug":"industrial","status":"publish","type":"page","link":"https:\/\/ctp.eu\/ro\/portfolio\/industrial\/","title":{"rendered":"Portofoliu industrial"},"content":{"rendered":"<h2 class=\"ctp-red weight-normal\" style=\"line-height: 1.2;\">Avantajele propriet\u0103\u021bilor industriale ale CTP<\/h2>\n<p>Ne ocup\u0103m de nevoile dumneavoastr\u0103 \u00een ceea ce prive\u0219te facilit\u0103\u021bile, astfel \u00eenc\u00e2t s\u0103 v\u0103 pute\u021bi concentra pe afacerea dumneavoastr\u0103. \u00cen calitate de dezvoltator, proprietar \u0219i operator cu experien\u021b\u0103 \u00een domeniul propriet\u0103\u021bilor comerciale - \u0219i partener european de \u00eencredere pentru peste 1.000 de lideri de pia\u021b\u0103 la nivel global \u0219i local - avem know-how-ul de care ave\u021bi nevoie pentru a maximiza valoarea opera\u021biunilor dvs. pe parcursul ciclului de via\u021b\u0103 al investi\u021biei dvs.Printre beneficiile dumneavoastr\u0103 se num\u0103r\u0103 echipele noastre interne axate pe client, flexibilitatea de a v\u0103 personaliza spa\u021biul \u0219i de a v\u0103 extinde \u0219i reloca rapid, pe m\u0103sur\u0103 ce afacerea dumneavoastr\u0103 se dezvolt\u0103, moderniz\u0103ri \u0219i \u00eentre\u021binere tehnologic\u0103, precum \u0219i lini\u0219tea \u0219i asigurarea calit\u0103\u021bii care decurg din parteneriatul cu noi - cel mai mare dezvoltator de propriet\u0103\u021bi industriale \u0219i logistice cotate la burs\u0103 din Europa \u0219i lider de pia\u021b\u0103 pe termen lung \u00een Europa Central\u0103 \u0219i de Est, care este inteligent din punct de vedere comercial.<\/p>","protected":false},"excerpt":{"rendered":"<p>Avantajele propriet\u0103\u021bilor industriale ale CTP Ne ocup\u0103m de nevoile dumneavoastr\u0103, astfel \u00eenc\u00e2t s\u0103 v\u0103 pute\u021bi concentra pe activit\u0103\u021bile dvs.<\/p>","protected":false},"author":67,"featured_media":0,"parent":64,"menu_order":0,"comment_status":"closed","ping_status":"closed","template":"templates\/industrial-portfolio.php","meta":{"_acf_changed":false,"footnotes":""},"class_list":["post-236","page","type-page","status-publish","hentry"],"acf":[],"yoast_head":"<title>Industrial Portfolio - Commercial Real Estate Developer And Manager<\/title>\n<meta name=\"robots\" content=\"index, follow, max-snippet:-1, max-image-preview:large, max-video-preview:-1\" \/>\n<link rel=\"canonical\" href=\"https:\/\/ctp.eu\/ro\/portfolio\/industrial\/\" \/>\n<meta property=\"og:locale\" content=\"ro_RO\" \/>\n<meta property=\"og:type\" content=\"article\" \/>\n<meta property=\"og:title\" content=\"Industrial Portfolio\" \/>\n<meta property=\"og:description\" content=\"Advantages of CTP&#8217;s Industrial Properties We take care of your facility needs so that you can stay focused on your\" \/>\n<meta property=\"og:url\" content=\"https:\/\/ctp.eu\/ro\/portfolio\/industrial\/\" \/>\n<meta property=\"og:site_name\" content=\"Commercial Real Estate Developer And Manager\" \/>\n<meta property=\"article:modified_time\" content=\"2023-11-03T07:25:06+00:00\" \/>\n<meta name=\"twitter:card\" content=\"summary_large_image\" \/>\n<meta name=\"twitter:label1\" content=\"Timp estimat pentru citire\" \/>\n\t<meta name=\"twitter:data1\" content=\"1 minut\" \/>\n<script type=\"application\/ld+json\" class=\"yoast-schema-graph\">{\"@context\":\"https:\/\/schema.org\",\"@graph\":[{\"@type\":\"WebPage\",\"@id\":\"https:\/\/ctp.eu\/portfolio\/industrial\/\",\"url\":\"https:\/\/ctp.eu\/portfolio\/industrial\/\",\"name\":\"Industrial Portfolio - Commercial Real Estate Developer And Manager\",\"isPartOf\":{\"@id\":\"https:\/\/ctp.eu\/#website\"},\"datePublished\":\"2018-04-17T11:23:21+00:00\",\"dateModified\":\"2023-11-03T07:25:06+00:00\",\"breadcrumb\":{\"@id\":\"https:\/\/ctp.eu\/portfolio\/industrial\/#breadcrumb\"},\"inLanguage\":\"ro-RO\",\"potentialAction\":[{\"@type\":\"ReadAction\",\"target\":[\"https:\/\/ctp.eu\/portfolio\/industrial\/\"]}]},{\"@type\":\"BreadcrumbList\",\"@id\":\"https:\/\/ctp.eu\/portfolio\/industrial\/#breadcrumb\",\"itemListElement\":[{\"@type\":\"ListItem\",\"position\":1,\"name\":\"Home\",\"item\":\"https:\/\/ctp.eu\/\"},{\"@type\":\"ListItem\",\"position\":2,\"name\":\"Portfolio\",\"item\":\"https:\/\/ctp.eu\/portfolio\/\"},{\"@type\":\"ListItem\",\"position\":3,\"name\":\"Industrial Portfolio\"}]},{\"@type\":\"WebSite\",\"@id\":\"https:\/\/ctp.eu\/#website\",\"url\":\"https:\/\/ctp.eu\/\",\"name\":\"Commercial Real Estate Developer And Manager\",\"description\":\"CTP - premium industrial warehouse and office buildings\",\"publisher\":{\"@id\":\"https:\/\/ctp.eu\/#organization\"},\"potentialAction\":[{\"@type\":\"SearchAction\",\"target\":{\"@type\":\"EntryPoint\",\"urlTemplate\":\"https:\/\/ctp.eu\/?s={search_term_string}\"},\"query-input\":{\"@type\":\"PropertyValueSpecification\",\"valueRequired\":true,\"valueName\":\"search_term_string\"}}],\"inLanguage\":\"ro-RO\"},{\"@type\":\"Organization\",\"@id\":\"https:\/\/ctp.eu\/#organization\",\"name\":\"CTP\",\"url\":\"https:\/\/ctp.eu\/\",\"logo\":{\"@type\":\"ImageObject\",\"inLanguage\":\"ro-RO\",\"@id\":\"https:\/\/ctp.eu\/#\/schema\/logo\/image\/\",\"url\":\"\",\"contentUrl\":\"\",\"caption\":\"CTP\"},\"image\":{\"@id\":\"https:\/\/ctp.eu\/#\/schema\/logo\/image\/\"}}]}<\/script>","yoast_head_json":{"title":"Portofoliu industrial - Dezvoltator \u0219i administrator de propriet\u0103\u021bi comerciale","robots":{"index":"index","follow":"follow","max-snippet":"max-snippet:-1","max-image-preview":"max-image-preview:large","max-video-preview":"max-video-preview:-1"},"canonical":"https:\/\/ctp.eu\/ro\/portfolio\/industrial\/","og_locale":"ro_RO","og_type":"article","og_title":"Industrial Portfolio","og_description":"Advantages of CTP&#8217;s Industrial Properties We take care of your facility needs so that you can stay focused on your","og_url":"https:\/\/ctp.eu\/ro\/portfolio\/industrial\/","og_site_name":"Commercial Real Estate Developer And Manager","article_modified_time":"2023-11-03T07:25:06+00:00","twitter_card":"summary_large_image","twitter_misc":{"Timp estimat pentru citire":"1 minut"},"schema":{"@context":"https:\/\/schema.org","@graph":[{"@type":"WebPage","@id":"https:\/\/ctp.eu\/portfolio\/industrial\/","url":"https:\/\/ctp.eu\/portfolio\/industrial\/","name":"Portofoliu industrial - Dezvoltator \u0219i administrator de propriet\u0103\u021bi comerciale","isPartOf":{"@id":"https:\/\/ctp.eu\/#website"},"datePublished":"2018-04-17T11:23:21+00:00","dateModified":"2023-11-03T07:25:06+00:00","breadcrumb":{"@id":"https:\/\/ctp.eu\/portfolio\/industrial\/#breadcrumb"},"inLanguage":"ro-RO","potentialAction":[{"@type":"ReadAction","target":["https:\/\/ctp.eu\/portfolio\/industrial\/"]}]},{"@type":"BreadcrumbList","@id":"https:\/\/ctp.eu\/portfolio\/industrial\/#breadcrumb","itemListElement":[{"@type":"ListItem","position":1,"name":"Home","item":"https:\/\/ctp.eu\/"},{"@type":"ListItem","position":2,"name":"Portfolio","item":"https:\/\/ctp.eu\/portfolio\/"},{"@type":"ListItem","position":3,"name":"Industrial Portfolio"}]},{"@type":"WebSite","@id":"https:\/\/ctp.eu\/#website","url":"https:\/\/ctp.eu\/","name":"Dezvoltator imobiliar comercial \u0219i manager","description":"CTP - cl\u0103diri industriale premium pentru depozite \u0219i birouri","publisher":{"@id":"https:\/\/ctp.eu\/#organization"},"potentialAction":[{"@type":"SearchAction","target":{"@type":"EntryPoint","urlTemplate":"https:\/\/ctp.eu\/?s={search_term_string}"},"query-input":{"@type":"PropertyValueSpecification","valueRequired":true,"valueName":"search_term_string"}}],"inLanguage":"ro-RO"},{"@type":"Organization","@id":"https:\/\/ctp.eu\/#organization","name":"CTP","url":"https:\/\/ctp.eu\/","logo":{"@type":"ImageObject","inLanguage":"ro-RO","@id":"https:\/\/ctp.eu\/#\/schema\/logo\/image\/","url":"","contentUrl":"","caption":"CTP"},"image":{"@id":"https:\/\/ctp.eu\/#\/schema\/logo\/image\/"}}]}},"_links":{"self":[{"href":"https:\/\/ctp.eu\/ro\/wp-json\/wp\/v2\/pages\/236","targetHints":{"allow":["GET"]}}],"collection":[{"href":"https:\/\/ctp.eu\/ro\/wp-json\/wp\/v2\/pages"}],"about":[{"href":"https:\/\/ctp.eu\/ro\/wp-json\/wp\/v2\/types\/page"}],"author":[{"embeddable":true,"href":"https:\/\/ctp.eu\/ro\/wp-json\/wp\/v2\/users\/67"}],"replies":[{"embeddable":true,"href":"https:\/\/ctp.eu\/ro\/wp-json\/wp\/v2\/comments?post=236"}],"version-history":[{"count":33,"href":"https:\/\/ctp.eu\/ro\/wp-json\/wp\/v2\/pages\/236\/revisions"}],"predecessor-version":[{"id":89070,"href":"https:\/\/ctp.eu\/ro\/wp-json\/wp\/v2\/pages\/236\/revisions\/89070"}],"up":[{"embeddable":true,"href":"https:\/\/ctp.eu\/ro\/wp-json\/wp\/v2\/pages\/64"}],"wp:attachment":[{"href":"https:\/\/ctp.eu\/ro\/wp-json\/wp\/v2\/media?parent=236"}],"curies":[{"name":"wp","href":"https:\/\/api.w.org\/{rel}","templated":true}]}}