{"id":13639,"date":"2021-03-03T13:58:12","date_gmt":"2021-03-03T11:58:12","guid":{"rendered":"https:\/\/www.ctp.eu\/?page_id=13639"},"modified":"2026-04-02T18:23:17","modified_gmt":"2026-04-02T16:23:17","slug":"governance","status":"publish","type":"page","link":"https:\/\/ctp.eu\/ro\/investors\/governance\/","title":{"rendered":"Guvernan\u021b\u0103"},"content":{"rendered":"<p><span>A fi un partener pe termen lung pentru clien\u021bii no\u0219tri \u0219i alte p\u0103r\u021bi interesate a f\u0103cut parte din etica \u0219i strategia noastr\u0103 de afaceri \u00eenc\u0103 de la \u00eenceput. Transparen\u021ba, comunicarea clar\u0103 \u0219i tratamentul etic al clien\u021bilor \u0219i furnizorilor sunt fundamentale pentru a construi rela\u021bii puternice \u0219i de \u00eencredere - fundamentul pentru succesul pe termen lung. <\/span><\/p>\n<p>Acord\u0103m prioritate practicilor eficiente de guvernan\u021b\u0103 corporativ\u0103 \u0219i lucr\u0103m \u00een mod consecvent pentru a crea un mediu de lucru etic la toate nivelurile organiza\u021biei noastre. Tonul \u00een acest sens este dat de la v\u00e2rf \u0219i, ca angajator, sus\u021binem o cultur\u0103 \u00een care este promovat\u0103 exprimarea opiniei publice. To\u021bi angaja\u021bii sunt instrui\u021bi cu privire la Codul nostru de conduit\u0103 \u0219i avem mai multe canale disponibile pentru ca angaja\u021bii s\u0103 fac\u0103 un pas \u00een fa\u021b\u0103 dac\u0103 suspecteaz\u0103 abateri, inclusiv un program de denun\u021bare anonim\u0103. Pentru a asigura integritatea lan\u021bului valoric, desf\u0103\u0219ur\u0103m o diligen\u021b\u0103 corespunz\u0103toare asupra tuturor furnizorilor \u0219i le cerem acestora s\u0103 adere la Codul nostru de conduit\u0103 al furnizorilor.<\/p>","protected":false},"excerpt":{"rendered":"<p>A fi un partener pe termen lung pentru clien\u021bii no\u0219tri \u0219i alte p\u0103r\u021bi interesate a f\u0103cut parte din etica \u0219i strategia noastr\u0103 de afaceri \u00eenc\u0103 de la<\/p>","protected":false},"author":22,"featured_media":0,"parent":9830,"menu_order":6,"comment_status":"closed","ping_status":"closed","template":"templates\/governance.php","meta":{"_acf_changed":false,"footnotes":""},"class_list":["post-13639","page","type-page","status-publish","hentry"],"acf":[],"yoast_head":"<title>Governance - Commercial Real Estate Developer And Manager<\/title>\n<meta name=\"robots\" content=\"index, follow, max-snippet:-1, max-image-preview:large, max-video-preview:-1\" \/>\n<link rel=\"canonical\" href=\"https:\/\/ctp.eu\/ro\/investors\/governance\/\" \/>\n<meta property=\"og:locale\" content=\"ro_RO\" \/>\n<meta property=\"og:type\" content=\"article\" \/>\n<meta property=\"og:title\" content=\"Governance\" \/>\n<meta property=\"og:description\" content=\"Being a long-term partner to our clients and other stakeholders has been part of our ethos and business strategy since\" \/>\n<meta property=\"og:url\" content=\"https:\/\/ctp.eu\/ro\/investors\/governance\/\" \/>\n<meta property=\"og:site_name\" content=\"Commercial Real Estate Developer And Manager\" \/>\n<meta property=\"article:modified_time\" content=\"2026-04-02T16:23:17+00:00\" \/>\n<meta name=\"twitter:card\" content=\"summary_large_image\" \/>\n<meta name=\"twitter:label1\" content=\"Timp estimat pentru citire\" \/>\n\t<meta name=\"twitter:data1\" content=\"1 minut\" \/>\n<script type=\"application\/ld+json\" class=\"yoast-schema-graph\">{\"@context\":\"https:\\\/\\\/schema.org\",\"@graph\":[{\"@type\":\"WebPage\",\"@id\":\"https:\\\/\\\/ctp.eu\\\/investors\\\/governance\\\/\",\"url\":\"https:\\\/\\\/ctp.eu\\\/investors\\\/governance\\\/\",\"name\":\"Governance - Commercial Real Estate Developer And Manager\",\"isPartOf\":{\"@id\":\"https:\\\/\\\/ctp.eu\\\/#website\"},\"datePublished\":\"2021-03-03T11:58:12+00:00\",\"dateModified\":\"2026-04-02T16:23:17+00:00\",\"breadcrumb\":{\"@id\":\"https:\\\/\\\/ctp.eu\\\/investors\\\/governance\\\/#breadcrumb\"},\"inLanguage\":\"ro-RO\",\"potentialAction\":[{\"@type\":\"ReadAction\",\"target\":[\"https:\\\/\\\/ctp.eu\\\/investors\\\/governance\\\/\"]}]},{\"@type\":\"BreadcrumbList\",\"@id\":\"https:\\\/\\\/ctp.eu\\\/investors\\\/governance\\\/#breadcrumb\",\"itemListElement\":[{\"@type\":\"ListItem\",\"position\":1,\"name\":\"Home\",\"item\":\"https:\\\/\\\/ctp.eu\\\/\"},{\"@type\":\"ListItem\",\"position\":2,\"name\":\"Long-Term Investment Partnership\",\"item\":\"https:\\\/\\\/ctp.eu\\\/investors\\\/\"},{\"@type\":\"ListItem\",\"position\":3,\"name\":\"Governance\"}]},{\"@type\":\"WebSite\",\"@id\":\"https:\\\/\\\/ctp.eu\\\/#website\",\"url\":\"https:\\\/\\\/ctp.eu\\\/\",\"name\":\"Commercial Real Estate Developer And Manager\",\"description\":\"CTP - premium industrial warehouse and office buildings\",\"publisher\":{\"@id\":\"https:\\\/\\\/ctp.eu\\\/#organization\"},\"potentialAction\":[{\"@type\":\"SearchAction\",\"target\":{\"@type\":\"EntryPoint\",\"urlTemplate\":\"https:\\\/\\\/ctp.eu\\\/?s={search_term_string}\"},\"query-input\":{\"@type\":\"PropertyValueSpecification\",\"valueRequired\":true,\"valueName\":\"search_term_string\"}}],\"inLanguage\":\"ro-RO\"},{\"@type\":\"Organization\",\"@id\":\"https:\\\/\\\/ctp.eu\\\/#organization\",\"name\":\"CTP\",\"url\":\"https:\\\/\\\/ctp.eu\\\/\",\"logo\":{\"@type\":\"ImageObject\",\"inLanguage\":\"ro-RO\",\"@id\":\"https:\\\/\\\/ctp.eu\\\/#\\\/schema\\\/logo\\\/image\\\/\",\"url\":\"\",\"contentUrl\":\"\",\"caption\":\"CTP\"},\"image\":{\"@id\":\"https:\\\/\\\/ctp.eu\\\/#\\\/schema\\\/logo\\\/image\\\/\"}}]}<\/script>","yoast_head_json":{"title":"Guvernan\u021b\u0103 - Dezvoltator \u0219i manager de propriet\u0103\u021bi imobiliare comerciale","robots":{"index":"index","follow":"follow","max-snippet":"max-snippet:-1","max-image-preview":"max-image-preview:large","max-video-preview":"max-video-preview:-1"},"canonical":"https:\/\/ctp.eu\/ro\/investors\/governance\/","og_locale":"ro_RO","og_type":"article","og_title":"Governance","og_description":"Being a long-term partner to our clients and other stakeholders has been part of our ethos and business strategy since","og_url":"https:\/\/ctp.eu\/ro\/investors\/governance\/","og_site_name":"Commercial Real Estate Developer And Manager","article_modified_time":"2026-04-02T16:23:17+00:00","twitter_card":"summary_large_image","twitter_misc":{"Timp estimat pentru citire":"1 minut"},"schema":{"@context":"https:\/\/schema.org","@graph":[{"@type":"WebPage","@id":"https:\/\/ctp.eu\/investors\/governance\/","url":"https:\/\/ctp.eu\/investors\/governance\/","name":"Guvernan\u021b\u0103 - Dezvoltator \u0219i manager de propriet\u0103\u021bi imobiliare comerciale","isPartOf":{"@id":"https:\/\/ctp.eu\/#website"},"datePublished":"2021-03-03T11:58:12+00:00","dateModified":"2026-04-02T16:23:17+00:00","breadcrumb":{"@id":"https:\/\/ctp.eu\/investors\/governance\/#breadcrumb"},"inLanguage":"ro-RO","potentialAction":[{"@type":"ReadAction","target":["https:\/\/ctp.eu\/investors\/governance\/"]}]},{"@type":"BreadcrumbList","@id":"https:\/\/ctp.eu\/investors\/governance\/#breadcrumb","itemListElement":[{"@type":"ListItem","position":1,"name":"Home","item":"https:\/\/ctp.eu\/"},{"@type":"ListItem","position":2,"name":"Long-Term Investment Partnership","item":"https:\/\/ctp.eu\/investors\/"},{"@type":"ListItem","position":3,"name":"Governance"}]},{"@type":"WebSite","@id":"https:\/\/ctp.eu\/#website","url":"https:\/\/ctp.eu\/","name":"Dezvoltator imobiliar comercial \u0219i manager","description":"CTP - cl\u0103diri industriale premium pentru depozite \u0219i birouri","publisher":{"@id":"https:\/\/ctp.eu\/#organization"},"potentialAction":[{"@type":"SearchAction","target":{"@type":"EntryPoint","urlTemplate":"https:\/\/ctp.eu\/?s={search_term_string}"},"query-input":{"@type":"PropertyValueSpecification","valueRequired":true,"valueName":"search_term_string"}}],"inLanguage":"ro-RO"},{"@type":"Organization","@id":"https:\/\/ctp.eu\/#organization","name":"CTP","url":"https:\/\/ctp.eu\/","logo":{"@type":"ImageObject","inLanguage":"ro-RO","@id":"https:\/\/ctp.eu\/#\/schema\/logo\/image\/","url":"","contentUrl":"","caption":"CTP"},"image":{"@id":"https:\/\/ctp.eu\/#\/schema\/logo\/image\/"}}]}},"_links":{"self":[{"href":"https:\/\/ctp.eu\/ro\/wp-json\/wp\/v2\/pages\/13639","targetHints":{"allow":["GET"]}}],"collection":[{"href":"https:\/\/ctp.eu\/ro\/wp-json\/wp\/v2\/pages"}],"about":[{"href":"https:\/\/ctp.eu\/ro\/wp-json\/wp\/v2\/types\/page"}],"author":[{"embeddable":true,"href":"https:\/\/ctp.eu\/ro\/wp-json\/wp\/v2\/users\/22"}],"replies":[{"embeddable":true,"href":"https:\/\/ctp.eu\/ro\/wp-json\/wp\/v2\/comments?post=13639"}],"version-history":[{"count":74,"href":"https:\/\/ctp.eu\/ro\/wp-json\/wp\/v2\/pages\/13639\/revisions"}],"predecessor-version":[{"id":115142,"href":"https:\/\/ctp.eu\/ro\/wp-json\/wp\/v2\/pages\/13639\/revisions\/115142"}],"up":[{"embeddable":true,"href":"https:\/\/ctp.eu\/ro\/wp-json\/wp\/v2\/pages\/9830"}],"wp:attachment":[{"href":"https:\/\/ctp.eu\/ro\/wp-json\/wp\/v2\/media?parent=13639"}],"curies":[{"name":"wp","href":"https:\/\/api.w.org\/{rel}","templated":true}]}}