{"id":100821,"date":"2024-12-02T16:18:57","date_gmt":"2024-12-02T14:18:57","guid":{"rendered":"https:\/\/ctp.eu\/?page_id=100821"},"modified":"2026-01-14T17:20:50","modified_gmt":"2026-01-14T16:20:50","slug":"ctp-group-companies","status":"publish","type":"page","link":"https:\/\/ctp.eu\/ro\/ctp-policies\/ctp-group-companies\/","title":{"rendered":"Companiile Grupului CTP"},"content":{"rendered":"<div class=\"policy\">\n<p>&nbsp;<\/p>\n<h2>Companiile Grupului CTP<\/h2>\n<p>&nbsp;<\/p>\n<table width=\"100\" style=\"width:100%\">\n<tbody>\n<tr>\n<td width=\"268\">Compania<\/td>\n<td width=\"629\">Adresa<\/td>\n<\/tr>\n<tr>\n<td width=\"268\">CTP Invest BV<\/td>\n<td>Apollolaan 151, 1077 AR Amsterdam<\/td>\n<\/tr>\n<tr>\n<td width=\"268\">CTP Invest Bucuresti SRL<\/td>\n<td>Sat Dragomiresti-Deal, comuna Dragomiresti Vale, str. Gabriela 1, Corpul B, parter, judetul llfov<\/td>\n<\/tr>\n<tr>\n<td width=\"268\">CTP Invest doo Beograd \u2013 Novi Beograd<\/td>\n<td>Megarska 9, 11070 Beograd<\/td>\n<\/tr>\n<tr>\n<td width=\"268\">CTP Invest EOOD<\/td>\n<td>Bd. Botevgradsko Shose 247, Cl\u0103direa Administrativ\u0103, et.7, Sofia<\/td>\n<\/tr>\n<tr>\n<td width=\"268\">CTP Invest Germany GmbH<\/td>\n<td width=\"629\">Lietzenburger Str. 75, 10719 Berlin<\/td>\n<\/tr>\n<tr>\n<td width=\"268\">CTP Invest Hong Kong Ltd<\/td>\n<td width=\"629\">Unitatea B, 17\/F., United Centre, 95 Queensway, Amiraalitate, Hong Kong<\/td>\n<\/tr>\n<tr>\n<td width=\"268\">CTP Invest Immobilien GmbH<\/td>\n<td width=\"629\">Mariahilfer Stra\u00dfe 17\/4, 1060 Viena<\/td>\n<\/tr>\n<tr>\n<td width=\"268\">CTP Invest Ltd<\/td>\n<td>Etajul 4, 115 George Street, Edinburgh, Regatul Unit, EH2 4JN<\/td>\n<\/tr>\n<tr>\n<td width=\"268\">CTP Invest Poland sp. gr\u0103din\u0103 zoologic\u0103<\/td>\n<td>Chmielna 69, 00-801 Var\u0219ovia, Polonia<\/td>\n<\/tr>\n<tr>\n<td width=\"268\">CTP Invest SK, spol. s ro<\/td>\n<td>Laurinsk\u00e1 18 811 01 Bratislava-Star\u00e9 Mesto<\/td>\n<\/tr>\n<tr>\n<td width=\"268\">CTP Invest, spol. s r.o.<\/td>\n<td width=\"629\">CTPark Humpolec 1571, 396 01 Humpolec<\/td>\n<\/tr>\n<tr>\n<td width=\"268\">CTP Management Hungary Kft.<\/td>\n<td>2051 Biatorb\u00e1gy, Vereb\u00e9ly L\u00e1szl\u00f3 utca 2<\/td>\n<\/tr>\n<tr>\n<td width=\"268\">CTP N.V.<\/td>\n<td>Apollolaan 151, 1077 AR Amsterdam<\/td>\n<\/tr>\n<\/tbody>\n<\/table>\n<p>&nbsp;<\/p>\n<\/div>","protected":false},"excerpt":{"rendered":"<p>&nbsp; Companii din Grupul CTP Adresa companiei CTP Invest BV Apollolaan 151, 1077 AR Amsterdam CTP Invest Bucure\u0219ti SRL Dragomire\u0219ti-Deal<\/p>","protected":false},"author":22,"featured_media":0,"parent":6125,"menu_order":0,"comment_status":"closed","ping_status":"closed","template":"","meta":{"_acf_changed":false,"footnotes":""},"class_list":["post-100821","page","type-page","status-publish","hentry"],"acf":[],"yoast_head":"<title>CTP Group Companies - Commercial Real Estate Developer And Manager<\/title>\n<meta name=\"robots\" content=\"index, follow, max-snippet:-1, max-image-preview:large, max-video-preview:-1\" \/>\n<link rel=\"canonical\" href=\"https:\/\/ctp.eu\/ro\/ctp-policies\/ctp-group-companies\/\" \/>\n<meta property=\"og:locale\" content=\"ro_RO\" \/>\n<meta property=\"og:type\" content=\"article\" \/>\n<meta property=\"og:title\" content=\"CTP Group Companies\" \/>\n<meta property=\"og:description\" content=\"&nbsp; CTP Group Companies &nbsp; Company Address CTP Invest B.V. Apollolaan 151, 1077 AR Amsterdam CTP Invest Bucharest S.R.L. Dragomiresti-Deal\" \/>\n<meta property=\"og:url\" content=\"https:\/\/ctp.eu\/ro\/ctp-policies\/ctp-group-companies\/\" \/>\n<meta property=\"og:site_name\" content=\"Commercial Real Estate Developer And Manager\" \/>\n<meta property=\"article:modified_time\" content=\"2026-01-14T16:20:50+00:00\" \/>\n<meta name=\"twitter:card\" content=\"summary_large_image\" \/>\n<meta name=\"twitter:label1\" content=\"Timp estimat pentru citire\" \/>\n\t<meta name=\"twitter:data1\" content=\"1 minut\" \/>\n<script type=\"application\/ld+json\" class=\"yoast-schema-graph\">{\"@context\":\"https:\\\/\\\/schema.org\",\"@graph\":[{\"@type\":\"WebPage\",\"@id\":\"https:\\\/\\\/ctp.eu\\\/ctp-policies\\\/ctp-group-companies\\\/\",\"url\":\"https:\\\/\\\/ctp.eu\\\/ctp-policies\\\/ctp-group-companies\\\/\",\"name\":\"CTP Group Companies - Commercial Real Estate Developer And Manager\",\"isPartOf\":{\"@id\":\"https:\\\/\\\/ctp.eu\\\/#website\"},\"datePublished\":\"2024-12-02T14:18:57+00:00\",\"dateModified\":\"2026-01-14T16:20:50+00:00\",\"breadcrumb\":{\"@id\":\"https:\\\/\\\/ctp.eu\\\/ctp-policies\\\/ctp-group-companies\\\/#breadcrumb\"},\"inLanguage\":\"ro-RO\",\"potentialAction\":[{\"@type\":\"ReadAction\",\"target\":[\"https:\\\/\\\/ctp.eu\\\/ctp-policies\\\/ctp-group-companies\\\/\"]}]},{\"@type\":\"BreadcrumbList\",\"@id\":\"https:\\\/\\\/ctp.eu\\\/ctp-policies\\\/ctp-group-companies\\\/#breadcrumb\",\"itemListElement\":[{\"@type\":\"ListItem\",\"position\":1,\"name\":\"Home\",\"item\":\"https:\\\/\\\/ctp.eu\\\/\"},{\"@type\":\"ListItem\",\"position\":2,\"name\":\"CTP Policies\",\"item\":\"https:\\\/\\\/ctp.eu\\\/ctp-policies\\\/\"},{\"@type\":\"ListItem\",\"position\":3,\"name\":\"CTP Group Companies\"}]},{\"@type\":\"WebSite\",\"@id\":\"https:\\\/\\\/ctp.eu\\\/#website\",\"url\":\"https:\\\/\\\/ctp.eu\\\/\",\"name\":\"Commercial Real Estate Developer And Manager\",\"description\":\"CTP - premium industrial warehouse and office buildings\",\"publisher\":{\"@id\":\"https:\\\/\\\/ctp.eu\\\/#organization\"},\"potentialAction\":[{\"@type\":\"SearchAction\",\"target\":{\"@type\":\"EntryPoint\",\"urlTemplate\":\"https:\\\/\\\/ctp.eu\\\/?s={search_term_string}\"},\"query-input\":{\"@type\":\"PropertyValueSpecification\",\"valueRequired\":true,\"valueName\":\"search_term_string\"}}],\"inLanguage\":\"ro-RO\"},{\"@type\":\"Organization\",\"@id\":\"https:\\\/\\\/ctp.eu\\\/#organization\",\"name\":\"CTP\",\"url\":\"https:\\\/\\\/ctp.eu\\\/\",\"logo\":{\"@type\":\"ImageObject\",\"inLanguage\":\"ro-RO\",\"@id\":\"https:\\\/\\\/ctp.eu\\\/#\\\/schema\\\/logo\\\/image\\\/\",\"url\":\"\",\"contentUrl\":\"\",\"caption\":\"CTP\"},\"image\":{\"@id\":\"https:\\\/\\\/ctp.eu\\\/#\\\/schema\\\/logo\\\/image\\\/\"}}]}<\/script>","yoast_head_json":{"title":"Companii Grupului CTP - Dezvoltator \u0219i Manager Imobiliar Comercial","robots":{"index":"index","follow":"follow","max-snippet":"max-snippet:-1","max-image-preview":"max-image-preview:large","max-video-preview":"max-video-preview:-1"},"canonical":"https:\/\/ctp.eu\/ro\/ctp-policies\/ctp-group-companies\/","og_locale":"ro_RO","og_type":"article","og_title":"CTP Group Companies","og_description":"&nbsp; CTP Group Companies &nbsp; Company Address CTP Invest B.V. Apollolaan 151, 1077 AR Amsterdam CTP Invest Bucharest S.R.L. Dragomiresti-Deal","og_url":"https:\/\/ctp.eu\/ro\/ctp-policies\/ctp-group-companies\/","og_site_name":"Commercial Real Estate Developer And Manager","article_modified_time":"2026-01-14T16:20:50+00:00","twitter_card":"summary_large_image","twitter_misc":{"Timp estimat pentru citire":"1 minut"},"schema":{"@context":"https:\/\/schema.org","@graph":[{"@type":"WebPage","@id":"https:\/\/ctp.eu\/ctp-policies\/ctp-group-companies\/","url":"https:\/\/ctp.eu\/ctp-policies\/ctp-group-companies\/","name":"Companii Grupului CTP - Dezvoltator \u0219i Manager Imobiliar Comercial","isPartOf":{"@id":"https:\/\/ctp.eu\/#website"},"datePublished":"2024-12-02T14:18:57+00:00","dateModified":"2026-01-14T16:20:50+00:00","breadcrumb":{"@id":"https:\/\/ctp.eu\/ctp-policies\/ctp-group-companies\/#breadcrumb"},"inLanguage":"ro-RO","potentialAction":[{"@type":"ReadAction","target":["https:\/\/ctp.eu\/ctp-policies\/ctp-group-companies\/"]}]},{"@type":"BreadcrumbList","@id":"https:\/\/ctp.eu\/ctp-policies\/ctp-group-companies\/#breadcrumb","itemListElement":[{"@type":"ListItem","position":1,"name":"Home","item":"https:\/\/ctp.eu\/"},{"@type":"ListItem","position":2,"name":"CTP Policies","item":"https:\/\/ctp.eu\/ctp-policies\/"},{"@type":"ListItem","position":3,"name":"CTP Group Companies"}]},{"@type":"WebSite","@id":"https:\/\/ctp.eu\/#website","url":"https:\/\/ctp.eu\/","name":"Dezvoltator imobiliar comercial \u0219i manager","description":"CTP - cl\u0103diri industriale premium pentru depozite \u0219i birouri","publisher":{"@id":"https:\/\/ctp.eu\/#organization"},"potentialAction":[{"@type":"SearchAction","target":{"@type":"EntryPoint","urlTemplate":"https:\/\/ctp.eu\/?s={search_term_string}"},"query-input":{"@type":"PropertyValueSpecification","valueRequired":true,"valueName":"search_term_string"}}],"inLanguage":"ro-RO"},{"@type":"Organization","@id":"https:\/\/ctp.eu\/#organization","name":"CTP","url":"https:\/\/ctp.eu\/","logo":{"@type":"ImageObject","inLanguage":"ro-RO","@id":"https:\/\/ctp.eu\/#\/schema\/logo\/image\/","url":"","contentUrl":"","caption":"CTP"},"image":{"@id":"https:\/\/ctp.eu\/#\/schema\/logo\/image\/"}}]}},"_links":{"self":[{"href":"https:\/\/ctp.eu\/ro\/wp-json\/wp\/v2\/pages\/100821","targetHints":{"allow":["GET"]}}],"collection":[{"href":"https:\/\/ctp.eu\/ro\/wp-json\/wp\/v2\/pages"}],"about":[{"href":"https:\/\/ctp.eu\/ro\/wp-json\/wp\/v2\/types\/page"}],"author":[{"embeddable":true,"href":"https:\/\/ctp.eu\/ro\/wp-json\/wp\/v2\/users\/22"}],"replies":[{"embeddable":true,"href":"https:\/\/ctp.eu\/ro\/wp-json\/wp\/v2\/comments?post=100821"}],"version-history":[{"count":2,"href":"https:\/\/ctp.eu\/ro\/wp-json\/wp\/v2\/pages\/100821\/revisions"}],"predecessor-version":[{"id":113693,"href":"https:\/\/ctp.eu\/ro\/wp-json\/wp\/v2\/pages\/100821\/revisions\/113693"}],"up":[{"embeddable":true,"href":"https:\/\/ctp.eu\/ro\/wp-json\/wp\/v2\/pages\/6125"}],"wp:attachment":[{"href":"https:\/\/ctp.eu\/ro\/wp-json\/wp\/v2\/media?parent=100821"}],"curies":[{"name":"wp","href":"https:\/\/api.w.org\/{rel}","templated":true}]}}