{"id":97653,"date":"2024-10-04T14:09:43","date_gmt":"2024-10-04T12:09:43","guid":{"rendered":"https:\/\/ctp.eu\/?page_id=97653"},"modified":"2026-02-05T16:02:07","modified_gmt":"2026-02-05T15:02:07","slug":"sibiu","status":"publish","type":"page","link":"https:\/\/ctp.eu\/pl\/regions\/sibiu\/","title":{"rendered":"Sybin"},"content":{"rendered":"","protected":false},"excerpt":{"rendered":"","protected":false},"author":59,"featured_media":0,"parent":9638,"menu_order":2,"comment_status":"closed","ping_status":"closed","template":"region-details.php","meta":{"_acf_changed":false,"footnotes":""},"class_list":["post-97653","page","type-page","status-publish","hentry"],"acf":[],"yoast_head":"<title>Sibiu - Commercial Real Estate Developer And Manager<\/title>\n<meta name=\"description\" content=\"Sibiu is a vibrant region known for its economic growth, cultural importance, and strategic location. Named the European Capital of Culture in 2007, it serves as a key hub in the European road network. Its historical ties with German-speaking countries have attracted significant investment from Germany and Austria.\u00a0\" \/>\n<meta name=\"robots\" content=\"index, follow, max-snippet:-1, max-image-preview:large, max-video-preview:-1\" \/>\n<link rel=\"canonical\" href=\"https:\/\/ctp.eu\/pl\/regions\/sibiu\/\" \/>\n<meta property=\"og:locale\" content=\"pl_PL\" \/>\n<meta property=\"og:type\" content=\"article\" \/>\n<meta property=\"og:title\" content=\"Sibiu\" \/>\n<meta property=\"og:description\" content=\"Sibiu is a vibrant region known for its economic growth, cultural importance, and strategic location. Named the European Capital of Culture in 2007, it serves as a key hub in the European road network. Its historical ties with German-speaking countries have attracted significant investment from Germany and Austria.\u00a0\" \/>\n<meta property=\"og:url\" content=\"https:\/\/ctp.eu\/pl\/regions\/sibiu\/\" \/>\n<meta property=\"og:site_name\" content=\"Commercial Real Estate Developer And Manager\" \/>\n<meta property=\"article:modified_time\" content=\"2026-02-05T15:02:07+00:00\" \/>\n<meta name=\"twitter:card\" content=\"summary_large_image\" \/>\n<script type=\"application\/ld+json\" class=\"yoast-schema-graph\">{\"@context\":\"https:\\\/\\\/schema.org\",\"@graph\":[{\"@type\":\"WebPage\",\"@id\":\"https:\\\/\\\/ctp.eu\\\/regions\\\/sibiu\\\/\",\"url\":\"https:\\\/\\\/ctp.eu\\\/regions\\\/sibiu\\\/\",\"name\":\"Sibiu - Commercial Real Estate Developer And Manager\",\"isPartOf\":{\"@id\":\"https:\\\/\\\/ctp.eu\\\/#website\"},\"datePublished\":\"2024-10-04T12:09:43+00:00\",\"dateModified\":\"2026-02-05T15:02:07+00:00\",\"description\":\"Sibiu is a vibrant region known for its economic growth, cultural importance, and strategic location. Named the European Capital of Culture in 2007, it serves as a key hub in the European road network. Its historical ties with German-speaking countries have attracted significant investment from Germany and Austria.\u00a0\",\"breadcrumb\":{\"@id\":\"https:\\\/\\\/ctp.eu\\\/regions\\\/sibiu\\\/#breadcrumb\"},\"inLanguage\":\"pl-PL\",\"potentialAction\":[{\"@type\":\"ReadAction\",\"target\":[\"https:\\\/\\\/ctp.eu\\\/regions\\\/sibiu\\\/\"]}]},{\"@type\":\"BreadcrumbList\",\"@id\":\"https:\\\/\\\/ctp.eu\\\/regions\\\/sibiu\\\/#breadcrumb\",\"itemListElement\":[{\"@type\":\"ListItem\",\"position\":1,\"name\":\"Home\",\"item\":\"https:\\\/\\\/ctp.eu\\\/\"},{\"@type\":\"ListItem\",\"position\":2,\"name\":\"Hot Regions\",\"item\":\"https:\\\/\\\/ctp.eu\\\/regions\\\/\"},{\"@type\":\"ListItem\",\"position\":3,\"name\":\"Sibiu\"}]},{\"@type\":\"WebSite\",\"@id\":\"https:\\\/\\\/ctp.eu\\\/#website\",\"url\":\"https:\\\/\\\/ctp.eu\\\/\",\"name\":\"Commercial Real Estate Developer And Manager\",\"description\":\"CTP - premium industrial warehouse and office buildings\",\"publisher\":{\"@id\":\"https:\\\/\\\/ctp.eu\\\/#organization\"},\"potentialAction\":[{\"@type\":\"SearchAction\",\"target\":{\"@type\":\"EntryPoint\",\"urlTemplate\":\"https:\\\/\\\/ctp.eu\\\/?s={search_term_string}\"},\"query-input\":{\"@type\":\"PropertyValueSpecification\",\"valueRequired\":true,\"valueName\":\"search_term_string\"}}],\"inLanguage\":\"pl-PL\"},{\"@type\":\"Organization\",\"@id\":\"https:\\\/\\\/ctp.eu\\\/#organization\",\"name\":\"CTP\",\"url\":\"https:\\\/\\\/ctp.eu\\\/\",\"logo\":{\"@type\":\"ImageObject\",\"inLanguage\":\"pl-PL\",\"@id\":\"https:\\\/\\\/ctp.eu\\\/#\\\/schema\\\/logo\\\/image\\\/\",\"url\":\"\",\"contentUrl\":\"\",\"caption\":\"CTP\"},\"image\":{\"@id\":\"https:\\\/\\\/ctp.eu\\\/#\\\/schema\\\/logo\\\/image\\\/\"}}]}<\/script>","yoast_head_json":{"title":"Sibiu - Deweloper i menad\u017cer nieruchomo\u015bci komercyjnych","description":"Sybin to t\u0119tni\u0105cy \u017cyciem region znany ze swojego wzrostu gospodarczego, znaczenia kulturalnego i strategicznego po\u0142o\u017cenia. Nazwany Europejsk\u0105 Stolic\u0105 Kultury w 2007 r., pe\u0142ni funkcj\u0119 kluczowego w\u0119z\u0142a w europejskiej sieci drogowej. Jego historyczne powi\u0105zania z krajami niemieckoj\u0119zycznymi przyci\u0105gn\u0119\u0142y znacz\u0105ce inwestycje z Niemiec i Austrii.\u00a0","robots":{"index":"index","follow":"follow","max-snippet":"max-snippet:-1","max-image-preview":"max-image-preview:large","max-video-preview":"max-video-preview:-1"},"canonical":"https:\/\/ctp.eu\/pl\/regions\/sibiu\/","og_locale":"pl_PL","og_type":"article","og_title":"Sibiu","og_description":"Sibiu is a vibrant region known for its economic growth, cultural importance, and strategic location. Named the European Capital of Culture in 2007, it serves as a key hub in the European road network. Its historical ties with German-speaking countries have attracted significant investment from Germany and Austria.\u00a0","og_url":"https:\/\/ctp.eu\/pl\/regions\/sibiu\/","og_site_name":"Commercial Real Estate Developer And Manager","article_modified_time":"2026-02-05T15:02:07+00:00","twitter_card":"summary_large_image","schema":{"@context":"https:\/\/schema.org","@graph":[{"@type":"WebPage","@id":"https:\/\/ctp.eu\/regions\/sibiu\/","url":"https:\/\/ctp.eu\/regions\/sibiu\/","name":"Sibiu - Deweloper i menad\u017cer nieruchomo\u015bci komercyjnych","isPartOf":{"@id":"https:\/\/ctp.eu\/#website"},"datePublished":"2024-10-04T12:09:43+00:00","dateModified":"2026-02-05T15:02:07+00:00","description":"Sybin to t\u0119tni\u0105cy \u017cyciem region znany ze swojego wzrostu gospodarczego, znaczenia kulturalnego i strategicznego po\u0142o\u017cenia. Nazwany Europejsk\u0105 Stolic\u0105 Kultury w 2007 r., pe\u0142ni funkcj\u0119 kluczowego w\u0119z\u0142a w europejskiej sieci drogowej. Jego historyczne powi\u0105zania z krajami niemieckoj\u0119zycznymi przyci\u0105gn\u0119\u0142y znacz\u0105ce inwestycje z Niemiec i Austrii.\u00a0","breadcrumb":{"@id":"https:\/\/ctp.eu\/regions\/sibiu\/#breadcrumb"},"inLanguage":"pl-PL","potentialAction":[{"@type":"ReadAction","target":["https:\/\/ctp.eu\/regions\/sibiu\/"]}]},{"@type":"BreadcrumbList","@id":"https:\/\/ctp.eu\/regions\/sibiu\/#breadcrumb","itemListElement":[{"@type":"ListItem","position":1,"name":"Home","item":"https:\/\/ctp.eu\/"},{"@type":"ListItem","position":2,"name":"Hot Regions","item":"https:\/\/ctp.eu\/regions\/"},{"@type":"ListItem","position":3,"name":"Sibiu"}]},{"@type":"WebSite","@id":"https:\/\/ctp.eu\/#website","url":"https:\/\/ctp.eu\/","name":"Deweloper i zarz\u0105dca nieruchomo\u015bci komercyjnych","description":"CTP - magazyny przemys\u0142owe i budynki biurowe klasy premium","publisher":{"@id":"https:\/\/ctp.eu\/#organization"},"potentialAction":[{"@type":"SearchAction","target":{"@type":"EntryPoint","urlTemplate":"https:\/\/ctp.eu\/?s={search_term_string}"},"query-input":{"@type":"PropertyValueSpecification","valueRequired":true,"valueName":"search_term_string"}}],"inLanguage":"pl-PL"},{"@type":"Organization","@id":"https:\/\/ctp.eu\/#organization","name":"CTP","url":"https:\/\/ctp.eu\/","logo":{"@type":"ImageObject","inLanguage":"pl-PL","@id":"https:\/\/ctp.eu\/#\/schema\/logo\/image\/","url":"","contentUrl":"","caption":"CTP"},"image":{"@id":"https:\/\/ctp.eu\/#\/schema\/logo\/image\/"}}]}},"_links":{"self":[{"href":"https:\/\/ctp.eu\/pl\/wp-json\/wp\/v2\/pages\/97653","targetHints":{"allow":["GET"]}}],"collection":[{"href":"https:\/\/ctp.eu\/pl\/wp-json\/wp\/v2\/pages"}],"about":[{"href":"https:\/\/ctp.eu\/pl\/wp-json\/wp\/v2\/types\/page"}],"author":[{"embeddable":true,"href":"https:\/\/ctp.eu\/pl\/wp-json\/wp\/v2\/users\/59"}],"replies":[{"embeddable":true,"href":"https:\/\/ctp.eu\/pl\/wp-json\/wp\/v2\/comments?post=97653"}],"version-history":[{"count":9,"href":"https:\/\/ctp.eu\/pl\/wp-json\/wp\/v2\/pages\/97653\/revisions"}],"predecessor-version":[{"id":114062,"href":"https:\/\/ctp.eu\/pl\/wp-json\/wp\/v2\/pages\/97653\/revisions\/114062"}],"up":[{"embeddable":true,"href":"https:\/\/ctp.eu\/pl\/wp-json\/wp\/v2\/pages\/9638"}],"wp:attachment":[{"href":"https:\/\/ctp.eu\/pl\/wp-json\/wp\/v2\/media?parent=97653"}],"curies":[{"name":"wp","href":"https:\/\/api.w.org\/{rel}","templated":true}]}}