{"id":93691,"date":"2024-04-25T16:45:22","date_gmt":"2024-04-25T14:45:22","guid":{"rendered":"https:\/\/ctp.eu\/?page_id=93691"},"modified":"2024-09-26T13:36:18","modified_gmt":"2024-09-26T11:36:18","slug":"ctp-capital-markets-day-and-asset-tour-2024","status":"publish","type":"page","link":"https:\/\/ctp.eu\/pl\/investors\/ctp-capital-markets-day-and-asset-tour-2024\/","title":{"rendered":"Dzie\u0144 rynk\u00f3w kapita\u0142owych CTP i wycieczka po aktywach 2024"},"content":{"rendered":"","protected":false},"excerpt":{"rendered":"","protected":false},"author":22,"featured_media":0,"parent":9830,"menu_order":0,"comment_status":"closed","ping_status":"closed","template":"templates\/investors-sub-page.php","meta":{"_acf_changed":false,"footnotes":""},"class_list":["post-93691","page","type-page","status-publish","hentry"],"acf":[],"yoast_head":"<title>CTP Capital Markets Day and Asset Tour 2024 - Commercial Real Estate Developer And Manager<\/title>\n<meta name=\"robots\" content=\"index, follow, max-snippet:-1, max-image-preview:large, max-video-preview:-1\" \/>\n<link rel=\"canonical\" href=\"https:\/\/ctp.eu\/pl\/investors\/ctp-capital-markets-day-and-asset-tour-2024\/\" \/>\n<meta property=\"og:locale\" content=\"pl_PL\" \/>\n<meta property=\"og:type\" content=\"article\" \/>\n<meta property=\"og:title\" content=\"CTP Capital Markets Day and Asset Tour 2024\" \/>\n<meta property=\"og:url\" content=\"https:\/\/ctp.eu\/pl\/investors\/ctp-capital-markets-day-and-asset-tour-2024\/\" \/>\n<meta property=\"og:site_name\" content=\"Commercial Real Estate Developer And Manager\" \/>\n<meta property=\"article:modified_time\" content=\"2024-09-26T11:36:18+00:00\" \/>\n<meta name=\"twitter:card\" content=\"summary_large_image\" \/>\n<script type=\"application\/ld+json\" class=\"yoast-schema-graph\">{\"@context\":\"https:\/\/schema.org\",\"@graph\":[{\"@type\":\"WebPage\",\"@id\":\"https:\/\/ctp.eu\/investors\/ctp-capital-markets-day-and-asset-tour-2024\/\",\"url\":\"https:\/\/ctp.eu\/investors\/ctp-capital-markets-day-and-asset-tour-2024\/\",\"name\":\"CTP Capital Markets Day and Asset Tour 2024 - Commercial Real Estate Developer And Manager\",\"isPartOf\":{\"@id\":\"https:\/\/ctp.eu\/#website\"},\"datePublished\":\"2024-04-25T14:45:22+00:00\",\"dateModified\":\"2024-09-26T11:36:18+00:00\",\"breadcrumb\":{\"@id\":\"https:\/\/ctp.eu\/investors\/ctp-capital-markets-day-and-asset-tour-2024\/#breadcrumb\"},\"inLanguage\":\"pl-PL\",\"potentialAction\":[{\"@type\":\"ReadAction\",\"target\":[\"https:\/\/ctp.eu\/investors\/ctp-capital-markets-day-and-asset-tour-2024\/\"]}]},{\"@type\":\"BreadcrumbList\",\"@id\":\"https:\/\/ctp.eu\/investors\/ctp-capital-markets-day-and-asset-tour-2024\/#breadcrumb\",\"itemListElement\":[{\"@type\":\"ListItem\",\"position\":1,\"name\":\"Home\",\"item\":\"https:\/\/ctp.eu\/\"},{\"@type\":\"ListItem\",\"position\":2,\"name\":\"Long-Term Investment Partnership\",\"item\":\"https:\/\/ctp.eu\/investors\/\"},{\"@type\":\"ListItem\",\"position\":3,\"name\":\"CTP Capital Markets Day and Asset Tour 2024\"}]},{\"@type\":\"WebSite\",\"@id\":\"https:\/\/ctp.eu\/#website\",\"url\":\"https:\/\/ctp.eu\/\",\"name\":\"Commercial Real Estate Developer And Manager\",\"description\":\"CTP - premium industrial warehouse and office buildings\",\"publisher\":{\"@id\":\"https:\/\/ctp.eu\/#organization\"},\"potentialAction\":[{\"@type\":\"SearchAction\",\"target\":{\"@type\":\"EntryPoint\",\"urlTemplate\":\"https:\/\/ctp.eu\/?s={search_term_string}\"},\"query-input\":{\"@type\":\"PropertyValueSpecification\",\"valueRequired\":true,\"valueName\":\"search_term_string\"}}],\"inLanguage\":\"pl-PL\"},{\"@type\":\"Organization\",\"@id\":\"https:\/\/ctp.eu\/#organization\",\"name\":\"CTP\",\"url\":\"https:\/\/ctp.eu\/\",\"logo\":{\"@type\":\"ImageObject\",\"inLanguage\":\"pl-PL\",\"@id\":\"https:\/\/ctp.eu\/#\/schema\/logo\/image\/\",\"url\":\"\",\"contentUrl\":\"\",\"caption\":\"CTP\"},\"image\":{\"@id\":\"https:\/\/ctp.eu\/#\/schema\/logo\/image\/\"}}]}<\/script>","yoast_head_json":{"title":"CTP Capital Markets Day i Asset Tour 2023 - Deweloper i zarz\u0105dca nieruchomo\u015bci komercyjnych","robots":{"index":"index","follow":"follow","max-snippet":"max-snippet:-1","max-image-preview":"max-image-preview:large","max-video-preview":"max-video-preview:-1"},"canonical":"https:\/\/ctp.eu\/pl\/investors\/ctp-capital-markets-day-and-asset-tour-2024\/","og_locale":"pl_PL","og_type":"article","og_title":"CTP Capital Markets Day and Asset Tour 2024","og_url":"https:\/\/ctp.eu\/pl\/investors\/ctp-capital-markets-day-and-asset-tour-2024\/","og_site_name":"Commercial Real Estate Developer And Manager","article_modified_time":"2024-09-26T11:36:18+00:00","twitter_card":"summary_large_image","schema":{"@context":"https:\/\/schema.org","@graph":[{"@type":"WebPage","@id":"https:\/\/ctp.eu\/investors\/ctp-capital-markets-day-and-asset-tour-2024\/","url":"https:\/\/ctp.eu\/investors\/ctp-capital-markets-day-and-asset-tour-2024\/","name":"CTP Capital Markets Day i Asset Tour 2023 - Deweloper i zarz\u0105dca nieruchomo\u015bci komercyjnych","isPartOf":{"@id":"https:\/\/ctp.eu\/#website"},"datePublished":"2024-04-25T14:45:22+00:00","dateModified":"2024-09-26T11:36:18+00:00","breadcrumb":{"@id":"https:\/\/ctp.eu\/investors\/ctp-capital-markets-day-and-asset-tour-2024\/#breadcrumb"},"inLanguage":"pl-PL","potentialAction":[{"@type":"ReadAction","target":["https:\/\/ctp.eu\/investors\/ctp-capital-markets-day-and-asset-tour-2024\/"]}]},{"@type":"BreadcrumbList","@id":"https:\/\/ctp.eu\/investors\/ctp-capital-markets-day-and-asset-tour-2024\/#breadcrumb","itemListElement":[{"@type":"ListItem","position":1,"name":"Home","item":"https:\/\/ctp.eu\/"},{"@type":"ListItem","position":2,"name":"Long-Term Investment Partnership","item":"https:\/\/ctp.eu\/investors\/"},{"@type":"ListItem","position":3,"name":"CTP Capital Markets Day and Asset Tour 2024"}]},{"@type":"WebSite","@id":"https:\/\/ctp.eu\/#website","url":"https:\/\/ctp.eu\/","name":"Deweloper i zarz\u0105dca nieruchomo\u015bci komercyjnych","description":"CTP - magazyny przemys\u0142owe i budynki biurowe klasy premium","publisher":{"@id":"https:\/\/ctp.eu\/#organization"},"potentialAction":[{"@type":"SearchAction","target":{"@type":"EntryPoint","urlTemplate":"https:\/\/ctp.eu\/?s={search_term_string}"},"query-input":{"@type":"PropertyValueSpecification","valueRequired":true,"valueName":"search_term_string"}}],"inLanguage":"pl-PL"},{"@type":"Organization","@id":"https:\/\/ctp.eu\/#organization","name":"CTP","url":"https:\/\/ctp.eu\/","logo":{"@type":"ImageObject","inLanguage":"pl-PL","@id":"https:\/\/ctp.eu\/#\/schema\/logo\/image\/","url":"","contentUrl":"","caption":"CTP"},"image":{"@id":"https:\/\/ctp.eu\/#\/schema\/logo\/image\/"}}]}},"_links":{"self":[{"href":"https:\/\/ctp.eu\/pl\/wp-json\/wp\/v2\/pages\/93691","targetHints":{"allow":["GET"]}}],"collection":[{"href":"https:\/\/ctp.eu\/pl\/wp-json\/wp\/v2\/pages"}],"about":[{"href":"https:\/\/ctp.eu\/pl\/wp-json\/wp\/v2\/types\/page"}],"author":[{"embeddable":true,"href":"https:\/\/ctp.eu\/pl\/wp-json\/wp\/v2\/users\/22"}],"replies":[{"embeddable":true,"href":"https:\/\/ctp.eu\/pl\/wp-json\/wp\/v2\/comments?post=93691"}],"version-history":[{"count":42,"href":"https:\/\/ctp.eu\/pl\/wp-json\/wp\/v2\/pages\/93691\/revisions"}],"predecessor-version":[{"id":98381,"href":"https:\/\/ctp.eu\/pl\/wp-json\/wp\/v2\/pages\/93691\/revisions\/98381"}],"up":[{"embeddable":true,"href":"https:\/\/ctp.eu\/pl\/wp-json\/wp\/v2\/pages\/9830"}],"wp:attachment":[{"href":"https:\/\/ctp.eu\/pl\/wp-json\/wp\/v2\/media?parent=93691"}],"curies":[{"name":"wp","href":"https:\/\/api.w.org\/{rel}","templated":true}]}}