{"id":8079,"date":"2020-03-30T15:46:31","date_gmt":"2020-03-30T15:46:31","guid":{"rendered":"https:\/\/www.ctp.eu\/?page_id=8079"},"modified":"2020-04-01T17:15:11","modified_gmt":"2020-04-01T17:15:11","slug":"short-term-lease-of-a-class-space-in-the-ctpark-network","status":"publish","type":"page","link":"https:\/\/ctp.eu\/pl\/short-term-lease-of-a-class-space-in-the-ctpark-network\/","title":{"rendered":"Dost\u0119pna przestrze\u0144 klasy A w sieci CTPark"},"content":{"rendered":"<p>W ramach specjalnej us\u0142ugi dla naszych klient\u00f3w, CTP oferuje obecnie powierzchni\u0119 magazynow\u0105 do wynajmu kr\u00f3tko- i \u015brednioterminowego w ca\u0142ej sieci CTPark. Poni\u017cej znajduje si\u0119 nasza lista powierzchni, kt\u00f3re s\u0105 obecnie dost\u0119pne do NATYCHMIASTOWEJ WPROWADZENIA we wszystkich kluczowych regionach.<\/p>","protected":false},"excerpt":{"rendered":"<p>W ramach specjalnej us\u0142ugi dla naszych klient\u00f3w, CTP oferuje obecnie powierzchnie magazynowe do wynajmu kr\u00f3tko- i \u015brednioterminowego na terenie ca\u0142ego kraju<\/p>","protected":false},"author":67,"featured_media":0,"parent":0,"menu_order":0,"comment_status":"closed","ping_status":"closed","template":"new-offices-page.php","meta":{"_acf_changed":false,"footnotes":""},"class_list":["post-8079","page","type-page","status-publish","hentry"],"acf":[],"yoast_head":"<title>Available A-Class Space in the CTPark Network - Commercial Real Estate Developer And Manager<\/title>\n<meta name=\"robots\" content=\"index, follow, max-snippet:-1, max-image-preview:large, max-video-preview:-1\" \/>\n<link rel=\"canonical\" href=\"https:\/\/ctp.eu\/pl\/short-term-lease-of-a-class-space-in-the-ctpark-network\/\" \/>\n<meta property=\"og:locale\" content=\"pl_PL\" \/>\n<meta property=\"og:type\" content=\"article\" \/>\n<meta property=\"og:title\" content=\"Available A-Class Space in the CTPark Network\" \/>\n<meta property=\"og:description\" content=\"As a special service to our clients, CTP is now offering warehouse space for short- to medium-term lease across the\" \/>\n<meta property=\"og:url\" content=\"https:\/\/ctp.eu\/pl\/short-term-lease-of-a-class-space-in-the-ctpark-network\/\" \/>\n<meta property=\"og:site_name\" content=\"Commercial Real Estate Developer And Manager\" \/>\n<meta property=\"article:modified_time\" content=\"2020-04-01T17:15:11+00:00\" \/>\n<meta name=\"twitter:card\" content=\"summary_large_image\" \/>\n<script type=\"application\/ld+json\" class=\"yoast-schema-graph\">{\"@context\":\"https:\\\/\\\/schema.org\",\"@graph\":[{\"@type\":\"WebPage\",\"@id\":\"https:\\\/\\\/ctp.eu\\\/short-term-lease-of-a-class-space-in-the-ctpark-network\\\/\",\"url\":\"https:\\\/\\\/ctp.eu\\\/short-term-lease-of-a-class-space-in-the-ctpark-network\\\/\",\"name\":\"Available A-Class Space in the CTPark Network - Commercial Real Estate Developer And Manager\",\"isPartOf\":{\"@id\":\"https:\\\/\\\/ctp.eu\\\/#website\"},\"datePublished\":\"2020-03-30T15:46:31+00:00\",\"dateModified\":\"2020-04-01T17:15:11+00:00\",\"breadcrumb\":{\"@id\":\"https:\\\/\\\/ctp.eu\\\/short-term-lease-of-a-class-space-in-the-ctpark-network\\\/#breadcrumb\"},\"inLanguage\":\"pl-PL\",\"potentialAction\":[{\"@type\":\"ReadAction\",\"target\":[\"https:\\\/\\\/ctp.eu\\\/short-term-lease-of-a-class-space-in-the-ctpark-network\\\/\"]}]},{\"@type\":\"BreadcrumbList\",\"@id\":\"https:\\\/\\\/ctp.eu\\\/short-term-lease-of-a-class-space-in-the-ctpark-network\\\/#breadcrumb\",\"itemListElement\":[{\"@type\":\"ListItem\",\"position\":1,\"name\":\"Home\",\"item\":\"https:\\\/\\\/ctp.eu\\\/\"},{\"@type\":\"ListItem\",\"position\":2,\"name\":\"Available A-Class Space in the CTPark Network\"}]},{\"@type\":\"WebSite\",\"@id\":\"https:\\\/\\\/ctp.eu\\\/#website\",\"url\":\"https:\\\/\\\/ctp.eu\\\/\",\"name\":\"Commercial Real Estate Developer And Manager\",\"description\":\"CTP - premium industrial warehouse and office buildings\",\"publisher\":{\"@id\":\"https:\\\/\\\/ctp.eu\\\/#organization\"},\"potentialAction\":[{\"@type\":\"SearchAction\",\"target\":{\"@type\":\"EntryPoint\",\"urlTemplate\":\"https:\\\/\\\/ctp.eu\\\/?s={search_term_string}\"},\"query-input\":{\"@type\":\"PropertyValueSpecification\",\"valueRequired\":true,\"valueName\":\"search_term_string\"}}],\"inLanguage\":\"pl-PL\"},{\"@type\":\"Organization\",\"@id\":\"https:\\\/\\\/ctp.eu\\\/#organization\",\"name\":\"CTP\",\"url\":\"https:\\\/\\\/ctp.eu\\\/\",\"logo\":{\"@type\":\"ImageObject\",\"inLanguage\":\"pl-PL\",\"@id\":\"https:\\\/\\\/ctp.eu\\\/#\\\/schema\\\/logo\\\/image\\\/\",\"url\":\"\",\"contentUrl\":\"\",\"caption\":\"CTP\"},\"image\":{\"@id\":\"https:\\\/\\\/ctp.eu\\\/#\\\/schema\\\/logo\\\/image\\\/\"}}]}<\/script>","yoast_head_json":{"title":"Dost\u0119pna Powierzchnia Klasy A w sieci CTPark - Deweloper i Zarz\u0105dca Nieruchomo\u015bci Komercyjnych","robots":{"index":"index","follow":"follow","max-snippet":"max-snippet:-1","max-image-preview":"max-image-preview:large","max-video-preview":"max-video-preview:-1"},"canonical":"https:\/\/ctp.eu\/pl\/short-term-lease-of-a-class-space-in-the-ctpark-network\/","og_locale":"pl_PL","og_type":"article","og_title":"Available A-Class Space in the CTPark Network","og_description":"As a special service to our clients, CTP is now offering warehouse space for short- to medium-term lease across the","og_url":"https:\/\/ctp.eu\/pl\/short-term-lease-of-a-class-space-in-the-ctpark-network\/","og_site_name":"Commercial Real Estate Developer And Manager","article_modified_time":"2020-04-01T17:15:11+00:00","twitter_card":"summary_large_image","schema":{"@context":"https:\/\/schema.org","@graph":[{"@type":"WebPage","@id":"https:\/\/ctp.eu\/short-term-lease-of-a-class-space-in-the-ctpark-network\/","url":"https:\/\/ctp.eu\/short-term-lease-of-a-class-space-in-the-ctpark-network\/","name":"Dost\u0119pna Powierzchnia Klasy A w sieci CTPark - Deweloper i Zarz\u0105dca Nieruchomo\u015bci Komercyjnych","isPartOf":{"@id":"https:\/\/ctp.eu\/#website"},"datePublished":"2020-03-30T15:46:31+00:00","dateModified":"2020-04-01T17:15:11+00:00","breadcrumb":{"@id":"https:\/\/ctp.eu\/short-term-lease-of-a-class-space-in-the-ctpark-network\/#breadcrumb"},"inLanguage":"pl-PL","potentialAction":[{"@type":"ReadAction","target":["https:\/\/ctp.eu\/short-term-lease-of-a-class-space-in-the-ctpark-network\/"]}]},{"@type":"BreadcrumbList","@id":"https:\/\/ctp.eu\/short-term-lease-of-a-class-space-in-the-ctpark-network\/#breadcrumb","itemListElement":[{"@type":"ListItem","position":1,"name":"Home","item":"https:\/\/ctp.eu\/"},{"@type":"ListItem","position":2,"name":"Available A-Class Space in the CTPark Network"}]},{"@type":"WebSite","@id":"https:\/\/ctp.eu\/#website","url":"https:\/\/ctp.eu\/","name":"Deweloper i zarz\u0105dca nieruchomo\u015bci komercyjnych","description":"CTP - magazyny przemys\u0142owe i budynki biurowe klasy premium","publisher":{"@id":"https:\/\/ctp.eu\/#organization"},"potentialAction":[{"@type":"SearchAction","target":{"@type":"EntryPoint","urlTemplate":"https:\/\/ctp.eu\/?s={search_term_string}"},"query-input":{"@type":"PropertyValueSpecification","valueRequired":true,"valueName":"search_term_string"}}],"inLanguage":"pl-PL"},{"@type":"Organization","@id":"https:\/\/ctp.eu\/#organization","name":"CTP","url":"https:\/\/ctp.eu\/","logo":{"@type":"ImageObject","inLanguage":"pl-PL","@id":"https:\/\/ctp.eu\/#\/schema\/logo\/image\/","url":"","contentUrl":"","caption":"CTP"},"image":{"@id":"https:\/\/ctp.eu\/#\/schema\/logo\/image\/"}}]}},"_links":{"self":[{"href":"https:\/\/ctp.eu\/pl\/wp-json\/wp\/v2\/pages\/8079","targetHints":{"allow":["GET"]}}],"collection":[{"href":"https:\/\/ctp.eu\/pl\/wp-json\/wp\/v2\/pages"}],"about":[{"href":"https:\/\/ctp.eu\/pl\/wp-json\/wp\/v2\/types\/page"}],"author":[{"embeddable":true,"href":"https:\/\/ctp.eu\/pl\/wp-json\/wp\/v2\/users\/67"}],"replies":[{"embeddable":true,"href":"https:\/\/ctp.eu\/pl\/wp-json\/wp\/v2\/comments?post=8079"}],"version-history":[{"count":0,"href":"https:\/\/ctp.eu\/pl\/wp-json\/wp\/v2\/pages\/8079\/revisions"}],"wp:attachment":[{"href":"https:\/\/ctp.eu\/pl\/wp-json\/wp\/v2\/media?parent=8079"}],"curies":[{"name":"wp","href":"https:\/\/api.w.org\/{rel}","templated":true}]}}