{"id":6451,"date":"2019-10-11T07:37:19","date_gmt":"2019-10-11T07:37:19","guid":{"rendered":"https:\/\/www.ctp.eu\/?page_id=6451"},"modified":"2020-08-28T10:59:00","modified_gmt":"2020-08-28T10:59:00","slug":"consent-to-the-use-of-personal-data-for-the-purpose-of-receiving-the-newsletter","status":"publish","type":"page","link":"https:\/\/ctp.eu\/pl\/ctp-policies\/consent-to-the-use-of-personal-data-for-the-purpose-of-receiving-the-newsletter\/","title":{"rendered":"Zgoda na wykorzystanie danych osobowych w celu otrzymywania newslettera"},"content":{"rendered":"<div class=\"policy\">\n<p>Wyra\u017cam zgod\u0119 na przetwarzanie moich danych osobowych przez CTP Invest, spol. s.r.o. (\"Administrator\") w celu otrzymywania newsletter\u00f3w i spersonalizowanych informacji handlowych o produktach, us\u0142ugach, badaniach rynku, wydarzeniach i innych dzia\u0142aniach marketingowych Administratora lub innych sp\u00f3\u0142ek w ramach grupy CTP Invest, spol. s.r.o. (\"Administrator\"). <a href=\"https:\/\/ctp.eu\/pl\/\">Grupa CTP<\/a>. W tym celu Administrator mo\u017ce przetwarza\u0107 podane przeze mnie powy\u017cej dane osobowe, tj. m\u00f3j adres e-mail, imi\u0119, nazwisko i numer telefonu, a tak\u017ce moje reakcje na otrzymane informacje.<\/p>\n<p>Wyra\u017cam zgod\u0119 na <strong>okres 3 lat<\/strong>. Przyjmuj\u0119 do wiadomo\u015bci, \u017ce mog\u0119 wycofa\u0107 swoj\u0105 zgod\u0119 w dowolnym momencie. Wycofanie zgody nie ma wp\u0142ywu na przetwarzanie moich danych osobowych przed jej wycofaniem.<\/p>\n<p>Wi\u0119cej informacji o tym, w jaki spos\u00f3b CTP Invest, spol. s.r.o. przetwarza i chroni dane osobowe, mo\u017cna znale\u017a\u0107 pod adresem <a href=\"https:\/\/ctp.eu\/pl\/ctp-policies\/business-partners-privacy-policy\/\">dost\u0119pny tutaj<\/a>.\n<\/div>","protected":false},"excerpt":{"rendered":"<p>Wyra\u017cam zgod\u0119 na przetwarzanie moich danych osobowych przez CTP Invest, spol. s.r.o. (\"Administrator\") w celu<\/p>","protected":false},"author":67,"featured_media":0,"parent":6125,"menu_order":0,"comment_status":"closed","ping_status":"closed","template":"","meta":{"_acf_changed":false,"footnotes":""},"class_list":["post-6451","page","type-page","status-publish","hentry"],"acf":[],"yoast_head":"<title>Consent to the use of personal data for the purpose of receiving the newsletter - Commercial Real Estate Developer And Manager<\/title>\n<meta name=\"robots\" content=\"index, follow, max-snippet:-1, max-image-preview:large, max-video-preview:-1\" \/>\n<link rel=\"canonical\" href=\"https:\/\/ctp.eu\/pl\/ctp-policies\/consent-to-the-use-of-personal-data-for-the-purpose-of-receiving-the-newsletter\/\" \/>\n<meta property=\"og:locale\" content=\"pl_PL\" \/>\n<meta property=\"og:type\" content=\"article\" \/>\n<meta property=\"og:title\" content=\"Consent to the use of personal data for the purpose of receiving the newsletter\" \/>\n<meta property=\"og:description\" content=\"I consent to the processing of my personal data by CTP Invest, spol. s.r.o. (the \u201cController\u201d) for the purpose of\" \/>\n<meta property=\"og:url\" content=\"https:\/\/ctp.eu\/pl\/ctp-policies\/consent-to-the-use-of-personal-data-for-the-purpose-of-receiving-the-newsletter\/\" \/>\n<meta property=\"og:site_name\" content=\"Commercial Real Estate Developer And Manager\" \/>\n<meta property=\"article:modified_time\" content=\"2020-08-28T10:59:00+00:00\" \/>\n<meta name=\"twitter:card\" content=\"summary_large_image\" \/>\n<meta name=\"twitter:label1\" content=\"Szacowany czas czytania\" \/>\n\t<meta name=\"twitter:data1\" content=\"1 minuta\" \/>\n<script type=\"application\/ld+json\" class=\"yoast-schema-graph\">{\"@context\":\"https:\\\/\\\/schema.org\",\"@graph\":[{\"@type\":\"WebPage\",\"@id\":\"https:\\\/\\\/ctp.eu\\\/ctp-policies\\\/consent-to-the-use-of-personal-data-for-the-purpose-of-receiving-the-newsletter\\\/\",\"url\":\"https:\\\/\\\/ctp.eu\\\/ctp-policies\\\/consent-to-the-use-of-personal-data-for-the-purpose-of-receiving-the-newsletter\\\/\",\"name\":\"Consent to the use of personal data for the purpose of receiving the newsletter - Commercial Real Estate Developer And Manager\",\"isPartOf\":{\"@id\":\"https:\\\/\\\/ctp.eu\\\/#website\"},\"datePublished\":\"2019-10-11T07:37:19+00:00\",\"dateModified\":\"2020-08-28T10:59:00+00:00\",\"breadcrumb\":{\"@id\":\"https:\\\/\\\/ctp.eu\\\/ctp-policies\\\/consent-to-the-use-of-personal-data-for-the-purpose-of-receiving-the-newsletter\\\/#breadcrumb\"},\"inLanguage\":\"pl-PL\",\"potentialAction\":[{\"@type\":\"ReadAction\",\"target\":[\"https:\\\/\\\/ctp.eu\\\/ctp-policies\\\/consent-to-the-use-of-personal-data-for-the-purpose-of-receiving-the-newsletter\\\/\"]}]},{\"@type\":\"BreadcrumbList\",\"@id\":\"https:\\\/\\\/ctp.eu\\\/ctp-policies\\\/consent-to-the-use-of-personal-data-for-the-purpose-of-receiving-the-newsletter\\\/#breadcrumb\",\"itemListElement\":[{\"@type\":\"ListItem\",\"position\":1,\"name\":\"Home\",\"item\":\"https:\\\/\\\/ctp.eu\\\/\"},{\"@type\":\"ListItem\",\"position\":2,\"name\":\"CTP Policies\",\"item\":\"https:\\\/\\\/ctp.eu\\\/ctp-policies\\\/\"},{\"@type\":\"ListItem\",\"position\":3,\"name\":\"Consent to the use of personal data for the purpose of receiving the newsletter\"}]},{\"@type\":\"WebSite\",\"@id\":\"https:\\\/\\\/ctp.eu\\\/#website\",\"url\":\"https:\\\/\\\/ctp.eu\\\/\",\"name\":\"Commercial Real Estate Developer And Manager\",\"description\":\"CTP - premium industrial warehouse and office buildings\",\"publisher\":{\"@id\":\"https:\\\/\\\/ctp.eu\\\/#organization\"},\"potentialAction\":[{\"@type\":\"SearchAction\",\"target\":{\"@type\":\"EntryPoint\",\"urlTemplate\":\"https:\\\/\\\/ctp.eu\\\/?s={search_term_string}\"},\"query-input\":{\"@type\":\"PropertyValueSpecification\",\"valueRequired\":true,\"valueName\":\"search_term_string\"}}],\"inLanguage\":\"pl-PL\"},{\"@type\":\"Organization\",\"@id\":\"https:\\\/\\\/ctp.eu\\\/#organization\",\"name\":\"CTP\",\"url\":\"https:\\\/\\\/ctp.eu\\\/\",\"logo\":{\"@type\":\"ImageObject\",\"inLanguage\":\"pl-PL\",\"@id\":\"https:\\\/\\\/ctp.eu\\\/#\\\/schema\\\/logo\\\/image\\\/\",\"url\":\"\",\"contentUrl\":\"\",\"caption\":\"CTP\"},\"image\":{\"@id\":\"https:\\\/\\\/ctp.eu\\\/#\\\/schema\\\/logo\\\/image\\\/\"}}]}<\/script>","yoast_head_json":{"title":"Zgoda na wykorzystanie danych osobowych w celu otrzymywania newslettera - Deweloper i zarz\u0105dca nieruchomo\u015bci komercyjnych","robots":{"index":"index","follow":"follow","max-snippet":"max-snippet:-1","max-image-preview":"max-image-preview:large","max-video-preview":"max-video-preview:-1"},"canonical":"https:\/\/ctp.eu\/pl\/ctp-policies\/consent-to-the-use-of-personal-data-for-the-purpose-of-receiving-the-newsletter\/","og_locale":"pl_PL","og_type":"article","og_title":"Consent to the use of personal data for the purpose of receiving the newsletter","og_description":"I consent to the processing of my personal data by CTP Invest, spol. s.r.o. (the \u201cController\u201d) for the purpose of","og_url":"https:\/\/ctp.eu\/pl\/ctp-policies\/consent-to-the-use-of-personal-data-for-the-purpose-of-receiving-the-newsletter\/","og_site_name":"Commercial Real Estate Developer And Manager","article_modified_time":"2020-08-28T10:59:00+00:00","twitter_card":"summary_large_image","twitter_misc":{"Szacowany czas czytania":"1 minuta"},"schema":{"@context":"https:\/\/schema.org","@graph":[{"@type":"WebPage","@id":"https:\/\/ctp.eu\/ctp-policies\/consent-to-the-use-of-personal-data-for-the-purpose-of-receiving-the-newsletter\/","url":"https:\/\/ctp.eu\/ctp-policies\/consent-to-the-use-of-personal-data-for-the-purpose-of-receiving-the-newsletter\/","name":"Zgoda na wykorzystanie danych osobowych w celu otrzymywania newslettera - Deweloper i zarz\u0105dca nieruchomo\u015bci komercyjnych","isPartOf":{"@id":"https:\/\/ctp.eu\/#website"},"datePublished":"2019-10-11T07:37:19+00:00","dateModified":"2020-08-28T10:59:00+00:00","breadcrumb":{"@id":"https:\/\/ctp.eu\/ctp-policies\/consent-to-the-use-of-personal-data-for-the-purpose-of-receiving-the-newsletter\/#breadcrumb"},"inLanguage":"pl-PL","potentialAction":[{"@type":"ReadAction","target":["https:\/\/ctp.eu\/ctp-policies\/consent-to-the-use-of-personal-data-for-the-purpose-of-receiving-the-newsletter\/"]}]},{"@type":"BreadcrumbList","@id":"https:\/\/ctp.eu\/ctp-policies\/consent-to-the-use-of-personal-data-for-the-purpose-of-receiving-the-newsletter\/#breadcrumb","itemListElement":[{"@type":"ListItem","position":1,"name":"Home","item":"https:\/\/ctp.eu\/"},{"@type":"ListItem","position":2,"name":"CTP Policies","item":"https:\/\/ctp.eu\/ctp-policies\/"},{"@type":"ListItem","position":3,"name":"Consent to the use of personal data for the purpose of receiving the newsletter"}]},{"@type":"WebSite","@id":"https:\/\/ctp.eu\/#website","url":"https:\/\/ctp.eu\/","name":"Deweloper i zarz\u0105dca nieruchomo\u015bci komercyjnych","description":"CTP - magazyny przemys\u0142owe i budynki biurowe klasy premium","publisher":{"@id":"https:\/\/ctp.eu\/#organization"},"potentialAction":[{"@type":"SearchAction","target":{"@type":"EntryPoint","urlTemplate":"https:\/\/ctp.eu\/?s={search_term_string}"},"query-input":{"@type":"PropertyValueSpecification","valueRequired":true,"valueName":"search_term_string"}}],"inLanguage":"pl-PL"},{"@type":"Organization","@id":"https:\/\/ctp.eu\/#organization","name":"CTP","url":"https:\/\/ctp.eu\/","logo":{"@type":"ImageObject","inLanguage":"pl-PL","@id":"https:\/\/ctp.eu\/#\/schema\/logo\/image\/","url":"","contentUrl":"","caption":"CTP"},"image":{"@id":"https:\/\/ctp.eu\/#\/schema\/logo\/image\/"}}]}},"_links":{"self":[{"href":"https:\/\/ctp.eu\/pl\/wp-json\/wp\/v2\/pages\/6451","targetHints":{"allow":["GET"]}}],"collection":[{"href":"https:\/\/ctp.eu\/pl\/wp-json\/wp\/v2\/pages"}],"about":[{"href":"https:\/\/ctp.eu\/pl\/wp-json\/wp\/v2\/types\/page"}],"author":[{"embeddable":true,"href":"https:\/\/ctp.eu\/pl\/wp-json\/wp\/v2\/users\/67"}],"replies":[{"embeddable":true,"href":"https:\/\/ctp.eu\/pl\/wp-json\/wp\/v2\/comments?post=6451"}],"version-history":[{"count":0,"href":"https:\/\/ctp.eu\/pl\/wp-json\/wp\/v2\/pages\/6451\/revisions"}],"up":[{"embeddable":true,"href":"https:\/\/ctp.eu\/pl\/wp-json\/wp\/v2\/pages\/6125"}],"wp:attachment":[{"href":"https:\/\/ctp.eu\/pl\/wp-json\/wp\/v2\/media?parent=6451"}],"curies":[{"name":"wp","href":"https:\/\/api.w.org\/{rel}","templated":true}]}}