{"id":6064,"date":"2019-08-06T13:20:45","date_gmt":"2019-08-06T13:20:45","guid":{"rendered":"https:\/\/www.ctp.eu\/?page_id=6064"},"modified":"2020-08-28T10:59:01","modified_gmt":"2020-08-28T10:59:01","slug":"ctp-website-cookie-policy","status":"publish","type":"page","link":"https:\/\/ctp.eu\/pl\/ctp-policies\/ctp-website-cookie-policy\/","title":{"rendered":"Polityka plik\u00f3w cookie na stronie internetowej CTP"},"content":{"rendered":"<div class=\"policy\">\n<p>D\u0105\u017c\u0105c do zapewnienia jak najlepszych wra\u017ce\u0144, CTP Invest, spol. s r.o. (\"<strong>CTP<\/strong>\" lub \"<strong>my<\/strong>\") mo\u017ce umieszcza\u0107 ma\u0142e pliki danych zwane plikami cookie na Twoim urz\u0105dzeniu. Poni\u017cej znajduj\u0105 si\u0119 podstawowe informacje o plikach cookie i wyja\u015bnienie, w jaki spos\u00f3b nasza strona internetowa z nich korzysta.<\/p>\n<p>&nbsp;<\/p>\n<h2>1. Czym s\u0105 pliki cookie?<\/h2>\n<p>Pliki cookie to ma\u0142e pliki tekstowe wysy\u0142ane do urz\u0105dzenia u\u017cytkownika. Chocia\u017c pliki cookie zawieraj\u0105 informacje identyfikuj\u0105ce, nie zawieraj\u0105 one \u017cadnych informacji identyfikuj\u0105cych u\u017cytkownika osobi\u015bcie, ale raczej pozwalaj\u0105 nam rozpozna\u0107 u\u017cytkownika po powrocie na nasz\u0105 stron\u0119 internetow\u0105. Je\u015bli u\u017cytkownik nie chce akceptowa\u0107 plik\u00f3w cookie podczas odwiedzania naszej witryny internetowej, powinien by\u0107 w stanie zmieni\u0107 ustawienia przegl\u0105darki, aby wy\u0142\u0105czy\u0107 t\u0119 funkcj\u0119 (wi\u0119cej informacji o tym, jak to zrobi\u0107 - poni\u017cej), ale mog\u0105 istnie\u0107 sekcje witryny, do kt\u00f3rych nie b\u0119dzie mo\u017cna uzyska\u0107 dost\u0119pu, je\u015bli to zrobisz. Og\u00f3lnie rzecz bior\u0105c, mog\u0105 to by\u0107 sekcje, dla kt\u00f3rych u\u017cytkownik specjalnie si\u0119 zarejestrowa\u0142, i mo\u017ce utraci\u0107 niekt\u00f3re przydatne funkcje, takie jak personalizacja i funkcje \"zachowaj mnie zalogowanego\" i \"zapami\u0119taj mnie\".<\/p>\n<h2><\/h2>\n<h2>2. Dlaczego pliki cookie s\u0105 u\u017cywane na tej stronie?<\/h2>\n<p>Wykorzystujemy pliki cookie, aby pom\u00f3c nam analizowa\u0107 spos\u00f3b, w jaki u\u017cytkownicy korzystaj\u0105 z naszych us\u0142ug, oraz podobne technologie (np. identyfikatory urz\u0105dze\u0144, tagi reklamowe), aby rozpozna\u0107 u\u017cytkownika i\/lub jego urz\u0105dzenie (urz\u0105dzenia) na r\u00f3\u017cnych urz\u0105dzeniach i w r\u00f3\u017cnych us\u0142ugach, a tak\u017ce w celu ulepszenia oferowanych przez nas us\u0142ug, poprawy marketingu, analityki lub funkcjonalno\u015bci witryny.<\/p>\n<p>&nbsp;<\/p>\n<h2>3. Jakiego rodzaju pliki cookie s\u0105 umieszczane?<\/h2>\n<p>W trakcie sesji przegl\u0105dania nasza witryna mo\u017ce wykorzystywa\u0107 nast\u0119puj\u0105ce rodzaje plik\u00f3w cookie:<\/p>\n<ul>\n<li>pliki cookie s\u0142u\u017c\u0105ce do personalizacji interfejsu u\u017cytkownika (tj. pliki cookie zapami\u0119tuj\u0105ce preferencje u\u017cytkownika);<\/li>\n<li>uwierzytelniaj\u0105ce pliki cookie (tj. pliki cookie umo\u017cliwiaj\u0105ce u\u017cytkownikowi opuszczanie i powracanie na nasze strony internetowe bez konieczno\u015bci ponownego uwierzytelniania si\u0119);<\/li>\n<li>pliki cookie odtwarzacza wideo (tj. pliki cookie przechowuj\u0105ce dane potrzebne do odtwarzania tre\u015bci wideo lub audio oraz przechowuj\u0105ce preferencje u\u017cytkownika);<\/li>\n<li>analityczne pliki cookie stron trzecich (tj. pliki cookie zapami\u0119tuj\u0105ce odwiedzane strony i dostarczaj\u0105ce informacji o interakcji u\u017cytkownika z tymi stronami); oraz<\/li>\n<li>analityczne pliki cookie stron trzecich (tj. pliki cookie dostawc\u00f3w zewn\u0119trznych \u015bledz\u0105ce statystyki naszej witryny i odwrotnie)<\/li>\n<\/ul>\n<p>&nbsp;<\/p>\n<h2>4. Czy opr\u00f3cz wy\u017cej wymienionych zbierane s\u0105 inne dane?<\/h2>\n<p>Podobnie, b\u0119dziemy \u015bledzi\u0107 proces u\u017cytkownika w naszej witrynie, aby sprawdzi\u0107, czy nie jest botem i zoptymalizowa\u0107 nasze us\u0142ugi:<\/p>\n<ul>\n<li>informacje dotycz\u0105ce przegl\u0105darki i urz\u0105dzenia u\u017cytkownika;<\/li>\n<li>dane gromadzone za po\u015brednictwem zautomatyzowanych interakcji elektronicznych;<\/li>\n<li>dane dotycz\u0105ce u\u017cytkowania aplikacji;<\/li>\n<li>informacje statystyczne dotycz\u0105ce korzystania z naszej strony internetowej.<\/li>\n<\/ul>\n<p>W przypadku wys\u0142ania do nas wiadomo\u015bci e-mail (np. w celu uzyskania informacji lub przekazania opinii na temat zawarto\u015bci witryny), podane informacje zostan\u0105 wykorzystane wy\u0142\u0105cznie w celu zebrania \u017c\u0105danych informacji i udzielenia odpowiedzi na wiadomo\u015b\u0107.<\/p>\n<p>Gdy u\u017cytkownik odwiedza kt\u00f3r\u0105kolwiek z naszych us\u0142ug, nasze serwery rejestruj\u0105 r\u00f3wnie\u017c jego globalny adres IP, kt\u00f3ry jest numerem automatycznie przypisywanym do sieci, do kt\u00f3rej nale\u017cy komputer u\u017cytkownika.<\/p>\n<h2><\/h2>\n<h2>5. Jak d\u0142ugo przechowywane s\u0105 dane gromadzone przez pliki cookie?<\/h2>\n<p>Przetwarzanie danych osobowych gromadzonych przez pliki cookie opiera si\u0119 na zgodzie u\u017cytkownika, kt\u00f3r\u0105 mo\u017cna wycofa\u0107 w dowolnym momencie za pomoc\u0105 ustawie\u0144 przegl\u0105darki. Je\u015bli u\u017cytkownik zaakceptuje pliki cookie na naszej stronie internetowej, b\u0119dziemy gromadzi\u0107 i przetwarza\u0107 jego dane osobowe przez okres 26 miesi\u0119cy. Po up\u0142ywie tego okresu wszystkie trwa\u0142e pliki cookie zostan\u0105 usuni\u0119te z urz\u0105dzenia u\u017cytkownika, a my nie b\u0119dziemy ju\u017c przetwarza\u0107 jego danych osobowych.<\/p>\n<h2><\/h2>\n<h2>6. Jak zmieni\u0107 ustawienia plik\u00f3w cookie?<\/h2>\n<p>Wi\u0119kszo\u015b\u0107 przegl\u0105darek internetowych umo\u017cliwia pewn\u0105 kontrol\u0119 wi\u0119kszo\u015bci plik\u00f3w cookie za pomoc\u0105 ustawie\u0144 przegl\u0105darki. Aby dowiedzie\u0107 si\u0119 wi\u0119cej o plikach cookie, w tym o tym, jak sprawdzi\u0107, jakie pliki cookie zosta\u0142y ustawione oraz jak nimi zarz\u0105dza\u0107 i je usuwa\u0107, odwied\u017a stron\u0119 <a href=\"http:\/\/www.aboutcookies.org\" target=\"_blank\" rel=\"noopener noreferrer\">www.aboutcookies.org<\/a> lub <a href=\"http:\/\/www.allaboutcookies.org\" target=\"_blank\" rel=\"noopener noreferrer\">www.allaboutcookies.org<\/a>.<\/p>\n<p>Aby zrezygnowa\u0107 ze \u015bledzenia przez Google Analytics we wszystkich witrynach, odwied\u017a stron\u0119 <a href=\"http:\/\/tools.google.com\/dlpage\/gaoptout\" target=\"_blank\" rel=\"noopener noreferrer\">http:\/\/tools.google.com\/dlpage\/gaoptout<\/a>. Nale\u017cy pami\u0119ta\u0107, \u017ce je\u015bli nie skonfigurujesz przegl\u0105darki, b\u0119dziesz akceptowa\u0107 pliki cookie dostarczane przez t\u0119 witryn\u0119.<\/p>\n<p>&nbsp;<\/p>\n<h2>7. Linki do zewn\u0119trznych stron internetowych<\/h2>\n<p>Mo\u017cemy odwo\u0142ywa\u0107 si\u0119 lub nawi\u0105zywa\u0107 relacje z innymi firmami, organizacjami i organami publicznymi, kt\u00f3re umo\u017cliwi\u0105 u\u017cytkownikowi dost\u0119p do ich stron internetowych bezpo\u015brednio z naszej. Ka\u017cda z nich b\u0119dzie prowadzi\u0107 w\u0142asn\u0105 polityk\u0119 dotycz\u0105c\u0105 korzystania z plik\u00f3w cookie oraz gromadzenia i wykorzystywania informacji. W przypadku jakichkolwiek w\u0105tpliwo\u015bci dotycz\u0105cych sposobu wykorzystania danych u\u017cytkownika zalecamy zapoznanie si\u0119 z o\u015bwiadczeniami o ochronie prywatno\u015bci na odpowiednich stronach internetowych.<\/p>\n<p>CTP dok\u0142ada wszelkich stara\u0144, aby zapewni\u0107 u\u017cytkownikom linki do wysokiej jako\u015bci, renomowanych stron internetowych, kt\u00f3re naszym zdaniem b\u0119d\u0105 dla nich interesuj\u0105ce i istotne. Nale\u017cy jednak pami\u0119ta\u0107, \u017ce nie ponosimy odpowiedzialno\u015bci za tre\u015b\u0107 takich stron internetowych i nie mo\u017cemy przyj\u0105\u0107 odpowiedzialno\u015bci za jakiekolwiek kwestie wynikaj\u0105ce w zwi\u0105zku z wykorzystaniem przez stron\u0119 trzeci\u0105 danych u\u017cytkownika, tre\u015bci strony internetowej lub us\u0142ug oferowanych u\u017cytkownikowi przez te strony internetowe.<\/p>\n<h2><\/h2>\n<h2>8. Google Analytics<\/h2>\n<p>Niniejsza witryna internetowa korzysta z Google Analytics, us\u0142ugi analizy ogl\u0105dalno\u015bci stron internetowych udost\u0119pnianej przez Google, Inc (\"Google\"). Google Analytics wykorzystuje pliki cookie (pliki tekstowe umieszczane na komputerze u\u017cytkownika), aby pom\u00f3c operatorom witryny analizowa\u0107 spos\u00f3b korzystania z witryny przez u\u017cytkownik\u00f3w. Informacje generowane przez pliki cookie na temat korzystania z tej witryny przez u\u017cytkownika (w tym adres IP u\u017cytkownika) b\u0119d\u0105 przekazywane firmie Google i przechowywane przez ni\u0105 na serwerach w Stanach Zjednoczonych. Google b\u0119dzie wykorzystywa\u0107 te informacje w celu oceny korzystania z witryny przez u\u017cytkownika, tworzenia raport\u00f3w dotycz\u0105cych ruchu na stronach dla operator\u00f3w witryn oraz \u015bwiadczenia innych us\u0142ug zwi\u0105zanych z ruchem na witrynach internetowych i korzystaniem z Internetu. Google mo\u017ce r\u00f3wnie\u017c przekazywa\u0107 te informacje stronom trzecim, je\u015bli jest to wymagane przez prawo lub je\u015bli takie strony trzecie przetwarzaj\u0105 informacje w imieniu Google. Google nie b\u0119dzie \u0142\u0105czy\u0107 adresu IP u\u017cytkownika z \u017cadnymi innymi danymi przechowywanymi przez Google. Korzystaj\u0105c z tej strony internetowej, u\u017cytkownik wyra\u017ca zgod\u0119 na przetwarzanie jego danych przez Google w spos\u00f3b i w celach okre\u015blonych powy\u017cej. Nie podejmujemy i nie zezwalamy Google na podejmowanie jakichkolwiek pr\u00f3b ustalenia to\u017csamo\u015bci os\u00f3b odwiedzaj\u0105cych nasz\u0105 stron\u0119 internetow\u0105.<\/p>\n<\/div>","protected":false},"excerpt":{"rendered":"<p>D\u0105\u017c\u0105c do zapewnienia u\u017cytkownikom jak najlepszych wra\u017ce\u0144, strona internetowa CTP Invest, spol. s r.o. (\"CTP\" lub \"my\")<\/p>","protected":false},"author":67,"featured_media":0,"parent":6125,"menu_order":0,"comment_status":"closed","ping_status":"closed","template":"","meta":{"_acf_changed":false,"footnotes":""},"class_list":["post-6064","page","type-page","status-publish","hentry"],"acf":[],"yoast_head":"<title>CTP website Cookie Policy - Commercial Real Estate Developer And Manager<\/title>\n<meta name=\"robots\" content=\"index, follow, max-snippet:-1, max-image-preview:large, max-video-preview:-1\" \/>\n<link rel=\"canonical\" href=\"https:\/\/ctp.eu\/pl\/ctp-policies\/ctp-website-cookie-policy\/\" \/>\n<meta property=\"og:locale\" content=\"pl_PL\" \/>\n<meta property=\"og:type\" content=\"article\" \/>\n<meta property=\"og:title\" content=\"CTP website Cookie Policy\" \/>\n<meta property=\"og:description\" content=\"With the endeavor to ensure you get the best experience, the CTP Invest, spol. s r.o. (\u201cCTP\u201d or \u201cwe\u201d) website\" \/>\n<meta property=\"og:url\" content=\"https:\/\/ctp.eu\/pl\/ctp-policies\/ctp-website-cookie-policy\/\" \/>\n<meta property=\"og:site_name\" content=\"Commercial Real Estate Developer And Manager\" \/>\n<meta property=\"article:modified_time\" content=\"2020-08-28T10:59:01+00:00\" \/>\n<meta name=\"twitter:card\" content=\"summary_large_image\" \/>\n<meta name=\"twitter:label1\" content=\"Szacowany czas czytania\" \/>\n\t<meta name=\"twitter:data1\" content=\"5 minut\" \/>\n<script type=\"application\/ld+json\" class=\"yoast-schema-graph\">{\"@context\":\"https:\/\/schema.org\",\"@graph\":[{\"@type\":\"WebPage\",\"@id\":\"https:\/\/ctp.eu\/ctp-policies\/ctp-website-cookie-policy\/\",\"url\":\"https:\/\/ctp.eu\/ctp-policies\/ctp-website-cookie-policy\/\",\"name\":\"CTP website Cookie Policy - Commercial Real Estate Developer And Manager\",\"isPartOf\":{\"@id\":\"https:\/\/ctp.eu\/#website\"},\"datePublished\":\"2019-08-06T13:20:45+00:00\",\"dateModified\":\"2020-08-28T10:59:01+00:00\",\"breadcrumb\":{\"@id\":\"https:\/\/ctp.eu\/ctp-policies\/ctp-website-cookie-policy\/#breadcrumb\"},\"inLanguage\":\"pl-PL\",\"potentialAction\":[{\"@type\":\"ReadAction\",\"target\":[\"https:\/\/ctp.eu\/ctp-policies\/ctp-website-cookie-policy\/\"]}]},{\"@type\":\"BreadcrumbList\",\"@id\":\"https:\/\/ctp.eu\/ctp-policies\/ctp-website-cookie-policy\/#breadcrumb\",\"itemListElement\":[{\"@type\":\"ListItem\",\"position\":1,\"name\":\"Home\",\"item\":\"https:\/\/ctp.eu\/\"},{\"@type\":\"ListItem\",\"position\":2,\"name\":\"CTP Policies\",\"item\":\"https:\/\/ctp.eu\/ctp-policies\/\"},{\"@type\":\"ListItem\",\"position\":3,\"name\":\"CTP website Cookie Policy\"}]},{\"@type\":\"WebSite\",\"@id\":\"https:\/\/ctp.eu\/#website\",\"url\":\"https:\/\/ctp.eu\/\",\"name\":\"Commercial Real Estate Developer And Manager\",\"description\":\"CTP - premium industrial warehouse and office buildings\",\"publisher\":{\"@id\":\"https:\/\/ctp.eu\/#organization\"},\"potentialAction\":[{\"@type\":\"SearchAction\",\"target\":{\"@type\":\"EntryPoint\",\"urlTemplate\":\"https:\/\/ctp.eu\/?s={search_term_string}\"},\"query-input\":{\"@type\":\"PropertyValueSpecification\",\"valueRequired\":true,\"valueName\":\"search_term_string\"}}],\"inLanguage\":\"pl-PL\"},{\"@type\":\"Organization\",\"@id\":\"https:\/\/ctp.eu\/#organization\",\"name\":\"CTP\",\"url\":\"https:\/\/ctp.eu\/\",\"logo\":{\"@type\":\"ImageObject\",\"inLanguage\":\"pl-PL\",\"@id\":\"https:\/\/ctp.eu\/#\/schema\/logo\/image\/\",\"url\":\"\",\"contentUrl\":\"\",\"caption\":\"CTP\"},\"image\":{\"@id\":\"https:\/\/ctp.eu\/#\/schema\/logo\/image\/\"}}]}<\/script>","yoast_head_json":{"title":"Strona CTP - Polityka plik\u00f3w cookie - Deweloper i zarz\u0105dca nieruchomo\u015bci komercyjnych","robots":{"index":"index","follow":"follow","max-snippet":"max-snippet:-1","max-image-preview":"max-image-preview:large","max-video-preview":"max-video-preview:-1"},"canonical":"https:\/\/ctp.eu\/pl\/ctp-policies\/ctp-website-cookie-policy\/","og_locale":"pl_PL","og_type":"article","og_title":"CTP website Cookie Policy","og_description":"With the endeavor to ensure you get the best experience, the CTP Invest, spol. s r.o. (\u201cCTP\u201d or \u201cwe\u201d) website","og_url":"https:\/\/ctp.eu\/pl\/ctp-policies\/ctp-website-cookie-policy\/","og_site_name":"Commercial Real Estate Developer And Manager","article_modified_time":"2020-08-28T10:59:01+00:00","twitter_card":"summary_large_image","twitter_misc":{"Szacowany czas czytania":"5 minut"},"schema":{"@context":"https:\/\/schema.org","@graph":[{"@type":"WebPage","@id":"https:\/\/ctp.eu\/ctp-policies\/ctp-website-cookie-policy\/","url":"https:\/\/ctp.eu\/ctp-policies\/ctp-website-cookie-policy\/","name":"Strona CTP - Polityka plik\u00f3w cookie - Deweloper i zarz\u0105dca nieruchomo\u015bci komercyjnych","isPartOf":{"@id":"https:\/\/ctp.eu\/#website"},"datePublished":"2019-08-06T13:20:45+00:00","dateModified":"2020-08-28T10:59:01+00:00","breadcrumb":{"@id":"https:\/\/ctp.eu\/ctp-policies\/ctp-website-cookie-policy\/#breadcrumb"},"inLanguage":"pl-PL","potentialAction":[{"@type":"ReadAction","target":["https:\/\/ctp.eu\/ctp-policies\/ctp-website-cookie-policy\/"]}]},{"@type":"BreadcrumbList","@id":"https:\/\/ctp.eu\/ctp-policies\/ctp-website-cookie-policy\/#breadcrumb","itemListElement":[{"@type":"ListItem","position":1,"name":"Home","item":"https:\/\/ctp.eu\/"},{"@type":"ListItem","position":2,"name":"CTP Policies","item":"https:\/\/ctp.eu\/ctp-policies\/"},{"@type":"ListItem","position":3,"name":"CTP website Cookie Policy"}]},{"@type":"WebSite","@id":"https:\/\/ctp.eu\/#website","url":"https:\/\/ctp.eu\/","name":"Deweloper i zarz\u0105dca nieruchomo\u015bci komercyjnych","description":"CTP - magazyny przemys\u0142owe i budynki biurowe klasy premium","publisher":{"@id":"https:\/\/ctp.eu\/#organization"},"potentialAction":[{"@type":"SearchAction","target":{"@type":"EntryPoint","urlTemplate":"https:\/\/ctp.eu\/?s={search_term_string}"},"query-input":{"@type":"PropertyValueSpecification","valueRequired":true,"valueName":"search_term_string"}}],"inLanguage":"pl-PL"},{"@type":"Organization","@id":"https:\/\/ctp.eu\/#organization","name":"CTP","url":"https:\/\/ctp.eu\/","logo":{"@type":"ImageObject","inLanguage":"pl-PL","@id":"https:\/\/ctp.eu\/#\/schema\/logo\/image\/","url":"","contentUrl":"","caption":"CTP"},"image":{"@id":"https:\/\/ctp.eu\/#\/schema\/logo\/image\/"}}]}},"_links":{"self":[{"href":"https:\/\/ctp.eu\/pl\/wp-json\/wp\/v2\/pages\/6064","targetHints":{"allow":["GET"]}}],"collection":[{"href":"https:\/\/ctp.eu\/pl\/wp-json\/wp\/v2\/pages"}],"about":[{"href":"https:\/\/ctp.eu\/pl\/wp-json\/wp\/v2\/types\/page"}],"author":[{"embeddable":true,"href":"https:\/\/ctp.eu\/pl\/wp-json\/wp\/v2\/users\/67"}],"replies":[{"embeddable":true,"href":"https:\/\/ctp.eu\/pl\/wp-json\/wp\/v2\/comments?post=6064"}],"version-history":[{"count":0,"href":"https:\/\/ctp.eu\/pl\/wp-json\/wp\/v2\/pages\/6064\/revisions"}],"up":[{"embeddable":true,"href":"https:\/\/ctp.eu\/pl\/wp-json\/wp\/v2\/pages\/6125"}],"wp:attachment":[{"href":"https:\/\/ctp.eu\/pl\/wp-json\/wp\/v2\/media?parent=6064"}],"curies":[{"name":"wp","href":"https:\/\/api.w.org\/{rel}","templated":true}]}}